{"id":21,"date":"2025-09-30T14:51:54","date_gmt":"2025-09-30T14:51:54","guid":{"rendered":"https:\/\/gizigo.id\/de\/?page_id=21"},"modified":"2025-10-15T05:27:59","modified_gmt":"2025-10-15T05:27:59","slug":"haftungsausschluss","status":"publish","type":"page","link":"https:\/\/gizigo.id\/de\/haftungsausschluss\/","title":{"rendered":"Haftungsausschluss"},"content":{"rendered":"<style>.kb-row-layout-id21_d131ea-92 > .kt-row-column-wrap{align-content:start;}:where(.kb-row-layout-id21_d131ea-92 > .kt-row-column-wrap) > .wp-block-kadence-column{justify-content:start;}.kb-row-layout-id21_d131ea-92 > .kt-row-column-wrap{column-gap:var(--global-kb-gap-lg, 4rem);row-gap:var(--global-kb-gap-md, 2rem);max-width:var( --global-content-width, 1290px );padding-left:var(--global-content-edge-padding);padding-right:var(--global-content-edge-padding);padding-top:100px;padding-bottom:100px;grid-template-columns:minmax(0, 1fr);}.kb-row-layout-id21_d131ea-92 > .kt-row-layout-overlay{opacity:0.30;}@media all and (max-width: 1024px){.kb-row-layout-id21_d131ea-92 > .kt-row-column-wrap{grid-template-columns:minmax(0, 1fr);}}@media all and (max-width: 767px){.kb-row-layout-id21_d131ea-92 > .kt-row-column-wrap{grid-template-columns:minmax(0, 1fr);}}<\/style><div class=\"kb-row-layout-wrap kb-row-layout-id21_d131ea-92 alignnone has-theme-palette8-background-color kt-row-has-bg wp-block-kadence-rowlayout\"><div class=\"kt-row-column-wrap kt-has-1-columns kt-row-layout-equal kt-tab-layout-inherit kt-mobile-layout-row kt-row-valign-top kb-theme-content-width\">\n<style>.kadence-column21_01d6e6-5e > .kt-inside-inner-col,.kadence-column21_01d6e6-5e > .kt-inside-inner-col:before{border-top-left-radius:0px;border-top-right-radius:0px;border-bottom-right-radius:0px;border-bottom-left-radius:0px;}.kadence-column21_01d6e6-5e > .kt-inside-inner-col{column-gap:var(--global-kb-gap-sm, 1rem);}.kadence-column21_01d6e6-5e > .kt-inside-inner-col{flex-direction:column;}.kadence-column21_01d6e6-5e > .kt-inside-inner-col > .aligncenter{width:100%;}.kadence-column21_01d6e6-5e > .kt-inside-inner-col:before{opacity:0.3;}.kadence-column21_01d6e6-5e{position:relative;}@media all and (max-width: 1024px){.kadence-column21_01d6e6-5e > .kt-inside-inner-col{flex-direction:column;justify-content:center;}}@media all and (max-width: 767px){.kadence-column21_01d6e6-5e > .kt-inside-inner-col{flex-direction:column;justify-content:center;}}<\/style>\n<div class=\"wp-block-kadence-column kadence-column21_01d6e6-5e inner-column-1\"><div class=\"kt-inside-inner-col\">\n<p class=\"has-text-align-center\">Haftungsausschluss f\u00fcr https <strong><a href=\"https:\/\/gizigo.id\/de\/\">https:\/\/gizigo.id\/de\/<\/a><\/strong><\/p>\n\n\n\n<div style=\"height:20px\" aria-hidden=\"true\" class=\"wp-block-spacer\"><\/div>\n\n\n\n<p>Die auf Gizigo.id ver\u00f6ffentlichten Artikel, mit Ausnahme der Artikel in der Kategorie Bulletin, sind:<\/p>\n\n\n\n<ul class=\"wp-block-list\">\n<li>von einem bei uns angestellten Ern\u00e4hrungsberater oder Di\u00e4tassistenten verfasst, oder<\/li>\n\n\n\n<li>das Ergebnis von Texten unseres Redaktionsteams, die von einem Ern\u00e4hrungsberater oder Di\u00e4tassistenten betreut wurden.<\/li>\n<\/ul>\n\n\n\n<p>Alle Informationen, die wir auf diesem Blog bereitstellen, werden nach bestem Wissen und Gewissen und ausschlie\u00dflich zu allgemeinen Informationszwecken ver\u00f6ffentlicht.<\/p>\n\n\n\n<p>Wir bem\u00fchen uns, vor dem Verfassen der Artikel Recherchen durchzuf\u00fchren und die Literatur aus verschiedenen glaubw\u00fcrdigen Quellen zu studieren.<\/p>\n\n\n\n<p class=\"has-text-align-center\">***<\/p>\n\n\n\n<p>Die auf dieser Seite enthaltenen Artikel dienen lediglich zu Informationszwecken.<\/p>\n\n\n\n<p>Die Artikel auf der Gizigo.id-Website sind NICHT dazu gedacht, professionelle medizinische Behandlungen oder Empfehlungen von einem professionellen Ern\u00e4hrungsberater zu ersetzen. Die auf dieser Seite enthaltenen Artikel sollten NICHT als Grundlage f\u00fcr Diagnose- oder Behandlungsoptionen verwendet werden.<\/p>\n\n\n\n<p>Jede Behandlung, die Sie in Anspruch nehmen, muss auf Empfehlungen eines Arztes, Ern\u00e4hrungsberaters oder Di\u00e4tassistenten basieren, die auf einer direkten Untersuchung fu\u00dfen.<\/p>\n\n\n\n<p>Alle Risiken f\u00fcr die Verwendung der Informationen auf dieser Website liegen beim Leser.<\/p>\n\n\n\n<p class=\"has-text-align-center\">***<\/p>\n\n\n\n<h2 class=\"wp-block-heading has-text-align-center\">DMCA-Hinweis<\/h2>\n\n\n\n<p>Wenn Sie der rechtm\u00e4\u00dfige Eigent\u00fcmer von Bildern sind, die auf Gizigo.id ver\u00f6ffentlicht wurden, und nicht m\u00f6chten, dass sie angezeigt werden, oder wenn Sie eine angemessene Quellenangabe ben\u00f6tigen, kontaktieren Sie uns bitte. Wir werden umgehend die notwendigen Schritte einleiten. Teilen Sie uns \u00fcber <strong><a href=\"https:\/\/gizigo.id\/de\/kontakt\/\">unsere E-Mail-Adresse<\/a><\/strong> mit, ob das Bild entfernt werden oder wir einen Link zu Ihrer Website bereitstellen sollen.<\/p>\n<\/div><\/div>\n\n<\/div><\/div>","protected":false},"excerpt":{"rendered":"<p>Haftungsausschluss f\u00fcr https https:\/\/gizigo.id\/de\/ Die auf Gizigo.id ver\u00f6ffentlichten Artikel, mit Ausnahme der Artikel in der Kategorie Bulletin, sind: Alle Informationen, die wir auf diesem Blog bereitstellen, werden nach bestem Wissen und Gewissen und ausschlie\u00dflich zu allgemeinen Informationszwecken ver\u00f6ffentlicht. Wir bem\u00fchen uns, vor dem Verfassen der Artikel Recherchen durchzuf\u00fchren und die Literatur aus verschiedenen glaubw\u00fcrdigen Quellen&#8230;<\/p>\n","protected":false},"author":3,"featured_media":0,"parent":0,"menu_order":0,"comment_status":"closed","ping_status":"closed","template":"","meta":{"_kad_post_transparent":"","_kad_post_title":"","_kad_post_layout":"fullwidth","_kad_post_sidebar_id":"","_kad_post_content_style":"unboxed","_kad_post_vertical_padding":"","_kad_post_feature":"","_kad_post_feature_position":"","_kad_post_header":false,"_kad_post_footer":false,"_kad_post_classname":"","footnotes":""},"class_list":["post-21","page","type-page","status-publish","hentry"],"yoast_head":"<!-- This site is optimized with the Yoast SEO plugin v27.3 - https:\/\/yoast.com\/product\/yoast-seo-wordpress\/ -->\n<title>[DE] [DISCLAIMER] Haftungsausschluss | Gizigo DEUTSCH<\/title>\n<meta name=\"robots\" content=\"index, follow, max-snippet:-1, max-image-preview:large, max-video-preview:-1\" \/>\n<link rel=\"canonical\" href=\"https:\/\/gizigo.id\/de\/haftungsausschluss\/\" \/>\n<meta property=\"og:locale\" content=\"en_US\" \/>\n<meta property=\"og:type\" content=\"article\" \/>\n<meta property=\"og:title\" content=\"[DE] [DISCLAIMER] Haftungsausschluss | Gizigo DEUTSCH\" \/>\n<meta property=\"og:description\" content=\"Haftungsausschluss f\u00fcr https https:\/\/gizigo.id\/de\/ Die auf Gizigo.id ver\u00f6ffentlichten Artikel, mit Ausnahme der Artikel in der Kategorie Bulletin, sind: Alle Informationen, die wir auf diesem Blog bereitstellen, werden nach bestem Wissen und Gewissen und ausschlie\u00dflich zu allgemeinen Informationszwecken ver\u00f6ffentlicht. Wir bem\u00fchen uns, vor dem Verfassen der Artikel Recherchen durchzuf\u00fchren und die Literatur aus verschiedenen glaubw\u00fcrdigen Quellen...\" \/>\n<meta property=\"og:url\" content=\"https:\/\/gizigo.id\/de\/haftungsausschluss\/\" \/>\n<meta property=\"og:site_name\" content=\"Gizigo DEUTSCH\" \/>\n<meta property=\"article:modified_time\" content=\"2025-10-15T05:27:59+00:00\" \/>\n<meta name=\"twitter:card\" content=\"summary_large_image\" \/>\n<meta name=\"twitter:label1\" content=\"Est. reading time\" \/>\n\t<meta name=\"twitter:data1\" content=\"1 minute\" \/>\n<script type=\"application\/ld+json\" class=\"yoast-schema-graph\">{\"@context\":\"https:\\\/\\\/schema.org\",\"@graph\":[{\"@type\":\"WebPage\",\"@id\":\"https:\\\/\\\/gizigo.id\\\/de\\\/haftungsausschluss\\\/\",\"url\":\"https:\\\/\\\/gizigo.id\\\/de\\\/haftungsausschluss\\\/\",\"name\":\"[DE] [DISCLAIMER] Haftungsausschluss | Gizigo DEUTSCH\",\"isPartOf\":{\"@id\":\"https:\\\/\\\/gizigo.id\\\/de\\\/#website\"},\"datePublished\":\"2025-09-30T14:51:54+00:00\",\"dateModified\":\"2025-10-15T05:27:59+00:00\",\"breadcrumb\":{\"@id\":\"https:\\\/\\\/gizigo.id\\\/de\\\/haftungsausschluss\\\/#breadcrumb\"},\"inLanguage\":\"en-US\",\"potentialAction\":[{\"@type\":\"ReadAction\",\"target\":[\"https:\\\/\\\/gizigo.id\\\/de\\\/haftungsausschluss\\\/\"]}]},{\"@type\":\"BreadcrumbList\",\"@id\":\"https:\\\/\\\/gizigo.id\\\/de\\\/haftungsausschluss\\\/#breadcrumb\",\"itemListElement\":[{\"@type\":\"ListItem\",\"position\":1,\"name\":\"Home\",\"item\":\"https:\\\/\\\/gizigo.id\\\/de\\\/\"},{\"@type\":\"ListItem\",\"position\":2,\"name\":\"[DE] [DISCLAIMER] Haftungsausschluss\"}]},{\"@type\":\"WebSite\",\"@id\":\"https:\\\/\\\/gizigo.id\\\/de\\\/#website\",\"url\":\"https:\\\/\\\/gizigo.id\\\/de\\\/\",\"name\":\"Gizigo DEUTSCH\",\"description\":\"Von Ern\u00e4hrungsexperten und Di\u00e4tologen\",\"publisher\":{\"@id\":\"https:\\\/\\\/gizigo.id\\\/de\\\/#organization\"},\"potentialAction\":[{\"@type\":\"SearchAction\",\"target\":{\"@type\":\"EntryPoint\",\"urlTemplate\":\"https:\\\/\\\/gizigo.id\\\/de\\\/?s={search_term_string}\"},\"query-input\":{\"@type\":\"PropertyValueSpecification\",\"valueRequired\":true,\"valueName\":\"search_term_string\"}}],\"inLanguage\":\"en-US\"},{\"@type\":\"Organization\",\"@id\":\"https:\\\/\\\/gizigo.id\\\/de\\\/#organization\",\"name\":\"Gizigo\",\"url\":\"https:\\\/\\\/gizigo.id\\\/de\\\/\",\"logo\":{\"@type\":\"ImageObject\",\"inLanguage\":\"en-US\",\"@id\":\"https:\\\/\\\/gizigo.id\\\/de\\\/#\\\/schema\\\/logo\\\/image\\\/\",\"url\":\"https:\\\/\\\/gizigo.id\\\/de\\\/wp-content\\\/uploads\\\/sites\\\/13\\\/2025\\\/10\\\/Logo-Gizigo_warna-512px.png\",\"contentUrl\":\"https:\\\/\\\/gizigo.id\\\/de\\\/wp-content\\\/uploads\\\/sites\\\/13\\\/2025\\\/10\\\/Logo-Gizigo_warna-512px.png\",\"width\":512,\"height\":512,\"caption\":\"Gizigo\"},\"image\":{\"@id\":\"https:\\\/\\\/gizigo.id\\\/de\\\/#\\\/schema\\\/logo\\\/image\\\/\"}}]}<\/script>\n<!-- \/ Yoast SEO plugin. -->","yoast_head_json":{"title":"[DE] [DISCLAIMER] Haftungsausschluss | Gizigo DEUTSCH","robots":{"index":"index","follow":"follow","max-snippet":"max-snippet:-1","max-image-preview":"max-image-preview:large","max-video-preview":"max-video-preview:-1"},"canonical":"https:\/\/gizigo.id\/de\/haftungsausschluss\/","og_locale":"en_US","og_type":"article","og_title":"[DE] [DISCLAIMER] Haftungsausschluss | Gizigo DEUTSCH","og_description":"Haftungsausschluss f\u00fcr https https:\/\/gizigo.id\/de\/ Die auf Gizigo.id ver\u00f6ffentlichten Artikel, mit Ausnahme der Artikel in der Kategorie Bulletin, sind: Alle Informationen, die wir auf diesem Blog bereitstellen, werden nach bestem Wissen und Gewissen und ausschlie\u00dflich zu allgemeinen Informationszwecken ver\u00f6ffentlicht. Wir bem\u00fchen uns, vor dem Verfassen der Artikel Recherchen durchzuf\u00fchren und die Literatur aus verschiedenen glaubw\u00fcrdigen Quellen...","og_url":"https:\/\/gizigo.id\/de\/haftungsausschluss\/","og_site_name":"Gizigo DEUTSCH","article_modified_time":"2025-10-15T05:27:59+00:00","twitter_card":"summary_large_image","twitter_misc":{"Est. reading time":"1 minute"},"schema":{"@context":"https:\/\/schema.org","@graph":[{"@type":"WebPage","@id":"https:\/\/gizigo.id\/de\/haftungsausschluss\/","url":"https:\/\/gizigo.id\/de\/haftungsausschluss\/","name":"[DE] [DISCLAIMER] Haftungsausschluss | Gizigo DEUTSCH","isPartOf":{"@id":"https:\/\/gizigo.id\/de\/#website"},"datePublished":"2025-09-30T14:51:54+00:00","dateModified":"2025-10-15T05:27:59+00:00","breadcrumb":{"@id":"https:\/\/gizigo.id\/de\/haftungsausschluss\/#breadcrumb"},"inLanguage":"en-US","potentialAction":[{"@type":"ReadAction","target":["https:\/\/gizigo.id\/de\/haftungsausschluss\/"]}]},{"@type":"BreadcrumbList","@id":"https:\/\/gizigo.id\/de\/haftungsausschluss\/#breadcrumb","itemListElement":[{"@type":"ListItem","position":1,"name":"Home","item":"https:\/\/gizigo.id\/de\/"},{"@type":"ListItem","position":2,"name":"[DE] [DISCLAIMER] Haftungsausschluss"}]},{"@type":"WebSite","@id":"https:\/\/gizigo.id\/de\/#website","url":"https:\/\/gizigo.id\/de\/","name":"Gizigo DEUTSCH","description":"Von Ern\u00e4hrungsexperten und Di\u00e4tologen","publisher":{"@id":"https:\/\/gizigo.id\/de\/#organization"},"potentialAction":[{"@type":"SearchAction","target":{"@type":"EntryPoint","urlTemplate":"https:\/\/gizigo.id\/de\/?s={search_term_string}"},"query-input":{"@type":"PropertyValueSpecification","valueRequired":true,"valueName":"search_term_string"}}],"inLanguage":"en-US"},{"@type":"Organization","@id":"https:\/\/gizigo.id\/de\/#organization","name":"Gizigo","url":"https:\/\/gizigo.id\/de\/","logo":{"@type":"ImageObject","inLanguage":"en-US","@id":"https:\/\/gizigo.id\/de\/#\/schema\/logo\/image\/","url":"https:\/\/gizigo.id\/de\/wp-content\/uploads\/sites\/13\/2025\/10\/Logo-Gizigo_warna-512px.png","contentUrl":"https:\/\/gizigo.id\/de\/wp-content\/uploads\/sites\/13\/2025\/10\/Logo-Gizigo_warna-512px.png","width":512,"height":512,"caption":"Gizigo"},"image":{"@id":"https:\/\/gizigo.id\/de\/#\/schema\/logo\/image\/"}}]}},"jetpack_sharing_enabled":true,"_links":{"self":[{"href":"https:\/\/gizigo.id\/de\/wp-json\/wp\/v2\/pages\/21","targetHints":{"allow":["GET"]}}],"collection":[{"href":"https:\/\/gizigo.id\/de\/wp-json\/wp\/v2\/pages"}],"about":[{"href":"https:\/\/gizigo.id\/de\/wp-json\/wp\/v2\/types\/page"}],"author":[{"embeddable":true,"href":"https:\/\/gizigo.id\/de\/wp-json\/wp\/v2\/users\/3"}],"replies":[{"embeddable":true,"href":"https:\/\/gizigo.id\/de\/wp-json\/wp\/v2\/comments?post=21"}],"version-history":[{"count":2,"href":"https:\/\/gizigo.id\/de\/wp-json\/wp\/v2\/pages\/21\/revisions"}],"predecessor-version":[{"id":158,"href":"https:\/\/gizigo.id\/de\/wp-json\/wp\/v2\/pages\/21\/revisions\/158"}],"wp:attachment":[{"href":"https:\/\/gizigo.id\/de\/wp-json\/wp\/v2\/media?parent=21"}],"curies":[{"name":"wp","href":"https:\/\/api.w.org\/{rel}","templated":true}]}}