{"id":23,"date":"2025-09-30T14:55:16","date_gmt":"2025-09-30T14:55:16","guid":{"rendered":"https:\/\/gizigo.id\/de\/?page_id=23"},"modified":"2025-10-15T05:27:20","modified_gmt":"2025-10-15T05:27:20","slug":"redaktioneller-prozess","status":"publish","type":"page","link":"https:\/\/gizigo.id\/de\/redaktioneller-prozess\/","title":{"rendered":"Redaktioneller Prozess"},"content":{"rendered":"<style>.kb-row-layout-id23_7cf725-c3 > .kt-row-column-wrap{align-content:start;}:where(.kb-row-layout-id23_7cf725-c3 > .kt-row-column-wrap) > .wp-block-kadence-column{justify-content:start;}.kb-row-layout-id23_7cf725-c3 > .kt-row-column-wrap{column-gap:var(--global-kb-gap-lg, 4rem);row-gap:var(--global-kb-gap-md, 2rem);max-width:var( --global-content-width, 1290px );padding-left:var(--global-content-edge-padding);padding-right:var(--global-content-edge-padding);padding-top:100px;padding-bottom:200px;grid-template-columns:minmax(0, 1fr);}.kb-row-layout-id23_7cf725-c3 > .kt-row-layout-overlay{opacity:0.30;}.kb-row-layout-id23_7cf725-c3 .kt-row-layout-bottom-sep{height:100px;}.kb-row-layout-id23_7cf725-c3 .kt-row-layout-bottom-sep svg{width:100%;}.kb-row-layout-id23_7cf725-c3 .kt-row-layout-bottom-sep svg{fill:#ffffff!important;}@media all and (max-width: 1024px){.kb-row-layout-id23_7cf725-c3 > .kt-row-column-wrap{grid-template-columns:minmax(0, 1fr);}}@media all and (max-width: 1024px){.kb-row-layout-id23_7cf725-c3 .kt-row-layout-bottom-sep{height:px;}}@media all and (max-width: 1024px){.kb-row-layout-id23_7cf725-c3 .kt-row-layout-bottom-sep svg{width:%;}}@media all and (max-width: 767px){.kb-row-layout-id23_7cf725-c3 > .kt-row-column-wrap{grid-template-columns:minmax(0, 1fr);}.kb-row-layout-id23_7cf725-c3 .kt-row-layout-bottom-sep{height:px;}.kb-row-layout-id23_7cf725-c3 .kt-row-layout-bottom-sep svg{width:%;}}<\/style><div class=\"kb-row-layout-wrap kb-row-layout-id23_7cf725-c3 alignnone has-theme-palette8-background-color kt-row-has-bg wp-block-kadence-rowlayout\"><div class=\"kt-row-layout-bottom-sep kt-row-sep-type-ct\"><svg viewBox=\"0 0 1000 100\" preserveAspectRatio=\"none\"><path d=\"M1000,0l-500,98l-500,-98l0,100l1000,0l0,-100Z\" \/><\/svg><\/div><div class=\"kt-row-column-wrap kt-has-1-columns kt-row-layout-equal kt-tab-layout-inherit kt-mobile-layout-row kt-row-valign-top kb-theme-content-width\">\n<style>.kadence-column23_9c34e3-5c > .kt-inside-inner-col,.kadence-column23_9c34e3-5c > .kt-inside-inner-col:before{border-top-left-radius:0px;border-top-right-radius:0px;border-bottom-right-radius:0px;border-bottom-left-radius:0px;}.kadence-column23_9c34e3-5c > .kt-inside-inner-col{column-gap:var(--global-kb-gap-sm, 1rem);}.kadence-column23_9c34e3-5c > .kt-inside-inner-col{flex-direction:column;}.kadence-column23_9c34e3-5c > .kt-inside-inner-col > .aligncenter{width:100%;}.kadence-column23_9c34e3-5c > .kt-inside-inner-col:before{opacity:0.3;}.kadence-column23_9c34e3-5c{position:relative;}@media all and (max-width: 1024px){.kadence-column23_9c34e3-5c > .kt-inside-inner-col{flex-direction:column;justify-content:center;}}@media all and (max-width: 767px){.kadence-column23_9c34e3-5c > .kt-inside-inner-col{flex-direction:column;justify-content:center;}}<\/style>\n<div class=\"wp-block-kadence-column kadence-column23_9c34e3-5c inner-column-1\"><div class=\"kt-inside-inner-col\">\n<p class=\"has-text-align-center has-larger-font-size\"><strong>1<\/strong><\/p>\n\n\n\n<h2 class=\"wp-block-heading has-text-align-center\">Themenbewertung<\/h2>\n\n\n\n<div style=\"height:20px\" aria-hidden=\"true\" class=\"wp-block-spacer\"><\/div>\n\n\n\n<p class=\"has-text-align-center\">Jeder auf Gizigo ver\u00f6ffentlichte Artikel beginnt seine Reise damit, dass sein Thema zuerst recherchiert wird.<\/p>\n\n\n\n<p class=\"has-text-align-center\">Dieser Prozess ber\u00fccksichtigt verschiedene Faktoren, wie die \u00dcberpr\u00fcfung von Trends, welche Themen unsere Konkurrenten behandeln, die F\u00e4higkeit unserer Ern\u00e4hrungsberater und Di\u00e4tassistenten, dieses Thema zu bearbeiten, und so weiter.<\/p>\n<\/div><\/div>\n\n<\/div><\/div>\n\n<style>.kb-row-layout-id23_f2c2ae-01 > .kt-row-column-wrap{align-content:start;}:where(.kb-row-layout-id23_f2c2ae-01 > .kt-row-column-wrap) > .wp-block-kadence-column{justify-content:start;}.kb-row-layout-id23_f2c2ae-01 > .kt-row-column-wrap{column-gap:var(--global-kb-gap-lg, 4rem);row-gap:var(--global-kb-gap-md, 2rem);max-width:var( --global-content-width, 1290px );padding-left:var(--global-content-edge-padding);padding-right:var(--global-content-edge-padding);padding-top:100px;padding-bottom:100px;grid-template-columns:minmax(0, 1fr);}.kb-row-layout-id23_f2c2ae-01 > .kt-row-layout-overlay{opacity:0.30;}.kb-row-layout-id23_f2c2ae-01 .kt-row-layout-bottom-sep{height:100px;}.kb-row-layout-id23_f2c2ae-01 .kt-row-layout-bottom-sep svg{width:100%;}.kb-row-layout-id23_f2c2ae-01 .kt-row-layout-bottom-sep svg{fill:#ffffff!important;}@media all and (max-width: 1024px){.kb-row-layout-id23_f2c2ae-01 > .kt-row-column-wrap{grid-template-columns:minmax(0, 1fr);}}@media all and (max-width: 1024px){.kb-row-layout-id23_f2c2ae-01 .kt-row-layout-bottom-sep{height:px;}}@media all and (max-width: 1024px){.kb-row-layout-id23_f2c2ae-01 .kt-row-layout-bottom-sep svg{width:%;}}@media all and (max-width: 767px){.kb-row-layout-id23_f2c2ae-01 > .kt-row-column-wrap{grid-template-columns:minmax(0, 1fr);}.kb-row-layout-id23_f2c2ae-01 .kt-row-layout-bottom-sep{height:px;}.kb-row-layout-id23_f2c2ae-01 .kt-row-layout-bottom-sep svg{width:%;}}<\/style><div class=\"kb-row-layout-wrap kb-row-layout-id23_f2c2ae-01 alignnone has-theme-palette9-background-color kt-row-has-bg wp-block-kadence-rowlayout\"><div class=\"kt-row-layout-bottom-sep kt-row-sep-type-ct\"><svg viewBox=\"0 0 1000 100\" preserveAspectRatio=\"none\"><path d=\"M1000,0l-500,98l-500,-98l0,100l1000,0l0,-100Z\" \/><\/svg><\/div><div class=\"kt-row-column-wrap kt-has-1-columns kt-row-layout-equal kt-tab-layout-inherit kt-mobile-layout-row kt-row-valign-top kb-theme-content-width\">\n<style>.kadence-column23_5e775e-d3 > .kt-inside-inner-col,.kadence-column23_5e775e-d3 > .kt-inside-inner-col:before{border-top-left-radius:0px;border-top-right-radius:0px;border-bottom-right-radius:0px;border-bottom-left-radius:0px;}.kadence-column23_5e775e-d3 > .kt-inside-inner-col{column-gap:var(--global-kb-gap-sm, 1rem);}.kadence-column23_5e775e-d3 > .kt-inside-inner-col{flex-direction:column;}.kadence-column23_5e775e-d3 > .kt-inside-inner-col > .aligncenter{width:100%;}.kadence-column23_5e775e-d3 > .kt-inside-inner-col:before{opacity:0.3;}.kadence-column23_5e775e-d3{position:relative;}@media all and (max-width: 1024px){.kadence-column23_5e775e-d3 > .kt-inside-inner-col{flex-direction:column;justify-content:center;}}@media all and (max-width: 767px){.kadence-column23_5e775e-d3 > .kt-inside-inner-col{flex-direction:column;justify-content:center;}}<\/style>\n<div class=\"wp-block-kadence-column kadence-column23_5e775e-d3 inner-column-1\"><div class=\"kt-inside-inner-col\">\n<p class=\"has-text-align-center has-larger-font-size\"><strong>2<\/strong><\/p>\n\n\n\n<h2 class=\"wp-block-heading has-text-align-center\">Verfassen des Artikels<\/h2>\n\n\n\n<div style=\"height:20px\" aria-hidden=\"true\" class=\"wp-block-spacer\"><\/div>\n\n\n\n<p class=\"has-text-align-center\">Nachdem das Thema festgelegt wurde, beginnt die eigentliche Arbeit. Unsere Ern\u00e4hrungsberater und Di\u00e4tassistenten nehmen die rigorose Arbeit am Thema auf, indem sie die Hauptpunkte identifizieren, die sie den Lesern vermitteln m\u00f6chten, wissenschaftliche Studien lesen und popul\u00e4re Informationen, die auf vielen anderen Websites verf\u00fcgbar sind, auf Fakten \u00fcberpr\u00fcfen.<\/p>\n\n\n\n<p class=\"has-text-align-center\">Immer wieder stellen unsere Autoren fest, dass die f\u00fcr die meisten Internetnutzer leicht zug\u00e4nglichen Informationen fehlerhaft sind. In solchen F\u00e4llen entscheiden wir uns, die genaueren Informationen basierend auf verf\u00fcgbaren Forschungen bereitzustellen.<\/p>\n\n\n\n<p class=\"has-text-align-center\">Manchmal ben\u00f6tigt ein Artikel auch die praktische Note eines Kochs. Dann begibt sich der f\u00fcr das Thema zust\u00e4ndige Ern\u00e4hrungsberater oder Di\u00e4tassistent in die K\u00fcche und besch\u00e4ftigt sich damit, die Zutaten vorzubereiten, die Mahlzeiten zuzubereiten und den gesamten Vorgang zu dokumentieren.<\/p>\n<\/div><\/div>\n\n<\/div><\/div>\n\n<style>.kb-row-layout-id23_5436c8-6f > .kt-row-column-wrap{align-content:start;}:where(.kb-row-layout-id23_5436c8-6f > .kt-row-column-wrap) > .wp-block-kadence-column{justify-content:start;}.kb-row-layout-id23_5436c8-6f > .kt-row-column-wrap{column-gap:var(--global-kb-gap-lg, 4rem);row-gap:var(--global-kb-gap-md, 2rem);max-width:var( --global-content-width, 1290px );padding-left:var(--global-content-edge-padding);padding-right:var(--global-content-edge-padding);padding-top:200px;padding-bottom:200px;grid-template-columns:minmax(0, 1fr);}.kb-row-layout-id23_5436c8-6f{background-color:#f9ebeb;}.kb-row-layout-id23_5436c8-6f > .kt-row-layout-overlay{opacity:0.30;}.kb-row-layout-id23_5436c8-6f .kt-row-layout-bottom-sep{height:100px;}.kb-row-layout-id23_5436c8-6f .kt-row-layout-bottom-sep svg{width:100%;}.kb-row-layout-id23_5436c8-6f .kt-row-layout-bottom-sep svg{fill:#ffffff!important;}.kb-row-layout-id23_5436c8-6f .kt-row-layout-top-sep{height:100px;}.kb-row-layout-id23_5436c8-6f .kt-row-layout-top-sep svg{width:100%;}.kb-row-layout-id23_5436c8-6f .kt-row-layout-top-sep svg{fill:#ffffff!important;}@media all and (max-width: 1024px){.kb-row-layout-id23_5436c8-6f > .kt-row-column-wrap{grid-template-columns:minmax(0, 1fr);}}@media all and (max-width: 1024px){.kb-row-layout-id23_5436c8-6f .kt-row-layout-bottom-sep{height:px;}}@media all and (max-width: 1024px){.kb-row-layout-id23_5436c8-6f .kt-row-layout-bottom-sep svg{width:%;}}@media all and (max-width: 767px){.kb-row-layout-id23_5436c8-6f > .kt-row-column-wrap{grid-template-columns:minmax(0, 1fr);}.kb-row-layout-id23_5436c8-6f .kt-row-layout-bottom-sep{height:px;}.kb-row-layout-id23_5436c8-6f .kt-row-layout-bottom-sep svg{width:%;}}<\/style><div class=\"kb-row-layout-wrap kb-row-layout-id23_5436c8-6f alignnone kt-row-has-bg wp-block-kadence-rowlayout\"><div class=\"kt-row-layout-top-sep kt-row-sep-type-cti\"><svg viewBox=\"0 0 1000 100\" preserveAspectRatio=\"none\"><path d=\"M500,2l500,98l-1000,0l500,-98Z\" \/><\/svg><\/div><div class=\"kt-row-layout-bottom-sep kt-row-sep-type-ct\"><svg viewBox=\"0 0 1000 100\" preserveAspectRatio=\"none\"><path d=\"M1000,0l-500,98l-500,-98l0,100l1000,0l0,-100Z\" \/><\/svg><\/div><div class=\"kt-row-column-wrap kt-has-1-columns kt-row-layout-equal kt-tab-layout-inherit kt-mobile-layout-row kt-row-valign-top kb-theme-content-width\">\n<style>.kadence-column23_e9c9a7-ae > .kt-inside-inner-col,.kadence-column23_e9c9a7-ae > .kt-inside-inner-col:before{border-top-left-radius:0px;border-top-right-radius:0px;border-bottom-right-radius:0px;border-bottom-left-radius:0px;}.kadence-column23_e9c9a7-ae > .kt-inside-inner-col{column-gap:var(--global-kb-gap-sm, 1rem);}.kadence-column23_e9c9a7-ae > .kt-inside-inner-col{flex-direction:column;}.kadence-column23_e9c9a7-ae > .kt-inside-inner-col > .aligncenter{width:100%;}.kadence-column23_e9c9a7-ae > .kt-inside-inner-col:before{opacity:0.3;}.kadence-column23_e9c9a7-ae{position:relative;}@media all and (max-width: 1024px){.kadence-column23_e9c9a7-ae > .kt-inside-inner-col{flex-direction:column;justify-content:center;}}@media all and (max-width: 767px){.kadence-column23_e9c9a7-ae > .kt-inside-inner-col{flex-direction:column;justify-content:center;}}<\/style>\n<div class=\"wp-block-kadence-column kadence-column23_e9c9a7-ae inner-column-1\"><div class=\"kt-inside-inner-col\">\n<p class=\"has-text-align-center has-larger-font-size\"><strong>3<\/strong><\/p>\n\n\n\n<h2 class=\"wp-block-heading has-text-align-center\">Freigabe durch die Redaktion<\/h2>\n\n\n\n<div style=\"height:20px\" aria-hidden=\"true\" class=\"wp-block-spacer\"><\/div>\n\n\n\n<p class=\"has-text-align-center\">Nachdem der Artikel fertiggestellt ist, pr\u00fcfen unsere Redakteure das Ergebnis. Sie stellen sicher, dass der von unseren Autoren erstellte Entwurf das Thema korrekt behandelt, die Fragen der Nutzer gr\u00fcndlich beantwortet und unsere Qualit\u00e4tsrichtlinien genau befolgt.<\/p>\n\n\n\n<p class=\"has-text-align-center\">Einige letzte Feinheiten werden hinzugef\u00fcgt, um die Artikel \u201efl\u00fcssiger\u201c und f\u00fcr Laien leichter lesbar zu machen \u2013 schlie\u00dflich neigen die meisten Fachleute in Spezialgebieten dazu, zu viel Fachjargon zu verwenden.<\/p>\n<\/div><\/div>\n\n<\/div><\/div>\n\n<style>.kb-row-layout-id23_7061ae-fb > .kt-row-column-wrap{align-content:start;}:where(.kb-row-layout-id23_7061ae-fb > .kt-row-column-wrap) > .wp-block-kadence-column{justify-content:start;}.kb-row-layout-id23_7061ae-fb > .kt-row-column-wrap{column-gap:var(--global-kb-gap-lg, 4rem);row-gap:var(--global-kb-gap-md, 2rem);max-width:var( --global-content-width, 1290px );padding-left:var(--global-content-edge-padding);padding-right:var(--global-content-edge-padding);padding-top:100px;padding-bottom:200px;grid-template-columns:minmax(0, 1fr);}.kb-row-layout-id23_7061ae-fb > .kt-row-layout-overlay{opacity:0.30;}.kb-row-layout-id23_7061ae-fb .kt-row-layout-bottom-sep{height:100px;}.kb-row-layout-id23_7061ae-fb .kt-row-layout-bottom-sep svg{width:100%;}.kb-row-layout-id23_7061ae-fb .kt-row-layout-bottom-sep svg{fill:#ffffff!important;}@media all and (max-width: 1024px){.kb-row-layout-id23_7061ae-fb > .kt-row-column-wrap{grid-template-columns:minmax(0, 1fr);}}@media all and (max-width: 1024px){.kb-row-layout-id23_7061ae-fb .kt-row-layout-bottom-sep{height:px;}}@media all and (max-width: 1024px){.kb-row-layout-id23_7061ae-fb .kt-row-layout-bottom-sep svg{width:%;}}@media all and (max-width: 767px){.kb-row-layout-id23_7061ae-fb > .kt-row-column-wrap{grid-template-columns:minmax(0, 1fr);}.kb-row-layout-id23_7061ae-fb .kt-row-layout-bottom-sep{height:px;}.kb-row-layout-id23_7061ae-fb .kt-row-layout-bottom-sep svg{width:%;}}<\/style><div class=\"kb-row-layout-wrap kb-row-layout-id23_7061ae-fb alignnone has-theme-palette9-background-color kt-row-has-bg wp-block-kadence-rowlayout\"><div class=\"kt-row-layout-bottom-sep kt-row-sep-type-ct\"><svg viewBox=\"0 0 1000 100\" preserveAspectRatio=\"none\"><path d=\"M1000,0l-500,98l-500,-98l0,100l1000,0l0,-100Z\" \/><\/svg><\/div><div class=\"kt-row-column-wrap kt-has-1-columns kt-row-layout-equal kt-tab-layout-inherit kt-mobile-layout-row kt-row-valign-top kb-theme-content-width\">\n<style>.kadence-column23_0d4ab3-f0 > .kt-inside-inner-col,.kadence-column23_0d4ab3-f0 > .kt-inside-inner-col:before{border-top-left-radius:0px;border-top-right-radius:0px;border-bottom-right-radius:0px;border-bottom-left-radius:0px;}.kadence-column23_0d4ab3-f0 > .kt-inside-inner-col{column-gap:var(--global-kb-gap-sm, 1rem);}.kadence-column23_0d4ab3-f0 > .kt-inside-inner-col{flex-direction:column;}.kadence-column23_0d4ab3-f0 > .kt-inside-inner-col > .aligncenter{width:100%;}.kadence-column23_0d4ab3-f0 > .kt-inside-inner-col:before{opacity:0.3;}.kadence-column23_0d4ab3-f0{position:relative;}@media all and (max-width: 1024px){.kadence-column23_0d4ab3-f0 > .kt-inside-inner-col{flex-direction:column;justify-content:center;}}@media all and (max-width: 767px){.kadence-column23_0d4ab3-f0 > .kt-inside-inner-col{flex-direction:column;justify-content:center;}}<\/style>\n<div class=\"wp-block-kadence-column kadence-column23_0d4ab3-f0 inner-column-1\"><div class=\"kt-inside-inner-col\">\n<p class=\"has-text-align-center has-larger-font-size\"><strong>4<\/strong><\/p>\n\n\n\n<h2 class=\"wp-block-heading has-text-align-center\">Begutachtung durch Experten<\/h2>\n\n\n\n<div style=\"height:20px\" aria-hidden=\"true\" class=\"wp-block-spacer\"><\/div>\n\n\n\n<p class=\"has-text-align-center\">Unsere Autoren sind kluge K\u00f6pfe, die ihr Medizinstudium abgeschlossen haben. Aber Gizigos Experten verf\u00fcgen \u00fcber eine noch h\u00f6here Fachkenntnis in der Ern\u00e4hrungswissenschaft. Sie alle sind Ern\u00e4hrungsberater und Di\u00e4tassistenten mit einem postgradualen Abschluss oder Doktortitel sowie mit Forschungserfahrung und meisterhaftem Wissen \u00fcber Ern\u00e4hrung.<\/p>\n\n\n\n<p class=\"has-text-align-center\">Die Artikel auf Gizigo werden von einem unserer Experten begutachtet. Wenn diese als qualitativ unzureichend oder fehlerhaft angesehen werden, sind gr\u00f6\u00dfere \u00dcberarbeitungen erforderlich. In diesem Fall beginnt der Prozess von vorne, bis die Artikel zur Ver\u00f6ffentlichung bereit sind.<\/p>\n<\/div><\/div>\n\n<\/div><\/div>","protected":false},"excerpt":{"rendered":"<p>1 Themenbewertung Jeder auf Gizigo ver\u00f6ffentlichte Artikel beginnt seine Reise damit, dass sein Thema zuerst recherchiert wird. Dieser Prozess ber\u00fccksichtigt verschiedene Faktoren, wie die \u00dcberpr\u00fcfung von Trends, welche Themen unsere Konkurrenten behandeln, die F\u00e4higkeit unserer Ern\u00e4hrungsberater und Di\u00e4tassistenten, dieses Thema zu bearbeiten, und so weiter. 2 Verfassen des Artikels Nachdem das Thema festgelegt wurde, beginnt&#8230;<\/p>\n","protected":false},"author":3,"featured_media":0,"parent":0,"menu_order":0,"comment_status":"closed","ping_status":"closed","template":"","meta":{"_kad_post_transparent":"","_kad_post_title":"","_kad_post_layout":"fullwidth","_kad_post_sidebar_id":"","_kad_post_content_style":"unboxed","_kad_post_vertical_padding":"","_kad_post_feature":"","_kad_post_feature_position":"","_kad_post_header":false,"_kad_post_footer":false,"_kad_post_classname":"","footnotes":""},"class_list":["post-23","page","type-page","status-publish","hentry"],"yoast_head":"<!-- This site is optimized with the Yoast SEO plugin v27.3 - https:\/\/yoast.com\/product\/yoast-seo-wordpress\/ -->\n<title>[DE] [EDITORIAL PROCESS] Redaktioneller Prozess | Gizigo DEUTSCH<\/title>\n<meta name=\"robots\" content=\"index, follow, max-snippet:-1, max-image-preview:large, max-video-preview:-1\" \/>\n<link rel=\"canonical\" href=\"https:\/\/gizigo.id\/de\/redaktioneller-prozess\/\" \/>\n<meta property=\"og:locale\" content=\"en_US\" \/>\n<meta property=\"og:type\" content=\"article\" \/>\n<meta property=\"og:title\" content=\"[DE] [EDITORIAL PROCESS] Redaktioneller Prozess | Gizigo DEUTSCH\" \/>\n<meta property=\"og:description\" content=\"1 Themenbewertung Jeder auf Gizigo ver\u00f6ffentlichte Artikel beginnt seine Reise damit, dass sein Thema zuerst recherchiert wird. Dieser Prozess ber\u00fccksichtigt verschiedene Faktoren, wie die \u00dcberpr\u00fcfung von Trends, welche Themen unsere Konkurrenten behandeln, die F\u00e4higkeit unserer Ern\u00e4hrungsberater und Di\u00e4tassistenten, dieses Thema zu bearbeiten, und so weiter. 2 Verfassen des Artikels Nachdem das Thema festgelegt wurde, beginnt...\" \/>\n<meta property=\"og:url\" content=\"https:\/\/gizigo.id\/de\/redaktioneller-prozess\/\" \/>\n<meta property=\"og:site_name\" content=\"Gizigo DEUTSCH\" \/>\n<meta property=\"article:modified_time\" content=\"2025-10-15T05:27:20+00:00\" \/>\n<meta name=\"twitter:card\" content=\"summary_large_image\" \/>\n<meta name=\"twitter:label1\" content=\"Est. reading time\" \/>\n\t<meta name=\"twitter:data1\" content=\"2 minutes\" \/>\n<script type=\"application\/ld+json\" class=\"yoast-schema-graph\">{\"@context\":\"https:\\\/\\\/schema.org\",\"@graph\":[{\"@type\":\"WebPage\",\"@id\":\"https:\\\/\\\/gizigo.id\\\/de\\\/redaktioneller-prozess\\\/\",\"url\":\"https:\\\/\\\/gizigo.id\\\/de\\\/redaktioneller-prozess\\\/\",\"name\":\"[DE] [EDITORIAL PROCESS] Redaktioneller Prozess | Gizigo DEUTSCH\",\"isPartOf\":{\"@id\":\"https:\\\/\\\/gizigo.id\\\/de\\\/#website\"},\"datePublished\":\"2025-09-30T14:55:16+00:00\",\"dateModified\":\"2025-10-15T05:27:20+00:00\",\"breadcrumb\":{\"@id\":\"https:\\\/\\\/gizigo.id\\\/de\\\/redaktioneller-prozess\\\/#breadcrumb\"},\"inLanguage\":\"en-US\",\"potentialAction\":[{\"@type\":\"ReadAction\",\"target\":[\"https:\\\/\\\/gizigo.id\\\/de\\\/redaktioneller-prozess\\\/\"]}]},{\"@type\":\"BreadcrumbList\",\"@id\":\"https:\\\/\\\/gizigo.id\\\/de\\\/redaktioneller-prozess\\\/#breadcrumb\",\"itemListElement\":[{\"@type\":\"ListItem\",\"position\":1,\"name\":\"Home\",\"item\":\"https:\\\/\\\/gizigo.id\\\/de\\\/\"},{\"@type\":\"ListItem\",\"position\":2,\"name\":\"[DE] [EDITORIAL PROCESS] Redaktioneller Prozess\"}]},{\"@type\":\"WebSite\",\"@id\":\"https:\\\/\\\/gizigo.id\\\/de\\\/#website\",\"url\":\"https:\\\/\\\/gizigo.id\\\/de\\\/\",\"name\":\"Gizigo DEUTSCH\",\"description\":\"Von Ern\u00e4hrungsexperten und Di\u00e4tologen\",\"publisher\":{\"@id\":\"https:\\\/\\\/gizigo.id\\\/de\\\/#organization\"},\"potentialAction\":[{\"@type\":\"SearchAction\",\"target\":{\"@type\":\"EntryPoint\",\"urlTemplate\":\"https:\\\/\\\/gizigo.id\\\/de\\\/?s={search_term_string}\"},\"query-input\":{\"@type\":\"PropertyValueSpecification\",\"valueRequired\":true,\"valueName\":\"search_term_string\"}}],\"inLanguage\":\"en-US\"},{\"@type\":\"Organization\",\"@id\":\"https:\\\/\\\/gizigo.id\\\/de\\\/#organization\",\"name\":\"Gizigo\",\"url\":\"https:\\\/\\\/gizigo.id\\\/de\\\/\",\"logo\":{\"@type\":\"ImageObject\",\"inLanguage\":\"en-US\",\"@id\":\"https:\\\/\\\/gizigo.id\\\/de\\\/#\\\/schema\\\/logo\\\/image\\\/\",\"url\":\"https:\\\/\\\/gizigo.id\\\/de\\\/wp-content\\\/uploads\\\/sites\\\/13\\\/2025\\\/10\\\/Logo-Gizigo_warna-512px.png\",\"contentUrl\":\"https:\\\/\\\/gizigo.id\\\/de\\\/wp-content\\\/uploads\\\/sites\\\/13\\\/2025\\\/10\\\/Logo-Gizigo_warna-512px.png\",\"width\":512,\"height\":512,\"caption\":\"Gizigo\"},\"image\":{\"@id\":\"https:\\\/\\\/gizigo.id\\\/de\\\/#\\\/schema\\\/logo\\\/image\\\/\"}}]}<\/script>\n<!-- \/ Yoast SEO plugin. -->","yoast_head_json":{"title":"[DE] [EDITORIAL PROCESS] Redaktioneller Prozess | Gizigo DEUTSCH","robots":{"index":"index","follow":"follow","max-snippet":"max-snippet:-1","max-image-preview":"max-image-preview:large","max-video-preview":"max-video-preview:-1"},"canonical":"https:\/\/gizigo.id\/de\/redaktioneller-prozess\/","og_locale":"en_US","og_type":"article","og_title":"[DE] [EDITORIAL PROCESS] Redaktioneller Prozess | Gizigo DEUTSCH","og_description":"1 Themenbewertung Jeder auf Gizigo ver\u00f6ffentlichte Artikel beginnt seine Reise damit, dass sein Thema zuerst recherchiert wird. Dieser Prozess ber\u00fccksichtigt verschiedene Faktoren, wie die \u00dcberpr\u00fcfung von Trends, welche Themen unsere Konkurrenten behandeln, die F\u00e4higkeit unserer Ern\u00e4hrungsberater und Di\u00e4tassistenten, dieses Thema zu bearbeiten, und so weiter. 2 Verfassen des Artikels Nachdem das Thema festgelegt wurde, beginnt...","og_url":"https:\/\/gizigo.id\/de\/redaktioneller-prozess\/","og_site_name":"Gizigo DEUTSCH","article_modified_time":"2025-10-15T05:27:20+00:00","twitter_card":"summary_large_image","twitter_misc":{"Est. reading time":"2 minutes"},"schema":{"@context":"https:\/\/schema.org","@graph":[{"@type":"WebPage","@id":"https:\/\/gizigo.id\/de\/redaktioneller-prozess\/","url":"https:\/\/gizigo.id\/de\/redaktioneller-prozess\/","name":"[DE] [EDITORIAL PROCESS] Redaktioneller Prozess | Gizigo DEUTSCH","isPartOf":{"@id":"https:\/\/gizigo.id\/de\/#website"},"datePublished":"2025-09-30T14:55:16+00:00","dateModified":"2025-10-15T05:27:20+00:00","breadcrumb":{"@id":"https:\/\/gizigo.id\/de\/redaktioneller-prozess\/#breadcrumb"},"inLanguage":"en-US","potentialAction":[{"@type":"ReadAction","target":["https:\/\/gizigo.id\/de\/redaktioneller-prozess\/"]}]},{"@type":"BreadcrumbList","@id":"https:\/\/gizigo.id\/de\/redaktioneller-prozess\/#breadcrumb","itemListElement":[{"@type":"ListItem","position":1,"name":"Home","item":"https:\/\/gizigo.id\/de\/"},{"@type":"ListItem","position":2,"name":"[DE] [EDITORIAL PROCESS] Redaktioneller Prozess"}]},{"@type":"WebSite","@id":"https:\/\/gizigo.id\/de\/#website","url":"https:\/\/gizigo.id\/de\/","name":"Gizigo DEUTSCH","description":"Von Ern\u00e4hrungsexperten und Di\u00e4tologen","publisher":{"@id":"https:\/\/gizigo.id\/de\/#organization"},"potentialAction":[{"@type":"SearchAction","target":{"@type":"EntryPoint","urlTemplate":"https:\/\/gizigo.id\/de\/?s={search_term_string}"},"query-input":{"@type":"PropertyValueSpecification","valueRequired":true,"valueName":"search_term_string"}}],"inLanguage":"en-US"},{"@type":"Organization","@id":"https:\/\/gizigo.id\/de\/#organization","name":"Gizigo","url":"https:\/\/gizigo.id\/de\/","logo":{"@type":"ImageObject","inLanguage":"en-US","@id":"https:\/\/gizigo.id\/de\/#\/schema\/logo\/image\/","url":"https:\/\/gizigo.id\/de\/wp-content\/uploads\/sites\/13\/2025\/10\/Logo-Gizigo_warna-512px.png","contentUrl":"https:\/\/gizigo.id\/de\/wp-content\/uploads\/sites\/13\/2025\/10\/Logo-Gizigo_warna-512px.png","width":512,"height":512,"caption":"Gizigo"},"image":{"@id":"https:\/\/gizigo.id\/de\/#\/schema\/logo\/image\/"}}]}},"jetpack_sharing_enabled":true,"_links":{"self":[{"href":"https:\/\/gizigo.id\/de\/wp-json\/wp\/v2\/pages\/23","targetHints":{"allow":["GET"]}}],"collection":[{"href":"https:\/\/gizigo.id\/de\/wp-json\/wp\/v2\/pages"}],"about":[{"href":"https:\/\/gizigo.id\/de\/wp-json\/wp\/v2\/types\/page"}],"author":[{"embeddable":true,"href":"https:\/\/gizigo.id\/de\/wp-json\/wp\/v2\/users\/3"}],"replies":[{"embeddable":true,"href":"https:\/\/gizigo.id\/de\/wp-json\/wp\/v2\/comments?post=23"}],"version-history":[{"count":2,"href":"https:\/\/gizigo.id\/de\/wp-json\/wp\/v2\/pages\/23\/revisions"}],"predecessor-version":[{"id":157,"href":"https:\/\/gizigo.id\/de\/wp-json\/wp\/v2\/pages\/23\/revisions\/157"}],"wp:attachment":[{"href":"https:\/\/gizigo.id\/de\/wp-json\/wp\/v2\/media?parent=23"}],"curies":[{"name":"wp","href":"https:\/\/api.w.org\/{rel}","templated":true}]}}