{"id":25,"date":"2025-09-30T14:58:38","date_gmt":"2025-09-30T14:58:38","guid":{"rendered":"https:\/\/gizigo.id\/de\/?page_id=25"},"modified":"2025-10-15T05:29:48","modified_gmt":"2025-10-15T05:29:48","slug":"datenschutzerklarung","status":"publish","type":"page","link":"https:\/\/gizigo.id\/de\/datenschutzerklarung\/","title":{"rendered":"Datenschutzerkl\u00e4rung"},"content":{"rendered":"<style>.kb-row-layout-id25_24e057-a3 > .kt-row-column-wrap{align-content:start;}:where(.kb-row-layout-id25_24e057-a3 > .kt-row-column-wrap) > .wp-block-kadence-column{justify-content:start;}.kb-row-layout-id25_24e057-a3 > .kt-row-column-wrap{column-gap:var(--global-kb-gap-lg, 4rem);row-gap:var(--global-kb-gap-md, 2rem);max-width:var( --global-content-width, 1290px );padding-left:var(--global-content-edge-padding);padding-right:var(--global-content-edge-padding);padding-top:100px;padding-bottom:100px;grid-template-columns:minmax(0, 1fr);}.kb-row-layout-id25_24e057-a3 > .kt-row-layout-overlay{opacity:0.30;}@media all and (max-width: 1024px){.kb-row-layout-id25_24e057-a3 > .kt-row-column-wrap{grid-template-columns:minmax(0, 1fr);}}@media all and (max-width: 767px){.kb-row-layout-id25_24e057-a3 > .kt-row-column-wrap{grid-template-columns:minmax(0, 1fr);}}<\/style><div class=\"kb-row-layout-wrap kb-row-layout-id25_24e057-a3 alignnone has-theme-palette8-background-color kt-row-has-bg wp-block-kadence-rowlayout\"><div class=\"kt-row-column-wrap kt-has-1-columns kt-row-layout-equal kt-tab-layout-inherit kt-mobile-layout-row kt-row-valign-top kb-theme-content-width\">\n<style>.kadence-column25_57eae0-a6 > .kt-inside-inner-col,.kadence-column25_57eae0-a6 > .kt-inside-inner-col:before{border-top-left-radius:0px;border-top-right-radius:0px;border-bottom-right-radius:0px;border-bottom-left-radius:0px;}.kadence-column25_57eae0-a6 > .kt-inside-inner-col{column-gap:var(--global-kb-gap-sm, 1rem);}.kadence-column25_57eae0-a6 > .kt-inside-inner-col{flex-direction:column;}.kadence-column25_57eae0-a6 > .kt-inside-inner-col > .aligncenter{width:100%;}.kadence-column25_57eae0-a6 > .kt-inside-inner-col:before{opacity:0.3;}.kadence-column25_57eae0-a6{position:relative;}@media all and (max-width: 1024px){.kadence-column25_57eae0-a6 > .kt-inside-inner-col{flex-direction:column;justify-content:center;}}@media all and (max-width: 767px){.kadence-column25_57eae0-a6 > .kt-inside-inner-col{flex-direction:column;justify-content:center;}}<\/style>\n<div class=\"wp-block-kadence-column kadence-column25_57eae0-a6 inner-column-1\"><div class=\"kt-inside-inner-col\">\n<p class=\"has-text-align-center\">Datenschutzerkl\u00e4rung f\u00fcr <strong><a href=\"https:\/\/gizigo.id\/de\/\">https:\/\/gizigo.id\/de\/<\/a><\/strong><\/p>\n\n\n\n<div style=\"height:20px\" aria-hidden=\"true\" class=\"wp-block-spacer\"><\/div>\n\n\n\n<p>Gizigo.id betreibt die Website https:\/\/gizigo.id\/de\/, die den DIENST bereitstellt.<\/p>\n\n\n\n<p>Diese Seite dient dazu, die Besucher unserer Website \u00fcber unsere Richtlinien bez\u00fcglich der Erfassung, Nutzung und Offenlegung personenbezogener Daten zu informieren, falls jemand beschlie\u00dft, unseren Dienst, die Gizigo.id-Website, zu nutzen.<\/p>\n\n\n\n<p>Wenn Sie sich f\u00fcr die Nutzung unseres Dienstes entscheiden, stimmen Sie der Erfassung und Nutzung von Informationen in \u00dcbereinstimmung mit dieser Richtlinie zu. Die von uns erfassten personenbezogenen Daten werden zur Bereitstellung und Verbesserung des Dienstes verwendet. Wir werden Ihre Informationen mit niemandem nutzen oder teilen, au\u00dfer wie in dieser Datenschutzerkl\u00e4rung beschrieben. Unsere Datenschutzerkl\u00e4rung wurde mithilfe des <a href=\"https:\/\/www.privacypolicytemplate.net\/\">Privacy Policy Template Generator<\/a> erstellt.<\/p>\n\n\n\n<p>Die in dieser Datenschutzerkl\u00e4rung verwendeten Begriffe haben dieselbe Bedeutung wie in unseren Allgemeinen Gesch\u00e4ftsbedingungen, die unter https:\/\/gizigo.id\/de\/ zug\u00e4nglich sind, sofern in dieser Datenschutzerkl\u00e4rung nichts anderes definiert ist.<\/p>\n\n\n\n<h2 class=\"wp-block-heading\">Erfassung und Nutzung von Informationen<\/h2>\n\n\n\n<p>F\u00fcr eine bessere Nutzung unseres Dienstes k\u00f6nnen wir Sie bitten, uns bestimmte personenbezogene Daten zur Verf\u00fcgung zu stellen, einschlie\u00dflich, aber nicht beschr\u00e4nkt auf Ihren Namen, Ihre Telefonnummer und Ihre Postanschrift. Die von uns erfassten Informationen werden dazu verwendet, Sie zu kontaktieren oder zu identifizieren.<\/p>\n\n\n\n<h2 class=\"wp-block-heading\">Protokolldaten (Log Data)<\/h2>\n\n\n\n<p>Wir m\u00f6chten Sie dar\u00fcber informieren, dass wir jedes Mal, wenn Sie unseren Dienst besuchen, Informationen sammeln, die Ihr Browser an uns sendet, sogenannte Protokolldaten (Log Data). Diese Protokolldaten k\u00f6nnen Informationen wie die Internetprotokoll-Adresse (&#8220;IP-Adresse&#8221;) Ihres Computers, die Browserversion, die von Ihnen besuchten Seiten unseres Dienstes, die Uhrzeit und das Datum Ihres Besuchs, die auf diesen Seiten verbrachte Zeit und andere Statistiken enthalten.<\/p>\n\n\n\n<h2 class=\"wp-block-heading\">Cookies<\/h2>\n\n\n\n<p>Cookies sind Dateien mit einer kleinen Datenmenge, die \u00fcblicherweise als anonyme eindeutige Kennung verwendet werden. Diese werden von der Website, die Sie besuchen, an Ihren Browser gesendet und auf der Festplatte Ihres Computers gespeichert.<\/p>\n\n\n\n<p>Unsere Website verwendet diese \u201eCookies\u201c, um Informationen zu sammeln und unseren Service zu verbessern. Sie haben die M\u00f6glichkeit, diese Cookies entweder zu akzeptieren oder abzulehnen, sowie zu erfahren, wann ein Cookie an Ihren Computer gesendet wird. Wenn Sie sich entscheiden, unsere Cookies abzulehnen, k\u00f6nnen Sie m\u00f6glicherweise einige Teile unseres Service nicht nutzen<\/p>\n\n\n\n<h2 class=\"wp-block-heading\">Dienstleister<\/h2>\n\n\n\n<p>Wir k\u00f6nnen Drittunternehmen und Einzelpersonen aus den folgenden Gr\u00fcnden beauftragen:<\/p>\n\n\n\n<ul class=\"wp-block-list\">\n<li>Um unseren Service zu erleichtern;<\/li>\n\n\n\n<li>Um den Service in unserem Namen bereitzustellen;<\/li>\n\n\n\n<li>Um servicebezogene Leistungen zu erbringen; oder<\/li>\n\n\n\n<li>Um uns bei der Analyse der Nutzung unseres Service zu unterst\u00fctzen.<\/li>\n<\/ul>\n\n\n\n<p>Wir m\u00f6chten unsere Nutzer dar\u00fcber informieren, dass diese Dritten Zugang zu Ihren personenbezogenen Daten haben. Der Grund daf\u00fcr ist, die ihnen in unserem Auftrag zugewiesenen Aufgaben auszuf\u00fchren. Sie sind jedoch verpflichtet, die Informationen nicht f\u00fcr andere Zwecke offenzulegen oder zu verwenden.<\/p>\n\n\n\n<h2 class=\"wp-block-heading\">Sicherheit<\/h2>\n\n\n\n<p>Wir sch\u00e4tzen Ihr Vertrauen, uns Ihre personenbezogenen Daten anzuvertrauen, und bem\u00fchen uns daher, kommerziell anerkannte Mittel zu deren Schutz einzusetzen. Bitte beachten Sie jedoch, dass keine Methode der \u00dcbertragung \u00fcber das Internet oder der elektronischen Speicherung zu 100 % sicher und zuverl\u00e4ssig ist. Daher k\u00f6nnen wir keine absolute Sicherheit garantieren.<\/p>\n\n\n\n<h2 class=\"wp-block-heading\">Links zu anderen Websites<\/h2>\n\n\n\n<p>Unser Service kann Links zu anderen Websites enthalten. Wenn Sie auf einen Link eines Drittanbieters klicken, werden Sie zu dieser Website weitergeleitet. Bitte beachten Sie, dass diese externen Websites nicht von uns betrieben werden. Daher empfehlen wir Ihnen dringend, die Datenschutzrichtlinie dieser Websites zu \u00fcberpr\u00fcfen. Wir haben keine Kontrolle \u00fcber den Inhalt, die Datenschutzrichtlinien oder die Praktiken von Websites oder Diensten Dritter und \u00fcbernehmen hierf\u00fcr keine Verantwortung.<\/p>\n\n\n\n<h2 class=\"wp-block-heading\">Datenschutz von Kindern<\/h2>\n\n\n\n<p>Unsere Services richten sich nicht an Personen unter 18 Jahren. Wir erheben wissentlich keine personenbezogenen Daten von Kindern unter 18 Jahren. Falls wir feststellen, dass ein Kind unter 18 Jahren uns personenbezogene Daten bereitgestellt hat, l\u00f6schen wir diese umgehend von unseren Servern. Wenn Sie ein Elternteil oder Erziehungsberechtigter sind und wissen, dass Ihr Kind uns personenbezogene Daten zur Verf\u00fcgung gestellt hat, kontaktieren Sie uns bitte, damit wir die notwendigen Ma\u00dfnahmen ergreifen k\u00f6nnen.<\/p>\n\n\n\n<h2 class=\"wp-block-heading\">\u00c4nderungen dieser Datenschutzrichtlinie<\/h2>\n\n\n\n<p>Wir k\u00f6nnen unsere Datenschutzrichtlinie von Zeit zu Zeit aktualisieren. Daher empfehlen wir Ihnen, diese Seite regelm\u00e4\u00dfig auf \u00c4nderungen zu \u00fcberpr\u00fcfen. Wir werden Sie \u00fcber alle \u00c4nderungen informieren, indem wir die neue Datenschutzrichtlinie auf dieser Seite ver\u00f6ffentlichen. Diese \u00c4nderungen treten sofort in Kraft, nachdem sie auf dieser Seite ver\u00f6ffentlicht wurden.<\/p>\n\n\n\n<h2 class=\"wp-block-heading\">Kontaktieren Sie uns<\/h2>\n\n\n\n<p>Wenn Sie Fragen oder Anregungen zu unserer Datenschutzrichtlinie haben, z\u00f6gern Sie bitte nicht, uns zu kontaktieren.<\/p>\n<\/div><\/div>\n\n<\/div><\/div>","protected":false},"excerpt":{"rendered":"<p>Datenschutzerkl\u00e4rung f\u00fcr https:\/\/gizigo.id\/de\/ Gizigo.id betreibt die Website https:\/\/gizigo.id\/de\/, die den DIENST bereitstellt. Diese Seite dient dazu, die Besucher unserer Website \u00fcber unsere Richtlinien bez\u00fcglich der Erfassung, Nutzung und Offenlegung personenbezogener Daten zu informieren, falls jemand beschlie\u00dft, unseren Dienst, die Gizigo.id-Website, zu nutzen. Wenn Sie sich f\u00fcr die Nutzung unseres Dienstes entscheiden, stimmen Sie der Erfassung&#8230;<\/p>\n","protected":false},"author":3,"featured_media":0,"parent":0,"menu_order":0,"comment_status":"closed","ping_status":"closed","template":"","meta":{"_kad_post_transparent":"","_kad_post_title":"","_kad_post_layout":"fullwidth","_kad_post_sidebar_id":"","_kad_post_content_style":"unboxed","_kad_post_vertical_padding":"","_kad_post_feature":"","_kad_post_feature_position":"","_kad_post_header":false,"_kad_post_footer":false,"_kad_post_classname":"","footnotes":""},"class_list":["post-25","page","type-page","status-publish","hentry"],"yoast_head":"<!-- This site is optimized with the Yoast SEO plugin v27.3 - https:\/\/yoast.com\/product\/yoast-seo-wordpress\/ -->\n<title>[DE] [PRIVACY POLICY] Datenschutzerkl\u00e4rung | Gizigo DEUTSCH<\/title>\n<meta name=\"robots\" content=\"index, follow, max-snippet:-1, max-image-preview:large, max-video-preview:-1\" \/>\n<link rel=\"canonical\" href=\"https:\/\/gizigo.id\/de\/datenschutzerklarung\/\" \/>\n<meta property=\"og:locale\" content=\"en_US\" \/>\n<meta property=\"og:type\" content=\"article\" \/>\n<meta property=\"og:title\" content=\"[DE] [PRIVACY POLICY] Datenschutzerkl\u00e4rung | Gizigo DEUTSCH\" \/>\n<meta property=\"og:description\" content=\"Datenschutzerkl\u00e4rung f\u00fcr https:\/\/gizigo.id\/de\/ Gizigo.id betreibt die Website https:\/\/gizigo.id\/de\/, die den DIENST bereitstellt. Diese Seite dient dazu, die Besucher unserer Website \u00fcber unsere Richtlinien bez\u00fcglich der Erfassung, Nutzung und Offenlegung personenbezogener Daten zu informieren, falls jemand beschlie\u00dft, unseren Dienst, die Gizigo.id-Website, zu nutzen. Wenn Sie sich f\u00fcr die Nutzung unseres Dienstes entscheiden, stimmen Sie der Erfassung...\" \/>\n<meta property=\"og:url\" content=\"https:\/\/gizigo.id\/de\/datenschutzerklarung\/\" \/>\n<meta property=\"og:site_name\" content=\"Gizigo DEUTSCH\" \/>\n<meta property=\"article:modified_time\" content=\"2025-10-15T05:29:48+00:00\" \/>\n<meta name=\"twitter:card\" content=\"summary_large_image\" \/>\n<meta name=\"twitter:label1\" content=\"Est. reading time\" \/>\n\t<meta name=\"twitter:data1\" content=\"3 minutes\" \/>\n<script type=\"application\/ld+json\" class=\"yoast-schema-graph\">{\"@context\":\"https:\\\/\\\/schema.org\",\"@graph\":[{\"@type\":\"WebPage\",\"@id\":\"https:\\\/\\\/gizigo.id\\\/de\\\/datenschutzerklarung\\\/\",\"url\":\"https:\\\/\\\/gizigo.id\\\/de\\\/datenschutzerklarung\\\/\",\"name\":\"[DE] [PRIVACY POLICY] Datenschutzerkl\u00e4rung | Gizigo DEUTSCH\",\"isPartOf\":{\"@id\":\"https:\\\/\\\/gizigo.id\\\/de\\\/#website\"},\"datePublished\":\"2025-09-30T14:58:38+00:00\",\"dateModified\":\"2025-10-15T05:29:48+00:00\",\"breadcrumb\":{\"@id\":\"https:\\\/\\\/gizigo.id\\\/de\\\/datenschutzerklarung\\\/#breadcrumb\"},\"inLanguage\":\"en-US\",\"potentialAction\":[{\"@type\":\"ReadAction\",\"target\":[\"https:\\\/\\\/gizigo.id\\\/de\\\/datenschutzerklarung\\\/\"]}]},{\"@type\":\"BreadcrumbList\",\"@id\":\"https:\\\/\\\/gizigo.id\\\/de\\\/datenschutzerklarung\\\/#breadcrumb\",\"itemListElement\":[{\"@type\":\"ListItem\",\"position\":1,\"name\":\"Home\",\"item\":\"https:\\\/\\\/gizigo.id\\\/de\\\/\"},{\"@type\":\"ListItem\",\"position\":2,\"name\":\"[DE] [PRIVACY POLICY] Datenschutzerkl\u00e4rung\"}]},{\"@type\":\"WebSite\",\"@id\":\"https:\\\/\\\/gizigo.id\\\/de\\\/#website\",\"url\":\"https:\\\/\\\/gizigo.id\\\/de\\\/\",\"name\":\"Gizigo DEUTSCH\",\"description\":\"Von Ern\u00e4hrungsexperten und Di\u00e4tologen\",\"publisher\":{\"@id\":\"https:\\\/\\\/gizigo.id\\\/de\\\/#organization\"},\"potentialAction\":[{\"@type\":\"SearchAction\",\"target\":{\"@type\":\"EntryPoint\",\"urlTemplate\":\"https:\\\/\\\/gizigo.id\\\/de\\\/?s={search_term_string}\"},\"query-input\":{\"@type\":\"PropertyValueSpecification\",\"valueRequired\":true,\"valueName\":\"search_term_string\"}}],\"inLanguage\":\"en-US\"},{\"@type\":\"Organization\",\"@id\":\"https:\\\/\\\/gizigo.id\\\/de\\\/#organization\",\"name\":\"Gizigo\",\"url\":\"https:\\\/\\\/gizigo.id\\\/de\\\/\",\"logo\":{\"@type\":\"ImageObject\",\"inLanguage\":\"en-US\",\"@id\":\"https:\\\/\\\/gizigo.id\\\/de\\\/#\\\/schema\\\/logo\\\/image\\\/\",\"url\":\"https:\\\/\\\/gizigo.id\\\/de\\\/wp-content\\\/uploads\\\/sites\\\/13\\\/2025\\\/10\\\/Logo-Gizigo_warna-512px.png\",\"contentUrl\":\"https:\\\/\\\/gizigo.id\\\/de\\\/wp-content\\\/uploads\\\/sites\\\/13\\\/2025\\\/10\\\/Logo-Gizigo_warna-512px.png\",\"width\":512,\"height\":512,\"caption\":\"Gizigo\"},\"image\":{\"@id\":\"https:\\\/\\\/gizigo.id\\\/de\\\/#\\\/schema\\\/logo\\\/image\\\/\"}}]}<\/script>\n<!-- \/ Yoast SEO plugin. -->","yoast_head_json":{"title":"[DE] [PRIVACY POLICY] Datenschutzerkl\u00e4rung | Gizigo DEUTSCH","robots":{"index":"index","follow":"follow","max-snippet":"max-snippet:-1","max-image-preview":"max-image-preview:large","max-video-preview":"max-video-preview:-1"},"canonical":"https:\/\/gizigo.id\/de\/datenschutzerklarung\/","og_locale":"en_US","og_type":"article","og_title":"[DE] [PRIVACY POLICY] Datenschutzerkl\u00e4rung | Gizigo DEUTSCH","og_description":"Datenschutzerkl\u00e4rung f\u00fcr https:\/\/gizigo.id\/de\/ Gizigo.id betreibt die Website https:\/\/gizigo.id\/de\/, die den DIENST bereitstellt. Diese Seite dient dazu, die Besucher unserer Website \u00fcber unsere Richtlinien bez\u00fcglich der Erfassung, Nutzung und Offenlegung personenbezogener Daten zu informieren, falls jemand beschlie\u00dft, unseren Dienst, die Gizigo.id-Website, zu nutzen. Wenn Sie sich f\u00fcr die Nutzung unseres Dienstes entscheiden, stimmen Sie der Erfassung...","og_url":"https:\/\/gizigo.id\/de\/datenschutzerklarung\/","og_site_name":"Gizigo DEUTSCH","article_modified_time":"2025-10-15T05:29:48+00:00","twitter_card":"summary_large_image","twitter_misc":{"Est. reading time":"3 minutes"},"schema":{"@context":"https:\/\/schema.org","@graph":[{"@type":"WebPage","@id":"https:\/\/gizigo.id\/de\/datenschutzerklarung\/","url":"https:\/\/gizigo.id\/de\/datenschutzerklarung\/","name":"[DE] [PRIVACY POLICY] Datenschutzerkl\u00e4rung | Gizigo DEUTSCH","isPartOf":{"@id":"https:\/\/gizigo.id\/de\/#website"},"datePublished":"2025-09-30T14:58:38+00:00","dateModified":"2025-10-15T05:29:48+00:00","breadcrumb":{"@id":"https:\/\/gizigo.id\/de\/datenschutzerklarung\/#breadcrumb"},"inLanguage":"en-US","potentialAction":[{"@type":"ReadAction","target":["https:\/\/gizigo.id\/de\/datenschutzerklarung\/"]}]},{"@type":"BreadcrumbList","@id":"https:\/\/gizigo.id\/de\/datenschutzerklarung\/#breadcrumb","itemListElement":[{"@type":"ListItem","position":1,"name":"Home","item":"https:\/\/gizigo.id\/de\/"},{"@type":"ListItem","position":2,"name":"[DE] [PRIVACY POLICY] Datenschutzerkl\u00e4rung"}]},{"@type":"WebSite","@id":"https:\/\/gizigo.id\/de\/#website","url":"https:\/\/gizigo.id\/de\/","name":"Gizigo DEUTSCH","description":"Von Ern\u00e4hrungsexperten und Di\u00e4tologen","publisher":{"@id":"https:\/\/gizigo.id\/de\/#organization"},"potentialAction":[{"@type":"SearchAction","target":{"@type":"EntryPoint","urlTemplate":"https:\/\/gizigo.id\/de\/?s={search_term_string}"},"query-input":{"@type":"PropertyValueSpecification","valueRequired":true,"valueName":"search_term_string"}}],"inLanguage":"en-US"},{"@type":"Organization","@id":"https:\/\/gizigo.id\/de\/#organization","name":"Gizigo","url":"https:\/\/gizigo.id\/de\/","logo":{"@type":"ImageObject","inLanguage":"en-US","@id":"https:\/\/gizigo.id\/de\/#\/schema\/logo\/image\/","url":"https:\/\/gizigo.id\/de\/wp-content\/uploads\/sites\/13\/2025\/10\/Logo-Gizigo_warna-512px.png","contentUrl":"https:\/\/gizigo.id\/de\/wp-content\/uploads\/sites\/13\/2025\/10\/Logo-Gizigo_warna-512px.png","width":512,"height":512,"caption":"Gizigo"},"image":{"@id":"https:\/\/gizigo.id\/de\/#\/schema\/logo\/image\/"}}]}},"jetpack_sharing_enabled":true,"_links":{"self":[{"href":"https:\/\/gizigo.id\/de\/wp-json\/wp\/v2\/pages\/25","targetHints":{"allow":["GET"]}}],"collection":[{"href":"https:\/\/gizigo.id\/de\/wp-json\/wp\/v2\/pages"}],"about":[{"href":"https:\/\/gizigo.id\/de\/wp-json\/wp\/v2\/types\/page"}],"author":[{"embeddable":true,"href":"https:\/\/gizigo.id\/de\/wp-json\/wp\/v2\/users\/3"}],"replies":[{"embeddable":true,"href":"https:\/\/gizigo.id\/de\/wp-json\/wp\/v2\/comments?post=25"}],"version-history":[{"count":2,"href":"https:\/\/gizigo.id\/de\/wp-json\/wp\/v2\/pages\/25\/revisions"}],"predecessor-version":[{"id":161,"href":"https:\/\/gizigo.id\/de\/wp-json\/wp\/v2\/pages\/25\/revisions\/161"}],"wp:attachment":[{"href":"https:\/\/gizigo.id\/de\/wp-json\/wp\/v2\/media?parent=25"}],"curies":[{"name":"wp","href":"https:\/\/api.w.org\/{rel}","templated":true}]}}