{"id":28,"date":"2025-09-30T15:08:09","date_gmt":"2025-09-30T15:08:09","guid":{"rendered":"https:\/\/gizigo.id\/de\/?page_id=28"},"modified":"2025-10-15T05:29:37","modified_gmt":"2025-10-15T05:29:37","slug":"nutzungsbedingungen","status":"publish","type":"page","link":"https:\/\/gizigo.id\/de\/nutzungsbedingungen\/","title":{"rendered":"Nutzungsbedingungen"},"content":{"rendered":"<style>.kb-row-layout-id28_70a0eb-62 > .kt-row-column-wrap{align-content:start;}:where(.kb-row-layout-id28_70a0eb-62 > .kt-row-column-wrap) > .wp-block-kadence-column{justify-content:start;}.kb-row-layout-id28_70a0eb-62 > .kt-row-column-wrap{column-gap:var(--global-kb-gap-lg, 4rem);row-gap:var(--global-kb-gap-md, 2rem);max-width:var( --global-content-width, 1290px );padding-left:var(--global-content-edge-padding);padding-right:var(--global-content-edge-padding);padding-top:100px;padding-bottom:100px;grid-template-columns:minmax(0, 1fr);}.kb-row-layout-id28_70a0eb-62 > .kt-row-layout-overlay{opacity:0.30;}@media all and (max-width: 1024px){.kb-row-layout-id28_70a0eb-62 > .kt-row-column-wrap{grid-template-columns:minmax(0, 1fr);}}@media all and (max-width: 767px){.kb-row-layout-id28_70a0eb-62 > .kt-row-column-wrap{grid-template-columns:minmax(0, 1fr);}}<\/style><div class=\"kb-row-layout-wrap kb-row-layout-id28_70a0eb-62 alignnone has-theme-palette8-background-color kt-row-has-bg wp-block-kadence-rowlayout\"><div class=\"kt-row-column-wrap kt-has-1-columns kt-row-layout-equal kt-tab-layout-inherit kt-mobile-layout-row kt-row-valign-top kb-theme-content-width\">\n<style>.kadence-column28_d15413-80 > .kt-inside-inner-col,.kadence-column28_d15413-80 > .kt-inside-inner-col:before{border-top-left-radius:0px;border-top-right-radius:0px;border-bottom-right-radius:0px;border-bottom-left-radius:0px;}.kadence-column28_d15413-80 > .kt-inside-inner-col{column-gap:var(--global-kb-gap-sm, 1rem);}.kadence-column28_d15413-80 > .kt-inside-inner-col{flex-direction:column;}.kadence-column28_d15413-80 > .kt-inside-inner-col > .aligncenter{width:100%;}.kadence-column28_d15413-80 > .kt-inside-inner-col:before{opacity:0.3;}.kadence-column28_d15413-80{position:relative;}@media all and (max-width: 1024px){.kadence-column28_d15413-80 > .kt-inside-inner-col{flex-direction:column;justify-content:center;}}@media all and (max-width: 767px){.kadence-column28_d15413-80 > .kt-inside-inner-col{flex-direction:column;justify-content:center;}}<\/style>\n<div class=\"wp-block-kadence-column kadence-column28_d15413-80 inner-column-1\"><div class=\"kt-inside-inner-col\">\n<p class=\"has-text-align-center\">Nutzungsbedingungen f\u00fcr <strong><a href=\"https:\/\/gizigo.id\/de\/\">https:\/\/gizigo.id\/de\/<\/a><\/strong><\/p>\n\n\n\n<div style=\"height:20px\" aria-hidden=\"true\" class=\"wp-block-spacer\"><\/div>\n\n\n\n<p>Durch das Browsen und die Nutzung dieser Website, Gizigo.id (im Folgenden als DAS UNTERNEHMEN bezeichnet), erkl\u00e4ren Sie sich damit einverstanden, die folgenden Nutzungsbedingungen einzuhalten und an sie gebunden zu sein. Die folgenden Nutzungsbedingungen regeln zusammen mit unserer Datenschutzerkl\u00e4rung die Beziehung DES UNTERNEHMENS zu Ihnen in Bezug auf diese Website. Die Begriffe \u201eUNTERNEHMEN\u201c, \u201euns\u201c oder \u201ewir\u201c beziehen sich auf den Eigent\u00fcmer der Website. Der Begriff \u201eSie\u201c bezieht sich auf den Nutzer oder Betrachter unserer Website.<\/p>\n\n\n<style>.wp-block-kadence-advancedheading.kt-adv-heading28_b716c8-97, .wp-block-kadence-advancedheading.kt-adv-heading28_b716c8-97[data-kb-block=\"kb-adv-heading28_b716c8-97\"]{text-align:center;font-style:normal;}.wp-block-kadence-advancedheading.kt-adv-heading28_b716c8-97 mark.kt-highlight, .wp-block-kadence-advancedheading.kt-adv-heading28_b716c8-97[data-kb-block=\"kb-adv-heading28_b716c8-97\"] mark.kt-highlight{font-style:normal;color:#f76a0c;-webkit-box-decoration-break:clone;box-decoration-break:clone;padding-top:0px;padding-right:0px;padding-bottom:0px;padding-left:0px;}.wp-block-kadence-advancedheading.kt-adv-heading28_b716c8-97 img.kb-inline-image, .wp-block-kadence-advancedheading.kt-adv-heading28_b716c8-97[data-kb-block=\"kb-adv-heading28_b716c8-97\"] img.kb-inline-image{width:150px;vertical-align:baseline;}<\/style>\n<h2 class=\"kt-adv-heading28_b716c8-97 wp-block-kadence-advancedheading\" data-kb-block=\"kb-adv-heading28_b716c8-97\"><strong>Die Nutzung dieser Website unterliegt den folgenden Nutzungsbedingungen:<\/strong><\/h2>\n\n\n\n<ul class=\"wp-block-list\">\n<li>Der Inhalt der Seiten dieser Website dient ausschlie\u00dflich Ihrer allgemeinen Information und Nutzung.<\/li>\n\n\n\n<li>Der Inhalt dieser Website kann jederzeit und ohne vorherige Ank\u00fcndigung ge\u00e4ndert werden.<\/li>\n\n\n\n<li>Weder wir noch Dritte geben eine Garantie oder Gew\u00e4hrleistung hinsichtlich der Richtigkeit, Aktualit\u00e4t, Leistung, Vollst\u00e4ndigkeit oder Eignung der Informationen und Materialien, die auf dieser Website f\u00fcr einen bestimmten Zweck gefunden oder angeboten werden. Sie erkennen an, dass solche Informationen und Materialien Ungenauigkeiten oder Fehler enthalten k\u00f6nnen. Wir schlie\u00dfen die Haftung f\u00fcr solche Ungenauigkeiten oder Fehler ausdr\u00fccklich aus, soweit dies gesetzlich zul\u00e4ssig ist.<\/li>\n\n\n\n<li>Die Nutzung jeglicher Informationen oder Materialien auf dieser Website erfolgt ausschlie\u00dflich auf Ihr eigenes Risiko, wof\u00fcr wir nicht haften. Es liegt in Ihrer eigenen Verantwortung sicherzustellen, dass alle \u00fcber diese Website verf\u00fcgbaren Produkte, Dienstleistungen oder Informationen Ihren spezifischen Anforderungen entsprechen.<\/li>\n\n\n\n<li>Diese Website enth\u00e4lt Material, das sich in unserem Besitz befindet oder an uns lizenziert ist. Dieses Material umfasst, ist aber nicht beschr\u00e4nkt auf, das Design, das Layout, das Aussehen, die Erscheinung und die Grafiken. Die Vervielf\u00e4ltigung ist untersagt.<\/li>\n\n\n\n<li>Alle auf dieser Website wiedergegebenen Marken, die nicht Eigentum des Betreibers dieser Website sind oder an ihn lizenziert wurden, werden auf der Website anerkannt.<\/li>\n\n\n\n<li>Die unbefugte Nutzung dieser Website kann zu Schadensersatzanspr\u00fcchen und\/oder strafrechtlichen Konsequenzen f\u00fchren.<\/li>\n\n\n\n<li>Diese Website kann auch Links zu Websites Dritter enthalten. Diese Links bedeuten nicht, dass wir diese Websites Dritter bef\u00fcrworten. Wir \u00fcbernehmen keine Verantwortung f\u00fcr den Inhalt von Websites Dritter, auf die wir m\u00f6glicherweise verlinken.<\/li>\n\n\n\n<li>Sie d\u00fcrfen ohne die vorherige schriftliche Zustimmung DES UNTERNEHMENS keinen Link von einer anderen Website oder einem anderen Dokument zu dieser Website erstellen.<\/li>\n\n\n\n<li>Ihre Nutzung dieser Website und alle Streitigkeiten, die sich aus einer solchen Nutzung der Website ergeben, unterliegen den Gesetzen Indonesia.<\/li>\n<\/ul>\n\n\n<style>.wp-block-kadence-advancedheading.kt-adv-heading28_7133f1-26, .wp-block-kadence-advancedheading.kt-adv-heading28_7133f1-26[data-kb-block=\"kb-adv-heading28_7133f1-26\"]{text-align:center;font-style:normal;}.wp-block-kadence-advancedheading.kt-adv-heading28_7133f1-26 mark.kt-highlight, .wp-block-kadence-advancedheading.kt-adv-heading28_7133f1-26[data-kb-block=\"kb-adv-heading28_7133f1-26\"] mark.kt-highlight{font-style:normal;color:#f76a0c;-webkit-box-decoration-break:clone;box-decoration-break:clone;padding-top:0px;padding-right:0px;padding-bottom:0px;padding-left:0px;}.wp-block-kadence-advancedheading.kt-adv-heading28_7133f1-26 img.kb-inline-image, .wp-block-kadence-advancedheading.kt-adv-heading28_7133f1-26[data-kb-block=\"kb-adv-heading28_7133f1-26\"] img.kb-inline-image{width:150px;vertical-align:baseline;}<\/style>\n<h2 class=\"kt-adv-heading28_7133f1-26 wp-block-kadence-advancedheading\" data-kb-block=\"kb-adv-heading28_7133f1-26\"><strong>Eingereichte Materialien und Kontonutzung<\/strong><\/h2>\n\n\n\n<p>F\u00fcr Materialien, die Sie im Zusammenhang mit den Diensten an DAS UNTERNEHMEN senden oder anderweitig zur Verf\u00fcgung stellen (Ihre \u201eEinsendung\u201c), gew\u00e4hren Sie DEM UNTERNEHMEN eine unwiderrufliche, unbefristete, geb\u00fchrenfreie weltweite Lizenz zur (a) Nutzung, Vervielf\u00e4ltigung, Verbreitung, \u00dcbertragung, \u00f6ffentlichen Darstellung, \u00f6ffentlichen Auff\u00fchrung, Wiedergabe, Bearbeitung, Modifizierung, Erstellung abgeleiteter Werke oder Einarbeitung in andere Werke und \u00dcbersetzung Ihrer Einsendung, im Zusammenhang mit den Diensten oder in anderen Medien, und (b) Unterlizenzierung dieser Rechte, im gr\u00f6\u00dftm\u00f6glichen gesetzlich zul\u00e4ssigen Umfang. DAS UNTERNEHMEN zahlt Ihnen weder f\u00fcr Ihre Einsendung noch f\u00fcr die Aus\u00fcbung der im vorstehenden Satz dargelegten Rechte. DAS UNTERNEHMEN kann Ihre Einsendung jederzeit entfernen oder \u00e4ndern. F\u00fcr jede Einsendung erkl\u00e4ren Sie sich damit einverstanden, genaue und vollst\u00e4ndige Informationen bereitzustellen und versichern, dass Sie \u00fcber alle Rechte verf\u00fcgen, die erforderlich sind, um DEM UNTERNEHMEN die Rechte in diesem Absatz zu gew\u00e4hren, dass die Nutzung der Einsendung durch DAS UNTERNEHMEN keine Rechte Dritter verletzt und dass die Einsendung mit dem obigen Absatz 1 \u00fcbereinstimmt. Sie sind allein verantwortlich f\u00fcr alle Einsendungen, die \u00fcber Ihre Benutzerkonten in den Diensten oder die Sie anderweitig \u00fcber die Dienste zur Verf\u00fcgung stellen.<\/p>\n\n\n<style>.wp-block-kadence-advancedheading.kt-adv-heading28_2038d7-32, .wp-block-kadence-advancedheading.kt-adv-heading28_2038d7-32[data-kb-block=\"kb-adv-heading28_2038d7-32\"]{text-align:center;font-style:normal;}.wp-block-kadence-advancedheading.kt-adv-heading28_2038d7-32 mark.kt-highlight, .wp-block-kadence-advancedheading.kt-adv-heading28_2038d7-32[data-kb-block=\"kb-adv-heading28_2038d7-32\"] mark.kt-highlight{font-style:normal;color:#f76a0c;-webkit-box-decoration-break:clone;box-decoration-break:clone;padding-top:0px;padding-right:0px;padding-bottom:0px;padding-left:0px;}.wp-block-kadence-advancedheading.kt-adv-heading28_2038d7-32 img.kb-inline-image, .wp-block-kadence-advancedheading.kt-adv-heading28_2038d7-32[data-kb-block=\"kb-adv-heading28_2038d7-32\"] img.kb-inline-image{width:150px;vertical-align:baseline;}<\/style>\n<h2 class=\"kt-adv-heading28_2038d7-32 wp-block-kadence-advancedheading\" data-kb-block=\"kb-adv-heading28_2038d7-32\"><strong>Nutzungsrichtlinien f\u00fcr Bilder<\/strong><\/h2>\n\n\n\n<p>Wir laden Sie herzlich ein, unsere Grafiken auf Ihrer Website und\/oder in den sozialen Medien zu verwenden. Sie k\u00f6nnen die Bilder zuschneiden oder unver\u00e4ndert nutzen. Alles, was wir daf\u00fcr im Gegenzug verlangen, ist die Nennung der URL des Beitrags als Quelle.<\/p>\n<\/div><\/div>\n\n<\/div><\/div>","protected":false},"excerpt":{"rendered":"<p>Nutzungsbedingungen f\u00fcr https:\/\/gizigo.id\/de\/ Durch das Browsen und die Nutzung dieser Website, Gizigo.id (im Folgenden als DAS UNTERNEHMEN bezeichnet), erkl\u00e4ren Sie sich damit einverstanden, die folgenden Nutzungsbedingungen einzuhalten und an sie gebunden zu sein. Die folgenden Nutzungsbedingungen regeln zusammen mit unserer Datenschutzerkl\u00e4rung die Beziehung DES UNTERNEHMENS zu Ihnen in Bezug auf diese Website. Die Begriffe \u201eUNTERNEHMEN\u201c,&#8230;<\/p>\n","protected":false},"author":3,"featured_media":0,"parent":0,"menu_order":0,"comment_status":"closed","ping_status":"closed","template":"","meta":{"_kad_post_transparent":"","_kad_post_title":"","_kad_post_layout":"fullwidth","_kad_post_sidebar_id":"","_kad_post_content_style":"unboxed","_kad_post_vertical_padding":"","_kad_post_feature":"","_kad_post_feature_position":"","_kad_post_header":false,"_kad_post_footer":false,"_kad_post_classname":"","footnotes":""},"class_list":["post-28","page","type-page","status-publish","hentry"],"yoast_head":"<!-- This site is optimized with the Yoast SEO plugin v27.3 - https:\/\/yoast.com\/product\/yoast-seo-wordpress\/ -->\n<title>[DE] [TERMS OF USE] Nutzungsbedingungen | Gizigo DEUTSCH<\/title>\n<meta name=\"robots\" content=\"index, follow, max-snippet:-1, max-image-preview:large, max-video-preview:-1\" \/>\n<link rel=\"canonical\" href=\"https:\/\/gizigo.id\/de\/nutzungsbedingungen\/\" \/>\n<meta property=\"og:locale\" content=\"en_US\" \/>\n<meta property=\"og:type\" content=\"article\" \/>\n<meta property=\"og:title\" content=\"[DE] [TERMS OF USE] Nutzungsbedingungen | Gizigo DEUTSCH\" \/>\n<meta property=\"og:description\" content=\"Nutzungsbedingungen f\u00fcr https:\/\/gizigo.id\/de\/ Durch das Browsen und die Nutzung dieser Website, Gizigo.id (im Folgenden als DAS UNTERNEHMEN bezeichnet), erkl\u00e4ren Sie sich damit einverstanden, die folgenden Nutzungsbedingungen einzuhalten und an sie gebunden zu sein. Die folgenden Nutzungsbedingungen regeln zusammen mit unserer Datenschutzerkl\u00e4rung die Beziehung DES UNTERNEHMENS zu Ihnen in Bezug auf diese Website. Die Begriffe \u201eUNTERNEHMEN\u201c,...\" \/>\n<meta property=\"og:url\" content=\"https:\/\/gizigo.id\/de\/nutzungsbedingungen\/\" \/>\n<meta property=\"og:site_name\" content=\"Gizigo DEUTSCH\" \/>\n<meta property=\"article:modified_time\" content=\"2025-10-15T05:29:37+00:00\" \/>\n<meta name=\"twitter:card\" content=\"summary_large_image\" \/>\n<meta name=\"twitter:label1\" content=\"Est. reading time\" \/>\n\t<meta name=\"twitter:data1\" content=\"3 minutes\" \/>\n<script type=\"application\/ld+json\" class=\"yoast-schema-graph\">{\"@context\":\"https:\\\/\\\/schema.org\",\"@graph\":[{\"@type\":\"WebPage\",\"@id\":\"https:\\\/\\\/gizigo.id\\\/de\\\/nutzungsbedingungen\\\/\",\"url\":\"https:\\\/\\\/gizigo.id\\\/de\\\/nutzungsbedingungen\\\/\",\"name\":\"[DE] [TERMS OF USE] Nutzungsbedingungen | Gizigo DEUTSCH\",\"isPartOf\":{\"@id\":\"https:\\\/\\\/gizigo.id\\\/de\\\/#website\"},\"datePublished\":\"2025-09-30T15:08:09+00:00\",\"dateModified\":\"2025-10-15T05:29:37+00:00\",\"breadcrumb\":{\"@id\":\"https:\\\/\\\/gizigo.id\\\/de\\\/nutzungsbedingungen\\\/#breadcrumb\"},\"inLanguage\":\"en-US\",\"potentialAction\":[{\"@type\":\"ReadAction\",\"target\":[\"https:\\\/\\\/gizigo.id\\\/de\\\/nutzungsbedingungen\\\/\"]}]},{\"@type\":\"BreadcrumbList\",\"@id\":\"https:\\\/\\\/gizigo.id\\\/de\\\/nutzungsbedingungen\\\/#breadcrumb\",\"itemListElement\":[{\"@type\":\"ListItem\",\"position\":1,\"name\":\"Home\",\"item\":\"https:\\\/\\\/gizigo.id\\\/de\\\/\"},{\"@type\":\"ListItem\",\"position\":2,\"name\":\"[DE] [TERMS OF USE] Nutzungsbedingungen\"}]},{\"@type\":\"WebSite\",\"@id\":\"https:\\\/\\\/gizigo.id\\\/de\\\/#website\",\"url\":\"https:\\\/\\\/gizigo.id\\\/de\\\/\",\"name\":\"Gizigo DEUTSCH\",\"description\":\"Von Ern\u00e4hrungsexperten und Di\u00e4tologen\",\"publisher\":{\"@id\":\"https:\\\/\\\/gizigo.id\\\/de\\\/#organization\"},\"potentialAction\":[{\"@type\":\"SearchAction\",\"target\":{\"@type\":\"EntryPoint\",\"urlTemplate\":\"https:\\\/\\\/gizigo.id\\\/de\\\/?s={search_term_string}\"},\"query-input\":{\"@type\":\"PropertyValueSpecification\",\"valueRequired\":true,\"valueName\":\"search_term_string\"}}],\"inLanguage\":\"en-US\"},{\"@type\":\"Organization\",\"@id\":\"https:\\\/\\\/gizigo.id\\\/de\\\/#organization\",\"name\":\"Gizigo\",\"url\":\"https:\\\/\\\/gizigo.id\\\/de\\\/\",\"logo\":{\"@type\":\"ImageObject\",\"inLanguage\":\"en-US\",\"@id\":\"https:\\\/\\\/gizigo.id\\\/de\\\/#\\\/schema\\\/logo\\\/image\\\/\",\"url\":\"https:\\\/\\\/gizigo.id\\\/de\\\/wp-content\\\/uploads\\\/sites\\\/13\\\/2025\\\/10\\\/Logo-Gizigo_warna-512px.png\",\"contentUrl\":\"https:\\\/\\\/gizigo.id\\\/de\\\/wp-content\\\/uploads\\\/sites\\\/13\\\/2025\\\/10\\\/Logo-Gizigo_warna-512px.png\",\"width\":512,\"height\":512,\"caption\":\"Gizigo\"},\"image\":{\"@id\":\"https:\\\/\\\/gizigo.id\\\/de\\\/#\\\/schema\\\/logo\\\/image\\\/\"}}]}<\/script>\n<!-- \/ Yoast SEO plugin. -->","yoast_head_json":{"title":"[DE] [TERMS OF USE] Nutzungsbedingungen | Gizigo DEUTSCH","robots":{"index":"index","follow":"follow","max-snippet":"max-snippet:-1","max-image-preview":"max-image-preview:large","max-video-preview":"max-video-preview:-1"},"canonical":"https:\/\/gizigo.id\/de\/nutzungsbedingungen\/","og_locale":"en_US","og_type":"article","og_title":"[DE] [TERMS OF USE] Nutzungsbedingungen | Gizigo DEUTSCH","og_description":"Nutzungsbedingungen f\u00fcr https:\/\/gizigo.id\/de\/ Durch das Browsen und die Nutzung dieser Website, Gizigo.id (im Folgenden als DAS UNTERNEHMEN bezeichnet), erkl\u00e4ren Sie sich damit einverstanden, die folgenden Nutzungsbedingungen einzuhalten und an sie gebunden zu sein. Die folgenden Nutzungsbedingungen regeln zusammen mit unserer Datenschutzerkl\u00e4rung die Beziehung DES UNTERNEHMENS zu Ihnen in Bezug auf diese Website. Die Begriffe \u201eUNTERNEHMEN\u201c,...","og_url":"https:\/\/gizigo.id\/de\/nutzungsbedingungen\/","og_site_name":"Gizigo DEUTSCH","article_modified_time":"2025-10-15T05:29:37+00:00","twitter_card":"summary_large_image","twitter_misc":{"Est. reading time":"3 minutes"},"schema":{"@context":"https:\/\/schema.org","@graph":[{"@type":"WebPage","@id":"https:\/\/gizigo.id\/de\/nutzungsbedingungen\/","url":"https:\/\/gizigo.id\/de\/nutzungsbedingungen\/","name":"[DE] [TERMS OF USE] Nutzungsbedingungen | Gizigo DEUTSCH","isPartOf":{"@id":"https:\/\/gizigo.id\/de\/#website"},"datePublished":"2025-09-30T15:08:09+00:00","dateModified":"2025-10-15T05:29:37+00:00","breadcrumb":{"@id":"https:\/\/gizigo.id\/de\/nutzungsbedingungen\/#breadcrumb"},"inLanguage":"en-US","potentialAction":[{"@type":"ReadAction","target":["https:\/\/gizigo.id\/de\/nutzungsbedingungen\/"]}]},{"@type":"BreadcrumbList","@id":"https:\/\/gizigo.id\/de\/nutzungsbedingungen\/#breadcrumb","itemListElement":[{"@type":"ListItem","position":1,"name":"Home","item":"https:\/\/gizigo.id\/de\/"},{"@type":"ListItem","position":2,"name":"[DE] [TERMS OF USE] Nutzungsbedingungen"}]},{"@type":"WebSite","@id":"https:\/\/gizigo.id\/de\/#website","url":"https:\/\/gizigo.id\/de\/","name":"Gizigo DEUTSCH","description":"Von Ern\u00e4hrungsexperten und Di\u00e4tologen","publisher":{"@id":"https:\/\/gizigo.id\/de\/#organization"},"potentialAction":[{"@type":"SearchAction","target":{"@type":"EntryPoint","urlTemplate":"https:\/\/gizigo.id\/de\/?s={search_term_string}"},"query-input":{"@type":"PropertyValueSpecification","valueRequired":true,"valueName":"search_term_string"}}],"inLanguage":"en-US"},{"@type":"Organization","@id":"https:\/\/gizigo.id\/de\/#organization","name":"Gizigo","url":"https:\/\/gizigo.id\/de\/","logo":{"@type":"ImageObject","inLanguage":"en-US","@id":"https:\/\/gizigo.id\/de\/#\/schema\/logo\/image\/","url":"https:\/\/gizigo.id\/de\/wp-content\/uploads\/sites\/13\/2025\/10\/Logo-Gizigo_warna-512px.png","contentUrl":"https:\/\/gizigo.id\/de\/wp-content\/uploads\/sites\/13\/2025\/10\/Logo-Gizigo_warna-512px.png","width":512,"height":512,"caption":"Gizigo"},"image":{"@id":"https:\/\/gizigo.id\/de\/#\/schema\/logo\/image\/"}}]}},"jetpack_sharing_enabled":true,"_links":{"self":[{"href":"https:\/\/gizigo.id\/de\/wp-json\/wp\/v2\/pages\/28","targetHints":{"allow":["GET"]}}],"collection":[{"href":"https:\/\/gizigo.id\/de\/wp-json\/wp\/v2\/pages"}],"about":[{"href":"https:\/\/gizigo.id\/de\/wp-json\/wp\/v2\/types\/page"}],"author":[{"embeddable":true,"href":"https:\/\/gizigo.id\/de\/wp-json\/wp\/v2\/users\/3"}],"replies":[{"embeddable":true,"href":"https:\/\/gizigo.id\/de\/wp-json\/wp\/v2\/comments?post=28"}],"version-history":[{"count":2,"href":"https:\/\/gizigo.id\/de\/wp-json\/wp\/v2\/pages\/28\/revisions"}],"predecessor-version":[{"id":160,"href":"https:\/\/gizigo.id\/de\/wp-json\/wp\/v2\/pages\/28\/revisions\/160"}],"wp:attachment":[{"href":"https:\/\/gizigo.id\/de\/wp-json\/wp\/v2\/media?parent=28"}],"curies":[{"name":"wp","href":"https:\/\/api.w.org\/{rel}","templated":true}]}}