{"id":36,"date":"2025-10-09T14:54:42","date_gmt":"2025-10-09T14:54:42","guid":{"rendered":"https:\/\/gizigo.id\/es\/?page_id=36"},"modified":"2025-10-15T05:40:22","modified_gmt":"2025-10-15T05:40:22","slug":"descargo-de-responsabilidad","status":"publish","type":"page","link":"https:\/\/gizigo.id\/es\/descargo-de-responsabilidad\/","title":{"rendered":"Descargo de Responsabilidad"},"content":{"rendered":"<style>.kb-row-layout-id36_8d6365-97 > .kt-row-column-wrap{align-content:start;}:where(.kb-row-layout-id36_8d6365-97 > .kt-row-column-wrap) > .wp-block-kadence-column{justify-content:start;}.kb-row-layout-id36_8d6365-97 > .kt-row-column-wrap{column-gap:var(--global-kb-gap-lg, 4rem);row-gap:var(--global-kb-gap-md, 2rem);max-width:var( --global-content-width, 1290px );padding-left:var(--global-content-edge-padding);padding-right:var(--global-content-edge-padding);padding-top:100px;padding-bottom:100px;grid-template-columns:minmax(0, 1fr);}.kb-row-layout-id36_8d6365-97 > .kt-row-layout-overlay{opacity:0.30;}@media all and (max-width: 1024px){.kb-row-layout-id36_8d6365-97 > .kt-row-column-wrap{grid-template-columns:minmax(0, 1fr);}}@media all and (max-width: 767px){.kb-row-layout-id36_8d6365-97 > .kt-row-column-wrap{grid-template-columns:minmax(0, 1fr);}}<\/style><div class=\"kb-row-layout-wrap kb-row-layout-id36_8d6365-97 alignnone has-theme-palette8-background-color kt-row-has-bg wp-block-kadence-rowlayout\"><div class=\"kt-row-column-wrap kt-has-1-columns kt-row-layout-equal kt-tab-layout-inherit kt-mobile-layout-row kt-row-valign-top kb-theme-content-width\">\n<style>.kadence-column36_87255d-ee > .kt-inside-inner-col,.kadence-column36_87255d-ee > .kt-inside-inner-col:before{border-top-left-radius:0px;border-top-right-radius:0px;border-bottom-right-radius:0px;border-bottom-left-radius:0px;}.kadence-column36_87255d-ee > .kt-inside-inner-col{column-gap:var(--global-kb-gap-sm, 1rem);}.kadence-column36_87255d-ee > .kt-inside-inner-col{flex-direction:column;}.kadence-column36_87255d-ee > .kt-inside-inner-col > .aligncenter{width:100%;}.kadence-column36_87255d-ee > .kt-inside-inner-col:before{opacity:0.3;}.kadence-column36_87255d-ee{position:relative;}@media all and (max-width: 1024px){.kadence-column36_87255d-ee > .kt-inside-inner-col{flex-direction:column;justify-content:center;}}@media all and (max-width: 767px){.kadence-column36_87255d-ee > .kt-inside-inner-col{flex-direction:column;justify-content:center;}}<\/style>\n<div class=\"wp-block-kadence-column kadence-column36_87255d-ee inner-column-1\"><div class=\"kt-inside-inner-col\">\n<p class=\"has-text-align-center\">Descargo de responsabilidad para <strong><a href=\"https:\/\/gizigo.id\/es\/\">https:\/\/gizigo.id\/es\/<\/a><\/strong><\/p>\n\n\n\n<div style=\"height:20px\" aria-hidden=\"true\" class=\"wp-block-spacer\"><\/div>\n\n\n\n<p>Los art\u00edculos publicados en Gizigo.id, a excepci\u00f3n de los art\u00edculos de la categor\u00eda Bolet\u00edn, son:<\/p>\n\n\n\n<ul class=\"wp-block-list\">\n<li>escritos por un nutricionista\/dietista registrado que trabaja con nosotros, o<\/li>\n\n\n\n<li>el resultado de los escritos de nuestro equipo editorial que han sido supervisados por un nutricionista\/dietista registrado.<\/li>\n<\/ul>\n\n\n\n<p>Toda la informaci\u00f3n que proporcionamos en este blog se publica de buena fe y solo con fines de informaci\u00f3n general.<\/p>\n\n\n\n<p>Hacemos todo lo posible para realizar investigaciones y estudiar literatura de diversas fuentes cre\u00edbles antes de escribir algo en este blog.<\/p>\n\n\n\n<p class=\"has-text-align-center\">***<\/p>\n\n\n\n<p>Los art\u00edculos contenidos en este sitio se presentan solo como informaci\u00f3n adicional.<\/p>\n\n\n\n<p>Los art\u00edculos en el sitio web de Gizigo.id NO pretenden reemplazar el tratamiento m\u00e9dico profesional o las recomendaciones de un nutricionista profesional. Los art\u00edculos contenidos en este sitio NO deben usarse como base para el diagn\u00f3stico u opciones de tratamiento.<\/p>\n\n\n\n<p>Todo tratamiento que usted tome debe basarse en recomendaciones de un m\u00e9dico, nutricionista o dietista registrado con examen directo.<\/p>\n\n\n\n<p>Todos los riesgos por el uso de la informaci\u00f3n en este sitio web recaen en el lector.<\/p>\n\n\n\n<p class=\"has-text-align-center\">***<\/p>\n\n\n\n<h2 class=\"wp-block-heading has-text-align-center\">Aviso DMCA<\/h2>\n\n\n\n<p>Si usted es el leg\u00edtimo propietario de alguna de las im\u00e1genes publicadas en Gizigo.id y no desea que se muestre, o si requiere un cr\u00e9dito adecuado, por favor cont\u00e1ctenos e inmediatamente haremos lo que sea necesario. Inf\u00f3rmenos a trav\u00e9s de <strong><a href=\"https:\/\/gizigo.id\/es\/contacto\/\">nuestro correo electr\u00f3nico<\/a><\/strong> si la imagen debe eliminarse o si necesitamos proporcionar un enlace a su sitio.<\/p>\n<\/div><\/div>\n\n<\/div><\/div>","protected":false},"excerpt":{"rendered":"<p>Descargo de responsabilidad para https:\/\/gizigo.id\/es\/ Los art\u00edculos publicados en Gizigo.id, a excepci\u00f3n de los art\u00edculos de la categor\u00eda Bolet\u00edn, son: Toda la informaci\u00f3n que proporcionamos en este blog se publica de buena fe y solo con fines de informaci\u00f3n general. Hacemos todo lo posible para realizar investigaciones y estudiar literatura de diversas fuentes cre\u00edbles antes&#8230;<\/p>\n","protected":false},"author":1,"featured_media":0,"parent":0,"menu_order":0,"comment_status":"closed","ping_status":"closed","template":"","meta":{"_kad_post_transparent":"","_kad_post_title":"","_kad_post_layout":"fullwidth","_kad_post_sidebar_id":"","_kad_post_content_style":"unboxed","_kad_post_vertical_padding":"","_kad_post_feature":"","_kad_post_feature_position":"","_kad_post_header":false,"_kad_post_footer":false,"_kad_post_classname":"","footnotes":""},"class_list":["post-36","page","type-page","status-publish","hentry"],"yoast_head":"<!-- This site is optimized with the Yoast SEO plugin v27.3 - https:\/\/yoast.com\/product\/yoast-seo-wordpress\/ -->\n<title>[ES] [DISCLAIMER] Descargo de Responsabilidad | Gizigo SPANISH<\/title>\n<meta name=\"robots\" content=\"index, follow, max-snippet:-1, max-image-preview:large, max-video-preview:-1\" \/>\n<link rel=\"canonical\" href=\"https:\/\/gizigo.id\/es\/descargo-de-responsabilidad\/\" \/>\n<meta property=\"og:locale\" content=\"en_US\" \/>\n<meta property=\"og:type\" content=\"article\" \/>\n<meta property=\"og:title\" content=\"[ES] [DISCLAIMER] Descargo de Responsabilidad | Gizigo SPANISH\" \/>\n<meta property=\"og:description\" content=\"Descargo de responsabilidad para https:\/\/gizigo.id\/es\/ Los art\u00edculos publicados en Gizigo.id, a excepci\u00f3n de los art\u00edculos de la categor\u00eda Bolet\u00edn, son: Toda la informaci\u00f3n que proporcionamos en este blog se publica de buena fe y solo con fines de informaci\u00f3n general. Hacemos todo lo posible para realizar investigaciones y estudiar literatura de diversas fuentes cre\u00edbles antes...\" \/>\n<meta property=\"og:url\" content=\"https:\/\/gizigo.id\/es\/descargo-de-responsabilidad\/\" \/>\n<meta property=\"og:site_name\" content=\"Gizigo SPANISH\" \/>\n<meta property=\"article:modified_time\" content=\"2025-10-15T05:40:22+00:00\" \/>\n<meta name=\"twitter:card\" content=\"summary_large_image\" \/>\n<meta name=\"twitter:label1\" content=\"Est. reading time\" \/>\n\t<meta name=\"twitter:data1\" content=\"2 minutes\" \/>\n<script type=\"application\/ld+json\" class=\"yoast-schema-graph\">{\"@context\":\"https:\\\/\\\/schema.org\",\"@graph\":[{\"@type\":\"WebPage\",\"@id\":\"https:\\\/\\\/gizigo.id\\\/es\\\/descargo-de-responsabilidad\\\/\",\"url\":\"https:\\\/\\\/gizigo.id\\\/es\\\/descargo-de-responsabilidad\\\/\",\"name\":\"[ES] [DISCLAIMER] Descargo de Responsabilidad | Gizigo SPANISH\",\"isPartOf\":{\"@id\":\"https:\\\/\\\/gizigo.id\\\/es\\\/#website\"},\"datePublished\":\"2025-10-09T14:54:42+00:00\",\"dateModified\":\"2025-10-15T05:40:22+00:00\",\"breadcrumb\":{\"@id\":\"https:\\\/\\\/gizigo.id\\\/es\\\/descargo-de-responsabilidad\\\/#breadcrumb\"},\"inLanguage\":\"en-US\",\"potentialAction\":[{\"@type\":\"ReadAction\",\"target\":[\"https:\\\/\\\/gizigo.id\\\/es\\\/descargo-de-responsabilidad\\\/\"]}]},{\"@type\":\"BreadcrumbList\",\"@id\":\"https:\\\/\\\/gizigo.id\\\/es\\\/descargo-de-responsabilidad\\\/#breadcrumb\",\"itemListElement\":[{\"@type\":\"ListItem\",\"position\":1,\"name\":\"Home\",\"item\":\"https:\\\/\\\/gizigo.id\\\/es\\\/\"},{\"@type\":\"ListItem\",\"position\":2,\"name\":\"[ES] [DISCLAIMER] Descargo de Responsabilidad\"}]},{\"@type\":\"WebSite\",\"@id\":\"https:\\\/\\\/gizigo.id\\\/es\\\/#website\",\"url\":\"https:\\\/\\\/gizigo.id\\\/es\\\/\",\"name\":\"Gizigo SPANISH\",\"description\":\"Por nutricionistas y dietistas titulados\",\"publisher\":{\"@id\":\"https:\\\/\\\/gizigo.id\\\/es\\\/#organization\"},\"potentialAction\":[{\"@type\":\"SearchAction\",\"target\":{\"@type\":\"EntryPoint\",\"urlTemplate\":\"https:\\\/\\\/gizigo.id\\\/es\\\/?s={search_term_string}\"},\"query-input\":{\"@type\":\"PropertyValueSpecification\",\"valueRequired\":true,\"valueName\":\"search_term_string\"}}],\"inLanguage\":\"en-US\"},{\"@type\":\"Organization\",\"@id\":\"https:\\\/\\\/gizigo.id\\\/es\\\/#organization\",\"name\":\"Gizigo\",\"url\":\"https:\\\/\\\/gizigo.id\\\/es\\\/\",\"logo\":{\"@type\":\"ImageObject\",\"inLanguage\":\"en-US\",\"@id\":\"https:\\\/\\\/gizigo.id\\\/es\\\/#\\\/schema\\\/logo\\\/image\\\/\",\"url\":\"https:\\\/\\\/gizigo.id\\\/es\\\/wp-content\\\/uploads\\\/sites\\\/15\\\/2025\\\/10\\\/Logo-Gizigo_warna-512px.png\",\"contentUrl\":\"https:\\\/\\\/gizigo.id\\\/es\\\/wp-content\\\/uploads\\\/sites\\\/15\\\/2025\\\/10\\\/Logo-Gizigo_warna-512px.png\",\"width\":512,\"height\":512,\"caption\":\"Gizigo\"},\"image\":{\"@id\":\"https:\\\/\\\/gizigo.id\\\/es\\\/#\\\/schema\\\/logo\\\/image\\\/\"}}]}<\/script>\n<!-- \/ Yoast SEO plugin. -->","yoast_head_json":{"title":"[ES] [DISCLAIMER] Descargo de Responsabilidad | Gizigo SPANISH","robots":{"index":"index","follow":"follow","max-snippet":"max-snippet:-1","max-image-preview":"max-image-preview:large","max-video-preview":"max-video-preview:-1"},"canonical":"https:\/\/gizigo.id\/es\/descargo-de-responsabilidad\/","og_locale":"en_US","og_type":"article","og_title":"[ES] [DISCLAIMER] Descargo de Responsabilidad | Gizigo SPANISH","og_description":"Descargo de responsabilidad para https:\/\/gizigo.id\/es\/ Los art\u00edculos publicados en Gizigo.id, a excepci\u00f3n de los art\u00edculos de la categor\u00eda Bolet\u00edn, son: Toda la informaci\u00f3n que proporcionamos en este blog se publica de buena fe y solo con fines de informaci\u00f3n general. Hacemos todo lo posible para realizar investigaciones y estudiar literatura de diversas fuentes cre\u00edbles antes...","og_url":"https:\/\/gizigo.id\/es\/descargo-de-responsabilidad\/","og_site_name":"Gizigo SPANISH","article_modified_time":"2025-10-15T05:40:22+00:00","twitter_card":"summary_large_image","twitter_misc":{"Est. reading time":"2 minutes"},"schema":{"@context":"https:\/\/schema.org","@graph":[{"@type":"WebPage","@id":"https:\/\/gizigo.id\/es\/descargo-de-responsabilidad\/","url":"https:\/\/gizigo.id\/es\/descargo-de-responsabilidad\/","name":"[ES] [DISCLAIMER] Descargo de Responsabilidad | Gizigo SPANISH","isPartOf":{"@id":"https:\/\/gizigo.id\/es\/#website"},"datePublished":"2025-10-09T14:54:42+00:00","dateModified":"2025-10-15T05:40:22+00:00","breadcrumb":{"@id":"https:\/\/gizigo.id\/es\/descargo-de-responsabilidad\/#breadcrumb"},"inLanguage":"en-US","potentialAction":[{"@type":"ReadAction","target":["https:\/\/gizigo.id\/es\/descargo-de-responsabilidad\/"]}]},{"@type":"BreadcrumbList","@id":"https:\/\/gizigo.id\/es\/descargo-de-responsabilidad\/#breadcrumb","itemListElement":[{"@type":"ListItem","position":1,"name":"Home","item":"https:\/\/gizigo.id\/es\/"},{"@type":"ListItem","position":2,"name":"[ES] [DISCLAIMER] Descargo de Responsabilidad"}]},{"@type":"WebSite","@id":"https:\/\/gizigo.id\/es\/#website","url":"https:\/\/gizigo.id\/es\/","name":"Gizigo SPANISH","description":"Por nutricionistas y dietistas titulados","publisher":{"@id":"https:\/\/gizigo.id\/es\/#organization"},"potentialAction":[{"@type":"SearchAction","target":{"@type":"EntryPoint","urlTemplate":"https:\/\/gizigo.id\/es\/?s={search_term_string}"},"query-input":{"@type":"PropertyValueSpecification","valueRequired":true,"valueName":"search_term_string"}}],"inLanguage":"en-US"},{"@type":"Organization","@id":"https:\/\/gizigo.id\/es\/#organization","name":"Gizigo","url":"https:\/\/gizigo.id\/es\/","logo":{"@type":"ImageObject","inLanguage":"en-US","@id":"https:\/\/gizigo.id\/es\/#\/schema\/logo\/image\/","url":"https:\/\/gizigo.id\/es\/wp-content\/uploads\/sites\/15\/2025\/10\/Logo-Gizigo_warna-512px.png","contentUrl":"https:\/\/gizigo.id\/es\/wp-content\/uploads\/sites\/15\/2025\/10\/Logo-Gizigo_warna-512px.png","width":512,"height":512,"caption":"Gizigo"},"image":{"@id":"https:\/\/gizigo.id\/es\/#\/schema\/logo\/image\/"}}]}},"jetpack_sharing_enabled":true,"_links":{"self":[{"href":"https:\/\/gizigo.id\/es\/wp-json\/wp\/v2\/pages\/36","targetHints":{"allow":["GET"]}}],"collection":[{"href":"https:\/\/gizigo.id\/es\/wp-json\/wp\/v2\/pages"}],"about":[{"href":"https:\/\/gizigo.id\/es\/wp-json\/wp\/v2\/types\/page"}],"author":[{"embeddable":true,"href":"https:\/\/gizigo.id\/es\/wp-json\/wp\/v2\/users\/1"}],"replies":[{"embeddable":true,"href":"https:\/\/gizigo.id\/es\/wp-json\/wp\/v2\/comments?post=36"}],"version-history":[{"count":3,"href":"https:\/\/gizigo.id\/es\/wp-json\/wp\/v2\/pages\/36\/revisions"}],"predecessor-version":[{"id":179,"href":"https:\/\/gizigo.id\/es\/wp-json\/wp\/v2\/pages\/36\/revisions\/179"}],"wp:attachment":[{"href":"https:\/\/gizigo.id\/es\/wp-json\/wp\/v2\/media?parent=36"}],"curies":[{"name":"wp","href":"https:\/\/api.w.org\/{rel}","templated":true}]}}