{"id":38,"date":"2025-10-09T15:00:28","date_gmt":"2025-10-09T15:00:28","guid":{"rendered":"https:\/\/gizigo.id\/es\/?page_id=38"},"modified":"2025-10-15T05:40:27","modified_gmt":"2025-10-15T05:40:27","slug":"proceso-editorial","status":"publish","type":"page","link":"https:\/\/gizigo.id\/es\/proceso-editorial\/","title":{"rendered":"Proceso Editorial"},"content":{"rendered":"<style>.kb-row-layout-id38_07a895-77 > .kt-row-column-wrap{align-content:start;}:where(.kb-row-layout-id38_07a895-77 > .kt-row-column-wrap) > .wp-block-kadence-column{justify-content:start;}.kb-row-layout-id38_07a895-77 > .kt-row-column-wrap{column-gap:var(--global-kb-gap-lg, 4rem);row-gap:var(--global-kb-gap-md, 2rem);max-width:var( --global-content-width, 1290px );padding-left:var(--global-content-edge-padding);padding-right:var(--global-content-edge-padding);padding-top:100px;padding-bottom:200px;grid-template-columns:minmax(0, 1fr);}.kb-row-layout-id38_07a895-77 > .kt-row-layout-overlay{opacity:0.30;}.kb-row-layout-id38_07a895-77 .kt-row-layout-bottom-sep{height:100px;}.kb-row-layout-id38_07a895-77 .kt-row-layout-bottom-sep svg{width:100%;}.kb-row-layout-id38_07a895-77 .kt-row-layout-bottom-sep svg{fill:#ffffff!important;}@media all and (max-width: 1024px){.kb-row-layout-id38_07a895-77 > .kt-row-column-wrap{grid-template-columns:minmax(0, 1fr);}}@media all and (max-width: 1024px){.kb-row-layout-id38_07a895-77 .kt-row-layout-bottom-sep{height:px;}}@media all and (max-width: 1024px){.kb-row-layout-id38_07a895-77 .kt-row-layout-bottom-sep svg{width:%;}}@media all and (max-width: 767px){.kb-row-layout-id38_07a895-77 > .kt-row-column-wrap{grid-template-columns:minmax(0, 1fr);}.kb-row-layout-id38_07a895-77 .kt-row-layout-bottom-sep{height:px;}.kb-row-layout-id38_07a895-77 .kt-row-layout-bottom-sep svg{width:%;}}<\/style><div class=\"kb-row-layout-wrap kb-row-layout-id38_07a895-77 alignnone has-theme-palette8-background-color kt-row-has-bg wp-block-kadence-rowlayout\"><div class=\"kt-row-layout-bottom-sep kt-row-sep-type-ct\"><svg viewBox=\"0 0 1000 100\" preserveAspectRatio=\"none\"><path d=\"M1000,0l-500,98l-500,-98l0,100l1000,0l0,-100Z\" \/><\/svg><\/div><div class=\"kt-row-column-wrap kt-has-1-columns kt-row-layout-equal kt-tab-layout-inherit kt-mobile-layout-row kt-row-valign-top kb-theme-content-width\">\n<style>.kadence-column38_3a6e94-20 > .kt-inside-inner-col,.kadence-column38_3a6e94-20 > .kt-inside-inner-col:before{border-top-left-radius:0px;border-top-right-radius:0px;border-bottom-right-radius:0px;border-bottom-left-radius:0px;}.kadence-column38_3a6e94-20 > .kt-inside-inner-col{column-gap:var(--global-kb-gap-sm, 1rem);}.kadence-column38_3a6e94-20 > .kt-inside-inner-col{flex-direction:column;}.kadence-column38_3a6e94-20 > .kt-inside-inner-col > .aligncenter{width:100%;}.kadence-column38_3a6e94-20 > .kt-inside-inner-col:before{opacity:0.3;}.kadence-column38_3a6e94-20{position:relative;}@media all and (max-width: 1024px){.kadence-column38_3a6e94-20 > .kt-inside-inner-col{flex-direction:column;justify-content:center;}}@media all and (max-width: 767px){.kadence-column38_3a6e94-20 > .kt-inside-inner-col{flex-direction:column;justify-content:center;}}<\/style>\n<div class=\"wp-block-kadence-column kadence-column38_3a6e94-20 inner-column-1\"><div class=\"kt-inside-inner-col\">\n<p class=\"has-text-align-center has-larger-font-size\"><strong>1<\/strong><\/p>\n\n\n\n<h2 class=\"wp-block-heading has-text-align-center\">Evaluaci\u00f3n del Tema<\/h2>\n\n\n\n<div style=\"height:20px\" aria-hidden=\"true\" class=\"wp-block-spacer\"><\/div>\n\n\n\n<p class=\"has-text-align-center\">Cada art\u00edculo publicado en Gizigo comienza su viaje con la investigaci\u00f3n previa de su tema.<\/p>\n\n\n\n<p class=\"has-text-align-center\">Este proceso toma en cuenta varios factores, como la verificaci\u00f3n de tendencias, lo que ofrecen nuestros competidores, la capacidad de nuestros nutricionistas y dietistas para abordar el tema, y as\u00ed sucesivamente.<\/p>\n<\/div><\/div>\n\n<\/div><\/div>\n\n<style>.kb-row-layout-id38_395a27-6b > .kt-row-column-wrap{align-content:start;}:where(.kb-row-layout-id38_395a27-6b > .kt-row-column-wrap) > .wp-block-kadence-column{justify-content:start;}.kb-row-layout-id38_395a27-6b > .kt-row-column-wrap{column-gap:var(--global-kb-gap-lg, 4rem);row-gap:var(--global-kb-gap-md, 2rem);max-width:var( --global-content-width, 1290px );padding-left:var(--global-content-edge-padding);padding-right:var(--global-content-edge-padding);padding-top:100px;padding-bottom:100px;grid-template-columns:minmax(0, 1fr);}.kb-row-layout-id38_395a27-6b > .kt-row-layout-overlay{opacity:0.30;}.kb-row-layout-id38_395a27-6b .kt-row-layout-bottom-sep{height:100px;}.kb-row-layout-id38_395a27-6b .kt-row-layout-bottom-sep svg{width:100%;}.kb-row-layout-id38_395a27-6b .kt-row-layout-bottom-sep svg{fill:#ffffff!important;}@media all and (max-width: 1024px){.kb-row-layout-id38_395a27-6b > .kt-row-column-wrap{grid-template-columns:minmax(0, 1fr);}}@media all and (max-width: 1024px){.kb-row-layout-id38_395a27-6b .kt-row-layout-bottom-sep{height:px;}}@media all and (max-width: 1024px){.kb-row-layout-id38_395a27-6b .kt-row-layout-bottom-sep svg{width:%;}}@media all and (max-width: 767px){.kb-row-layout-id38_395a27-6b > .kt-row-column-wrap{grid-template-columns:minmax(0, 1fr);}.kb-row-layout-id38_395a27-6b .kt-row-layout-bottom-sep{height:px;}.kb-row-layout-id38_395a27-6b .kt-row-layout-bottom-sep svg{width:%;}}<\/style><div class=\"kb-row-layout-wrap kb-row-layout-id38_395a27-6b alignnone has-theme-palette9-background-color kt-row-has-bg wp-block-kadence-rowlayout\"><div class=\"kt-row-layout-bottom-sep kt-row-sep-type-ct\"><svg viewBox=\"0 0 1000 100\" preserveAspectRatio=\"none\"><path d=\"M1000,0l-500,98l-500,-98l0,100l1000,0l0,-100Z\" \/><\/svg><\/div><div class=\"kt-row-column-wrap kt-has-1-columns kt-row-layout-equal kt-tab-layout-inherit kt-mobile-layout-row kt-row-valign-top kb-theme-content-width\">\n<style>.kadence-column38_0c0e23-0b > .kt-inside-inner-col,.kadence-column38_0c0e23-0b > .kt-inside-inner-col:before{border-top-left-radius:0px;border-top-right-radius:0px;border-bottom-right-radius:0px;border-bottom-left-radius:0px;}.kadence-column38_0c0e23-0b > .kt-inside-inner-col{column-gap:var(--global-kb-gap-sm, 1rem);}.kadence-column38_0c0e23-0b > .kt-inside-inner-col{flex-direction:column;}.kadence-column38_0c0e23-0b > .kt-inside-inner-col > .aligncenter{width:100%;}.kadence-column38_0c0e23-0b > .kt-inside-inner-col:before{opacity:0.3;}.kadence-column38_0c0e23-0b{position:relative;}@media all and (max-width: 1024px){.kadence-column38_0c0e23-0b > .kt-inside-inner-col{flex-direction:column;justify-content:center;}}@media all and (max-width: 767px){.kadence-column38_0c0e23-0b > .kt-inside-inner-col{flex-direction:column;justify-content:center;}}<\/style>\n<div class=\"wp-block-kadence-column kadence-column38_0c0e23-0b inner-column-1\"><div class=\"kt-inside-inner-col\">\n<p class=\"has-text-align-center has-larger-font-size\"><strong>2<\/strong><\/p>\n\n\n\n<h2 class=\"wp-block-heading has-text-align-center\">Redacci\u00f3n del Art\u00edculo<\/h2>\n\n\n\n<div style=\"height:20px\" aria-hidden=\"true\" class=\"wp-block-spacer\"><\/div>\n\n\n\n<p class=\"has-text-align-center\">Cuando el tema ha sido decidido, comienza el verdadero trabajo. Nuestros nutricionistas y dietistas registrados inician sus rigurosas labores sobre el tema identificando qu\u00e9 puntos necesitan transmitir a los lectores, leyendo art\u00edculos de investigaci\u00f3n y verificando los hechos de la informaci\u00f3n popular disponible en muchos otros sitios.<\/p>\n\n\n\n<p class=\"has-text-align-center\">Una y otra vez, nuestros colaboradores descubren que la informaci\u00f3n f\u00e1cilmente accesible para la mayor\u00eda de los usuarios de internet es informaci\u00f3n err\u00f3nea. En esos momentos, elegimos proporcionar la informaci\u00f3n m\u00e1s precisa basada en las investigaciones disponibles.<\/p>\n\n\n\n<p class=\"has-text-align-center\">Otras veces, el art\u00edculo puede necesitar el toque real de un cocinero. As\u00ed que el nutricionista o dietista registrado asignado a ese tema se instalar\u00e1 en la cocina y se ocupar\u00e1 de preparar los ingredientes, procesar las comidas y documentar toda la operaci\u00f3n.<\/p>\n<\/div><\/div>\n\n<\/div><\/div>\n\n<style>.kb-row-layout-id38_e42996-89 > .kt-row-column-wrap{align-content:start;}:where(.kb-row-layout-id38_e42996-89 > .kt-row-column-wrap) > .wp-block-kadence-column{justify-content:start;}.kb-row-layout-id38_e42996-89 > .kt-row-column-wrap{column-gap:var(--global-kb-gap-lg, 4rem);row-gap:var(--global-kb-gap-md, 2rem);max-width:var( --global-content-width, 1290px );padding-left:var(--global-content-edge-padding);padding-right:var(--global-content-edge-padding);padding-top:200px;padding-bottom:200px;grid-template-columns:minmax(0, 1fr);}.kb-row-layout-id38_e42996-89{background-color:#f9ebeb;}.kb-row-layout-id38_e42996-89 > .kt-row-layout-overlay{opacity:0.30;}.kb-row-layout-id38_e42996-89 .kt-row-layout-bottom-sep{height:100px;}.kb-row-layout-id38_e42996-89 .kt-row-layout-bottom-sep svg{width:100%;}.kb-row-layout-id38_e42996-89 .kt-row-layout-bottom-sep svg{fill:#ffffff!important;}.kb-row-layout-id38_e42996-89 .kt-row-layout-top-sep{height:100px;}.kb-row-layout-id38_e42996-89 .kt-row-layout-top-sep svg{width:100%;}.kb-row-layout-id38_e42996-89 .kt-row-layout-top-sep svg{fill:#ffffff!important;}@media all and (max-width: 1024px){.kb-row-layout-id38_e42996-89 > .kt-row-column-wrap{grid-template-columns:minmax(0, 1fr);}}@media all and (max-width: 1024px){.kb-row-layout-id38_e42996-89 .kt-row-layout-bottom-sep{height:px;}}@media all and (max-width: 1024px){.kb-row-layout-id38_e42996-89 .kt-row-layout-bottom-sep svg{width:%;}}@media all and (max-width: 767px){.kb-row-layout-id38_e42996-89 > .kt-row-column-wrap{grid-template-columns:minmax(0, 1fr);}.kb-row-layout-id38_e42996-89 .kt-row-layout-bottom-sep{height:px;}.kb-row-layout-id38_e42996-89 .kt-row-layout-bottom-sep svg{width:%;}}<\/style><div class=\"kb-row-layout-wrap kb-row-layout-id38_e42996-89 alignnone kt-row-has-bg wp-block-kadence-rowlayout\"><div class=\"kt-row-layout-top-sep kt-row-sep-type-cti\"><svg viewBox=\"0 0 1000 100\" preserveAspectRatio=\"none\"><path d=\"M500,2l500,98l-1000,0l500,-98Z\" \/><\/svg><\/div><div class=\"kt-row-layout-bottom-sep kt-row-sep-type-ct\"><svg viewBox=\"0 0 1000 100\" preserveAspectRatio=\"none\"><path d=\"M1000,0l-500,98l-500,-98l0,100l1000,0l0,-100Z\" \/><\/svg><\/div><div class=\"kt-row-column-wrap kt-has-1-columns kt-row-layout-equal kt-tab-layout-inherit kt-mobile-layout-row kt-row-valign-top kb-theme-content-width\">\n<style>.kadence-column38_bca5d2-4e > .kt-inside-inner-col,.kadence-column38_bca5d2-4e > .kt-inside-inner-col:before{border-top-left-radius:0px;border-top-right-radius:0px;border-bottom-right-radius:0px;border-bottom-left-radius:0px;}.kadence-column38_bca5d2-4e > .kt-inside-inner-col{column-gap:var(--global-kb-gap-sm, 1rem);}.kadence-column38_bca5d2-4e > .kt-inside-inner-col{flex-direction:column;}.kadence-column38_bca5d2-4e > .kt-inside-inner-col > .aligncenter{width:100%;}.kadence-column38_bca5d2-4e > .kt-inside-inner-col:before{opacity:0.3;}.kadence-column38_bca5d2-4e{position:relative;}@media all and (max-width: 1024px){.kadence-column38_bca5d2-4e > .kt-inside-inner-col{flex-direction:column;justify-content:center;}}@media all and (max-width: 767px){.kadence-column38_bca5d2-4e > .kt-inside-inner-col{flex-direction:column;justify-content:center;}}<\/style>\n<div class=\"wp-block-kadence-column kadence-column38_bca5d2-4e inner-column-1\"><div class=\"kt-inside-inner-col\">\n<p class=\"has-text-align-center has-larger-font-size\"><strong>3<\/strong><\/p>\n\n\n\n<h2 class=\"wp-block-heading has-text-align-center\">Aprobaci\u00f3n del Editor<\/h2>\n\n\n\n<div style=\"height:20px\" aria-hidden=\"true\" class=\"wp-block-spacer\"><\/div>\n\n\n\n<p class=\"has-text-align-center\">Una vez que la redacci\u00f3n est\u00e1 lista, nuestros editores examinan el resultado. Se aseguran de que el borrador preparado por nuestros colaboradores aborde el tema correctamente, responda a lo que los usuarios necesitan a fondo y siga de cerca nuestras directrices de calidad.<\/p>\n\n\n\n<p class=\"has-text-align-center\">Se agregar\u00e1n algunos toques finales para &#8220;suavizar&#8221; los art\u00edculos y hacerlos m\u00e1s legibles para el p\u00fablico en general; al fin y al cabo, la mayor\u00eda de los profesionales en campos especializados tienden a usar demasiadas jergas t\u00e9cnicas.<\/p>\n<\/div><\/div>\n\n<\/div><\/div>\n\n<style>.kb-row-layout-id38_12f6b1-a8 > .kt-row-column-wrap{align-content:start;}:where(.kb-row-layout-id38_12f6b1-a8 > .kt-row-column-wrap) > .wp-block-kadence-column{justify-content:start;}.kb-row-layout-id38_12f6b1-a8 > .kt-row-column-wrap{column-gap:var(--global-kb-gap-lg, 4rem);row-gap:var(--global-kb-gap-md, 2rem);max-width:var( --global-content-width, 1290px );padding-left:var(--global-content-edge-padding);padding-right:var(--global-content-edge-padding);padding-top:100px;padding-bottom:200px;grid-template-columns:minmax(0, 1fr);}.kb-row-layout-id38_12f6b1-a8 > .kt-row-layout-overlay{opacity:0.30;}.kb-row-layout-id38_12f6b1-a8 .kt-row-layout-bottom-sep{height:100px;}.kb-row-layout-id38_12f6b1-a8 .kt-row-layout-bottom-sep svg{width:100%;}.kb-row-layout-id38_12f6b1-a8 .kt-row-layout-bottom-sep svg{fill:#ffffff!important;}@media all and (max-width: 1024px){.kb-row-layout-id38_12f6b1-a8 > .kt-row-column-wrap{grid-template-columns:minmax(0, 1fr);}}@media all and (max-width: 1024px){.kb-row-layout-id38_12f6b1-a8 .kt-row-layout-bottom-sep{height:px;}}@media all and (max-width: 1024px){.kb-row-layout-id38_12f6b1-a8 .kt-row-layout-bottom-sep svg{width:%;}}@media all and (max-width: 767px){.kb-row-layout-id38_12f6b1-a8 > .kt-row-column-wrap{grid-template-columns:minmax(0, 1fr);}.kb-row-layout-id38_12f6b1-a8 .kt-row-layout-bottom-sep{height:px;}.kb-row-layout-id38_12f6b1-a8 .kt-row-layout-bottom-sep svg{width:%;}}<\/style><div class=\"kb-row-layout-wrap kb-row-layout-id38_12f6b1-a8 alignnone has-theme-palette9-background-color kt-row-has-bg wp-block-kadence-rowlayout\"><div class=\"kt-row-layout-bottom-sep kt-row-sep-type-ct\"><svg viewBox=\"0 0 1000 100\" preserveAspectRatio=\"none\"><path d=\"M1000,0l-500,98l-500,-98l0,100l1000,0l0,-100Z\" \/><\/svg><\/div><div class=\"kt-row-column-wrap kt-has-1-columns kt-row-layout-equal kt-tab-layout-inherit kt-mobile-layout-row kt-row-valign-top kb-theme-content-width\">\n<style>.kadence-column38_5e283e-a3 > .kt-inside-inner-col,.kadence-column38_5e283e-a3 > .kt-inside-inner-col:before{border-top-left-radius:0px;border-top-right-radius:0px;border-bottom-right-radius:0px;border-bottom-left-radius:0px;}.kadence-column38_5e283e-a3 > .kt-inside-inner-col{column-gap:var(--global-kb-gap-sm, 1rem);}.kadence-column38_5e283e-a3 > .kt-inside-inner-col{flex-direction:column;}.kadence-column38_5e283e-a3 > .kt-inside-inner-col > .aligncenter{width:100%;}.kadence-column38_5e283e-a3 > .kt-inside-inner-col:before{opacity:0.3;}.kadence-column38_5e283e-a3{position:relative;}@media all and (max-width: 1024px){.kadence-column38_5e283e-a3 > .kt-inside-inner-col{flex-direction:column;justify-content:center;}}@media all and (max-width: 767px){.kadence-column38_5e283e-a3 > .kt-inside-inner-col{flex-direction:column;justify-content:center;}}<\/style>\n<div class=\"wp-block-kadence-column kadence-column38_5e283e-a3 inner-column-1\"><div class=\"kt-inside-inner-col\">\n<p class=\"has-text-align-center has-larger-font-size\"><strong>4<\/strong><\/p>\n\n\n\n<h2 class=\"wp-block-heading has-text-align-center\">Revisi\u00f3n por Asesores Expertos<\/h2>\n\n\n\n<div style=\"height:20px\" aria-hidden=\"true\" class=\"wp-block-spacer\"><\/div>\n\n\n\n<p class=\"has-text-align-center\">Nuestros colaboradores son personas brillantes que han completado sus estudios m\u00e9dicos formales. Pero los asesores expertos de Gizigo tienen una mayor experiencia en Ciencia de la Nutrici\u00f3n. Todos son nutricionistas y dietistas registrados con t\u00edtulos de posgrado o doctorado, as\u00ed como investigaciones y conocimiento magistral sobre nutrici\u00f3n.<\/p>\n\n\n\n<p class=\"has-text-align-center\">Los art\u00edculos en Gizigo ser\u00e1n revisados por uno de nuestros asesores expertos. Si se considera que tienen una calidad insatisfactoria o informaci\u00f3n incorrecta, se proceder\u00e1 a realizar revisiones importantes. Por lo tanto, el proceso comienza de nuevo hasta que est\u00e9n listos para ser publicados.<\/p>\n<\/div><\/div>\n\n<\/div><\/div>","protected":false},"excerpt":{"rendered":"<p>1 Evaluaci\u00f3n del Tema Cada art\u00edculo publicado en Gizigo comienza su viaje con la investigaci\u00f3n previa de su tema. Este proceso toma en cuenta varios factores, como la verificaci\u00f3n de tendencias, lo que ofrecen nuestros competidores, la capacidad de nuestros nutricionistas y dietistas para abordar el tema, y as\u00ed sucesivamente. 2 Redacci\u00f3n del Art\u00edculo Cuando&#8230;<\/p>\n","protected":false},"author":1,"featured_media":0,"parent":0,"menu_order":0,"comment_status":"closed","ping_status":"closed","template":"","meta":{"_kad_post_transparent":"","_kad_post_title":"","_kad_post_layout":"fullwidth","_kad_post_sidebar_id":"","_kad_post_content_style":"unboxed","_kad_post_vertical_padding":"","_kad_post_feature":"","_kad_post_feature_position":"","_kad_post_header":false,"_kad_post_footer":false,"_kad_post_classname":"","footnotes":""},"class_list":["post-38","page","type-page","status-publish","hentry"],"yoast_head":"<!-- This site is optimized with the Yoast SEO plugin v27.3 - https:\/\/yoast.com\/product\/yoast-seo-wordpress\/ -->\n<title>[ES] [EDITORIAL PROCESS] Proceso Editorial | Gizigo SPANISH<\/title>\n<meta name=\"robots\" content=\"index, follow, max-snippet:-1, max-image-preview:large, max-video-preview:-1\" \/>\n<link rel=\"canonical\" href=\"https:\/\/gizigo.id\/es\/proceso-editorial\/\" \/>\n<meta property=\"og:locale\" content=\"en_US\" \/>\n<meta property=\"og:type\" content=\"article\" \/>\n<meta property=\"og:title\" content=\"[ES] [EDITORIAL PROCESS] Proceso Editorial | Gizigo SPANISH\" \/>\n<meta property=\"og:description\" content=\"1 Evaluaci\u00f3n del Tema Cada art\u00edculo publicado en Gizigo comienza su viaje con la investigaci\u00f3n previa de su tema. Este proceso toma en cuenta varios factores, como la verificaci\u00f3n de tendencias, lo que ofrecen nuestros competidores, la capacidad de nuestros nutricionistas y dietistas para abordar el tema, y as\u00ed sucesivamente. 2 Redacci\u00f3n del Art\u00edculo Cuando...\" \/>\n<meta property=\"og:url\" content=\"https:\/\/gizigo.id\/es\/proceso-editorial\/\" \/>\n<meta property=\"og:site_name\" content=\"Gizigo SPANISH\" \/>\n<meta property=\"article:modified_time\" content=\"2025-10-15T05:40:27+00:00\" \/>\n<meta name=\"twitter:card\" content=\"summary_large_image\" \/>\n<meta name=\"twitter:label1\" content=\"Est. reading time\" \/>\n\t<meta name=\"twitter:data1\" content=\"2 minutes\" \/>\n<script type=\"application\/ld+json\" class=\"yoast-schema-graph\">{\"@context\":\"https:\\\/\\\/schema.org\",\"@graph\":[{\"@type\":\"WebPage\",\"@id\":\"https:\\\/\\\/gizigo.id\\\/es\\\/proceso-editorial\\\/\",\"url\":\"https:\\\/\\\/gizigo.id\\\/es\\\/proceso-editorial\\\/\",\"name\":\"[ES] [EDITORIAL PROCESS] Proceso Editorial | Gizigo SPANISH\",\"isPartOf\":{\"@id\":\"https:\\\/\\\/gizigo.id\\\/es\\\/#website\"},\"datePublished\":\"2025-10-09T15:00:28+00:00\",\"dateModified\":\"2025-10-15T05:40:27+00:00\",\"breadcrumb\":{\"@id\":\"https:\\\/\\\/gizigo.id\\\/es\\\/proceso-editorial\\\/#breadcrumb\"},\"inLanguage\":\"en-US\",\"potentialAction\":[{\"@type\":\"ReadAction\",\"target\":[\"https:\\\/\\\/gizigo.id\\\/es\\\/proceso-editorial\\\/\"]}]},{\"@type\":\"BreadcrumbList\",\"@id\":\"https:\\\/\\\/gizigo.id\\\/es\\\/proceso-editorial\\\/#breadcrumb\",\"itemListElement\":[{\"@type\":\"ListItem\",\"position\":1,\"name\":\"Home\",\"item\":\"https:\\\/\\\/gizigo.id\\\/es\\\/\"},{\"@type\":\"ListItem\",\"position\":2,\"name\":\"[ES] [EDITORIAL PROCESS] Proceso Editorial\"}]},{\"@type\":\"WebSite\",\"@id\":\"https:\\\/\\\/gizigo.id\\\/es\\\/#website\",\"url\":\"https:\\\/\\\/gizigo.id\\\/es\\\/\",\"name\":\"Gizigo SPANISH\",\"description\":\"Por nutricionistas y dietistas titulados\",\"publisher\":{\"@id\":\"https:\\\/\\\/gizigo.id\\\/es\\\/#organization\"},\"potentialAction\":[{\"@type\":\"SearchAction\",\"target\":{\"@type\":\"EntryPoint\",\"urlTemplate\":\"https:\\\/\\\/gizigo.id\\\/es\\\/?s={search_term_string}\"},\"query-input\":{\"@type\":\"PropertyValueSpecification\",\"valueRequired\":true,\"valueName\":\"search_term_string\"}}],\"inLanguage\":\"en-US\"},{\"@type\":\"Organization\",\"@id\":\"https:\\\/\\\/gizigo.id\\\/es\\\/#organization\",\"name\":\"Gizigo\",\"url\":\"https:\\\/\\\/gizigo.id\\\/es\\\/\",\"logo\":{\"@type\":\"ImageObject\",\"inLanguage\":\"en-US\",\"@id\":\"https:\\\/\\\/gizigo.id\\\/es\\\/#\\\/schema\\\/logo\\\/image\\\/\",\"url\":\"https:\\\/\\\/gizigo.id\\\/es\\\/wp-content\\\/uploads\\\/sites\\\/15\\\/2025\\\/10\\\/Logo-Gizigo_warna-512px.png\",\"contentUrl\":\"https:\\\/\\\/gizigo.id\\\/es\\\/wp-content\\\/uploads\\\/sites\\\/15\\\/2025\\\/10\\\/Logo-Gizigo_warna-512px.png\",\"width\":512,\"height\":512,\"caption\":\"Gizigo\"},\"image\":{\"@id\":\"https:\\\/\\\/gizigo.id\\\/es\\\/#\\\/schema\\\/logo\\\/image\\\/\"}}]}<\/script>\n<!-- \/ Yoast SEO plugin. -->","yoast_head_json":{"title":"[ES] [EDITORIAL PROCESS] Proceso Editorial | Gizigo SPANISH","robots":{"index":"index","follow":"follow","max-snippet":"max-snippet:-1","max-image-preview":"max-image-preview:large","max-video-preview":"max-video-preview:-1"},"canonical":"https:\/\/gizigo.id\/es\/proceso-editorial\/","og_locale":"en_US","og_type":"article","og_title":"[ES] [EDITORIAL PROCESS] Proceso Editorial | Gizigo SPANISH","og_description":"1 Evaluaci\u00f3n del Tema Cada art\u00edculo publicado en Gizigo comienza su viaje con la investigaci\u00f3n previa de su tema. Este proceso toma en cuenta varios factores, como la verificaci\u00f3n de tendencias, lo que ofrecen nuestros competidores, la capacidad de nuestros nutricionistas y dietistas para abordar el tema, y as\u00ed sucesivamente. 2 Redacci\u00f3n del Art\u00edculo Cuando...","og_url":"https:\/\/gizigo.id\/es\/proceso-editorial\/","og_site_name":"Gizigo SPANISH","article_modified_time":"2025-10-15T05:40:27+00:00","twitter_card":"summary_large_image","twitter_misc":{"Est. reading time":"2 minutes"},"schema":{"@context":"https:\/\/schema.org","@graph":[{"@type":"WebPage","@id":"https:\/\/gizigo.id\/es\/proceso-editorial\/","url":"https:\/\/gizigo.id\/es\/proceso-editorial\/","name":"[ES] [EDITORIAL PROCESS] Proceso Editorial | Gizigo SPANISH","isPartOf":{"@id":"https:\/\/gizigo.id\/es\/#website"},"datePublished":"2025-10-09T15:00:28+00:00","dateModified":"2025-10-15T05:40:27+00:00","breadcrumb":{"@id":"https:\/\/gizigo.id\/es\/proceso-editorial\/#breadcrumb"},"inLanguage":"en-US","potentialAction":[{"@type":"ReadAction","target":["https:\/\/gizigo.id\/es\/proceso-editorial\/"]}]},{"@type":"BreadcrumbList","@id":"https:\/\/gizigo.id\/es\/proceso-editorial\/#breadcrumb","itemListElement":[{"@type":"ListItem","position":1,"name":"Home","item":"https:\/\/gizigo.id\/es\/"},{"@type":"ListItem","position":2,"name":"[ES] [EDITORIAL PROCESS] Proceso Editorial"}]},{"@type":"WebSite","@id":"https:\/\/gizigo.id\/es\/#website","url":"https:\/\/gizigo.id\/es\/","name":"Gizigo SPANISH","description":"Por nutricionistas y dietistas titulados","publisher":{"@id":"https:\/\/gizigo.id\/es\/#organization"},"potentialAction":[{"@type":"SearchAction","target":{"@type":"EntryPoint","urlTemplate":"https:\/\/gizigo.id\/es\/?s={search_term_string}"},"query-input":{"@type":"PropertyValueSpecification","valueRequired":true,"valueName":"search_term_string"}}],"inLanguage":"en-US"},{"@type":"Organization","@id":"https:\/\/gizigo.id\/es\/#organization","name":"Gizigo","url":"https:\/\/gizigo.id\/es\/","logo":{"@type":"ImageObject","inLanguage":"en-US","@id":"https:\/\/gizigo.id\/es\/#\/schema\/logo\/image\/","url":"https:\/\/gizigo.id\/es\/wp-content\/uploads\/sites\/15\/2025\/10\/Logo-Gizigo_warna-512px.png","contentUrl":"https:\/\/gizigo.id\/es\/wp-content\/uploads\/sites\/15\/2025\/10\/Logo-Gizigo_warna-512px.png","width":512,"height":512,"caption":"Gizigo"},"image":{"@id":"https:\/\/gizigo.id\/es\/#\/schema\/logo\/image\/"}}]}},"jetpack_sharing_enabled":true,"_links":{"self":[{"href":"https:\/\/gizigo.id\/es\/wp-json\/wp\/v2\/pages\/38","targetHints":{"allow":["GET"]}}],"collection":[{"href":"https:\/\/gizigo.id\/es\/wp-json\/wp\/v2\/pages"}],"about":[{"href":"https:\/\/gizigo.id\/es\/wp-json\/wp\/v2\/types\/page"}],"author":[{"embeddable":true,"href":"https:\/\/gizigo.id\/es\/wp-json\/wp\/v2\/users\/1"}],"replies":[{"embeddable":true,"href":"https:\/\/gizigo.id\/es\/wp-json\/wp\/v2\/comments?post=38"}],"version-history":[{"count":2,"href":"https:\/\/gizigo.id\/es\/wp-json\/wp\/v2\/pages\/38\/revisions"}],"predecessor-version":[{"id":180,"href":"https:\/\/gizigo.id\/es\/wp-json\/wp\/v2\/pages\/38\/revisions\/180"}],"wp:attachment":[{"href":"https:\/\/gizigo.id\/es\/wp-json\/wp\/v2\/media?parent=38"}],"curies":[{"name":"wp","href":"https:\/\/api.w.org\/{rel}","templated":true}]}}