{"id":40,"date":"2025-10-09T15:06:18","date_gmt":"2025-10-09T15:06:18","guid":{"rendered":"https:\/\/gizigo.id\/es\/?page_id=40"},"modified":"2025-10-15T05:40:34","modified_gmt":"2025-10-15T05:40:34","slug":"politica-privacidad","status":"publish","type":"page","link":"https:\/\/gizigo.id\/es\/politica-privacidad\/","title":{"rendered":"Pol\u00edtica de Privacidad"},"content":{"rendered":"<style>.kb-row-layout-id40_96fd05-ab > .kt-row-column-wrap{align-content:start;}:where(.kb-row-layout-id40_96fd05-ab > .kt-row-column-wrap) > .wp-block-kadence-column{justify-content:start;}.kb-row-layout-id40_96fd05-ab > .kt-row-column-wrap{column-gap:var(--global-kb-gap-lg, 4rem);row-gap:var(--global-kb-gap-md, 2rem);max-width:var( --global-content-width, 1290px );padding-left:var(--global-content-edge-padding);padding-right:var(--global-content-edge-padding);padding-top:100px;padding-bottom:100px;grid-template-columns:minmax(0, 1fr);}.kb-row-layout-id40_96fd05-ab > .kt-row-layout-overlay{opacity:0.30;}@media all and (max-width: 1024px){.kb-row-layout-id40_96fd05-ab > .kt-row-column-wrap{grid-template-columns:minmax(0, 1fr);}}@media all and (max-width: 767px){.kb-row-layout-id40_96fd05-ab > .kt-row-column-wrap{grid-template-columns:minmax(0, 1fr);}}<\/style><div class=\"kb-row-layout-wrap kb-row-layout-id40_96fd05-ab alignnone has-theme-palette8-background-color kt-row-has-bg wp-block-kadence-rowlayout\"><div class=\"kt-row-column-wrap kt-has-1-columns kt-row-layout-equal kt-tab-layout-inherit kt-mobile-layout-row kt-row-valign-top kb-theme-content-width\">\n<style>.kadence-column40_d7fb0d-95 > .kt-inside-inner-col,.kadence-column40_d7fb0d-95 > .kt-inside-inner-col:before{border-top-left-radius:0px;border-top-right-radius:0px;border-bottom-right-radius:0px;border-bottom-left-radius:0px;}.kadence-column40_d7fb0d-95 > .kt-inside-inner-col{column-gap:var(--global-kb-gap-sm, 1rem);}.kadence-column40_d7fb0d-95 > .kt-inside-inner-col{flex-direction:column;}.kadence-column40_d7fb0d-95 > .kt-inside-inner-col > .aligncenter{width:100%;}.kadence-column40_d7fb0d-95 > .kt-inside-inner-col:before{opacity:0.3;}.kadence-column40_d7fb0d-95{position:relative;}@media all and (max-width: 1024px){.kadence-column40_d7fb0d-95 > .kt-inside-inner-col{flex-direction:column;justify-content:center;}}@media all and (max-width: 767px){.kadence-column40_d7fb0d-95 > .kt-inside-inner-col{flex-direction:column;justify-content:center;}}<\/style>\n<div class=\"wp-block-kadence-column kadence-column40_d7fb0d-95 inner-column-1\"><div class=\"kt-inside-inner-col\">\n<p class=\"has-text-align-center\">Pol\u00edtica de privacidad para <strong><a href=\"https:\/\/gizigo.id\/es\/\">https:\/\/gizigo.id\/es\/<\/a><\/strong><\/p>\n\n\n\n<div style=\"height:20px\" aria-hidden=\"true\" class=\"wp-block-spacer\"><\/div>\n\n\n\n<p>Gizigo.id opera el sitio web https:\/\/gizigo.id\/es\/, que proporciona el SERVICIO.<\/p>\n\n\n\n<p>Esta p\u00e1gina se utiliza para informar a los visitantes del sitio web sobre nuestras pol\u00edticas con respecto a la recopilaci\u00f3n, el uso y la divulgaci\u00f3n de Informaci\u00f3n Personal si alguien decide utilizar nuestro Servicio, el sitio web Gizigo.id.<\/p>\n\n\n\n<p>Si elige utilizar nuestro Servicio, usted acepta la recopilaci\u00f3n y el uso de informaci\u00f3n en relaci\u00f3n con esta pol\u00edtica. La Informaci\u00f3n Personal que recopilamos se utiliza para proporcionar y mejorar el Servicio. No utilizaremos ni compartiremos su informaci\u00f3n con nadie, excepto seg\u00fan se describa en esta Pol\u00edtica de Privacidad. Nuestra Pol\u00edtica de Privacidad fue creada con la ayuda del&nbsp;<a href=\"https:\/\/www.privacypolicytemplate.net\/\">Privacy Policy Template Generator<\/a>.<\/p>\n\n\n\n<p>Los t\u00e9rminos utilizados en esta Pol\u00edtica de Privacidad tienen los mismos significados que en nuestros T\u00e9rminos y Condiciones, que es accesible en https:\/\/gizigo.id\/en\/, a menos que se definan de otra manera en esta Pol\u00edtica de Privacidad.<\/p>\n\n\n\n<h2 class=\"wp-block-heading\">Recopilaci\u00f3n y Uso de Informaci\u00f3nInformation Collection and Use<\/h2>\n\n\n\n<p>Para una mejor experiencia al utilizar nuestro Servicio, podemos requerir que nos proporcione cierta informaci\u00f3n de identificaci\u00f3n personal, incluyendo, pero no limitado a, su nombre, n\u00famero de tel\u00e9fono y direcci\u00f3n postal. La informaci\u00f3n que recopilamos se utilizar\u00e1 para contactarle o identificarle.<\/p>\n\n\n\n<h2 class=\"wp-block-heading\">Datos de Registro (Log Data)<\/h2>\n\n\n\n<p>Queremos informarle que cada vez que visita nuestro Servicio, recopilamos informaci\u00f3n que su navegador nos env\u00eda, la cual se denomina Datos de Registro. Estos Datos de Registro pueden incluir informaci\u00f3n como la direcci\u00f3n de Protocolo de Internet (&#8220;IP&#8221;) de su computadora, la versi\u00f3n del navegador, las p\u00e1ginas de nuestro Servicio que visita, la hora y fecha de su visita, el tiempo que pas\u00f3 en esas p\u00e1ginas y otras estad\u00edsticas.<\/p>\n\n\n\n<h2 class=\"wp-block-heading\">Cookies<\/h2>\n\n\n\n<p>Las Cookies son archivos con una peque\u00f1a cantidad de datos que se utilizan com\u00fanmente como un identificador \u00fanico an\u00f3nimo. Estos se env\u00edan a su navegador desde el sitio web que visita y se almacenan en el disco duro de su computadora.<\/p>\n\n\n\n<p>Nuestro sitio web utiliza estas &#8220;cookies&#8221; para recopilar informaci\u00f3n y mejorar nuestro Servicio. Usted tiene la opci\u00f3n de aceptar o rechazar estas cookies, y saber cu\u00e1ndo se env\u00eda una cookie a su computadora. Si elige rechazar nuestras cookies, es posible que no pueda usar algunas partes de nuestro Servicio.<\/p>\n\n\n\n<h2 class=\"wp-block-heading\">Proveedores de ServiciosService Providers<\/h2>\n\n\n\n<p>Podemos emplear empresas y personas de terceros debido a las siguientes razones:<\/p>\n\n\n\n<ul class=\"wp-block-list\">\n<li>Para facilitar nuestro Servicio;<\/li>\n\n\n\n<li>Para proporcionar el Servicio en nuestro nombre;<\/li>\n\n\n\n<li>Para realizar servicios relacionados con el Servicio; o<\/li>\n\n\n\n<li>Para ayudarnos a analizar c\u00f3mo se utiliza nuestro Servicio.<\/li>\n<\/ul>\n\n\n\n<p>Queremos informar a los usuarios de nuestro Servicio que estos terceros tienen acceso a su Informaci\u00f3n Personal. La raz\u00f3n es para realizar las tareas asignadas a ellos en nuestro nombre. Sin embargo, est\u00e1n obligados a no divulgar ni utilizar la informaci\u00f3n para ning\u00fan otro prop\u00f3sito.<\/p>\n\n\n\n<h2 class=\"wp-block-heading\">Seguridad<\/h2>\n\n\n\n<p>Valoramos su confianza al proporcionarnos su Informaci\u00f3n Personal, por lo que nos esforzamos por utilizar medios comercialmente aceptables para protegerla. Pero recuerde que ning\u00fan m\u00e9todo de transmisi\u00f3n por Internet, o m\u00e9todo de almacenamiento electr\u00f3nico es 100% seguro y confiable, y no podemos garantizar su seguridad absoluta.<\/p>\n\n\n\n<h2 class=\"wp-block-heading\">Enlaces a Otros Sitios<\/h2>\n\n\n\n<p>Nuestro Servicio puede contener enlaces a otros sitios. Si hace clic en un enlace de terceros, ser\u00e1 dirigido a ese sitio. Tenga en cuenta que estos sitios externos no son operados por nosotros. Por lo tanto, le recomendamos encarecidamente que revise la Pol\u00edtica de Privacidad de estos sitios web. No tenemos ning\u00fan control sobre, y no asumimos ninguna responsabilidad por el contenido, las pol\u00edticas de privacidad o las pr\u00e1cticas de sitios o servicios de terceros.<\/p>\n\n\n\n<h2 class=\"wp-block-heading\">Privacidad de los Ni\u00f1os<\/h2>\n\n\n\n<p>Nuestros Servicios no se dirigen a menores de 18 a\u00f1os. No recopilamos a sabiendas informaci\u00f3n de identificaci\u00f3n personal de ni\u00f1os menores de 18 a\u00f1os. En caso de que descubramos que un ni\u00f1o menor de 18 a\u00f1os nos ha proporcionado informaci\u00f3n personal, eliminamos inmediatamente esta de nuestros servidores. Si usted es un padre o tutor y est\u00e1 al tanto de que su hijo nos ha proporcionado informaci\u00f3n personal, por favor cont\u00e1ctenos para que podamos tomar las medidas necesarias.<\/p>\n\n\n\n<h2 class=\"wp-block-heading\">Cambios a Esta Pol\u00edtica de Privacidad<\/h2>\n\n\n\n<p>Podemos actualizar nuestra Pol\u00edtica de Privacidad de vez en cuando. Por lo tanto, le aconsejamos que revise esta p\u00e1gina peri\u00f3dicamente para cualquier cambio. Le notificaremos cualquier cambio publicando la nueva Pol\u00edtica de Privacidad en esta p\u00e1gina. Estos cambios son efectivos inmediatamente despu\u00e9s de que se publican en esta p\u00e1gina.<\/p>\n\n\n\n<h2 class=\"wp-block-heading\">Cont\u00e1ctenos<\/h2>\n\n\n\n<p>Si tiene alguna pregunta o sugerencia sobre nuestra Pol\u00edtica de Privacidad, no dude en contactarnos.<\/p>\n<\/div><\/div>\n\n\n<style>.kadence-column40_c255fb-ed > .kt-inside-inner-col,.kadence-column40_c255fb-ed > .kt-inside-inner-col:before{border-top-left-radius:0px;border-top-right-radius:0px;border-bottom-right-radius:0px;border-bottom-left-radius:0px;}.kadence-column40_c255fb-ed > .kt-inside-inner-col{column-gap:var(--global-kb-gap-sm, 1rem);}.kadence-column40_c255fb-ed > .kt-inside-inner-col{flex-direction:column;}.kadence-column40_c255fb-ed > .kt-inside-inner-col > .aligncenter{width:100%;}.kadence-column40_c255fb-ed > .kt-inside-inner-col:before{opacity:0.3;}.kadence-column40_c255fb-ed{position:relative;}@media all and (max-width: 1024px){.kadence-column40_c255fb-ed > .kt-inside-inner-col{flex-direction:column;justify-content:center;}}@media all and (max-width: 767px){.kadence-column40_c255fb-ed > .kt-inside-inner-col{flex-direction:column;justify-content:center;}}<\/style>\n<div class=\"wp-block-kadence-column kadence-column40_c255fb-ed\"><div class=\"kt-inside-inner-col\"><\/div><\/div>\n\n<\/div><\/div>","protected":false},"excerpt":{"rendered":"<p>Pol\u00edtica de privacidad para https:\/\/gizigo.id\/es\/ Gizigo.id opera el sitio web https:\/\/gizigo.id\/es\/, que proporciona el SERVICIO. Esta p\u00e1gina se utiliza para informar a los visitantes del sitio web sobre nuestras pol\u00edticas con respecto a la recopilaci\u00f3n, el uso y la divulgaci\u00f3n de Informaci\u00f3n Personal si alguien decide utilizar nuestro Servicio, el sitio web Gizigo.id. Si elige&#8230;<\/p>\n","protected":false},"author":1,"featured_media":0,"parent":0,"menu_order":0,"comment_status":"closed","ping_status":"closed","template":"","meta":{"_kad_post_transparent":"","_kad_post_title":"","_kad_post_layout":"fullwidth","_kad_post_sidebar_id":"","_kad_post_content_style":"unboxed","_kad_post_vertical_padding":"","_kad_post_feature":"","_kad_post_feature_position":"","_kad_post_header":false,"_kad_post_footer":false,"_kad_post_classname":"","footnotes":""},"class_list":["post-40","page","type-page","status-publish","hentry"],"yoast_head":"<!-- This site is optimized with the Yoast SEO plugin v27.3 - https:\/\/yoast.com\/product\/yoast-seo-wordpress\/ -->\n<title>[ES] [PRIVACY POLICY] Pol\u00edtica de Privacidad | Gizigo SPANISH<\/title>\n<meta name=\"robots\" content=\"index, follow, max-snippet:-1, max-image-preview:large, max-video-preview:-1\" \/>\n<link rel=\"canonical\" href=\"https:\/\/gizigo.id\/es\/politica-privacidad\/\" \/>\n<meta property=\"og:locale\" content=\"en_US\" \/>\n<meta property=\"og:type\" content=\"article\" \/>\n<meta property=\"og:title\" content=\"[ES] [PRIVACY POLICY] Pol\u00edtica de Privacidad | Gizigo SPANISH\" \/>\n<meta property=\"og:description\" content=\"Pol\u00edtica de privacidad para https:\/\/gizigo.id\/es\/ Gizigo.id opera el sitio web https:\/\/gizigo.id\/es\/, que proporciona el SERVICIO. Esta p\u00e1gina se utiliza para informar a los visitantes del sitio web sobre nuestras pol\u00edticas con respecto a la recopilaci\u00f3n, el uso y la divulgaci\u00f3n de Informaci\u00f3n Personal si alguien decide utilizar nuestro Servicio, el sitio web Gizigo.id. Si elige...\" \/>\n<meta property=\"og:url\" content=\"https:\/\/gizigo.id\/es\/politica-privacidad\/\" \/>\n<meta property=\"og:site_name\" content=\"Gizigo SPANISH\" \/>\n<meta property=\"article:modified_time\" content=\"2025-10-15T05:40:34+00:00\" \/>\n<meta name=\"twitter:card\" content=\"summary_large_image\" \/>\n<meta name=\"twitter:label1\" content=\"Est. reading time\" \/>\n\t<meta name=\"twitter:data1\" content=\"4 minutes\" \/>\n<script type=\"application\/ld+json\" class=\"yoast-schema-graph\">{\"@context\":\"https:\\\/\\\/schema.org\",\"@graph\":[{\"@type\":\"WebPage\",\"@id\":\"https:\\\/\\\/gizigo.id\\\/es\\\/politica-privacidad\\\/\",\"url\":\"https:\\\/\\\/gizigo.id\\\/es\\\/politica-privacidad\\\/\",\"name\":\"[ES] [PRIVACY POLICY] Pol\u00edtica de Privacidad | Gizigo SPANISH\",\"isPartOf\":{\"@id\":\"https:\\\/\\\/gizigo.id\\\/es\\\/#website\"},\"datePublished\":\"2025-10-09T15:06:18+00:00\",\"dateModified\":\"2025-10-15T05:40:34+00:00\",\"breadcrumb\":{\"@id\":\"https:\\\/\\\/gizigo.id\\\/es\\\/politica-privacidad\\\/#breadcrumb\"},\"inLanguage\":\"en-US\",\"potentialAction\":[{\"@type\":\"ReadAction\",\"target\":[\"https:\\\/\\\/gizigo.id\\\/es\\\/politica-privacidad\\\/\"]}]},{\"@type\":\"BreadcrumbList\",\"@id\":\"https:\\\/\\\/gizigo.id\\\/es\\\/politica-privacidad\\\/#breadcrumb\",\"itemListElement\":[{\"@type\":\"ListItem\",\"position\":1,\"name\":\"Home\",\"item\":\"https:\\\/\\\/gizigo.id\\\/es\\\/\"},{\"@type\":\"ListItem\",\"position\":2,\"name\":\"[ES] [PRIVACY POLICY] Pol\u00edtica de Privacidad\"}]},{\"@type\":\"WebSite\",\"@id\":\"https:\\\/\\\/gizigo.id\\\/es\\\/#website\",\"url\":\"https:\\\/\\\/gizigo.id\\\/es\\\/\",\"name\":\"Gizigo SPANISH\",\"description\":\"Por nutricionistas y dietistas titulados\",\"publisher\":{\"@id\":\"https:\\\/\\\/gizigo.id\\\/es\\\/#organization\"},\"potentialAction\":[{\"@type\":\"SearchAction\",\"target\":{\"@type\":\"EntryPoint\",\"urlTemplate\":\"https:\\\/\\\/gizigo.id\\\/es\\\/?s={search_term_string}\"},\"query-input\":{\"@type\":\"PropertyValueSpecification\",\"valueRequired\":true,\"valueName\":\"search_term_string\"}}],\"inLanguage\":\"en-US\"},{\"@type\":\"Organization\",\"@id\":\"https:\\\/\\\/gizigo.id\\\/es\\\/#organization\",\"name\":\"Gizigo\",\"url\":\"https:\\\/\\\/gizigo.id\\\/es\\\/\",\"logo\":{\"@type\":\"ImageObject\",\"inLanguage\":\"en-US\",\"@id\":\"https:\\\/\\\/gizigo.id\\\/es\\\/#\\\/schema\\\/logo\\\/image\\\/\",\"url\":\"https:\\\/\\\/gizigo.id\\\/es\\\/wp-content\\\/uploads\\\/sites\\\/15\\\/2025\\\/10\\\/Logo-Gizigo_warna-512px.png\",\"contentUrl\":\"https:\\\/\\\/gizigo.id\\\/es\\\/wp-content\\\/uploads\\\/sites\\\/15\\\/2025\\\/10\\\/Logo-Gizigo_warna-512px.png\",\"width\":512,\"height\":512,\"caption\":\"Gizigo\"},\"image\":{\"@id\":\"https:\\\/\\\/gizigo.id\\\/es\\\/#\\\/schema\\\/logo\\\/image\\\/\"}}]}<\/script>\n<!-- \/ Yoast SEO plugin. -->","yoast_head_json":{"title":"[ES] [PRIVACY POLICY] Pol\u00edtica de Privacidad | Gizigo SPANISH","robots":{"index":"index","follow":"follow","max-snippet":"max-snippet:-1","max-image-preview":"max-image-preview:large","max-video-preview":"max-video-preview:-1"},"canonical":"https:\/\/gizigo.id\/es\/politica-privacidad\/","og_locale":"en_US","og_type":"article","og_title":"[ES] [PRIVACY POLICY] Pol\u00edtica de Privacidad | Gizigo SPANISH","og_description":"Pol\u00edtica de privacidad para https:\/\/gizigo.id\/es\/ Gizigo.id opera el sitio web https:\/\/gizigo.id\/es\/, que proporciona el SERVICIO. Esta p\u00e1gina se utiliza para informar a los visitantes del sitio web sobre nuestras pol\u00edticas con respecto a la recopilaci\u00f3n, el uso y la divulgaci\u00f3n de Informaci\u00f3n Personal si alguien decide utilizar nuestro Servicio, el sitio web Gizigo.id. Si elige...","og_url":"https:\/\/gizigo.id\/es\/politica-privacidad\/","og_site_name":"Gizigo SPANISH","article_modified_time":"2025-10-15T05:40:34+00:00","twitter_card":"summary_large_image","twitter_misc":{"Est. reading time":"4 minutes"},"schema":{"@context":"https:\/\/schema.org","@graph":[{"@type":"WebPage","@id":"https:\/\/gizigo.id\/es\/politica-privacidad\/","url":"https:\/\/gizigo.id\/es\/politica-privacidad\/","name":"[ES] [PRIVACY POLICY] Pol\u00edtica de Privacidad | Gizigo SPANISH","isPartOf":{"@id":"https:\/\/gizigo.id\/es\/#website"},"datePublished":"2025-10-09T15:06:18+00:00","dateModified":"2025-10-15T05:40:34+00:00","breadcrumb":{"@id":"https:\/\/gizigo.id\/es\/politica-privacidad\/#breadcrumb"},"inLanguage":"en-US","potentialAction":[{"@type":"ReadAction","target":["https:\/\/gizigo.id\/es\/politica-privacidad\/"]}]},{"@type":"BreadcrumbList","@id":"https:\/\/gizigo.id\/es\/politica-privacidad\/#breadcrumb","itemListElement":[{"@type":"ListItem","position":1,"name":"Home","item":"https:\/\/gizigo.id\/es\/"},{"@type":"ListItem","position":2,"name":"[ES] [PRIVACY POLICY] Pol\u00edtica de Privacidad"}]},{"@type":"WebSite","@id":"https:\/\/gizigo.id\/es\/#website","url":"https:\/\/gizigo.id\/es\/","name":"Gizigo SPANISH","description":"Por nutricionistas y dietistas titulados","publisher":{"@id":"https:\/\/gizigo.id\/es\/#organization"},"potentialAction":[{"@type":"SearchAction","target":{"@type":"EntryPoint","urlTemplate":"https:\/\/gizigo.id\/es\/?s={search_term_string}"},"query-input":{"@type":"PropertyValueSpecification","valueRequired":true,"valueName":"search_term_string"}}],"inLanguage":"en-US"},{"@type":"Organization","@id":"https:\/\/gizigo.id\/es\/#organization","name":"Gizigo","url":"https:\/\/gizigo.id\/es\/","logo":{"@type":"ImageObject","inLanguage":"en-US","@id":"https:\/\/gizigo.id\/es\/#\/schema\/logo\/image\/","url":"https:\/\/gizigo.id\/es\/wp-content\/uploads\/sites\/15\/2025\/10\/Logo-Gizigo_warna-512px.png","contentUrl":"https:\/\/gizigo.id\/es\/wp-content\/uploads\/sites\/15\/2025\/10\/Logo-Gizigo_warna-512px.png","width":512,"height":512,"caption":"Gizigo"},"image":{"@id":"https:\/\/gizigo.id\/es\/#\/schema\/logo\/image\/"}}]}},"jetpack_sharing_enabled":true,"_links":{"self":[{"href":"https:\/\/gizigo.id\/es\/wp-json\/wp\/v2\/pages\/40","targetHints":{"allow":["GET"]}}],"collection":[{"href":"https:\/\/gizigo.id\/es\/wp-json\/wp\/v2\/pages"}],"about":[{"href":"https:\/\/gizigo.id\/es\/wp-json\/wp\/v2\/types\/page"}],"author":[{"embeddable":true,"href":"https:\/\/gizigo.id\/es\/wp-json\/wp\/v2\/users\/1"}],"replies":[{"embeddable":true,"href":"https:\/\/gizigo.id\/es\/wp-json\/wp\/v2\/comments?post=40"}],"version-history":[{"count":2,"href":"https:\/\/gizigo.id\/es\/wp-json\/wp\/v2\/pages\/40\/revisions"}],"predecessor-version":[{"id":181,"href":"https:\/\/gizigo.id\/es\/wp-json\/wp\/v2\/pages\/40\/revisions\/181"}],"wp:attachment":[{"href":"https:\/\/gizigo.id\/es\/wp-json\/wp\/v2\/media?parent=40"}],"curies":[{"name":"wp","href":"https:\/\/api.w.org\/{rel}","templated":true}]}}