{"id":42,"date":"2025-10-09T15:20:13","date_gmt":"2025-10-09T15:20:13","guid":{"rendered":"https:\/\/gizigo.id\/es\/?page_id=42"},"modified":"2025-10-15T05:41:10","modified_gmt":"2025-10-15T05:41:10","slug":"terminos-uso","status":"publish","type":"page","link":"https:\/\/gizigo.id\/es\/terminos-uso\/","title":{"rendered":"T\u00e9rminos de Uso"},"content":{"rendered":"<style>.kb-row-layout-id42_5d5554-a1 > .kt-row-column-wrap{align-content:start;}:where(.kb-row-layout-id42_5d5554-a1 > .kt-row-column-wrap) > .wp-block-kadence-column{justify-content:start;}.kb-row-layout-id42_5d5554-a1 > .kt-row-column-wrap{column-gap:var(--global-kb-gap-lg, 4rem);row-gap:var(--global-kb-gap-md, 2rem);max-width:var( --global-content-width, 1290px );padding-left:var(--global-content-edge-padding);padding-right:var(--global-content-edge-padding);padding-top:100px;padding-bottom:100px;grid-template-columns:minmax(0, 1fr);}.kb-row-layout-id42_5d5554-a1 > .kt-row-layout-overlay{opacity:0.30;}@media all and (max-width: 1024px){.kb-row-layout-id42_5d5554-a1 > .kt-row-column-wrap{grid-template-columns:minmax(0, 1fr);}}@media all and (max-width: 767px){.kb-row-layout-id42_5d5554-a1 > .kt-row-column-wrap{grid-template-columns:minmax(0, 1fr);}}<\/style><div class=\"kb-row-layout-wrap kb-row-layout-id42_5d5554-a1 alignnone has-theme-palette8-background-color kt-row-has-bg wp-block-kadence-rowlayout\"><div class=\"kt-row-column-wrap kt-has-1-columns kt-row-layout-equal kt-tab-layout-inherit kt-mobile-layout-row kt-row-valign-top kb-theme-content-width\">\n<style>.kadence-column42_1ec7ad-80 > .kt-inside-inner-col,.kadence-column42_1ec7ad-80 > .kt-inside-inner-col:before{border-top-left-radius:0px;border-top-right-radius:0px;border-bottom-right-radius:0px;border-bottom-left-radius:0px;}.kadence-column42_1ec7ad-80 > .kt-inside-inner-col{column-gap:var(--global-kb-gap-sm, 1rem);}.kadence-column42_1ec7ad-80 > .kt-inside-inner-col{flex-direction:column;}.kadence-column42_1ec7ad-80 > .kt-inside-inner-col > .aligncenter{width:100%;}.kadence-column42_1ec7ad-80 > .kt-inside-inner-col:before{opacity:0.3;}.kadence-column42_1ec7ad-80{position:relative;}@media all and (max-width: 1024px){.kadence-column42_1ec7ad-80 > .kt-inside-inner-col{flex-direction:column;justify-content:center;}}@media all and (max-width: 767px){.kadence-column42_1ec7ad-80 > .kt-inside-inner-col{flex-direction:column;justify-content:center;}}<\/style>\n<div class=\"wp-block-kadence-column kadence-column42_1ec7ad-80 inner-column-1\"><div class=\"kt-inside-inner-col\">\n<p class=\"has-text-align-center\">T\u00e9rminos de uso para <strong><a href=\"https:\/\/gizigo.id\/es\/\">https:\/\/gizigo.id\/es\/<\/a><\/strong><\/p>\n\n\n\n<div style=\"height:20px\" aria-hidden=\"true\" class=\"wp-block-spacer\"><\/div>\n\n\n\n<p>Al navegar y utilizar este sitio web, Gizigo.id (en adelante denominado LA COMPA\u00d1\u00cdA), usted acepta cumplir y estar sujeto a los siguientes t\u00e9rminos y condiciones de uso. Los siguientes t\u00e9rminos de uso, junto con nuestra pol\u00edtica de privacidad, rigen la relaci\u00f3n de LA COMPA\u00d1\u00cdA con usted, en relaci\u00f3n con este sitio web. Los t\u00e9rminos &#8220;COMPA\u00d1\u00cdA&#8221;, &#8220;nosotros&#8221; o &#8220;nos&#8221; se refieren al propietario del sitio web. El t\u00e9rmino &#8220;usted&#8221; se refiere al usuario o espectador de nuestro sitio web.<\/p>\n\n\n<style>.wp-block-kadence-advancedheading.kt-adv-heading42_8c6875-42, .wp-block-kadence-advancedheading.kt-adv-heading42_8c6875-42[data-kb-block=\"kb-adv-heading42_8c6875-42\"]{text-align:center;font-style:normal;}.wp-block-kadence-advancedheading.kt-adv-heading42_8c6875-42 mark.kt-highlight, .wp-block-kadence-advancedheading.kt-adv-heading42_8c6875-42[data-kb-block=\"kb-adv-heading42_8c6875-42\"] mark.kt-highlight{font-style:normal;color:#f76a0c;-webkit-box-decoration-break:clone;box-decoration-break:clone;padding-top:0px;padding-right:0px;padding-bottom:0px;padding-left:0px;}.wp-block-kadence-advancedheading.kt-adv-heading42_8c6875-42 img.kb-inline-image, .wp-block-kadence-advancedheading.kt-adv-heading42_8c6875-42[data-kb-block=\"kb-adv-heading42_8c6875-42\"] img.kb-inline-image{width:150px;vertical-align:baseline;}<\/style>\n<h2 class=\"kt-adv-heading42_8c6875-42 wp-block-kadence-advancedheading\" data-kb-block=\"kb-adv-heading42_8c6875-42\"><strong>El uso de este sitio web est\u00e1 sujeto a los siguientes t\u00e9rminos de uso:<\/strong><\/h2>\n\n\n\n<ul class=\"wp-block-list\">\n<li>El contenido de las p\u00e1ginas de este sitio web es solo para su informaci\u00f3n general y uso.<\/li>\n\n\n\n<li>El contenido de este sitio web est\u00e1 sujeto a cambios sin previo aviso.<\/li>\n\n\n\n<li>Ni nosotros ni terceros ofrecemos ninguna garant\u00eda o seguridad en cuanto a la exactitud, actualidad, rendimiento, integridad o idoneidad de la informaci\u00f3n y los materiales que se encuentran u ofrecen en este sitio web, para cualquier prop\u00f3sito en particular. Usted reconoce que dicha informaci\u00f3n y materiales pueden contener inexactitudes o errores. Excluimos expresamente la responsabilidad por tales inexactitudes o errores, en la m\u00e1xima medida permitida por la ley.<\/li>\n\n\n\n<li>Su uso de cualquier informaci\u00f3n o material en este sitio web es bajo su propio riesgo, por lo que no somos responsables. Es su propia responsabilidad asegurarse de que cualquier producto, servicio o informaci\u00f3n disponible a trav\u00e9s de este sitio web cumpla con sus requisitos espec\u00edficos.<\/li>\n\n\n\n<li>Este sitio web contiene material que es propiedad nuestra o est\u00e1 licenciado para nosotros. Este material incluye, pero no se limita a, el dise\u00f1o, la disposici\u00f3n, el aspecto, la apariencia y los gr\u00e1ficos. La reproducci\u00f3n est\u00e1 prohibida.<\/li>\n\n\n\n<li>Cualquier marca comercial reproducida en este sitio web, que no sea propiedad del operador de este sitio web o que no est\u00e9 licenciada a \u00e9l, se reconoce en el sitio web.<\/li>\n\n\n\n<li>El uso no autorizado de este sitio web puede dar lugar a una reclamaci\u00f3n por da\u00f1os y perjuicios y\/o sanciones penales.<\/li>\n\n\n\n<li>Este sitio web tambi\u00e9n puede incluir enlaces a sitios web de terceros. Estos enlaces no sugieren que respaldemos esos sitios web de terceros. No tenemos ninguna responsabilidad por el contenido de los sitios web de terceros a los que podamos enlazar.<\/li>\n\n\n\n<li>Usted no puede crear un enlace a este sitio web desde otro sitio web o documento sin el consentimiento previo por escrito de LA COMPA\u00d1\u00cdA.<\/li>\n\n\n\n<li>El uso que usted haga de este sitio web y cualquier disputa que surja de dicho uso del sitio web, est\u00e1 sujeto a las leyes de Indonesia.<\/li>\n<\/ul>\n\n\n<style>.wp-block-kadence-advancedheading.kt-adv-heading42_c127f8-80, .wp-block-kadence-advancedheading.kt-adv-heading42_c127f8-80[data-kb-block=\"kb-adv-heading42_c127f8-80\"]{text-align:center;font-style:normal;}.wp-block-kadence-advancedheading.kt-adv-heading42_c127f8-80 mark.kt-highlight, .wp-block-kadence-advancedheading.kt-adv-heading42_c127f8-80[data-kb-block=\"kb-adv-heading42_c127f8-80\"] mark.kt-highlight{font-style:normal;color:#f76a0c;-webkit-box-decoration-break:clone;box-decoration-break:clone;padding-top:0px;padding-right:0px;padding-bottom:0px;padding-left:0px;}.wp-block-kadence-advancedheading.kt-adv-heading42_c127f8-80 img.kb-inline-image, .wp-block-kadence-advancedheading.kt-adv-heading42_c127f8-80[data-kb-block=\"kb-adv-heading42_c127f8-80\"] img.kb-inline-image{width:150px;vertical-align:baseline;}<\/style>\n<h2 class=\"kt-adv-heading42_c127f8-80 wp-block-kadence-advancedheading\" data-kb-block=\"kb-adv-heading42_c127f8-80\"><strong>Materiales que usted env\u00eda y uso de la cuenta<\/strong><\/h2>\n\n\n\n<p>Por los materiales que usted publica o proporciona de cualquier otra manera a LA COMPA\u00d1\u00cdA en relaci\u00f3n con los Servicios (su &#8220;Env\u00edo&#8221;), usted otorga a LA COMPA\u00d1\u00cdA una licencia irrevocable, perpetua, libre de regal\u00edas y de alcance mundial para (a) usar, copiar, distribuir, transmitir, mostrar p\u00fablicamente, ejecutar p\u00fablicamente, reproducir, editar, modificar, preparar obras derivadas o incorporar en otras obras, y traducir su Env\u00edo, en conexi\u00f3n con los Servicios o en cualquier otro medio, y (b) sublicenciar estos derechos, en la m\u00e1xima medida permitida por la ley aplicable. LA COMPA\u00d1\u00cdA no le pagar\u00e1 por su Env\u00edo ni por ejercer ning\u00fan derecho relacionado con su Env\u00edo establecido en la frase anterior. LA COMPA\u00d1\u00cdA puede eliminar o modificar su Env\u00edo en cualquier momento. Por cada Env\u00edo, usted acepta proporcionar informaci\u00f3n precisa y completa y declara que tiene todos los derechos necesarios para otorgar a LA COMPA\u00d1\u00cdA los derechos en este p\u00e1rrafo, que el uso del Env\u00edo por parte de LA COMPA\u00d1\u00cdA no infringir\u00e1 ning\u00fan derecho de terceros y que el Env\u00edo cumple con el P\u00e1rrafo 1 anterior. Usted es el \u00fanico responsable de todos los Env\u00edos realizados a trav\u00e9s de su(s) cuenta(s) de usuario en los Servicios o que usted ponga a disposici\u00f3n a trav\u00e9s de los Servicios.<\/p>\n\n\n<style>.wp-block-kadence-advancedheading.kt-adv-heading42_14d314-95, .wp-block-kadence-advancedheading.kt-adv-heading42_14d314-95[data-kb-block=\"kb-adv-heading42_14d314-95\"]{text-align:center;font-style:normal;}.wp-block-kadence-advancedheading.kt-adv-heading42_14d314-95 mark.kt-highlight, .wp-block-kadence-advancedheading.kt-adv-heading42_14d314-95[data-kb-block=\"kb-adv-heading42_14d314-95\"] mark.kt-highlight{font-style:normal;color:#f76a0c;-webkit-box-decoration-break:clone;box-decoration-break:clone;padding-top:0px;padding-right:0px;padding-bottom:0px;padding-left:0px;}.wp-block-kadence-advancedheading.kt-adv-heading42_14d314-95 img.kb-inline-image, .wp-block-kadence-advancedheading.kt-adv-heading42_14d314-95[data-kb-block=\"kb-adv-heading42_14d314-95\"] img.kb-inline-image{width:150px;vertical-align:baseline;}<\/style>\n<h2 class=\"kt-adv-heading42_14d314-95 wp-block-kadence-advancedheading\" data-kb-block=\"kb-adv-heading42_14d314-95\"><strong>Pol\u00edtica de uso de im\u00e1genes<\/strong><\/h2>\n\n\n\n<p>Le invitamos a utilizar cualquiera de nuestros gr\u00e1ficos en su sitio web y\/o redes sociales. Puede cortarlos o usarlos tal cual. Todo lo que pedimos a cambio es la atribuci\u00f3n a la URL de la publicaci\u00f3n.<\/p>\n<\/div><\/div>\n\n<\/div><\/div>","protected":false},"excerpt":{"rendered":"<p>T\u00e9rminos de uso para https:\/\/gizigo.id\/es\/ Al navegar y utilizar este sitio web, Gizigo.id (en adelante denominado LA COMPA\u00d1\u00cdA), usted acepta cumplir y estar sujeto a los siguientes t\u00e9rminos y condiciones de uso. Los siguientes t\u00e9rminos de uso, junto con nuestra pol\u00edtica de privacidad, rigen la relaci\u00f3n de LA COMPA\u00d1\u00cdA con usted, en relaci\u00f3n con este&#8230;<\/p>\n","protected":false},"author":1,"featured_media":0,"parent":0,"menu_order":0,"comment_status":"closed","ping_status":"closed","template":"","meta":{"_kad_post_transparent":"","_kad_post_title":"","_kad_post_layout":"fullwidth","_kad_post_sidebar_id":"","_kad_post_content_style":"unboxed","_kad_post_vertical_padding":"","_kad_post_feature":"","_kad_post_feature_position":"","_kad_post_header":false,"_kad_post_footer":false,"_kad_post_classname":"","footnotes":""},"class_list":["post-42","page","type-page","status-publish","hentry"],"yoast_head":"<!-- This site is optimized with the Yoast SEO plugin v27.3 - https:\/\/yoast.com\/product\/yoast-seo-wordpress\/ -->\n<title>[ES] [TERMS OF USE] T\u00e9rminos de Uso | Gizigo SPANISH<\/title>\n<meta name=\"robots\" content=\"index, follow, max-snippet:-1, max-image-preview:large, max-video-preview:-1\" \/>\n<link rel=\"canonical\" href=\"https:\/\/gizigo.id\/es\/terminos-uso\/\" \/>\n<meta property=\"og:locale\" content=\"en_US\" \/>\n<meta property=\"og:type\" content=\"article\" \/>\n<meta property=\"og:title\" content=\"[ES] [TERMS OF USE] T\u00e9rminos de Uso | Gizigo SPANISH\" \/>\n<meta property=\"og:description\" content=\"T\u00e9rminos de uso para https:\/\/gizigo.id\/es\/ Al navegar y utilizar este sitio web, Gizigo.id (en adelante denominado LA COMPA\u00d1\u00cdA), usted acepta cumplir y estar sujeto a los siguientes t\u00e9rminos y condiciones de uso. Los siguientes t\u00e9rminos de uso, junto con nuestra pol\u00edtica de privacidad, rigen la relaci\u00f3n de LA COMPA\u00d1\u00cdA con usted, en relaci\u00f3n con este...\" \/>\n<meta property=\"og:url\" content=\"https:\/\/gizigo.id\/es\/terminos-uso\/\" \/>\n<meta property=\"og:site_name\" content=\"Gizigo SPANISH\" \/>\n<meta property=\"article:modified_time\" content=\"2025-10-15T05:41:10+00:00\" \/>\n<meta name=\"twitter:card\" content=\"summary_large_image\" \/>\n<meta name=\"twitter:label1\" content=\"Est. reading time\" \/>\n\t<meta name=\"twitter:data1\" content=\"3 minutes\" \/>\n<script type=\"application\/ld+json\" class=\"yoast-schema-graph\">{\"@context\":\"https:\\\/\\\/schema.org\",\"@graph\":[{\"@type\":\"WebPage\",\"@id\":\"https:\\\/\\\/gizigo.id\\\/es\\\/terminos-uso\\\/\",\"url\":\"https:\\\/\\\/gizigo.id\\\/es\\\/terminos-uso\\\/\",\"name\":\"[ES] [TERMS OF USE] T\u00e9rminos de Uso | Gizigo SPANISH\",\"isPartOf\":{\"@id\":\"https:\\\/\\\/gizigo.id\\\/es\\\/#website\"},\"datePublished\":\"2025-10-09T15:20:13+00:00\",\"dateModified\":\"2025-10-15T05:41:10+00:00\",\"breadcrumb\":{\"@id\":\"https:\\\/\\\/gizigo.id\\\/es\\\/terminos-uso\\\/#breadcrumb\"},\"inLanguage\":\"en-US\",\"potentialAction\":[{\"@type\":\"ReadAction\",\"target\":[\"https:\\\/\\\/gizigo.id\\\/es\\\/terminos-uso\\\/\"]}]},{\"@type\":\"BreadcrumbList\",\"@id\":\"https:\\\/\\\/gizigo.id\\\/es\\\/terminos-uso\\\/#breadcrumb\",\"itemListElement\":[{\"@type\":\"ListItem\",\"position\":1,\"name\":\"Home\",\"item\":\"https:\\\/\\\/gizigo.id\\\/es\\\/\"},{\"@type\":\"ListItem\",\"position\":2,\"name\":\"[ES] [TERMS OF USE] T\u00e9rminos de Uso\"}]},{\"@type\":\"WebSite\",\"@id\":\"https:\\\/\\\/gizigo.id\\\/es\\\/#website\",\"url\":\"https:\\\/\\\/gizigo.id\\\/es\\\/\",\"name\":\"Gizigo SPANISH\",\"description\":\"Por nutricionistas y dietistas titulados\",\"publisher\":{\"@id\":\"https:\\\/\\\/gizigo.id\\\/es\\\/#organization\"},\"potentialAction\":[{\"@type\":\"SearchAction\",\"target\":{\"@type\":\"EntryPoint\",\"urlTemplate\":\"https:\\\/\\\/gizigo.id\\\/es\\\/?s={search_term_string}\"},\"query-input\":{\"@type\":\"PropertyValueSpecification\",\"valueRequired\":true,\"valueName\":\"search_term_string\"}}],\"inLanguage\":\"en-US\"},{\"@type\":\"Organization\",\"@id\":\"https:\\\/\\\/gizigo.id\\\/es\\\/#organization\",\"name\":\"Gizigo\",\"url\":\"https:\\\/\\\/gizigo.id\\\/es\\\/\",\"logo\":{\"@type\":\"ImageObject\",\"inLanguage\":\"en-US\",\"@id\":\"https:\\\/\\\/gizigo.id\\\/es\\\/#\\\/schema\\\/logo\\\/image\\\/\",\"url\":\"https:\\\/\\\/gizigo.id\\\/es\\\/wp-content\\\/uploads\\\/sites\\\/15\\\/2025\\\/10\\\/Logo-Gizigo_warna-512px.png\",\"contentUrl\":\"https:\\\/\\\/gizigo.id\\\/es\\\/wp-content\\\/uploads\\\/sites\\\/15\\\/2025\\\/10\\\/Logo-Gizigo_warna-512px.png\",\"width\":512,\"height\":512,\"caption\":\"Gizigo\"},\"image\":{\"@id\":\"https:\\\/\\\/gizigo.id\\\/es\\\/#\\\/schema\\\/logo\\\/image\\\/\"}}]}<\/script>\n<!-- \/ Yoast SEO plugin. -->","yoast_head_json":{"title":"[ES] [TERMS OF USE] T\u00e9rminos de Uso | Gizigo SPANISH","robots":{"index":"index","follow":"follow","max-snippet":"max-snippet:-1","max-image-preview":"max-image-preview:large","max-video-preview":"max-video-preview:-1"},"canonical":"https:\/\/gizigo.id\/es\/terminos-uso\/","og_locale":"en_US","og_type":"article","og_title":"[ES] [TERMS OF USE] T\u00e9rminos de Uso | Gizigo SPANISH","og_description":"T\u00e9rminos de uso para https:\/\/gizigo.id\/es\/ Al navegar y utilizar este sitio web, Gizigo.id (en adelante denominado LA COMPA\u00d1\u00cdA), usted acepta cumplir y estar sujeto a los siguientes t\u00e9rminos y condiciones de uso. Los siguientes t\u00e9rminos de uso, junto con nuestra pol\u00edtica de privacidad, rigen la relaci\u00f3n de LA COMPA\u00d1\u00cdA con usted, en relaci\u00f3n con este...","og_url":"https:\/\/gizigo.id\/es\/terminos-uso\/","og_site_name":"Gizigo SPANISH","article_modified_time":"2025-10-15T05:41:10+00:00","twitter_card":"summary_large_image","twitter_misc":{"Est. reading time":"3 minutes"},"schema":{"@context":"https:\/\/schema.org","@graph":[{"@type":"WebPage","@id":"https:\/\/gizigo.id\/es\/terminos-uso\/","url":"https:\/\/gizigo.id\/es\/terminos-uso\/","name":"[ES] [TERMS OF USE] T\u00e9rminos de Uso | Gizigo SPANISH","isPartOf":{"@id":"https:\/\/gizigo.id\/es\/#website"},"datePublished":"2025-10-09T15:20:13+00:00","dateModified":"2025-10-15T05:41:10+00:00","breadcrumb":{"@id":"https:\/\/gizigo.id\/es\/terminos-uso\/#breadcrumb"},"inLanguage":"en-US","potentialAction":[{"@type":"ReadAction","target":["https:\/\/gizigo.id\/es\/terminos-uso\/"]}]},{"@type":"BreadcrumbList","@id":"https:\/\/gizigo.id\/es\/terminos-uso\/#breadcrumb","itemListElement":[{"@type":"ListItem","position":1,"name":"Home","item":"https:\/\/gizigo.id\/es\/"},{"@type":"ListItem","position":2,"name":"[ES] [TERMS OF USE] T\u00e9rminos de Uso"}]},{"@type":"WebSite","@id":"https:\/\/gizigo.id\/es\/#website","url":"https:\/\/gizigo.id\/es\/","name":"Gizigo SPANISH","description":"Por nutricionistas y dietistas titulados","publisher":{"@id":"https:\/\/gizigo.id\/es\/#organization"},"potentialAction":[{"@type":"SearchAction","target":{"@type":"EntryPoint","urlTemplate":"https:\/\/gizigo.id\/es\/?s={search_term_string}"},"query-input":{"@type":"PropertyValueSpecification","valueRequired":true,"valueName":"search_term_string"}}],"inLanguage":"en-US"},{"@type":"Organization","@id":"https:\/\/gizigo.id\/es\/#organization","name":"Gizigo","url":"https:\/\/gizigo.id\/es\/","logo":{"@type":"ImageObject","inLanguage":"en-US","@id":"https:\/\/gizigo.id\/es\/#\/schema\/logo\/image\/","url":"https:\/\/gizigo.id\/es\/wp-content\/uploads\/sites\/15\/2025\/10\/Logo-Gizigo_warna-512px.png","contentUrl":"https:\/\/gizigo.id\/es\/wp-content\/uploads\/sites\/15\/2025\/10\/Logo-Gizigo_warna-512px.png","width":512,"height":512,"caption":"Gizigo"},"image":{"@id":"https:\/\/gizigo.id\/es\/#\/schema\/logo\/image\/"}}]}},"jetpack_sharing_enabled":true,"_links":{"self":[{"href":"https:\/\/gizigo.id\/es\/wp-json\/wp\/v2\/pages\/42","targetHints":{"allow":["GET"]}}],"collection":[{"href":"https:\/\/gizigo.id\/es\/wp-json\/wp\/v2\/pages"}],"about":[{"href":"https:\/\/gizigo.id\/es\/wp-json\/wp\/v2\/types\/page"}],"author":[{"embeddable":true,"href":"https:\/\/gizigo.id\/es\/wp-json\/wp\/v2\/users\/1"}],"replies":[{"embeddable":true,"href":"https:\/\/gizigo.id\/es\/wp-json\/wp\/v2\/comments?post=42"}],"version-history":[{"count":2,"href":"https:\/\/gizigo.id\/es\/wp-json\/wp\/v2\/pages\/42\/revisions"}],"predecessor-version":[{"id":184,"href":"https:\/\/gizigo.id\/es\/wp-json\/wp\/v2\/pages\/42\/revisions\/184"}],"wp:attachment":[{"href":"https:\/\/gizigo.id\/es\/wp-json\/wp\/v2\/media?parent=42"}],"curies":[{"name":"wp","href":"https:\/\/api.w.org\/{rel}","templated":true}]}}