{"id":33,"date":"2025-10-02T14:09:20","date_gmt":"2025-10-02T14:09:20","guid":{"rendered":"https:\/\/gizigo.id\/fi\/?page_id=33"},"modified":"2025-10-15T05:38:29","modified_gmt":"2025-10-15T05:38:29","slug":"vastuuvapauslauseke","status":"publish","type":"page","link":"https:\/\/gizigo.id\/fi\/vastuuvapauslauseke\/","title":{"rendered":"Vastuuvapauslauseke"},"content":{"rendered":"<style>.kb-row-layout-id33_4491a4-13 > .kt-row-column-wrap{align-content:start;}:where(.kb-row-layout-id33_4491a4-13 > .kt-row-column-wrap) > .wp-block-kadence-column{justify-content:start;}.kb-row-layout-id33_4491a4-13 > .kt-row-column-wrap{column-gap:var(--global-kb-gap-lg, 4rem);row-gap:var(--global-kb-gap-md, 2rem);max-width:var( --global-content-width, 1290px );padding-left:var(--global-content-edge-padding);padding-right:var(--global-content-edge-padding);padding-top:100px;padding-bottom:100px;grid-template-columns:minmax(0, 1fr);}.kb-row-layout-id33_4491a4-13 > .kt-row-layout-overlay{opacity:0.30;}@media all and (max-width: 1024px){.kb-row-layout-id33_4491a4-13 > .kt-row-column-wrap{grid-template-columns:minmax(0, 1fr);}}@media all and (max-width: 767px){.kb-row-layout-id33_4491a4-13 > .kt-row-column-wrap{grid-template-columns:minmax(0, 1fr);}}<\/style><div class=\"kb-row-layout-wrap kb-row-layout-id33_4491a4-13 alignnone has-theme-palette8-background-color kt-row-has-bg wp-block-kadence-rowlayout\"><div class=\"kt-row-column-wrap kt-has-1-columns kt-row-layout-equal kt-tab-layout-inherit kt-mobile-layout-row kt-row-valign-top kb-theme-content-width\">\n<style>.kadence-column33_db04bb-3b > .kt-inside-inner-col,.kadence-column33_db04bb-3b > .kt-inside-inner-col:before{border-top-left-radius:0px;border-top-right-radius:0px;border-bottom-right-radius:0px;border-bottom-left-radius:0px;}.kadence-column33_db04bb-3b > .kt-inside-inner-col{column-gap:var(--global-kb-gap-sm, 1rem);}.kadence-column33_db04bb-3b > .kt-inside-inner-col{flex-direction:column;}.kadence-column33_db04bb-3b > .kt-inside-inner-col > .aligncenter{width:100%;}.kadence-column33_db04bb-3b > .kt-inside-inner-col:before{opacity:0.3;}.kadence-column33_db04bb-3b{position:relative;}@media all and (max-width: 1024px){.kadence-column33_db04bb-3b > .kt-inside-inner-col{flex-direction:column;justify-content:center;}}@media all and (max-width: 767px){.kadence-column33_db04bb-3b > .kt-inside-inner-col{flex-direction:column;justify-content:center;}}<\/style>\n<div class=\"wp-block-kadence-column kadence-column33_db04bb-3b inner-column-1\"><div class=\"kt-inside-inner-col\">\n<p class=\"has-text-align-center\">Vastuuvapauslauseke sivustolle <strong><a href=\"https:\/\/gizigo.id\/fi\/\">https:\/\/gizigo.id\/fi\/<\/a><\/strong><\/p>\n\n\n\n<div style=\"height:20px\" aria-hidden=\"true\" class=\"wp-block-spacer\"><\/div>\n\n\n\n<p>Gizigo.id-sivustolla julkaistut artikkelit, lukuun ottamatta Bulletin-kategorian artikkeleita, ovat:<\/p>\n\n\n\n<ul class=\"wp-block-list\">\n<li>meill\u00e4 ty\u00f6skentelev\u00e4n ravitsemusterapeutin\/rekister\u00f6idyn ravitsemusasiantuntijan kirjoittamia, tai<\/li>\n\n\n\n<li>toimitustiimimme kirjoituksia, joita ravitsemusterapeutti\/rekister\u00f6ity ravitsemusasiantuntija on valvonut.<\/li>\n<\/ul>\n\n\n\n<p>Kaikki tiedot, jotka julkaisemme t\u00e4ss\u00e4 blogissa, on julkaistu hyv\u00e4ss\u00e4 uskossa ja ainoastaan yleisen tiedon tarkoituksessa.<\/p>\n\n\n\n<p>Teemme parhaamme tutkiaksemme ja selaillaksemme kirjallisuutta useista uskottavista l\u00e4hteist\u00e4 ennen kuin kirjoitamme mit\u00e4\u00e4n t\u00e4h\u00e4n blogiin.<\/p>\n\n\n\n<p class=\"has-text-align-center\">***<\/p>\n\n\n\n<p>T\u00e4m\u00e4n sivuston artikkelit on tarkoitettu vain lis\u00e4tiedoksi.<\/p>\n\n\n\n<p>Gizigo.id-sivuston artikkelit EIV\u00c4T ole tarkoitettu korvaamaan ammattimaista l\u00e4\u00e4ketieteellist\u00e4 hoitoa tai ammattilaisen ravitsemusterapeutin suosituksia. T\u00e4m\u00e4n sivuston artikkeleita EI SAA k\u00e4ytt\u00e4\u00e4 diagnoosin tai hoitovaihtoehtojen perustana.<\/p>\n\n\n\n<p>Kaiken hoitosi on perustuttava l\u00e4\u00e4k\u00e4rin, ravitsemusterapeutin tai rekister\u00f6idyn ravitsemusasiantuntijan suoriin tutkimuksiin perustuviin suosituksiin.<\/p>\n\n\n\n<p>Kaikki riskit, jotka liittyv\u00e4t t\u00e4m\u00e4n verkkosivuston tietojen k\u00e4ytt\u00f6\u00f6n, ovat lukijan vastuulla.<\/p>\n\n\n\n<p class=\"has-text-align-center\">***<\/p>\n\n\n\n<h2 class=\"wp-block-heading has-text-align-center\">DMCA-ilmoitus<\/h2>\n\n\n\n<p>Jos olet jonkin Gizigo.id-sivustolla julkaistun kuvan laillinen omistaja etk\u00e4 halua sit\u00e4 n\u00e4ytett\u00e4v\u00e4n tai jos vaadit asianmukaista mainintaa, ota meihin yhteytt\u00e4, ja teemme v\u00e4litt\u00f6m\u00e4sti kaiken tarvittavan. Ilmoita meille <strong><a href=\"https:\/\/gizigo.id\/fi\/kontakt\/\">s\u00e4hk\u00f6postitse<\/a><\/strong>, tuleeko kuva poistaa vai tarvitseeko meid\u00e4n antaa linkki sivustollesi.<\/p>\n<\/div><\/div>\n\n<\/div><\/div>","protected":false},"excerpt":{"rendered":"<p>Vastuuvapauslauseke sivustolle https:\/\/gizigo.id\/fi\/ Gizigo.id-sivustolla julkaistut artikkelit, lukuun ottamatta Bulletin-kategorian artikkeleita, ovat: Kaikki tiedot, jotka julkaisemme t\u00e4ss\u00e4 blogissa, on julkaistu hyv\u00e4ss\u00e4 uskossa ja ainoastaan yleisen tiedon tarkoituksessa. Teemme parhaamme tutkiaksemme ja selaillaksemme kirjallisuutta useista uskottavista l\u00e4hteist\u00e4 ennen kuin kirjoitamme mit\u00e4\u00e4n t\u00e4h\u00e4n blogiin. *** T\u00e4m\u00e4n sivuston artikkelit on tarkoitettu vain lis\u00e4tiedoksi. Gizigo.id-sivuston artikkelit EIV\u00c4T ole tarkoitettu korvaamaan&#8230;<\/p>\n","protected":false},"author":1,"featured_media":0,"parent":0,"menu_order":0,"comment_status":"closed","ping_status":"closed","template":"","meta":{"_kad_post_transparent":"","_kad_post_title":"","_kad_post_layout":"fullwidth","_kad_post_sidebar_id":"","_kad_post_content_style":"unboxed","_kad_post_vertical_padding":"","_kad_post_feature":"","_kad_post_feature_position":"","_kad_post_header":false,"_kad_post_footer":false,"_kad_post_classname":"","footnotes":""},"class_list":["post-33","page","type-page","status-publish","hentry"],"yoast_head":"<!-- This site is optimized with the Yoast SEO plugin v27.3 - https:\/\/yoast.com\/product\/yoast-seo-wordpress\/ -->\n<title>Vastuuvapauslauseke - Gizigo FINNISH<\/title>\n<meta name=\"description\" content=\"T\u00e4rke\u00e4 oikeudellinen ilmoitus koskien sivuston sis\u00e4lt\u00f6\u00e4, k\u00e4ytt\u00f6\u00e4 ja rajoitettua vastuuta. Tutustu ehtoihin huolellisesti.\" \/>\n<meta name=\"robots\" content=\"index, follow, max-snippet:-1, max-image-preview:large, max-video-preview:-1\" \/>\n<link rel=\"canonical\" href=\"https:\/\/gizigo.id\/fi\/vastuuvapauslauseke\/\" \/>\n<meta property=\"og:locale\" content=\"en_US\" \/>\n<meta property=\"og:type\" content=\"article\" \/>\n<meta property=\"og:title\" content=\"Vastuuvapauslauseke - Gizigo FINNISH\" \/>\n<meta property=\"og:description\" content=\"T\u00e4rke\u00e4 oikeudellinen ilmoitus koskien sivuston sis\u00e4lt\u00f6\u00e4, k\u00e4ytt\u00f6\u00e4 ja rajoitettua vastuuta. Tutustu ehtoihin huolellisesti.\" \/>\n<meta property=\"og:url\" content=\"https:\/\/gizigo.id\/fi\/vastuuvapauslauseke\/\" \/>\n<meta property=\"og:site_name\" content=\"Gizigo FINNISH\" \/>\n<meta property=\"article:modified_time\" content=\"2025-10-15T05:38:29+00:00\" \/>\n<meta name=\"twitter:card\" content=\"summary_large_image\" \/>\n<meta name=\"twitter:label1\" content=\"Est. reading time\" \/>\n\t<meta name=\"twitter:data1\" content=\"1 minute\" \/>\n<script type=\"application\/ld+json\" class=\"yoast-schema-graph\">{\"@context\":\"https:\\\/\\\/schema.org\",\"@graph\":[{\"@type\":\"WebPage\",\"@id\":\"https:\\\/\\\/gizigo.id\\\/fi\\\/vastuuvapauslauseke\\\/\",\"url\":\"https:\\\/\\\/gizigo.id\\\/fi\\\/vastuuvapauslauseke\\\/\",\"name\":\"Vastuuvapauslauseke - Gizigo FINNISH\",\"isPartOf\":{\"@id\":\"https:\\\/\\\/gizigo.id\\\/fi\\\/#website\"},\"datePublished\":\"2025-10-02T14:09:20+00:00\",\"dateModified\":\"2025-10-15T05:38:29+00:00\",\"description\":\"T\u00e4rke\u00e4 oikeudellinen ilmoitus koskien sivuston sis\u00e4lt\u00f6\u00e4, k\u00e4ytt\u00f6\u00e4 ja rajoitettua vastuuta. Tutustu ehtoihin huolellisesti.\",\"breadcrumb\":{\"@id\":\"https:\\\/\\\/gizigo.id\\\/fi\\\/vastuuvapauslauseke\\\/#breadcrumb\"},\"inLanguage\":\"en-US\",\"potentialAction\":[{\"@type\":\"ReadAction\",\"target\":[\"https:\\\/\\\/gizigo.id\\\/fi\\\/vastuuvapauslauseke\\\/\"]}]},{\"@type\":\"BreadcrumbList\",\"@id\":\"https:\\\/\\\/gizigo.id\\\/fi\\\/vastuuvapauslauseke\\\/#breadcrumb\",\"itemListElement\":[{\"@type\":\"ListItem\",\"position\":1,\"name\":\"Home\",\"item\":\"https:\\\/\\\/gizigo.id\\\/fi\\\/\"},{\"@type\":\"ListItem\",\"position\":2,\"name\":\"[FI] [DISCLAIMER] Vastuuvapauslauseke\"}]},{\"@type\":\"WebSite\",\"@id\":\"https:\\\/\\\/gizigo.id\\\/fi\\\/#website\",\"url\":\"https:\\\/\\\/gizigo.id\\\/fi\\\/\",\"name\":\"Gizigo FINNISH\",\"description\":\"Ravitsemusterapeuttien ja ravitsemusasiantuntijoiden toimesta\",\"publisher\":{\"@id\":\"https:\\\/\\\/gizigo.id\\\/fi\\\/#organization\"},\"potentialAction\":[{\"@type\":\"SearchAction\",\"target\":{\"@type\":\"EntryPoint\",\"urlTemplate\":\"https:\\\/\\\/gizigo.id\\\/fi\\\/?s={search_term_string}\"},\"query-input\":{\"@type\":\"PropertyValueSpecification\",\"valueRequired\":true,\"valueName\":\"search_term_string\"}}],\"inLanguage\":\"en-US\"},{\"@type\":\"Organization\",\"@id\":\"https:\\\/\\\/gizigo.id\\\/fi\\\/#organization\",\"name\":\"Gizigo\",\"url\":\"https:\\\/\\\/gizigo.id\\\/fi\\\/\",\"logo\":{\"@type\":\"ImageObject\",\"inLanguage\":\"en-US\",\"@id\":\"https:\\\/\\\/gizigo.id\\\/fi\\\/#\\\/schema\\\/logo\\\/image\\\/\",\"url\":\"https:\\\/\\\/i0.wp.com\\\/gizigo.id\\\/fi\\\/wp-content\\\/uploads\\\/sites\\\/14\\\/2025\\\/10\\\/Logo-Gizigo_warna-512px.png?fit=512%2C512&ssl=1\",\"contentUrl\":\"https:\\\/\\\/i0.wp.com\\\/gizigo.id\\\/fi\\\/wp-content\\\/uploads\\\/sites\\\/14\\\/2025\\\/10\\\/Logo-Gizigo_warna-512px.png?fit=512%2C512&ssl=1\",\"width\":512,\"height\":512,\"caption\":\"Gizigo\"},\"image\":{\"@id\":\"https:\\\/\\\/gizigo.id\\\/fi\\\/#\\\/schema\\\/logo\\\/image\\\/\"}}]}<\/script>\n<!-- \/ Yoast SEO plugin. -->","yoast_head_json":{"title":"Vastuuvapauslauseke - Gizigo FINNISH","description":"T\u00e4rke\u00e4 oikeudellinen ilmoitus koskien sivuston sis\u00e4lt\u00f6\u00e4, k\u00e4ytt\u00f6\u00e4 ja rajoitettua vastuuta. Tutustu ehtoihin huolellisesti.","robots":{"index":"index","follow":"follow","max-snippet":"max-snippet:-1","max-image-preview":"max-image-preview:large","max-video-preview":"max-video-preview:-1"},"canonical":"https:\/\/gizigo.id\/fi\/vastuuvapauslauseke\/","og_locale":"en_US","og_type":"article","og_title":"Vastuuvapauslauseke - Gizigo FINNISH","og_description":"T\u00e4rke\u00e4 oikeudellinen ilmoitus koskien sivuston sis\u00e4lt\u00f6\u00e4, k\u00e4ytt\u00f6\u00e4 ja rajoitettua vastuuta. Tutustu ehtoihin huolellisesti.","og_url":"https:\/\/gizigo.id\/fi\/vastuuvapauslauseke\/","og_site_name":"Gizigo FINNISH","article_modified_time":"2025-10-15T05:38:29+00:00","twitter_card":"summary_large_image","twitter_misc":{"Est. reading time":"1 minute"},"schema":{"@context":"https:\/\/schema.org","@graph":[{"@type":"WebPage","@id":"https:\/\/gizigo.id\/fi\/vastuuvapauslauseke\/","url":"https:\/\/gizigo.id\/fi\/vastuuvapauslauseke\/","name":"Vastuuvapauslauseke - Gizigo FINNISH","isPartOf":{"@id":"https:\/\/gizigo.id\/fi\/#website"},"datePublished":"2025-10-02T14:09:20+00:00","dateModified":"2025-10-15T05:38:29+00:00","description":"T\u00e4rke\u00e4 oikeudellinen ilmoitus koskien sivuston sis\u00e4lt\u00f6\u00e4, k\u00e4ytt\u00f6\u00e4 ja rajoitettua vastuuta. Tutustu ehtoihin huolellisesti.","breadcrumb":{"@id":"https:\/\/gizigo.id\/fi\/vastuuvapauslauseke\/#breadcrumb"},"inLanguage":"en-US","potentialAction":[{"@type":"ReadAction","target":["https:\/\/gizigo.id\/fi\/vastuuvapauslauseke\/"]}]},{"@type":"BreadcrumbList","@id":"https:\/\/gizigo.id\/fi\/vastuuvapauslauseke\/#breadcrumb","itemListElement":[{"@type":"ListItem","position":1,"name":"Home","item":"https:\/\/gizigo.id\/fi\/"},{"@type":"ListItem","position":2,"name":"[FI] [DISCLAIMER] Vastuuvapauslauseke"}]},{"@type":"WebSite","@id":"https:\/\/gizigo.id\/fi\/#website","url":"https:\/\/gizigo.id\/fi\/","name":"Gizigo FINNISH","description":"Ravitsemusterapeuttien ja ravitsemusasiantuntijoiden toimesta","publisher":{"@id":"https:\/\/gizigo.id\/fi\/#organization"},"potentialAction":[{"@type":"SearchAction","target":{"@type":"EntryPoint","urlTemplate":"https:\/\/gizigo.id\/fi\/?s={search_term_string}"},"query-input":{"@type":"PropertyValueSpecification","valueRequired":true,"valueName":"search_term_string"}}],"inLanguage":"en-US"},{"@type":"Organization","@id":"https:\/\/gizigo.id\/fi\/#organization","name":"Gizigo","url":"https:\/\/gizigo.id\/fi\/","logo":{"@type":"ImageObject","inLanguage":"en-US","@id":"https:\/\/gizigo.id\/fi\/#\/schema\/logo\/image\/","url":"https:\/\/i0.wp.com\/gizigo.id\/fi\/wp-content\/uploads\/sites\/14\/2025\/10\/Logo-Gizigo_warna-512px.png?fit=512%2C512&ssl=1","contentUrl":"https:\/\/i0.wp.com\/gizigo.id\/fi\/wp-content\/uploads\/sites\/14\/2025\/10\/Logo-Gizigo_warna-512px.png?fit=512%2C512&ssl=1","width":512,"height":512,"caption":"Gizigo"},"image":{"@id":"https:\/\/gizigo.id\/fi\/#\/schema\/logo\/image\/"}}]}},"jetpack_sharing_enabled":true,"_links":{"self":[{"href":"https:\/\/gizigo.id\/fi\/wp-json\/wp\/v2\/pages\/33","targetHints":{"allow":["GET"]}}],"collection":[{"href":"https:\/\/gizigo.id\/fi\/wp-json\/wp\/v2\/pages"}],"about":[{"href":"https:\/\/gizigo.id\/fi\/wp-json\/wp\/v2\/types\/page"}],"author":[{"embeddable":true,"href":"https:\/\/gizigo.id\/fi\/wp-json\/wp\/v2\/users\/1"}],"replies":[{"embeddable":true,"href":"https:\/\/gizigo.id\/fi\/wp-json\/wp\/v2\/comments?post=33"}],"version-history":[{"count":2,"href":"https:\/\/gizigo.id\/fi\/wp-json\/wp\/v2\/pages\/33\/revisions"}],"predecessor-version":[{"id":181,"href":"https:\/\/gizigo.id\/fi\/wp-json\/wp\/v2\/pages\/33\/revisions\/181"}],"wp:attachment":[{"href":"https:\/\/gizigo.id\/fi\/wp-json\/wp\/v2\/media?parent=33"}],"curies":[{"name":"wp","href":"https:\/\/api.w.org\/{rel}","templated":true}]}}