{"id":35,"date":"2025-10-02T14:12:34","date_gmt":"2025-10-02T14:12:34","guid":{"rendered":"https:\/\/gizigo.id\/fi\/?page_id=35"},"modified":"2025-10-15T05:38:23","modified_gmt":"2025-10-15T05:38:23","slug":"toimituksellinen-prosessi","status":"publish","type":"page","link":"https:\/\/gizigo.id\/fi\/toimituksellinen-prosessi\/","title":{"rendered":"Toimitusprosessi"},"content":{"rendered":"<style>.kb-row-layout-id35_98858f-9d > .kt-row-column-wrap{align-content:start;}:where(.kb-row-layout-id35_98858f-9d > .kt-row-column-wrap) > .wp-block-kadence-column{justify-content:start;}.kb-row-layout-id35_98858f-9d > .kt-row-column-wrap{column-gap:var(--global-kb-gap-lg, 4rem);row-gap:var(--global-kb-gap-md, 2rem);max-width:var( --global-content-width, 1290px );padding-left:var(--global-content-edge-padding);padding-right:var(--global-content-edge-padding);padding-top:100px;padding-bottom:200px;grid-template-columns:minmax(0, 1fr);}.kb-row-layout-id35_98858f-9d > .kt-row-layout-overlay{opacity:0.30;}.kb-row-layout-id35_98858f-9d .kt-row-layout-bottom-sep{height:100px;}.kb-row-layout-id35_98858f-9d .kt-row-layout-bottom-sep svg{width:100%;}.kb-row-layout-id35_98858f-9d .kt-row-layout-bottom-sep svg{fill:#ffffff!important;}@media all and (max-width: 1024px){.kb-row-layout-id35_98858f-9d > .kt-row-column-wrap{grid-template-columns:minmax(0, 1fr);}}@media all and (max-width: 1024px){.kb-row-layout-id35_98858f-9d .kt-row-layout-bottom-sep{height:px;}}@media all and (max-width: 1024px){.kb-row-layout-id35_98858f-9d .kt-row-layout-bottom-sep svg{width:%;}}@media all and (max-width: 767px){.kb-row-layout-id35_98858f-9d > .kt-row-column-wrap{grid-template-columns:minmax(0, 1fr);}.kb-row-layout-id35_98858f-9d .kt-row-layout-bottom-sep{height:px;}.kb-row-layout-id35_98858f-9d .kt-row-layout-bottom-sep svg{width:%;}}<\/style><div class=\"kb-row-layout-wrap kb-row-layout-id35_98858f-9d alignnone has-theme-palette8-background-color kt-row-has-bg wp-block-kadence-rowlayout\"><div class=\"kt-row-layout-bottom-sep kt-row-sep-type-ct\"><svg viewBox=\"0 0 1000 100\" preserveAspectRatio=\"none\"><path d=\"M1000,0l-500,98l-500,-98l0,100l1000,0l0,-100Z\" \/><\/svg><\/div><div class=\"kt-row-column-wrap kt-has-1-columns kt-row-layout-equal kt-tab-layout-inherit kt-mobile-layout-row kt-row-valign-top kb-theme-content-width\">\n<style>.kadence-column35_f5a852-51 > .kt-inside-inner-col,.kadence-column35_f5a852-51 > .kt-inside-inner-col:before{border-top-left-radius:0px;border-top-right-radius:0px;border-bottom-right-radius:0px;border-bottom-left-radius:0px;}.kadence-column35_f5a852-51 > .kt-inside-inner-col{column-gap:var(--global-kb-gap-sm, 1rem);}.kadence-column35_f5a852-51 > .kt-inside-inner-col{flex-direction:column;}.kadence-column35_f5a852-51 > .kt-inside-inner-col > .aligncenter{width:100%;}.kadence-column35_f5a852-51 > .kt-inside-inner-col:before{opacity:0.3;}.kadence-column35_f5a852-51{position:relative;}@media all and (max-width: 1024px){.kadence-column35_f5a852-51 > .kt-inside-inner-col{flex-direction:column;justify-content:center;}}@media all and (max-width: 767px){.kadence-column35_f5a852-51 > .kt-inside-inner-col{flex-direction:column;justify-content:center;}}<\/style>\n<div class=\"wp-block-kadence-column kadence-column35_f5a852-51 inner-column-1\"><div class=\"kt-inside-inner-col\">\n<p class=\"has-text-align-center has-larger-font-size\"><strong>1<\/strong><\/p>\n\n\n\n<h2 class=\"wp-block-heading has-text-align-center\">Aiheen arviointi<\/h2>\n\n\n\n<div style=\"height:20px\" aria-hidden=\"true\" class=\"wp-block-spacer\"><\/div>\n\n\n\n<p class=\"has-text-align-center\">Kaikki Gizigon julkaistut artikkelit aloittavat matkansa aiheen tutkimisella.<\/p>\n\n\n\n<p class=\"has-text-align-center\">T\u00e4ss\u00e4 prosessissa otetaan huomioon useita tekij\u00f6it\u00e4, kuten trendien tarkistaminen, mit\u00e4 kilpailijamme tuovat esille, sek\u00e4 ravitsemusterapeuttiemme ja laillistettujen dietologien kyky k\u00e4sitell\u00e4 kyseist\u00e4 aihetta, ja niin edelleen.<\/p>\n<\/div><\/div>\n\n<\/div><\/div>\n\n<style>.kb-row-layout-id35_6d6365-a2 > .kt-row-column-wrap{align-content:start;}:where(.kb-row-layout-id35_6d6365-a2 > .kt-row-column-wrap) > .wp-block-kadence-column{justify-content:start;}.kb-row-layout-id35_6d6365-a2 > .kt-row-column-wrap{column-gap:var(--global-kb-gap-lg, 4rem);row-gap:var(--global-kb-gap-md, 2rem);max-width:var( --global-content-width, 1290px );padding-left:var(--global-content-edge-padding);padding-right:var(--global-content-edge-padding);padding-top:100px;padding-bottom:100px;grid-template-columns:minmax(0, 1fr);}.kb-row-layout-id35_6d6365-a2 > .kt-row-layout-overlay{opacity:0.30;}.kb-row-layout-id35_6d6365-a2 .kt-row-layout-bottom-sep{height:100px;}.kb-row-layout-id35_6d6365-a2 .kt-row-layout-bottom-sep svg{width:100%;}.kb-row-layout-id35_6d6365-a2 .kt-row-layout-bottom-sep svg{fill:#ffffff!important;}@media all and (max-width: 1024px){.kb-row-layout-id35_6d6365-a2 > .kt-row-column-wrap{grid-template-columns:minmax(0, 1fr);}}@media all and (max-width: 1024px){.kb-row-layout-id35_6d6365-a2 .kt-row-layout-bottom-sep{height:px;}}@media all and (max-width: 1024px){.kb-row-layout-id35_6d6365-a2 .kt-row-layout-bottom-sep svg{width:%;}}@media all and (max-width: 767px){.kb-row-layout-id35_6d6365-a2 > .kt-row-column-wrap{grid-template-columns:minmax(0, 1fr);}.kb-row-layout-id35_6d6365-a2 .kt-row-layout-bottom-sep{height:px;}.kb-row-layout-id35_6d6365-a2 .kt-row-layout-bottom-sep svg{width:%;}}<\/style><div class=\"kb-row-layout-wrap kb-row-layout-id35_6d6365-a2 alignnone has-theme-palette9-background-color kt-row-has-bg wp-block-kadence-rowlayout\"><div class=\"kt-row-layout-bottom-sep kt-row-sep-type-ct\"><svg viewBox=\"0 0 1000 100\" preserveAspectRatio=\"none\"><path d=\"M1000,0l-500,98l-500,-98l0,100l1000,0l0,-100Z\" \/><\/svg><\/div><div class=\"kt-row-column-wrap kt-has-1-columns kt-row-layout-equal kt-tab-layout-inherit kt-mobile-layout-row kt-row-valign-top kb-theme-content-width\">\n<style>.kadence-column35_dc4546-d7 > .kt-inside-inner-col,.kadence-column35_dc4546-d7 > .kt-inside-inner-col:before{border-top-left-radius:0px;border-top-right-radius:0px;border-bottom-right-radius:0px;border-bottom-left-radius:0px;}.kadence-column35_dc4546-d7 > .kt-inside-inner-col{column-gap:var(--global-kb-gap-sm, 1rem);}.kadence-column35_dc4546-d7 > .kt-inside-inner-col{flex-direction:column;}.kadence-column35_dc4546-d7 > .kt-inside-inner-col > .aligncenter{width:100%;}.kadence-column35_dc4546-d7 > .kt-inside-inner-col:before{opacity:0.3;}.kadence-column35_dc4546-d7{position:relative;}@media all and (max-width: 1024px){.kadence-column35_dc4546-d7 > .kt-inside-inner-col{flex-direction:column;justify-content:center;}}@media all and (max-width: 767px){.kadence-column35_dc4546-d7 > .kt-inside-inner-col{flex-direction:column;justify-content:center;}}<\/style>\n<div class=\"wp-block-kadence-column kadence-column35_dc4546-d7 inner-column-1\"><div class=\"kt-inside-inner-col\">\n<p class=\"has-text-align-center has-larger-font-size\"><strong>2<\/strong><\/p>\n\n\n\n<h2 class=\"wp-block-heading has-text-align-center\">Artikkelin kirjoittaminen<\/h2>\n\n\n\n<div style=\"height:20px\" aria-hidden=\"true\" class=\"wp-block-spacer\"><\/div>\n\n\n\n<p class=\"has-text-align-center\">Kun aihe on p\u00e4\u00e4tetty, varsinainen ty\u00f6 alkaa. Ravitsemusterapeuttimme ja laillistetut dietologimme ryhtyv\u00e4t perusteelliseen ty\u00f6h\u00f6n aiheen parissa tunnistamalla, mitk\u00e4 asiat he haluavat v\u00e4litt\u00e4\u00e4 lukijoille, lukemalla tieteellisi\u00e4 artikkeleita ja tarkistamalla muiden sivustojen tarjoaman tiedon paikkansapit\u00e4vyyden.<\/p>\n\n\n\n<p class=\"has-text-align-center\">Kerta toisensa j\u00e4lkeen kirjoittajamme huomaavat, ett\u00e4 internetin helposti saatavilla oleva tieto on usein virheellist\u00e4. N\u00e4iss\u00e4 tilanteissa p\u00e4\u00e4t\u00e4mme tarjota tarkempaa tietoa olemassa olevien tutkimusten pohjalta.<\/p>\n\n\n\n<p class=\"has-text-align-center\">Toisinaan artikkeli saattaa vaatia my\u00f6s k\u00e4yt\u00e4nn\u00f6n kokkaustaitoja. Silloin aiheesta vastaava ravitsemusterapeutti tai laillistettu dietologi menee keitti\u00f6\u00f6n, valmistaa raaka-aineet, valmistaa ateriat ja dokumentoi koko prosessin.<\/p>\n<\/div><\/div>\n\n<\/div><\/div>\n\n<style>.kb-row-layout-id35_91eb43-23 > .kt-row-column-wrap{align-content:start;}:where(.kb-row-layout-id35_91eb43-23 > .kt-row-column-wrap) > .wp-block-kadence-column{justify-content:start;}.kb-row-layout-id35_91eb43-23 > .kt-row-column-wrap{column-gap:var(--global-kb-gap-lg, 4rem);row-gap:var(--global-kb-gap-md, 2rem);max-width:var( --global-content-width, 1290px );padding-left:var(--global-content-edge-padding);padding-right:var(--global-content-edge-padding);padding-top:200px;padding-bottom:200px;grid-template-columns:minmax(0, 1fr);}.kb-row-layout-id35_91eb43-23{background-color:#f9ebeb;}.kb-row-layout-id35_91eb43-23 > .kt-row-layout-overlay{opacity:0.30;}.kb-row-layout-id35_91eb43-23 .kt-row-layout-bottom-sep{height:100px;}.kb-row-layout-id35_91eb43-23 .kt-row-layout-bottom-sep svg{width:100%;}.kb-row-layout-id35_91eb43-23 .kt-row-layout-bottom-sep svg{fill:#ffffff!important;}.kb-row-layout-id35_91eb43-23 .kt-row-layout-top-sep{height:100px;}.kb-row-layout-id35_91eb43-23 .kt-row-layout-top-sep svg{width:100%;}.kb-row-layout-id35_91eb43-23 .kt-row-layout-top-sep svg{fill:#ffffff!important;}@media all and (max-width: 1024px){.kb-row-layout-id35_91eb43-23 > .kt-row-column-wrap{grid-template-columns:minmax(0, 1fr);}}@media all and (max-width: 1024px){.kb-row-layout-id35_91eb43-23 .kt-row-layout-bottom-sep{height:px;}}@media all and (max-width: 1024px){.kb-row-layout-id35_91eb43-23 .kt-row-layout-bottom-sep svg{width:%;}}@media all and (max-width: 767px){.kb-row-layout-id35_91eb43-23 > .kt-row-column-wrap{grid-template-columns:minmax(0, 1fr);}.kb-row-layout-id35_91eb43-23 .kt-row-layout-bottom-sep{height:px;}.kb-row-layout-id35_91eb43-23 .kt-row-layout-bottom-sep svg{width:%;}}<\/style><div class=\"kb-row-layout-wrap kb-row-layout-id35_91eb43-23 alignnone kt-row-has-bg wp-block-kadence-rowlayout\"><div class=\"kt-row-layout-top-sep kt-row-sep-type-cti\"><svg viewBox=\"0 0 1000 100\" preserveAspectRatio=\"none\"><path d=\"M500,2l500,98l-1000,0l500,-98Z\" \/><\/svg><\/div><div class=\"kt-row-layout-bottom-sep kt-row-sep-type-ct\"><svg viewBox=\"0 0 1000 100\" preserveAspectRatio=\"none\"><path d=\"M1000,0l-500,98l-500,-98l0,100l1000,0l0,-100Z\" \/><\/svg><\/div><div class=\"kt-row-column-wrap kt-has-1-columns kt-row-layout-equal kt-tab-layout-inherit kt-mobile-layout-row kt-row-valign-top kb-theme-content-width\">\n<style>.kadence-column35_17d30d-8e > .kt-inside-inner-col,.kadence-column35_17d30d-8e > .kt-inside-inner-col:before{border-top-left-radius:0px;border-top-right-radius:0px;border-bottom-right-radius:0px;border-bottom-left-radius:0px;}.kadence-column35_17d30d-8e > .kt-inside-inner-col{column-gap:var(--global-kb-gap-sm, 1rem);}.kadence-column35_17d30d-8e > .kt-inside-inner-col{flex-direction:column;}.kadence-column35_17d30d-8e > .kt-inside-inner-col > .aligncenter{width:100%;}.kadence-column35_17d30d-8e > .kt-inside-inner-col:before{opacity:0.3;}.kadence-column35_17d30d-8e{position:relative;}@media all and (max-width: 1024px){.kadence-column35_17d30d-8e > .kt-inside-inner-col{flex-direction:column;justify-content:center;}}@media all and (max-width: 767px){.kadence-column35_17d30d-8e > .kt-inside-inner-col{flex-direction:column;justify-content:center;}}<\/style>\n<div class=\"wp-block-kadence-column kadence-column35_17d30d-8e inner-column-1\"><div class=\"kt-inside-inner-col\">\n<p class=\"has-text-align-center has-larger-font-size\"><strong>3<\/strong><\/p>\n\n\n\n<h2 class=\"wp-block-heading has-text-align-center\">Toimituksen hyv\u00e4ksynt\u00e4<\/h2>\n\n\n\n<div style=\"height:20px\" aria-hidden=\"true\" class=\"wp-block-spacer\"><\/div>\n\n\n\n<p class=\"has-text-align-center\">Kun kirjoitus on valmis, toimittajamme tarkistavat tuloksen. He varmistavat, ett\u00e4 kirjoittajiemme laatima luonnos k\u00e4sittelee aiheen asianmukaisesti, vastaa lukijoiden tarpeisiin perusteellisesti ja noudattaa tarkasti laatukriteereit\u00e4mme.<\/p>\n\n\n\n<p class=\"has-text-align-center\">Artikkeliin lis\u00e4t\u00e4\u00e4n lopuksi viimeistely\u00e4, jotta siit\u00e4 tulee helpommin luettavaa tavalliselle lukijalle \u2013 useimmat alan asiantuntijat k\u00e4ytt\u00e4v\u00e4t yleens\u00e4 liikaa teknist\u00e4 ammattisanastoa.<\/p>\n<\/div><\/div>\n\n<\/div><\/div>\n\n<style>.kb-row-layout-id35_d7b42c-e3 > .kt-row-column-wrap{align-content:start;}:where(.kb-row-layout-id35_d7b42c-e3 > .kt-row-column-wrap) > .wp-block-kadence-column{justify-content:start;}.kb-row-layout-id35_d7b42c-e3 > .kt-row-column-wrap{column-gap:var(--global-kb-gap-lg, 4rem);row-gap:var(--global-kb-gap-md, 2rem);max-width:var( --global-content-width, 1290px );padding-left:var(--global-content-edge-padding);padding-right:var(--global-content-edge-padding);padding-top:100px;padding-bottom:200px;grid-template-columns:minmax(0, 1fr);}.kb-row-layout-id35_d7b42c-e3 > .kt-row-layout-overlay{opacity:0.30;}.kb-row-layout-id35_d7b42c-e3 .kt-row-layout-bottom-sep{height:100px;}.kb-row-layout-id35_d7b42c-e3 .kt-row-layout-bottom-sep svg{width:100%;}.kb-row-layout-id35_d7b42c-e3 .kt-row-layout-bottom-sep svg{fill:#ffffff!important;}@media all and (max-width: 1024px){.kb-row-layout-id35_d7b42c-e3 > .kt-row-column-wrap{grid-template-columns:minmax(0, 1fr);}}@media all and (max-width: 1024px){.kb-row-layout-id35_d7b42c-e3 .kt-row-layout-bottom-sep{height:px;}}@media all and (max-width: 1024px){.kb-row-layout-id35_d7b42c-e3 .kt-row-layout-bottom-sep svg{width:%;}}@media all and (max-width: 767px){.kb-row-layout-id35_d7b42c-e3 > .kt-row-column-wrap{grid-template-columns:minmax(0, 1fr);}.kb-row-layout-id35_d7b42c-e3 .kt-row-layout-bottom-sep{height:px;}.kb-row-layout-id35_d7b42c-e3 .kt-row-layout-bottom-sep svg{width:%;}}<\/style><div class=\"kb-row-layout-wrap kb-row-layout-id35_d7b42c-e3 alignnone has-theme-palette9-background-color kt-row-has-bg wp-block-kadence-rowlayout\"><div class=\"kt-row-layout-bottom-sep kt-row-sep-type-ct\"><svg viewBox=\"0 0 1000 100\" preserveAspectRatio=\"none\"><path d=\"M1000,0l-500,98l-500,-98l0,100l1000,0l0,-100Z\" \/><\/svg><\/div><div class=\"kt-row-column-wrap kt-has-1-columns kt-row-layout-equal kt-tab-layout-inherit kt-mobile-layout-row kt-row-valign-top kb-theme-content-width\">\n<style>.kadence-column35_438b1b-7a > .kt-inside-inner-col,.kadence-column35_438b1b-7a > .kt-inside-inner-col:before{border-top-left-radius:0px;border-top-right-radius:0px;border-bottom-right-radius:0px;border-bottom-left-radius:0px;}.kadence-column35_438b1b-7a > .kt-inside-inner-col{column-gap:var(--global-kb-gap-sm, 1rem);}.kadence-column35_438b1b-7a > .kt-inside-inner-col{flex-direction:column;}.kadence-column35_438b1b-7a > .kt-inside-inner-col > .aligncenter{width:100%;}.kadence-column35_438b1b-7a > .kt-inside-inner-col:before{opacity:0.3;}.kadence-column35_438b1b-7a{position:relative;}@media all and (max-width: 1024px){.kadence-column35_438b1b-7a > .kt-inside-inner-col{flex-direction:column;justify-content:center;}}@media all and (max-width: 767px){.kadence-column35_438b1b-7a > .kt-inside-inner-col{flex-direction:column;justify-content:center;}}<\/style>\n<div class=\"wp-block-kadence-column kadence-column35_438b1b-7a inner-column-1\"><div class=\"kt-inside-inner-col\">\n<p class=\"has-text-align-center has-larger-font-size\"><strong>4<\/strong><\/p>\n\n\n\n<h2 class=\"wp-block-heading has-text-align-center\">Asiantuntijaneuvonantajien arviointi<\/h2>\n\n\n\n<div style=\"height:20px\" aria-hidden=\"true\" class=\"wp-block-spacer\"><\/div>\n\n\n\n<p class=\"has-text-align-center\">Kirjoittajamme ovat fiksuja ihmisi\u00e4, jotka ovat suorittaneet l\u00e4\u00e4ketieteellisen koulutuksen. Gizigon asiantuntijaneuvonantajilla on kuitenkin syvemp\u00e4\u00e4 osaamista ravitsemustieteess\u00e4. He ovat kaikki ravitsemusterapeutteja ja laillistettuja dietologeja, joilla on jatko- tai tohtorintutkintoja sek\u00e4 laajaa tutkimuskokemusta ja erinomaista tiet\u00e4myst\u00e4 ravitsemuksesta.<\/p>\n\n\n\n<p class=\"has-text-align-center\">Artikkelit Gizigossa tarkistaa yksi asiantuntijaneuvonantajistamme. Jos niiden katsotaan olevan heikkolaatuisia tai sis\u00e4lt\u00e4v\u00e4n virheellist\u00e4 tietoa, edess\u00e4 on merkitt\u00e4vi\u00e4 korjauksia. N\u00e4in prosessi alkaa alusta uudelleen, kunnes artikkeli on valmis julkaistavaksi.<\/p>\n<\/div><\/div>\n\n<\/div><\/div>","protected":false},"excerpt":{"rendered":"<p>1 Aiheen arviointi Kaikki Gizigon julkaistut artikkelit aloittavat matkansa aiheen tutkimisella. T\u00e4ss\u00e4 prosessissa otetaan huomioon useita tekij\u00f6it\u00e4, kuten trendien tarkistaminen, mit\u00e4 kilpailijamme tuovat esille, sek\u00e4 ravitsemusterapeuttiemme ja laillistettujen dietologien kyky k\u00e4sitell\u00e4 kyseist\u00e4 aihetta, ja niin edelleen. 2 Artikkelin kirjoittaminen Kun aihe on p\u00e4\u00e4tetty, varsinainen ty\u00f6 alkaa. Ravitsemusterapeuttimme ja laillistetut dietologimme ryhtyv\u00e4t perusteelliseen ty\u00f6h\u00f6n aiheen parissa&#8230;<\/p>\n","protected":false},"author":1,"featured_media":0,"parent":0,"menu_order":0,"comment_status":"closed","ping_status":"closed","template":"","meta":{"_kad_post_transparent":"","_kad_post_title":"","_kad_post_layout":"fullwidth","_kad_post_sidebar_id":"","_kad_post_content_style":"unboxed","_kad_post_vertical_padding":"","_kad_post_feature":"","_kad_post_feature_position":"","_kad_post_header":false,"_kad_post_footer":false,"_kad_post_classname":"","footnotes":""},"class_list":["post-35","page","type-page","status-publish","hentry"],"yoast_head":"<!-- This site is optimized with the Yoast SEO plugin v27.3 - https:\/\/yoast.com\/product\/yoast-seo-wordpress\/ -->\n<title>Toimitusprosessi - Gizigo FINNISH<\/title>\n<meta name=\"description\" content=\"Read step-by-step how our articles are created, reviewed, and updated. Registered dietitians act as our experts.\" \/>\n<meta name=\"robots\" content=\"index, follow, max-snippet:-1, max-image-preview:large, max-video-preview:-1\" \/>\n<link rel=\"canonical\" href=\"https:\/\/gizigo.id\/fi\/toimituksellinen-prosessi\/\" \/>\n<meta property=\"og:locale\" content=\"en_US\" \/>\n<meta property=\"og:type\" content=\"article\" \/>\n<meta property=\"og:title\" content=\"Toimitusprosessi - Gizigo FINNISH\" \/>\n<meta property=\"og:description\" content=\"Read step-by-step how our articles are created, reviewed, and updated. Registered dietitians act as our experts.\" \/>\n<meta property=\"og:url\" content=\"https:\/\/gizigo.id\/fi\/toimituksellinen-prosessi\/\" \/>\n<meta property=\"og:site_name\" content=\"Gizigo FINNISH\" \/>\n<meta property=\"article:modified_time\" content=\"2025-10-15T05:38:23+00:00\" \/>\n<meta name=\"twitter:card\" content=\"summary_large_image\" \/>\n<meta name=\"twitter:label1\" content=\"Est. reading time\" \/>\n\t<meta name=\"twitter:data1\" content=\"2 minutes\" \/>\n<script type=\"application\/ld+json\" class=\"yoast-schema-graph\">{\"@context\":\"https:\\\/\\\/schema.org\",\"@graph\":[{\"@type\":\"WebPage\",\"@id\":\"https:\\\/\\\/gizigo.id\\\/fi\\\/toimituksellinen-prosessi\\\/\",\"url\":\"https:\\\/\\\/gizigo.id\\\/fi\\\/toimituksellinen-prosessi\\\/\",\"name\":\"Toimitusprosessi - Gizigo FINNISH\",\"isPartOf\":{\"@id\":\"https:\\\/\\\/gizigo.id\\\/fi\\\/#website\"},\"datePublished\":\"2025-10-02T14:12:34+00:00\",\"dateModified\":\"2025-10-15T05:38:23+00:00\",\"description\":\"Read step-by-step how our articles are created, reviewed, and updated. Registered dietitians act as our experts.\",\"breadcrumb\":{\"@id\":\"https:\\\/\\\/gizigo.id\\\/fi\\\/toimituksellinen-prosessi\\\/#breadcrumb\"},\"inLanguage\":\"en-US\",\"potentialAction\":[{\"@type\":\"ReadAction\",\"target\":[\"https:\\\/\\\/gizigo.id\\\/fi\\\/toimituksellinen-prosessi\\\/\"]}]},{\"@type\":\"BreadcrumbList\",\"@id\":\"https:\\\/\\\/gizigo.id\\\/fi\\\/toimituksellinen-prosessi\\\/#breadcrumb\",\"itemListElement\":[{\"@type\":\"ListItem\",\"position\":1,\"name\":\"Home\",\"item\":\"https:\\\/\\\/gizigo.id\\\/fi\\\/\"},{\"@type\":\"ListItem\",\"position\":2,\"name\":\"[FI] [EDITORIAL PROCESS] Toimitusprosessi\"}]},{\"@type\":\"WebSite\",\"@id\":\"https:\\\/\\\/gizigo.id\\\/fi\\\/#website\",\"url\":\"https:\\\/\\\/gizigo.id\\\/fi\\\/\",\"name\":\"Gizigo FINNISH\",\"description\":\"Ravitsemusterapeuttien ja ravitsemusasiantuntijoiden toimesta\",\"publisher\":{\"@id\":\"https:\\\/\\\/gizigo.id\\\/fi\\\/#organization\"},\"potentialAction\":[{\"@type\":\"SearchAction\",\"target\":{\"@type\":\"EntryPoint\",\"urlTemplate\":\"https:\\\/\\\/gizigo.id\\\/fi\\\/?s={search_term_string}\"},\"query-input\":{\"@type\":\"PropertyValueSpecification\",\"valueRequired\":true,\"valueName\":\"search_term_string\"}}],\"inLanguage\":\"en-US\"},{\"@type\":\"Organization\",\"@id\":\"https:\\\/\\\/gizigo.id\\\/fi\\\/#organization\",\"name\":\"Gizigo\",\"url\":\"https:\\\/\\\/gizigo.id\\\/fi\\\/\",\"logo\":{\"@type\":\"ImageObject\",\"inLanguage\":\"en-US\",\"@id\":\"https:\\\/\\\/gizigo.id\\\/fi\\\/#\\\/schema\\\/logo\\\/image\\\/\",\"url\":\"https:\\\/\\\/i0.wp.com\\\/gizigo.id\\\/fi\\\/wp-content\\\/uploads\\\/sites\\\/14\\\/2025\\\/10\\\/Logo-Gizigo_warna-512px.png?fit=512%2C512&ssl=1\",\"contentUrl\":\"https:\\\/\\\/i0.wp.com\\\/gizigo.id\\\/fi\\\/wp-content\\\/uploads\\\/sites\\\/14\\\/2025\\\/10\\\/Logo-Gizigo_warna-512px.png?fit=512%2C512&ssl=1\",\"width\":512,\"height\":512,\"caption\":\"Gizigo\"},\"image\":{\"@id\":\"https:\\\/\\\/gizigo.id\\\/fi\\\/#\\\/schema\\\/logo\\\/image\\\/\"}}]}<\/script>\n<!-- \/ Yoast SEO plugin. -->","yoast_head_json":{"title":"Toimitusprosessi - Gizigo FINNISH","description":"Read step-by-step how our articles are created, reviewed, and updated. Registered dietitians act as our experts.","robots":{"index":"index","follow":"follow","max-snippet":"max-snippet:-1","max-image-preview":"max-image-preview:large","max-video-preview":"max-video-preview:-1"},"canonical":"https:\/\/gizigo.id\/fi\/toimituksellinen-prosessi\/","og_locale":"en_US","og_type":"article","og_title":"Toimitusprosessi - Gizigo FINNISH","og_description":"Read step-by-step how our articles are created, reviewed, and updated. Registered dietitians act as our experts.","og_url":"https:\/\/gizigo.id\/fi\/toimituksellinen-prosessi\/","og_site_name":"Gizigo FINNISH","article_modified_time":"2025-10-15T05:38:23+00:00","twitter_card":"summary_large_image","twitter_misc":{"Est. reading time":"2 minutes"},"schema":{"@context":"https:\/\/schema.org","@graph":[{"@type":"WebPage","@id":"https:\/\/gizigo.id\/fi\/toimituksellinen-prosessi\/","url":"https:\/\/gizigo.id\/fi\/toimituksellinen-prosessi\/","name":"Toimitusprosessi - Gizigo FINNISH","isPartOf":{"@id":"https:\/\/gizigo.id\/fi\/#website"},"datePublished":"2025-10-02T14:12:34+00:00","dateModified":"2025-10-15T05:38:23+00:00","description":"Read step-by-step how our articles are created, reviewed, and updated. Registered dietitians act as our experts.","breadcrumb":{"@id":"https:\/\/gizigo.id\/fi\/toimituksellinen-prosessi\/#breadcrumb"},"inLanguage":"en-US","potentialAction":[{"@type":"ReadAction","target":["https:\/\/gizigo.id\/fi\/toimituksellinen-prosessi\/"]}]},{"@type":"BreadcrumbList","@id":"https:\/\/gizigo.id\/fi\/toimituksellinen-prosessi\/#breadcrumb","itemListElement":[{"@type":"ListItem","position":1,"name":"Home","item":"https:\/\/gizigo.id\/fi\/"},{"@type":"ListItem","position":2,"name":"[FI] [EDITORIAL PROCESS] Toimitusprosessi"}]},{"@type":"WebSite","@id":"https:\/\/gizigo.id\/fi\/#website","url":"https:\/\/gizigo.id\/fi\/","name":"Gizigo FINNISH","description":"Ravitsemusterapeuttien ja ravitsemusasiantuntijoiden toimesta","publisher":{"@id":"https:\/\/gizigo.id\/fi\/#organization"},"potentialAction":[{"@type":"SearchAction","target":{"@type":"EntryPoint","urlTemplate":"https:\/\/gizigo.id\/fi\/?s={search_term_string}"},"query-input":{"@type":"PropertyValueSpecification","valueRequired":true,"valueName":"search_term_string"}}],"inLanguage":"en-US"},{"@type":"Organization","@id":"https:\/\/gizigo.id\/fi\/#organization","name":"Gizigo","url":"https:\/\/gizigo.id\/fi\/","logo":{"@type":"ImageObject","inLanguage":"en-US","@id":"https:\/\/gizigo.id\/fi\/#\/schema\/logo\/image\/","url":"https:\/\/i0.wp.com\/gizigo.id\/fi\/wp-content\/uploads\/sites\/14\/2025\/10\/Logo-Gizigo_warna-512px.png?fit=512%2C512&ssl=1","contentUrl":"https:\/\/i0.wp.com\/gizigo.id\/fi\/wp-content\/uploads\/sites\/14\/2025\/10\/Logo-Gizigo_warna-512px.png?fit=512%2C512&ssl=1","width":512,"height":512,"caption":"Gizigo"},"image":{"@id":"https:\/\/gizigo.id\/fi\/#\/schema\/logo\/image\/"}}]}},"jetpack_sharing_enabled":true,"_links":{"self":[{"href":"https:\/\/gizigo.id\/fi\/wp-json\/wp\/v2\/pages\/35","targetHints":{"allow":["GET"]}}],"collection":[{"href":"https:\/\/gizigo.id\/fi\/wp-json\/wp\/v2\/pages"}],"about":[{"href":"https:\/\/gizigo.id\/fi\/wp-json\/wp\/v2\/types\/page"}],"author":[{"embeddable":true,"href":"https:\/\/gizigo.id\/fi\/wp-json\/wp\/v2\/users\/1"}],"replies":[{"embeddable":true,"href":"https:\/\/gizigo.id\/fi\/wp-json\/wp\/v2\/comments?post=35"}],"version-history":[{"count":2,"href":"https:\/\/gizigo.id\/fi\/wp-json\/wp\/v2\/pages\/35\/revisions"}],"predecessor-version":[{"id":180,"href":"https:\/\/gizigo.id\/fi\/wp-json\/wp\/v2\/pages\/35\/revisions\/180"}],"wp:attachment":[{"href":"https:\/\/gizigo.id\/fi\/wp-json\/wp\/v2\/media?parent=35"}],"curies":[{"name":"wp","href":"https:\/\/api.w.org\/{rel}","templated":true}]}}