{"id":37,"date":"2025-10-02T14:15:14","date_gmt":"2025-10-02T14:15:14","guid":{"rendered":"https:\/\/gizigo.id\/fi\/?page_id=37"},"modified":"2025-10-15T05:38:17","modified_gmt":"2025-10-15T05:38:17","slug":"tietosuojaseloste","status":"publish","type":"page","link":"https:\/\/gizigo.id\/fi\/tietosuojaseloste\/","title":{"rendered":"Tietosuojak\u00e4yt\u00e4nt\u00f6"},"content":{"rendered":"<style>.kb-row-layout-id37_9b4670-fd > .kt-row-column-wrap{align-content:start;}:where(.kb-row-layout-id37_9b4670-fd > .kt-row-column-wrap) > .wp-block-kadence-column{justify-content:start;}.kb-row-layout-id37_9b4670-fd > .kt-row-column-wrap{column-gap:var(--global-kb-gap-lg, 4rem);row-gap:var(--global-kb-gap-md, 2rem);max-width:var( --global-content-width, 1290px );padding-left:var(--global-content-edge-padding);padding-right:var(--global-content-edge-padding);padding-top:100px;padding-bottom:100px;grid-template-columns:minmax(0, 1fr);}.kb-row-layout-id37_9b4670-fd > .kt-row-layout-overlay{opacity:0.30;}@media all and (max-width: 1024px){.kb-row-layout-id37_9b4670-fd > .kt-row-column-wrap{grid-template-columns:minmax(0, 1fr);}}@media all and (max-width: 767px){.kb-row-layout-id37_9b4670-fd > .kt-row-column-wrap{grid-template-columns:minmax(0, 1fr);}}<\/style><div class=\"kb-row-layout-wrap kb-row-layout-id37_9b4670-fd alignnone has-theme-palette8-background-color kt-row-has-bg wp-block-kadence-rowlayout\"><div class=\"kt-row-column-wrap kt-has-1-columns kt-row-layout-equal kt-tab-layout-inherit kt-mobile-layout-row kt-row-valign-top kb-theme-content-width\">\n<style>.kadence-column37_04321d-93 > .kt-inside-inner-col,.kadence-column37_04321d-93 > .kt-inside-inner-col:before{border-top-left-radius:0px;border-top-right-radius:0px;border-bottom-right-radius:0px;border-bottom-left-radius:0px;}.kadence-column37_04321d-93 > .kt-inside-inner-col{column-gap:var(--global-kb-gap-sm, 1rem);}.kadence-column37_04321d-93 > .kt-inside-inner-col{flex-direction:column;}.kadence-column37_04321d-93 > .kt-inside-inner-col > .aligncenter{width:100%;}.kadence-column37_04321d-93 > .kt-inside-inner-col:before{opacity:0.3;}.kadence-column37_04321d-93{position:relative;}@media all and (max-width: 1024px){.kadence-column37_04321d-93 > .kt-inside-inner-col{flex-direction:column;justify-content:center;}}@media all and (max-width: 767px){.kadence-column37_04321d-93 > .kt-inside-inner-col{flex-direction:column;justify-content:center;}}<\/style>\n<div class=\"wp-block-kadence-column kadence-column37_04321d-93 inner-column-1\"><div class=\"kt-inside-inner-col\">\n<p class=\"has-text-align-center\">Tietosuojak\u00e4yt\u00e4nt\u00f6 sivustolle <strong><a href=\"https:\/\/gizigo.id\/fi\/\">https:\/\/gizigo.id\/fi\/<\/a><\/strong><\/p>\n\n\n\n<div style=\"height:20px\" aria-hidden=\"true\" class=\"wp-block-spacer\"><\/div>\n\n\n\n<p>Gizigo.id yll\u00e4pit\u00e4\u00e4 verkkosivustoa https:\/\/gizigo.id\/fi\/, joka tarjoaa PALVELUN.<\/p>\n\n\n\n<p>T\u00e4t\u00e4 sivua k\u00e4ytet\u00e4\u00e4n tiedottamaan verkkosivuston k\u00e4vij\u00f6ille k\u00e4yt\u00e4nn\u00f6ist\u00e4mme liittyen henkil\u00f6tietojen ker\u00e4\u00e4miseen, k\u00e4ytt\u00f6\u00f6n ja luovuttamiseen, jos joku p\u00e4\u00e4tt\u00e4\u00e4 k\u00e4ytt\u00e4\u00e4 Palveluamme, Gizigo.id -verkkosivustoa.<\/p>\n\n\n\n<p>Jos p\u00e4\u00e4t\u00e4t k\u00e4ytt\u00e4\u00e4 Palveluamme, hyv\u00e4ksyt tietojen ker\u00e4\u00e4misen ja k\u00e4yt\u00f6n t\u00e4m\u00e4n k\u00e4yt\u00e4nn\u00f6n mukaisesti. Ker\u00e4\u00e4m\u00e4mme henkil\u00f6tiedot k\u00e4ytet\u00e4\u00e4n Palvelun tarjoamiseen ja parantamiseen. Emme k\u00e4yt\u00e4 tai jaa tietojasi kenenk\u00e4\u00e4n muun kanssa kuin t\u00e4ss\u00e4 tietosuojak\u00e4yt\u00e4nn\u00f6ss\u00e4 kuvatulla tavalla. Tietosuojak\u00e4yt\u00e4nt\u00f6mme on luotu <a href=\"https:\/\/www.privacypolicytemplate.net\/\">Privacy Policy Template Generator<\/a>  -ty\u00f6kalun avulla.<\/p>\n\n\n\n<p>T\u00e4ss\u00e4 tietosuojak\u00e4yt\u00e4nn\u00f6ss\u00e4 k\u00e4ytetyill\u00e4 termeill\u00e4 on samat merkitykset kuin K\u00e4ytt\u00f6ehdoissamme, jotka ovat saatavilla osoitteessa https:\/\/gizigo.id\/fi\/, ellei niit\u00e4 ole m\u00e4\u00e4ritelty toisin t\u00e4ss\u00e4 tietosuojak\u00e4yt\u00e4nn\u00f6ss\u00e4.<\/p>\n\n\n\n<h2 class=\"wp-block-heading\">Tietojen ker\u00e4\u00e4minen ja k\u00e4ytt\u00f6<\/h2>\n\n\n\n<p>Parempaa k\u00e4ytt\u00f6kokemusta varten saatamme pyyt\u00e4\u00e4 sinua antamaan meille tiettyj\u00e4 henkil\u00f6kohtaisesti tunnistettavia tietoja, mukaan lukien mutta ei rajoittuen nimeesi, puhelinnumeroosi ja postiosoitteeseesi. Ker\u00e4\u00e4mi\u00e4mme tietoja k\u00e4ytet\u00e4\u00e4n sinuun yhteyden ottamiseen tai henkil\u00f6llisyytesi tunnistamiseen.<\/p>\n\n\n\n<h2 class=\"wp-block-heading\">Lokitiedot<\/h2>\n\n\n\n<p>Haluamme ilmoittaa, ett\u00e4 aina kun vierailet Palvelussamme, ker\u00e4\u00e4mme tietoja, joita selaimesi l\u00e4hett\u00e4\u00e4 meille, ja joita kutsutaan Lokitiedoiksi. N\u00e4m\u00e4 lokitiedot voivat sis\u00e4lt\u00e4\u00e4 tietoja, kuten tietokoneesi IP-osoite (\u201cInternet Protocol\u201d), selaimen versio, Palvelumme sivut, joilla vierailet, vierailusi ajankohta ja p\u00e4iv\u00e4m\u00e4\u00e4r\u00e4, n\u00e4ill\u00e4 sivuilla vietetty aika sek\u00e4 muita tilastoja.<\/p>\n\n\n\n<h2 class=\"wp-block-heading\">Ev\u00e4steet<\/h2>\n\n\n\n<p>Ev\u00e4steet ovat pieni\u00e4 tietom\u00e4\u00e4ri\u00e4 sis\u00e4lt\u00e4vi\u00e4 tiedostoja, joita k\u00e4ytet\u00e4\u00e4n usein anonyymin\u00e4 yksil\u00f6iv\u00e4n\u00e4 tunnisteena. Ne l\u00e4hetet\u00e4\u00e4n selaimellesi verkkosivustolta, jolla vierailet, ja tallennetaan tietokoneesi kiintolevylle.<\/p>\n\n\n\n<p>Verkkosivustomme k\u00e4ytt\u00e4\u00e4 n\u00e4it\u00e4 \u201cev\u00e4steit\u00e4\u201d tiedon ker\u00e4\u00e4miseen ja Palvelun parantamiseen. Sinulla on mahdollisuus joko hyv\u00e4ksy\u00e4 tai kielt\u00e4yty\u00e4 n\u00e4ist\u00e4 ev\u00e4steist\u00e4 sek\u00e4 tiet\u00e4\u00e4, milloin ev\u00e4ste l\u00e4hetet\u00e4\u00e4n tietokoneellesi. Jos p\u00e4\u00e4t\u00e4t kielt\u00e4yty\u00e4 ev\u00e4steist\u00e4mme, et ehk\u00e4 pysty k\u00e4ytt\u00e4m\u00e4\u00e4n joitakin osia Palvelustamme.<\/p>\n\n\n\n<h2 class=\"wp-block-heading\">Palveluntarjoajat<\/h2>\n\n\n\n<p>Saatamme k\u00e4ytt\u00e4\u00e4 kolmansia osapuolia ja yksityisi\u00e4 henkil\u00f6it\u00e4 seuraavista syist\u00e4:<\/p>\n\n\n\n<ul class=\"wp-block-list\">\n<li>Palvelumme helpottamiseksi;<\/li>\n\n\n\n<li>Palvelun tarjoamiseksi puolestamme;<\/li>\n\n\n\n<li>Palveluun liittyvien toimintojen suorittamiseksi; tai<\/li>\n\n\n\n<li>Auttaaksemme meit\u00e4 analysoimaan, kuinka Palveluamme k\u00e4ytet\u00e4\u00e4n.<\/li>\n<\/ul>\n\n\n\n<p>Haluamme ilmoittaa Palvelumme k\u00e4ytt\u00e4jille, ett\u00e4 n\u00e4ill\u00e4 kolmansilla osapuolilla on p\u00e4\u00e4sy henkil\u00f6tietoihisi. Syyn\u00e4 on heille uskottujen teht\u00e4vien suorittaminen puolestamme. He ovat kuitenkin velvollisia olemaan paljastamatta tai k\u00e4ytt\u00e4m\u00e4tt\u00e4 tietoja mihink\u00e4\u00e4n muuhun tarkoitukseen.<\/p>\n\n\n\n<h2 class=\"wp-block-heading\">Turvallisuus<\/h2>\n\n\n\n<p>Arvostamme luottamustasi, kun annat meille henkil\u00f6tietojasi, joten pyrimme k\u00e4ytt\u00e4m\u00e4\u00e4n kaupallisesti hyv\u00e4ksytt\u00e4vi\u00e4 keinoja niiden suojaamiseksi. Muista kuitenkin, ett\u00e4 mik\u00e4\u00e4n internetin kautta tapahtuva tiedonsiirtomenetelm\u00e4 tai s\u00e4hk\u00f6inen tallennusmenetelm\u00e4 ei ole 100 % turvallinen ja luotettava, emmek\u00e4 voi taata sen t\u00e4ydellist\u00e4 turvallisuutta.<\/p>\n\n\n\n<h2 class=\"wp-block-heading\">Linkit muihin sivustoihin<\/h2>\n\n\n\n<p>Palvelumme voi sis\u00e4lt\u00e4\u00e4 linkkej\u00e4 muille sivustoille. Jos klikkaat kolmannen osapuolen linkki\u00e4, sinut ohjataan kyseiselle sivustolle. Huomaa, ett\u00e4 n\u00e4it\u00e4 ulkoisia sivustoja ei yll\u00e4pidet\u00e4 meid\u00e4n toimesta. Siksi suosittelemme vahvasti tarkistamaan n\u00e4iden verkkosivustojen tietosuojak\u00e4yt\u00e4nn\u00f6n. Meill\u00e4 ei ole m\u00e4\u00e4r\u00e4ysvaltaa n\u00e4iden kolmansien osapuolten sivustojen sis\u00e4lt\u00f6\u00f6n, tietosuojak\u00e4yt\u00e4nt\u00f6ihin tai k\u00e4yt\u00e4nt\u00f6ihin, emmek\u00e4 ota niist\u00e4 vastuuta.<\/p>\n\n\n\n<h2 class=\"wp-block-heading\">Lasten yksityisyys<\/h2>\n\n\n\n<p>Palvelumme ei ole suunnattu alle 18-vuotiaille. Emme tietoisesti ker\u00e4\u00e4 henkil\u00f6kohtaisesti tunnistettavaa tietoa alle 18-vuotiailta lapsilta. Jos havaitsemme, ett\u00e4 alle 18-vuotias on antanut meille henkil\u00f6kohtaisia tietoja, poistamme ne v\u00e4litt\u00f6m\u00e4sti palvelimiltamme. Jos olet vanhempi tai huoltaja ja tied\u00e4t, ett\u00e4 lapsesi on antanut meille henkil\u00f6tietoja, ota meihin yhteytt\u00e4, jotta voimme ryhty\u00e4 tarvittaviin toimiin.<\/p>\n\n\n\n<h2 class=\"wp-block-heading\">Muutokset t\u00e4h\u00e4n tietosuojak\u00e4yt\u00e4nt\u00f6\u00f6n<\/h2>\n\n\n\n<p>Saatamme p\u00e4ivitt\u00e4\u00e4 tietosuojak\u00e4yt\u00e4nt\u00f6\u00e4mme ajoittain. Siksi suosittelemme tarkistamaan t\u00e4m\u00e4n sivun s\u00e4\u00e4nn\u00f6llisesti mahdollisten muutosten varalta. Ilmoitamme sinulle kaikista muutoksista julkaisemalla uuden tietosuojak\u00e4yt\u00e4nn\u00f6n t\u00e4ll\u00e4 sivulla. N\u00e4m\u00e4 muutokset tulevat voimaan v\u00e4litt\u00f6m\u00e4sti sen j\u00e4lkeen, kun ne on julkaistu t\u00e4ll\u00e4 sivulla.<\/p>\n\n\n\n<h2 class=\"wp-block-heading\">Ota meihin yhteytt\u00e4<\/h2>\n\n\n\n<p>Jos sinulla on kysytt\u00e4v\u00e4\u00e4 tai ehdotuksia tietosuojak\u00e4yt\u00e4nn\u00f6st\u00e4mme, \u00e4l\u00e4 ep\u00e4r\u00f6i ottaa meihin yhteytt\u00e4.<\/p>\n<\/div><\/div>\n\n<\/div><\/div>","protected":false},"excerpt":{"rendered":"<p>Tietosuojak\u00e4yt\u00e4nt\u00f6 sivustolle https:\/\/gizigo.id\/fi\/ Gizigo.id yll\u00e4pit\u00e4\u00e4 verkkosivustoa https:\/\/gizigo.id\/fi\/, joka tarjoaa PALVELUN. T\u00e4t\u00e4 sivua k\u00e4ytet\u00e4\u00e4n tiedottamaan verkkosivuston k\u00e4vij\u00f6ille k\u00e4yt\u00e4nn\u00f6ist\u00e4mme liittyen henkil\u00f6tietojen ker\u00e4\u00e4miseen, k\u00e4ytt\u00f6\u00f6n ja luovuttamiseen, jos joku p\u00e4\u00e4tt\u00e4\u00e4 k\u00e4ytt\u00e4\u00e4 Palveluamme, Gizigo.id -verkkosivustoa. Jos p\u00e4\u00e4t\u00e4t k\u00e4ytt\u00e4\u00e4 Palveluamme, hyv\u00e4ksyt tietojen ker\u00e4\u00e4misen ja k\u00e4yt\u00f6n t\u00e4m\u00e4n k\u00e4yt\u00e4nn\u00f6n mukaisesti. Ker\u00e4\u00e4m\u00e4mme henkil\u00f6tiedot k\u00e4ytet\u00e4\u00e4n Palvelun tarjoamiseen ja parantamiseen. Emme k\u00e4yt\u00e4 tai jaa tietojasi kenenk\u00e4\u00e4n&#8230;<\/p>\n","protected":false},"author":1,"featured_media":0,"parent":0,"menu_order":0,"comment_status":"closed","ping_status":"closed","template":"","meta":{"_kad_post_transparent":"","_kad_post_title":"","_kad_post_layout":"fullwidth","_kad_post_sidebar_id":"","_kad_post_content_style":"unboxed","_kad_post_vertical_padding":"","_kad_post_feature":"","_kad_post_feature_position":"","_kad_post_header":false,"_kad_post_footer":false,"_kad_post_classname":"","footnotes":""},"class_list":["post-37","page","type-page","status-publish","hentry"],"yoast_head":"<!-- This site is optimized with the Yoast SEO plugin v27.3 - https:\/\/yoast.com\/product\/yoast-seo-wordpress\/ -->\n<title>Tietosuojak\u00e4yt\u00e4nt\u00f6 - Gizigo FINNISH<\/title>\n<meta name=\"description\" content=\"Review our Privacy Policy. We explain what information we collect, how we process it, and how we protect your privacy.\" \/>\n<meta name=\"robots\" content=\"index, follow, max-snippet:-1, max-image-preview:large, max-video-preview:-1\" \/>\n<link rel=\"canonical\" href=\"https:\/\/gizigo.id\/fi\/tietosuojaseloste\/\" \/>\n<meta property=\"og:locale\" content=\"en_US\" \/>\n<meta property=\"og:type\" content=\"article\" \/>\n<meta property=\"og:title\" content=\"Tietosuojak\u00e4yt\u00e4nt\u00f6 - Gizigo FINNISH\" \/>\n<meta property=\"og:description\" content=\"Review our Privacy Policy. We explain what information we collect, how we process it, and how we protect your privacy.\" \/>\n<meta property=\"og:url\" content=\"https:\/\/gizigo.id\/fi\/tietosuojaseloste\/\" \/>\n<meta property=\"og:site_name\" content=\"Gizigo FINNISH\" \/>\n<meta property=\"article:modified_time\" content=\"2025-10-15T05:38:17+00:00\" \/>\n<meta name=\"twitter:card\" content=\"summary_large_image\" \/>\n<meta name=\"twitter:label1\" content=\"Est. reading time\" \/>\n\t<meta name=\"twitter:data1\" content=\"3 minutes\" \/>\n<script type=\"application\/ld+json\" class=\"yoast-schema-graph\">{\"@context\":\"https:\\\/\\\/schema.org\",\"@graph\":[{\"@type\":\"WebPage\",\"@id\":\"https:\\\/\\\/gizigo.id\\\/fi\\\/tietosuojaseloste\\\/\",\"url\":\"https:\\\/\\\/gizigo.id\\\/fi\\\/tietosuojaseloste\\\/\",\"name\":\"Tietosuojak\u00e4yt\u00e4nt\u00f6 - Gizigo FINNISH\",\"isPartOf\":{\"@id\":\"https:\\\/\\\/gizigo.id\\\/fi\\\/#website\"},\"datePublished\":\"2025-10-02T14:15:14+00:00\",\"dateModified\":\"2025-10-15T05:38:17+00:00\",\"description\":\"Review our Privacy Policy. We explain what information we collect, how we process it, and how we protect your privacy.\",\"breadcrumb\":{\"@id\":\"https:\\\/\\\/gizigo.id\\\/fi\\\/tietosuojaseloste\\\/#breadcrumb\"},\"inLanguage\":\"en-US\",\"potentialAction\":[{\"@type\":\"ReadAction\",\"target\":[\"https:\\\/\\\/gizigo.id\\\/fi\\\/tietosuojaseloste\\\/\"]}]},{\"@type\":\"BreadcrumbList\",\"@id\":\"https:\\\/\\\/gizigo.id\\\/fi\\\/tietosuojaseloste\\\/#breadcrumb\",\"itemListElement\":[{\"@type\":\"ListItem\",\"position\":1,\"name\":\"Home\",\"item\":\"https:\\\/\\\/gizigo.id\\\/fi\\\/\"},{\"@type\":\"ListItem\",\"position\":2,\"name\":\"[FI] [PRIVACY POLICY] Tietosuojak\u00e4yt\u00e4nt\u00f6\"}]},{\"@type\":\"WebSite\",\"@id\":\"https:\\\/\\\/gizigo.id\\\/fi\\\/#website\",\"url\":\"https:\\\/\\\/gizigo.id\\\/fi\\\/\",\"name\":\"Gizigo FINNISH\",\"description\":\"Ravitsemusterapeuttien ja ravitsemusasiantuntijoiden toimesta\",\"publisher\":{\"@id\":\"https:\\\/\\\/gizigo.id\\\/fi\\\/#organization\"},\"potentialAction\":[{\"@type\":\"SearchAction\",\"target\":{\"@type\":\"EntryPoint\",\"urlTemplate\":\"https:\\\/\\\/gizigo.id\\\/fi\\\/?s={search_term_string}\"},\"query-input\":{\"@type\":\"PropertyValueSpecification\",\"valueRequired\":true,\"valueName\":\"search_term_string\"}}],\"inLanguage\":\"en-US\"},{\"@type\":\"Organization\",\"@id\":\"https:\\\/\\\/gizigo.id\\\/fi\\\/#organization\",\"name\":\"Gizigo\",\"url\":\"https:\\\/\\\/gizigo.id\\\/fi\\\/\",\"logo\":{\"@type\":\"ImageObject\",\"inLanguage\":\"en-US\",\"@id\":\"https:\\\/\\\/gizigo.id\\\/fi\\\/#\\\/schema\\\/logo\\\/image\\\/\",\"url\":\"https:\\\/\\\/i0.wp.com\\\/gizigo.id\\\/fi\\\/wp-content\\\/uploads\\\/sites\\\/14\\\/2025\\\/10\\\/Logo-Gizigo_warna-512px.png?fit=512%2C512&ssl=1\",\"contentUrl\":\"https:\\\/\\\/i0.wp.com\\\/gizigo.id\\\/fi\\\/wp-content\\\/uploads\\\/sites\\\/14\\\/2025\\\/10\\\/Logo-Gizigo_warna-512px.png?fit=512%2C512&ssl=1\",\"width\":512,\"height\":512,\"caption\":\"Gizigo\"},\"image\":{\"@id\":\"https:\\\/\\\/gizigo.id\\\/fi\\\/#\\\/schema\\\/logo\\\/image\\\/\"}}]}<\/script>\n<!-- \/ Yoast SEO plugin. -->","yoast_head_json":{"title":"Tietosuojak\u00e4yt\u00e4nt\u00f6 - Gizigo FINNISH","description":"Review our Privacy Policy. We explain what information we collect, how we process it, and how we protect your privacy.","robots":{"index":"index","follow":"follow","max-snippet":"max-snippet:-1","max-image-preview":"max-image-preview:large","max-video-preview":"max-video-preview:-1"},"canonical":"https:\/\/gizigo.id\/fi\/tietosuojaseloste\/","og_locale":"en_US","og_type":"article","og_title":"Tietosuojak\u00e4yt\u00e4nt\u00f6 - Gizigo FINNISH","og_description":"Review our Privacy Policy. We explain what information we collect, how we process it, and how we protect your privacy.","og_url":"https:\/\/gizigo.id\/fi\/tietosuojaseloste\/","og_site_name":"Gizigo FINNISH","article_modified_time":"2025-10-15T05:38:17+00:00","twitter_card":"summary_large_image","twitter_misc":{"Est. reading time":"3 minutes"},"schema":{"@context":"https:\/\/schema.org","@graph":[{"@type":"WebPage","@id":"https:\/\/gizigo.id\/fi\/tietosuojaseloste\/","url":"https:\/\/gizigo.id\/fi\/tietosuojaseloste\/","name":"Tietosuojak\u00e4yt\u00e4nt\u00f6 - Gizigo FINNISH","isPartOf":{"@id":"https:\/\/gizigo.id\/fi\/#website"},"datePublished":"2025-10-02T14:15:14+00:00","dateModified":"2025-10-15T05:38:17+00:00","description":"Review our Privacy Policy. We explain what information we collect, how we process it, and how we protect your privacy.","breadcrumb":{"@id":"https:\/\/gizigo.id\/fi\/tietosuojaseloste\/#breadcrumb"},"inLanguage":"en-US","potentialAction":[{"@type":"ReadAction","target":["https:\/\/gizigo.id\/fi\/tietosuojaseloste\/"]}]},{"@type":"BreadcrumbList","@id":"https:\/\/gizigo.id\/fi\/tietosuojaseloste\/#breadcrumb","itemListElement":[{"@type":"ListItem","position":1,"name":"Home","item":"https:\/\/gizigo.id\/fi\/"},{"@type":"ListItem","position":2,"name":"[FI] [PRIVACY POLICY] Tietosuojak\u00e4yt\u00e4nt\u00f6"}]},{"@type":"WebSite","@id":"https:\/\/gizigo.id\/fi\/#website","url":"https:\/\/gizigo.id\/fi\/","name":"Gizigo FINNISH","description":"Ravitsemusterapeuttien ja ravitsemusasiantuntijoiden toimesta","publisher":{"@id":"https:\/\/gizigo.id\/fi\/#organization"},"potentialAction":[{"@type":"SearchAction","target":{"@type":"EntryPoint","urlTemplate":"https:\/\/gizigo.id\/fi\/?s={search_term_string}"},"query-input":{"@type":"PropertyValueSpecification","valueRequired":true,"valueName":"search_term_string"}}],"inLanguage":"en-US"},{"@type":"Organization","@id":"https:\/\/gizigo.id\/fi\/#organization","name":"Gizigo","url":"https:\/\/gizigo.id\/fi\/","logo":{"@type":"ImageObject","inLanguage":"en-US","@id":"https:\/\/gizigo.id\/fi\/#\/schema\/logo\/image\/","url":"https:\/\/i0.wp.com\/gizigo.id\/fi\/wp-content\/uploads\/sites\/14\/2025\/10\/Logo-Gizigo_warna-512px.png?fit=512%2C512&ssl=1","contentUrl":"https:\/\/i0.wp.com\/gizigo.id\/fi\/wp-content\/uploads\/sites\/14\/2025\/10\/Logo-Gizigo_warna-512px.png?fit=512%2C512&ssl=1","width":512,"height":512,"caption":"Gizigo"},"image":{"@id":"https:\/\/gizigo.id\/fi\/#\/schema\/logo\/image\/"}}]}},"jetpack_sharing_enabled":true,"_links":{"self":[{"href":"https:\/\/gizigo.id\/fi\/wp-json\/wp\/v2\/pages\/37","targetHints":{"allow":["GET"]}}],"collection":[{"href":"https:\/\/gizigo.id\/fi\/wp-json\/wp\/v2\/pages"}],"about":[{"href":"https:\/\/gizigo.id\/fi\/wp-json\/wp\/v2\/types\/page"}],"author":[{"embeddable":true,"href":"https:\/\/gizigo.id\/fi\/wp-json\/wp\/v2\/users\/1"}],"replies":[{"embeddable":true,"href":"https:\/\/gizigo.id\/fi\/wp-json\/wp\/v2\/comments?post=37"}],"version-history":[{"count":2,"href":"https:\/\/gizigo.id\/fi\/wp-json\/wp\/v2\/pages\/37\/revisions"}],"predecessor-version":[{"id":179,"href":"https:\/\/gizigo.id\/fi\/wp-json\/wp\/v2\/pages\/37\/revisions\/179"}],"wp:attachment":[{"href":"https:\/\/gizigo.id\/fi\/wp-json\/wp\/v2\/media?parent=37"}],"curies":[{"name":"wp","href":"https:\/\/api.w.org\/{rel}","templated":true}]}}