{"id":40,"date":"2025-10-02T14:28:25","date_gmt":"2025-10-02T14:28:25","guid":{"rendered":"https:\/\/gizigo.id\/fi\/?page_id=40"},"modified":"2025-10-15T05:38:11","modified_gmt":"2025-10-15T05:38:11","slug":"kayttoehdot","status":"publish","type":"page","link":"https:\/\/gizigo.id\/fi\/kayttoehdot\/","title":{"rendered":"K\u00e4ytt\u00f6ehdot"},"content":{"rendered":"<style>.kb-row-layout-id40_ef5d0b-36 > .kt-row-column-wrap{align-content:start;}:where(.kb-row-layout-id40_ef5d0b-36 > .kt-row-column-wrap) > .wp-block-kadence-column{justify-content:start;}.kb-row-layout-id40_ef5d0b-36 > .kt-row-column-wrap{column-gap:var(--global-kb-gap-lg, 4rem);row-gap:var(--global-kb-gap-md, 2rem);max-width:var( --global-content-width, 1290px );padding-left:var(--global-content-edge-padding);padding-right:var(--global-content-edge-padding);padding-top:100px;padding-bottom:100px;grid-template-columns:minmax(0, 1fr);}.kb-row-layout-id40_ef5d0b-36 > .kt-row-layout-overlay{opacity:0.30;}@media all and (max-width: 1024px){.kb-row-layout-id40_ef5d0b-36 > .kt-row-column-wrap{grid-template-columns:minmax(0, 1fr);}}@media all and (max-width: 767px){.kb-row-layout-id40_ef5d0b-36 > .kt-row-column-wrap{grid-template-columns:minmax(0, 1fr);}}<\/style><div class=\"kb-row-layout-wrap kb-row-layout-id40_ef5d0b-36 alignnone has-theme-palette8-background-color kt-row-has-bg wp-block-kadence-rowlayout\"><div class=\"kt-row-column-wrap kt-has-1-columns kt-row-layout-equal kt-tab-layout-inherit kt-mobile-layout-row kt-row-valign-top kb-theme-content-width\">\n<style>.kadence-column40_944752-29 > .kt-inside-inner-col,.kadence-column40_944752-29 > .kt-inside-inner-col:before{border-top-left-radius:0px;border-top-right-radius:0px;border-bottom-right-radius:0px;border-bottom-left-radius:0px;}.kadence-column40_944752-29 > .kt-inside-inner-col{column-gap:var(--global-kb-gap-sm, 1rem);}.kadence-column40_944752-29 > .kt-inside-inner-col{flex-direction:column;}.kadence-column40_944752-29 > .kt-inside-inner-col > .aligncenter{width:100%;}.kadence-column40_944752-29 > .kt-inside-inner-col:before{opacity:0.3;}.kadence-column40_944752-29{position:relative;}@media all and (max-width: 1024px){.kadence-column40_944752-29 > .kt-inside-inner-col{flex-direction:column;justify-content:center;}}@media all and (max-width: 767px){.kadence-column40_944752-29 > .kt-inside-inner-col{flex-direction:column;justify-content:center;}}<\/style>\n<div class=\"wp-block-kadence-column kadence-column40_944752-29 inner-column-1\"><div class=\"kt-inside-inner-col\">\n<p class=\"has-text-align-center\">K\u00e4ytt\u00f6ehdot sivustolle <strong><a href=\"https:\/\/gizigo.id\/fi\/\">https:\/\/gizigo.id\/fi\/<\/a><\/strong><\/p>\n\n\n\n<div style=\"height:20px\" aria-hidden=\"true\" class=\"wp-block-spacer\"><\/div>\n\n\n\n<p>Selaamalla ja k\u00e4ytt\u00e4m\u00e4ll\u00e4 t\u00e4t\u00e4 verkkosivustoa Gizigo.id (j\u00e4ljemp\u00e4n\u00e4 \u201dYRITYS\u201d), sitoudut noudattamaan ja olemaan sidottu seuraaviin k\u00e4ytt\u00f6ehtoihin. Seuraavat k\u00e4ytt\u00f6ehdot, yhdess\u00e4 tietosuojak\u00e4yt\u00e4nt\u00f6mme kanssa, s\u00e4\u00e4telev\u00e4t YRITYKSEN suhdetta sinuun liittyen t\u00e4h\u00e4n verkkosivustoon. Termit \u2019YRITYS\u2019, \u2019me\u2019 tai \u2019meid\u00e4n\u2019 viittaavat t\u00e4m\u00e4n verkkosivuston omistajaan. Termi \u2019sin\u00e4\u2019 viittaa verkkosivuston k\u00e4ytt\u00e4j\u00e4\u00e4n tai katselijaan.<\/p>\n\n\n<style>.wp-block-kadence-advancedheading.kt-adv-heading40_7aee4b-1c, .wp-block-kadence-advancedheading.kt-adv-heading40_7aee4b-1c[data-kb-block=\"kb-adv-heading40_7aee4b-1c\"]{text-align:center;font-style:normal;}.wp-block-kadence-advancedheading.kt-adv-heading40_7aee4b-1c mark.kt-highlight, .wp-block-kadence-advancedheading.kt-adv-heading40_7aee4b-1c[data-kb-block=\"kb-adv-heading40_7aee4b-1c\"] mark.kt-highlight{font-style:normal;color:#f76a0c;-webkit-box-decoration-break:clone;box-decoration-break:clone;padding-top:0px;padding-right:0px;padding-bottom:0px;padding-left:0px;}.wp-block-kadence-advancedheading.kt-adv-heading40_7aee4b-1c img.kb-inline-image, .wp-block-kadence-advancedheading.kt-adv-heading40_7aee4b-1c[data-kb-block=\"kb-adv-heading40_7aee4b-1c\"] img.kb-inline-image{width:150px;vertical-align:baseline;}<\/style>\n<h2 class=\"kt-adv-heading40_7aee4b-1c wp-block-kadence-advancedheading\" data-kb-block=\"kb-adv-heading40_7aee4b-1c\"><strong>T\u00e4m\u00e4n verkkosivuston k\u00e4ytt\u00f6\u00f6n sovelletaan seuraavia ehtoja:<\/strong><\/h2>\n\n\n\n<ul class=\"wp-block-list\">\n<li>T\u00e4m\u00e4n verkkosivuston sivujen sis\u00e4lt\u00f6 on tarkoitettu ainoastaan yleiseen tietoon ja k\u00e4ytt\u00f6\u00f6n.<\/li>\n\n\n\n<li>T\u00e4m\u00e4n verkkosivuston sis\u00e4lt\u00f6 voi muuttua ilman erillist\u00e4 ilmoitusta.<\/li>\n\n\n\n<li>Emme me emmek\u00e4 kolmannet osapuolet anna mit\u00e4\u00e4n takuuta tai vakuutusta tietojen ja materiaalien tarkkuudesta, ajankohtaisuudesta, suorituskyvyst\u00e4, t\u00e4ydellisyydest\u00e4 tai soveltuvuudesta mihin tahansa tarkoitukseen, joita l\u00f6ytyy tai joita tarjotaan t\u00e4ll\u00e4 verkkosivustolla. Tiedostat, ett\u00e4 t\u00e4llaiset tiedot ja materiaalit voivat sis\u00e4lt\u00e4\u00e4 ep\u00e4tarkkuuksia tai virheit\u00e4. Sanoudumme nimenomaisesti irti vastuusta t\u00e4llaisista ep\u00e4tarkkuuksista tai virheist\u00e4 siin\u00e4 laajuudessa kuin laki sallii.<\/li>\n\n\n\n<li>Kaikkien t\u00e4m\u00e4n verkkosivuston tietojen tai materiaalien k\u00e4ytt\u00f6 on t\u00e4ysin omalla vastuullasi, emmek\u00e4 ole siit\u00e4 vastuussa. On sinun vastuullasi varmistaa, ett\u00e4 kaikki t\u00e4m\u00e4n verkkosivuston kautta saatavilla olevat tuotteet, palvelut tai tiedot vastaavat erityisi\u00e4 tarpeitasi.<\/li>\n\n\n\n<li>T\u00e4m\u00e4 verkkosivusto sis\u00e4lt\u00e4\u00e4 materiaalia, joka on meid\u00e4n omistamaamme tai meille lisensoitu. T\u00e4m\u00e4 materiaali sis\u00e4lt\u00e4\u00e4, mutta ei rajoitu, suunnitteluun, asetteluun, ulkoasuun ja grafiikkaan. J\u00e4ljenn\u00f6st\u00e4 ei sallita.<\/li>\n\n\n\n<li>Kaikki tavaramerkit, joita j\u00e4ljennet\u00e4\u00e4n t\u00e4ll\u00e4 verkkosivustolla mutta jotka eiv\u00e4t ole t\u00e4m\u00e4n verkkosivuston toimijan omaisuutta tai lisensoitu h\u00e4nelle, tunnustetaan verkkosivustolla.<\/li>\n\n\n\n<li>Luvaton k\u00e4ytt\u00f6 t\u00e4st\u00e4 verkkosivustosta voi johtaa vahingonkorvausvaatimuksiin ja\/tai rikosoikeudellisiin seuraamuksiin.<\/li>\n\n\n\n<li>T\u00e4m\u00e4 verkkosivusto voi sis\u00e4lt\u00e4\u00e4 linkkej\u00e4 kolmansien osapuolten verkkosivustoihin. N\u00e4m\u00e4 linkit eiv\u00e4t tarkoita, ett\u00e4 hyv\u00e4ksymme kyseiset kolmansien osapuolten verkkosivustot. Emme ole vastuussa mist\u00e4\u00e4n kolmansien osapuolten verkkosivustojen sis\u00e4ll\u00f6st\u00e4, joihin voimme linkitt\u00e4\u00e4.<\/li>\n\n\n\n<li>Et saa luoda linkki\u00e4 t\u00e4h\u00e4n verkkosivustoon toiselta verkkosivustolta tai asiakirjasta ilman YRITYKSEN etuk\u00e4teen antamaa kirjallista suostumusta.<\/li>\n\n\n\n<li>T\u00e4m\u00e4n verkkosivuston k\u00e4ytt\u00f6 ja kaikki k\u00e4ytt\u00f6\u00f6n liittyv\u00e4t riidat ovat Indonesian lakien alaisia.<\/li>\n<\/ul>\n\n\n<style>.wp-block-kadence-advancedheading.kt-adv-heading40_0246c1-36, .wp-block-kadence-advancedheading.kt-adv-heading40_0246c1-36[data-kb-block=\"kb-adv-heading40_0246c1-36\"]{text-align:center;font-style:normal;}.wp-block-kadence-advancedheading.kt-adv-heading40_0246c1-36 mark.kt-highlight, .wp-block-kadence-advancedheading.kt-adv-heading40_0246c1-36[data-kb-block=\"kb-adv-heading40_0246c1-36\"] mark.kt-highlight{font-style:normal;color:#f76a0c;-webkit-box-decoration-break:clone;box-decoration-break:clone;padding-top:0px;padding-right:0px;padding-bottom:0px;padding-left:0px;}.wp-block-kadence-advancedheading.kt-adv-heading40_0246c1-36 img.kb-inline-image, .wp-block-kadence-advancedheading.kt-adv-heading40_0246c1-36[data-kb-block=\"kb-adv-heading40_0246c1-36\"] img.kb-inline-image{width:150px;vertical-align:baseline;}<\/style>\n<h2 class=\"kt-adv-heading40_0246c1-36 wp-block-kadence-advancedheading\" data-kb-block=\"kb-adv-heading40_0246c1-36\"><strong>Toimittamasi materiaalit ja tilin k\u00e4ytt\u00f6<\/strong><\/h2>\n\n\n\n<p>Materiaaleihin, jotka julkaiset tai muuten toimitat YRITYKSELLE Palvelujen yhteydess\u00e4 (\u201dL\u00e4hetyksesi\u201d), my\u00f6nn\u00e4t YRITYKSELLE peruuttamattoman, ikuisen, rojaltivapaan maailmanlaajuisen lisenssin (a) k\u00e4ytt\u00e4\u00e4, kopioida, jakaa, siirt\u00e4\u00e4, n\u00e4ytt\u00e4\u00e4 julkisesti, esitt\u00e4\u00e4 julkisesti, j\u00e4ljent\u00e4\u00e4, muokata, muuntaa, valmistella johdannaisteoksia tai sis\u00e4llytt\u00e4\u00e4 muihin teoksiin sek\u00e4 k\u00e4\u00e4nt\u00e4\u00e4 L\u00e4hetyksesi Palvelujen yhteydess\u00e4 tai miss\u00e4 tahansa muussa mediassa ja (b) alilisensoida n\u00e4m\u00e4 oikeudet siin\u00e4 laajuudessa kuin sovellettava laki sallii. YRITYS ei maksa sinulle L\u00e4hetyksest\u00e4si tai oikeuksien k\u00e4ytt\u00e4misest\u00e4, jotka liittyv\u00e4t edell\u00e4 mainittuun. YRITYS voi poistaa tai muokata L\u00e4hetyksesi milloin tahansa. Jokaisen L\u00e4hetyksen osalta sitoudut antamaan tarkat ja t\u00e4ydelliset tiedot ja vakuutat, ett\u00e4 sinulla on kaikki tarvittavat oikeudet my\u00f6nt\u00e4\u00e4 YRITYKSELLE t\u00e4ss\u00e4 kappaleessa tarkoitetut oikeudet, ett\u00e4 YRITYKSEN k\u00e4ytt\u00f6 L\u00e4hetyksest\u00e4si ei loukkaa kolmansien osapuolten oikeuksia ja ett\u00e4 L\u00e4hetys on 1. kappaleessa m\u00e4\u00e4riteltyjen ehtojen mukainen. Olet yksin vastuussa kaikista L\u00e4hetyksist\u00e4, jotka teet k\u00e4ytt\u00e4j\u00e4tilisi kautta Palveluissa tai jotka muutoin teet saataville Palveluiden kautta.<\/p>\n\n\n<style>.wp-block-kadence-advancedheading.kt-adv-heading40_2391c0-08, .wp-block-kadence-advancedheading.kt-adv-heading40_2391c0-08[data-kb-block=\"kb-adv-heading40_2391c0-08\"]{text-align:center;font-style:normal;}.wp-block-kadence-advancedheading.kt-adv-heading40_2391c0-08 mark.kt-highlight, .wp-block-kadence-advancedheading.kt-adv-heading40_2391c0-08[data-kb-block=\"kb-adv-heading40_2391c0-08\"] mark.kt-highlight{font-style:normal;color:#f76a0c;-webkit-box-decoration-break:clone;box-decoration-break:clone;padding-top:0px;padding-right:0px;padding-bottom:0px;padding-left:0px;}.wp-block-kadence-advancedheading.kt-adv-heading40_2391c0-08 img.kb-inline-image, .wp-block-kadence-advancedheading.kt-adv-heading40_2391c0-08[data-kb-block=\"kb-adv-heading40_2391c0-08\"] img.kb-inline-image{width:150px;vertical-align:baseline;}<\/style>\n<h2 class=\"kt-adv-heading40_2391c0-08 wp-block-kadence-advancedheading\" data-kb-block=\"kb-adv-heading40_2391c0-08\"><strong>Kuvien k\u00e4ytt\u00f6oikeus<\/strong><\/h2>\n\n\n\n<p>Kutsumme sinut k\u00e4ytt\u00e4m\u00e4\u00e4n mit\u00e4 tahansa grafiikkaamme verkkosivustollasi ja\/tai sosiaalisessa mediassasi. Voit muokata niit\u00e4 tai k\u00e4ytt\u00e4\u00e4 sellaisenaan. Ainoa pyynt\u00f6mme vastineeksi on, ett\u00e4 mainitset l\u00e4hteen viittaamalla alkuper\u00e4isen julkaisun URL-osoitteeseen.<\/p>\n<\/div><\/div>\n\n<\/div><\/div>","protected":false},"excerpt":{"rendered":"<p>K\u00e4ytt\u00f6ehdot sivustolle https:\/\/gizigo.id\/fi\/ Selaamalla ja k\u00e4ytt\u00e4m\u00e4ll\u00e4 t\u00e4t\u00e4 verkkosivustoa Gizigo.id (j\u00e4ljemp\u00e4n\u00e4 \u201dYRITYS\u201d), sitoudut noudattamaan ja olemaan sidottu seuraaviin k\u00e4ytt\u00f6ehtoihin. Seuraavat k\u00e4ytt\u00f6ehdot, yhdess\u00e4 tietosuojak\u00e4yt\u00e4nt\u00f6mme kanssa, s\u00e4\u00e4telev\u00e4t YRITYKSEN suhdetta sinuun liittyen t\u00e4h\u00e4n verkkosivustoon. Termit \u2019YRITYS\u2019, \u2019me\u2019 tai \u2019meid\u00e4n\u2019 viittaavat t\u00e4m\u00e4n verkkosivuston omistajaan. Termi \u2019sin\u00e4\u2019 viittaa verkkosivuston k\u00e4ytt\u00e4j\u00e4\u00e4n tai katselijaan. T\u00e4m\u00e4n verkkosivuston k\u00e4ytt\u00f6\u00f6n sovelletaan seuraavia ehtoja: Toimittamasi materiaalit ja&#8230;<\/p>\n","protected":false},"author":1,"featured_media":0,"parent":0,"menu_order":0,"comment_status":"closed","ping_status":"closed","template":"","meta":{"_kad_post_transparent":"","_kad_post_title":"","_kad_post_layout":"fullwidth","_kad_post_sidebar_id":"","_kad_post_content_style":"unboxed","_kad_post_vertical_padding":"","_kad_post_feature":"","_kad_post_feature_position":"","_kad_post_header":false,"_kad_post_footer":false,"_kad_post_classname":"","footnotes":""},"class_list":["post-40","page","type-page","status-publish","hentry"],"yoast_head":"<!-- This site is optimized with the Yoast SEO plugin v27.3 - https:\/\/yoast.com\/product\/yoast-seo-wordpress\/ -->\n<title>K\u00e4ytt\u00f6ehdot - Gizigo FINNISH<\/title>\n<meta name=\"description\" content=\"K\u00e4ytt\u00f6ehtosopimus sinun ja verkkosivustomme v\u00e4lill\u00e4. Lue ehdot huolellisesti ennen palvelun k\u00e4ytt\u00f6\u00e4.\" \/>\n<meta name=\"robots\" content=\"index, follow, max-snippet:-1, max-image-preview:large, max-video-preview:-1\" \/>\n<link rel=\"canonical\" href=\"https:\/\/gizigo.id\/fi\/kayttoehdot\/\" \/>\n<meta property=\"og:locale\" content=\"en_US\" \/>\n<meta property=\"og:type\" content=\"article\" \/>\n<meta property=\"og:title\" content=\"K\u00e4ytt\u00f6ehdot - Gizigo FINNISH\" \/>\n<meta property=\"og:description\" content=\"K\u00e4ytt\u00f6ehtosopimus sinun ja verkkosivustomme v\u00e4lill\u00e4. Lue ehdot huolellisesti ennen palvelun k\u00e4ytt\u00f6\u00e4.\" \/>\n<meta property=\"og:url\" content=\"https:\/\/gizigo.id\/fi\/kayttoehdot\/\" \/>\n<meta property=\"og:site_name\" content=\"Gizigo FINNISH\" \/>\n<meta property=\"article:modified_time\" content=\"2025-10-15T05:38:11+00:00\" \/>\n<meta name=\"twitter:card\" content=\"summary_large_image\" \/>\n<meta name=\"twitter:label1\" content=\"Est. reading time\" \/>\n\t<meta name=\"twitter:data1\" content=\"2 minutes\" \/>\n<script type=\"application\/ld+json\" class=\"yoast-schema-graph\">{\"@context\":\"https:\\\/\\\/schema.org\",\"@graph\":[{\"@type\":\"WebPage\",\"@id\":\"https:\\\/\\\/gizigo.id\\\/fi\\\/kayttoehdot\\\/\",\"url\":\"https:\\\/\\\/gizigo.id\\\/fi\\\/kayttoehdot\\\/\",\"name\":\"K\u00e4ytt\u00f6ehdot - Gizigo FINNISH\",\"isPartOf\":{\"@id\":\"https:\\\/\\\/gizigo.id\\\/fi\\\/#website\"},\"datePublished\":\"2025-10-02T14:28:25+00:00\",\"dateModified\":\"2025-10-15T05:38:11+00:00\",\"description\":\"K\u00e4ytt\u00f6ehtosopimus sinun ja verkkosivustomme v\u00e4lill\u00e4. Lue ehdot huolellisesti ennen palvelun k\u00e4ytt\u00f6\u00e4.\",\"breadcrumb\":{\"@id\":\"https:\\\/\\\/gizigo.id\\\/fi\\\/kayttoehdot\\\/#breadcrumb\"},\"inLanguage\":\"en-US\",\"potentialAction\":[{\"@type\":\"ReadAction\",\"target\":[\"https:\\\/\\\/gizigo.id\\\/fi\\\/kayttoehdot\\\/\"]}]},{\"@type\":\"BreadcrumbList\",\"@id\":\"https:\\\/\\\/gizigo.id\\\/fi\\\/kayttoehdot\\\/#breadcrumb\",\"itemListElement\":[{\"@type\":\"ListItem\",\"position\":1,\"name\":\"Home\",\"item\":\"https:\\\/\\\/gizigo.id\\\/fi\\\/\"},{\"@type\":\"ListItem\",\"position\":2,\"name\":\"[FI] [TERMS OF USE] K\u00e4ytt\u00f6ehdot\"}]},{\"@type\":\"WebSite\",\"@id\":\"https:\\\/\\\/gizigo.id\\\/fi\\\/#website\",\"url\":\"https:\\\/\\\/gizigo.id\\\/fi\\\/\",\"name\":\"Gizigo FINNISH\",\"description\":\"Ravitsemusterapeuttien ja ravitsemusasiantuntijoiden toimesta\",\"publisher\":{\"@id\":\"https:\\\/\\\/gizigo.id\\\/fi\\\/#organization\"},\"potentialAction\":[{\"@type\":\"SearchAction\",\"target\":{\"@type\":\"EntryPoint\",\"urlTemplate\":\"https:\\\/\\\/gizigo.id\\\/fi\\\/?s={search_term_string}\"},\"query-input\":{\"@type\":\"PropertyValueSpecification\",\"valueRequired\":true,\"valueName\":\"search_term_string\"}}],\"inLanguage\":\"en-US\"},{\"@type\":\"Organization\",\"@id\":\"https:\\\/\\\/gizigo.id\\\/fi\\\/#organization\",\"name\":\"Gizigo\",\"url\":\"https:\\\/\\\/gizigo.id\\\/fi\\\/\",\"logo\":{\"@type\":\"ImageObject\",\"inLanguage\":\"en-US\",\"@id\":\"https:\\\/\\\/gizigo.id\\\/fi\\\/#\\\/schema\\\/logo\\\/image\\\/\",\"url\":\"https:\\\/\\\/i0.wp.com\\\/gizigo.id\\\/fi\\\/wp-content\\\/uploads\\\/sites\\\/14\\\/2025\\\/10\\\/Logo-Gizigo_warna-512px.png?fit=512%2C512&ssl=1\",\"contentUrl\":\"https:\\\/\\\/i0.wp.com\\\/gizigo.id\\\/fi\\\/wp-content\\\/uploads\\\/sites\\\/14\\\/2025\\\/10\\\/Logo-Gizigo_warna-512px.png?fit=512%2C512&ssl=1\",\"width\":512,\"height\":512,\"caption\":\"Gizigo\"},\"image\":{\"@id\":\"https:\\\/\\\/gizigo.id\\\/fi\\\/#\\\/schema\\\/logo\\\/image\\\/\"}}]}<\/script>\n<!-- \/ Yoast SEO plugin. -->","yoast_head_json":{"title":"K\u00e4ytt\u00f6ehdot - Gizigo FINNISH","description":"K\u00e4ytt\u00f6ehtosopimus sinun ja verkkosivustomme v\u00e4lill\u00e4. Lue ehdot huolellisesti ennen palvelun k\u00e4ytt\u00f6\u00e4.","robots":{"index":"index","follow":"follow","max-snippet":"max-snippet:-1","max-image-preview":"max-image-preview:large","max-video-preview":"max-video-preview:-1"},"canonical":"https:\/\/gizigo.id\/fi\/kayttoehdot\/","og_locale":"en_US","og_type":"article","og_title":"K\u00e4ytt\u00f6ehdot - Gizigo FINNISH","og_description":"K\u00e4ytt\u00f6ehtosopimus sinun ja verkkosivustomme v\u00e4lill\u00e4. Lue ehdot huolellisesti ennen palvelun k\u00e4ytt\u00f6\u00e4.","og_url":"https:\/\/gizigo.id\/fi\/kayttoehdot\/","og_site_name":"Gizigo FINNISH","article_modified_time":"2025-10-15T05:38:11+00:00","twitter_card":"summary_large_image","twitter_misc":{"Est. reading time":"2 minutes"},"schema":{"@context":"https:\/\/schema.org","@graph":[{"@type":"WebPage","@id":"https:\/\/gizigo.id\/fi\/kayttoehdot\/","url":"https:\/\/gizigo.id\/fi\/kayttoehdot\/","name":"K\u00e4ytt\u00f6ehdot - Gizigo FINNISH","isPartOf":{"@id":"https:\/\/gizigo.id\/fi\/#website"},"datePublished":"2025-10-02T14:28:25+00:00","dateModified":"2025-10-15T05:38:11+00:00","description":"K\u00e4ytt\u00f6ehtosopimus sinun ja verkkosivustomme v\u00e4lill\u00e4. Lue ehdot huolellisesti ennen palvelun k\u00e4ytt\u00f6\u00e4.","breadcrumb":{"@id":"https:\/\/gizigo.id\/fi\/kayttoehdot\/#breadcrumb"},"inLanguage":"en-US","potentialAction":[{"@type":"ReadAction","target":["https:\/\/gizigo.id\/fi\/kayttoehdot\/"]}]},{"@type":"BreadcrumbList","@id":"https:\/\/gizigo.id\/fi\/kayttoehdot\/#breadcrumb","itemListElement":[{"@type":"ListItem","position":1,"name":"Home","item":"https:\/\/gizigo.id\/fi\/"},{"@type":"ListItem","position":2,"name":"[FI] [TERMS OF USE] K\u00e4ytt\u00f6ehdot"}]},{"@type":"WebSite","@id":"https:\/\/gizigo.id\/fi\/#website","url":"https:\/\/gizigo.id\/fi\/","name":"Gizigo FINNISH","description":"Ravitsemusterapeuttien ja ravitsemusasiantuntijoiden toimesta","publisher":{"@id":"https:\/\/gizigo.id\/fi\/#organization"},"potentialAction":[{"@type":"SearchAction","target":{"@type":"EntryPoint","urlTemplate":"https:\/\/gizigo.id\/fi\/?s={search_term_string}"},"query-input":{"@type":"PropertyValueSpecification","valueRequired":true,"valueName":"search_term_string"}}],"inLanguage":"en-US"},{"@type":"Organization","@id":"https:\/\/gizigo.id\/fi\/#organization","name":"Gizigo","url":"https:\/\/gizigo.id\/fi\/","logo":{"@type":"ImageObject","inLanguage":"en-US","@id":"https:\/\/gizigo.id\/fi\/#\/schema\/logo\/image\/","url":"https:\/\/i0.wp.com\/gizigo.id\/fi\/wp-content\/uploads\/sites\/14\/2025\/10\/Logo-Gizigo_warna-512px.png?fit=512%2C512&ssl=1","contentUrl":"https:\/\/i0.wp.com\/gizigo.id\/fi\/wp-content\/uploads\/sites\/14\/2025\/10\/Logo-Gizigo_warna-512px.png?fit=512%2C512&ssl=1","width":512,"height":512,"caption":"Gizigo"},"image":{"@id":"https:\/\/gizigo.id\/fi\/#\/schema\/logo\/image\/"}}]}},"jetpack_sharing_enabled":true,"_links":{"self":[{"href":"https:\/\/gizigo.id\/fi\/wp-json\/wp\/v2\/pages\/40","targetHints":{"allow":["GET"]}}],"collection":[{"href":"https:\/\/gizigo.id\/fi\/wp-json\/wp\/v2\/pages"}],"about":[{"href":"https:\/\/gizigo.id\/fi\/wp-json\/wp\/v2\/types\/page"}],"author":[{"embeddable":true,"href":"https:\/\/gizigo.id\/fi\/wp-json\/wp\/v2\/users\/1"}],"replies":[{"embeddable":true,"href":"https:\/\/gizigo.id\/fi\/wp-json\/wp\/v2\/comments?post=40"}],"version-history":[{"count":2,"href":"https:\/\/gizigo.id\/fi\/wp-json\/wp\/v2\/pages\/40\/revisions"}],"predecessor-version":[{"id":178,"href":"https:\/\/gizigo.id\/fi\/wp-json\/wp\/v2\/pages\/40\/revisions\/178"}],"wp:attachment":[{"href":"https:\/\/gizigo.id\/fi\/wp-json\/wp\/v2\/media?parent=40"}],"curies":[{"name":"wp","href":"https:\/\/api.w.org\/{rel}","templated":true}]}}