{"id":30,"date":"2025-10-14T07:37:05","date_gmt":"2025-10-14T07:37:05","guid":{"rendered":"https:\/\/gizigo.id\/fr\/?page_id=30"},"modified":"2025-10-15T05:43:59","modified_gmt":"2025-10-15T05:43:59","slug":"mentions-legales","status":"publish","type":"page","link":"https:\/\/gizigo.id\/fr\/mentions-legales\/","title":{"rendered":"Mentions Legales"},"content":{"rendered":"<style>.kb-row-layout-id30_b928b9-a1 > .kt-row-column-wrap{align-content:start;}:where(.kb-row-layout-id30_b928b9-a1 > .kt-row-column-wrap) > .wp-block-kadence-column{justify-content:start;}.kb-row-layout-id30_b928b9-a1 > .kt-row-column-wrap{column-gap:var(--global-kb-gap-lg, 4rem);row-gap:var(--global-kb-gap-md, 2rem);max-width:var( --global-content-width, 1290px );padding-left:var(--global-content-edge-padding);padding-right:var(--global-content-edge-padding);padding-top:100px;padding-bottom:100px;grid-template-columns:minmax(0, 1fr);}.kb-row-layout-id30_b928b9-a1 > .kt-row-layout-overlay{opacity:0.30;}@media all and (max-width: 1024px){.kb-row-layout-id30_b928b9-a1 > .kt-row-column-wrap{grid-template-columns:minmax(0, 1fr);}}@media all and (max-width: 767px){.kb-row-layout-id30_b928b9-a1 > .kt-row-column-wrap{grid-template-columns:minmax(0, 1fr);}}<\/style><div class=\"kb-row-layout-wrap kb-row-layout-id30_b928b9-a1 alignnone has-theme-palette8-background-color kt-row-has-bg wp-block-kadence-rowlayout\"><div class=\"kt-row-column-wrap kt-has-1-columns kt-row-layout-equal kt-tab-layout-inherit kt-mobile-layout-row kt-row-valign-top kb-theme-content-width\">\n<style>.kadence-column30_dff32a-0e > .kt-inside-inner-col,.kadence-column30_dff32a-0e > .kt-inside-inner-col:before{border-top-left-radius:0px;border-top-right-radius:0px;border-bottom-right-radius:0px;border-bottom-left-radius:0px;}.kadence-column30_dff32a-0e > .kt-inside-inner-col{column-gap:var(--global-kb-gap-sm, 1rem);}.kadence-column30_dff32a-0e > .kt-inside-inner-col{flex-direction:column;}.kadence-column30_dff32a-0e > .kt-inside-inner-col > .aligncenter{width:100%;}.kadence-column30_dff32a-0e > .kt-inside-inner-col:before{opacity:0.3;}.kadence-column30_dff32a-0e{position:relative;}@media all and (max-width: 1024px){.kadence-column30_dff32a-0e > .kt-inside-inner-col{flex-direction:column;justify-content:center;}}@media all and (max-width: 767px){.kadence-column30_dff32a-0e > .kt-inside-inner-col{flex-direction:column;justify-content:center;}}<\/style>\n<div class=\"wp-block-kadence-column kadence-column30_dff32a-0e inner-column-1\"><div class=\"kt-inside-inner-col\">\n<p class=\"has-text-align-center\">Mentions legales pour <strong><a href=\"https:\/\/gizigo.id\/fr\/\">https:\/\/gizigo.id\/fr\/<\/a><\/strong><\/p>\n\n\n\n<div style=\"height:20px\" aria-hidden=\"true\" class=\"wp-block-spacer\"><\/div>\n\n\n\n<p>Les articles publi\u00e9s sur Gizigo.id, \u00e0 l\u2019exception de ceux de la cat\u00e9gorie Bulletin, sont :<\/p>\n\n\n\n<ul class=\"wp-block-list\">\n<li>r\u00e9dig\u00e9s par un(e) nutritionniste\/di\u00e9t\u00e9ticien(ne) agr\u00e9\u00e9(e) collaborant avec nous, ou<\/li>\n\n\n\n<li>le r\u00e9sultat des \u00e9crits de notre \u00e9quipe \u00e9ditoriale, supervis\u00e9s par un(e) nutritionniste\/di\u00e9t\u00e9ticien(ne) agr\u00e9\u00e9(e).<\/li>\n<\/ul>\n\n\n\n<p>Toutes les informations que nous fournissons sur ce blog sont publi\u00e9es de bonne foi et uniquement \u00e0 des fins d\u2019information g\u00e9n\u00e9rale.<\/p>\n\n\n\n<p>Nous faisons tout notre possible pour effectuer des recherches et consulter la litt\u00e9rature provenant de diverses sources cr\u00e9dibles avant de r\u00e9diger quoi que ce soit sur ce blog.<\/p>\n\n\n\n<p class=\"has-text-align-center\">***<\/p>\n\n\n\n<p>Les articles contenus sur ce site sont pr\u00e9sent\u00e9s uniquement \u00e0 titre d\u2019information compl\u00e9mentaire.<\/p>\n\n\n\n<p>Les articles du site Gizigo.id NE sont PAS destin\u00e9s \u00e0 remplacer un traitement m\u00e9dical professionnel ni les recommandations d\u2019un(e) nutritionniste professionnel(le). Les articles contenus sur ce site NE doivent PAS \u00eatre utilis\u00e9s comme base de diagnostic ou de choix th\u00e9rapeutiques.<\/p>\n\n\n\n<p>Tout traitement que vous entreprenez doit \u00eatre fond\u00e9 sur les recommandations d\u2019un m\u00e9decin, d\u2019un(e) nutritionniste ou d\u2019un(e) di\u00e9t\u00e9ticien(ne) agr\u00e9\u00e9(e) apr\u00e8s un examen direct.<\/p>\n\n\n\n<p>Tous les risques li\u00e9s \u00e0 l\u2019utilisation des informations de ce site web incombent au lecteur.<\/p>\n\n\n\n<p class=\"has-text-align-center\">***<\/p>\n\n\n\n<h2 class=\"wp-block-heading has-text-align-center\">Avis DMCA<\/h2>\n\n\n\n<p>Si vous \u00eates le propri\u00e9taire l\u00e9gitime de l\u2019une des images publi\u00e9es sur Gizigo.id et que vous ne souhaitez pas qu\u2019elle soit affich\u00e9e, ou si vous souhaitez obtenir un cr\u00e9dit appropri\u00e9, veuillez nous contacter et nous prendrons imm\u00e9diatement toutes les mesures n\u00e9cessaires. Merci de nous informer <a href=\"https:\/\/gizigo.id\/fr\/contact\/\"><strong>par e-mail<\/strong><\/a> si l\u2019image doit \u00eatre supprim\u00e9e ou si nous devons fournir un lien vers votre site.<\/p>\n<\/div><\/div>\n\n<\/div><\/div>","protected":false},"excerpt":{"rendered":"<p>Mentions legales pour https:\/\/gizigo.id\/fr\/ Les articles publi\u00e9s sur Gizigo.id, \u00e0 l\u2019exception de ceux de la cat\u00e9gorie Bulletin, sont : Toutes les informations que nous fournissons sur ce blog sont publi\u00e9es de bonne foi et uniquement \u00e0 des fins d\u2019information g\u00e9n\u00e9rale. Nous faisons tout notre possible pour effectuer des recherches et consulter la litt\u00e9rature provenant de&#8230;<\/p>\n","protected":false},"author":1,"featured_media":0,"parent":0,"menu_order":0,"comment_status":"closed","ping_status":"closed","template":"","meta":{"_kad_post_transparent":"","_kad_post_title":"","_kad_post_layout":"fullwidth","_kad_post_sidebar_id":"","_kad_post_content_style":"unboxed","_kad_post_vertical_padding":"","_kad_post_feature":"","_kad_post_feature_position":"","_kad_post_header":false,"_kad_post_footer":false,"_kad_post_classname":"","footnotes":""},"class_list":["post-30","page","type-page","status-publish","hentry"],"yoast_head":"<!-- This site is optimized with the Yoast SEO plugin v27.3 - https:\/\/yoast.com\/product\/yoast-seo-wordpress\/ -->\n<title>[FR] [DISCLAIMER] Mentions Legales - Gizigo FRENCH<\/title>\n<meta name=\"robots\" content=\"index, follow, max-snippet:-1, max-image-preview:large, max-video-preview:-1\" \/>\n<link rel=\"canonical\" href=\"https:\/\/gizigo.id\/fr\/mentions-legales\/\" \/>\n<meta property=\"og:locale\" content=\"en_US\" \/>\n<meta property=\"og:type\" content=\"article\" \/>\n<meta property=\"og:title\" content=\"[FR] [DISCLAIMER] Mentions Legales - Gizigo FRENCH\" \/>\n<meta property=\"og:description\" content=\"Mentions legales pour https:\/\/gizigo.id\/fr\/ Les articles publi\u00e9s sur Gizigo.id, \u00e0 l\u2019exception de ceux de la cat\u00e9gorie Bulletin, sont : Toutes les informations que nous fournissons sur ce blog sont publi\u00e9es de bonne foi et uniquement \u00e0 des fins d\u2019information g\u00e9n\u00e9rale. Nous faisons tout notre possible pour effectuer des recherches et consulter la litt\u00e9rature provenant de...\" \/>\n<meta property=\"og:url\" content=\"https:\/\/gizigo.id\/fr\/mentions-legales\/\" \/>\n<meta property=\"og:site_name\" content=\"Gizigo FRENCH\" \/>\n<meta property=\"article:modified_time\" content=\"2025-10-15T05:43:59+00:00\" \/>\n<meta name=\"twitter:card\" content=\"summary_large_image\" \/>\n<meta name=\"twitter:label1\" content=\"Est. reading time\" \/>\n\t<meta name=\"twitter:data1\" content=\"2 minutes\" \/>\n<script type=\"application\/ld+json\" class=\"yoast-schema-graph\">{\"@context\":\"https:\\\/\\\/schema.org\",\"@graph\":[{\"@type\":\"WebPage\",\"@id\":\"https:\\\/\\\/gizigo.id\\\/fr\\\/mentions-legales\\\/\",\"url\":\"https:\\\/\\\/gizigo.id\\\/fr\\\/mentions-legales\\\/\",\"name\":\"[FR] [DISCLAIMER] Mentions Legales - Gizigo FRENCH\",\"isPartOf\":{\"@id\":\"https:\\\/\\\/gizigo.id\\\/fr\\\/#website\"},\"datePublished\":\"2025-10-14T07:37:05+00:00\",\"dateModified\":\"2025-10-15T05:43:59+00:00\",\"breadcrumb\":{\"@id\":\"https:\\\/\\\/gizigo.id\\\/fr\\\/mentions-legales\\\/#breadcrumb\"},\"inLanguage\":\"en-US\",\"potentialAction\":[{\"@type\":\"ReadAction\",\"target\":[\"https:\\\/\\\/gizigo.id\\\/fr\\\/mentions-legales\\\/\"]}]},{\"@type\":\"BreadcrumbList\",\"@id\":\"https:\\\/\\\/gizigo.id\\\/fr\\\/mentions-legales\\\/#breadcrumb\",\"itemListElement\":[{\"@type\":\"ListItem\",\"position\":1,\"name\":\"Home\",\"item\":\"https:\\\/\\\/gizigo.id\\\/fr\\\/\"},{\"@type\":\"ListItem\",\"position\":2,\"name\":\"[FR] [DISCLAIMER] Mentions Legales\"}]},{\"@type\":\"WebSite\",\"@id\":\"https:\\\/\\\/gizigo.id\\\/fr\\\/#website\",\"url\":\"https:\\\/\\\/gizigo.id\\\/fr\\\/\",\"name\":\"Gizigo FRENCH\",\"description\":\"\",\"potentialAction\":[{\"@type\":\"SearchAction\",\"target\":{\"@type\":\"EntryPoint\",\"urlTemplate\":\"https:\\\/\\\/gizigo.id\\\/fr\\\/?s={search_term_string}\"},\"query-input\":{\"@type\":\"PropertyValueSpecification\",\"valueRequired\":true,\"valueName\":\"search_term_string\"}}],\"inLanguage\":\"en-US\"}]}<\/script>\n<!-- \/ Yoast SEO plugin. -->","yoast_head_json":{"title":"[FR] [DISCLAIMER] Mentions Legales - Gizigo FRENCH","robots":{"index":"index","follow":"follow","max-snippet":"max-snippet:-1","max-image-preview":"max-image-preview:large","max-video-preview":"max-video-preview:-1"},"canonical":"https:\/\/gizigo.id\/fr\/mentions-legales\/","og_locale":"en_US","og_type":"article","og_title":"[FR] [DISCLAIMER] Mentions Legales - Gizigo FRENCH","og_description":"Mentions legales pour https:\/\/gizigo.id\/fr\/ Les articles publi\u00e9s sur Gizigo.id, \u00e0 l\u2019exception de ceux de la cat\u00e9gorie Bulletin, sont : Toutes les informations que nous fournissons sur ce blog sont publi\u00e9es de bonne foi et uniquement \u00e0 des fins d\u2019information g\u00e9n\u00e9rale. Nous faisons tout notre possible pour effectuer des recherches et consulter la litt\u00e9rature provenant de...","og_url":"https:\/\/gizigo.id\/fr\/mentions-legales\/","og_site_name":"Gizigo FRENCH","article_modified_time":"2025-10-15T05:43:59+00:00","twitter_card":"summary_large_image","twitter_misc":{"Est. reading time":"2 minutes"},"schema":{"@context":"https:\/\/schema.org","@graph":[{"@type":"WebPage","@id":"https:\/\/gizigo.id\/fr\/mentions-legales\/","url":"https:\/\/gizigo.id\/fr\/mentions-legales\/","name":"[FR] [DISCLAIMER] Mentions Legales - Gizigo FRENCH","isPartOf":{"@id":"https:\/\/gizigo.id\/fr\/#website"},"datePublished":"2025-10-14T07:37:05+00:00","dateModified":"2025-10-15T05:43:59+00:00","breadcrumb":{"@id":"https:\/\/gizigo.id\/fr\/mentions-legales\/#breadcrumb"},"inLanguage":"en-US","potentialAction":[{"@type":"ReadAction","target":["https:\/\/gizigo.id\/fr\/mentions-legales\/"]}]},{"@type":"BreadcrumbList","@id":"https:\/\/gizigo.id\/fr\/mentions-legales\/#breadcrumb","itemListElement":[{"@type":"ListItem","position":1,"name":"Home","item":"https:\/\/gizigo.id\/fr\/"},{"@type":"ListItem","position":2,"name":"[FR] [DISCLAIMER] Mentions Legales"}]},{"@type":"WebSite","@id":"https:\/\/gizigo.id\/fr\/#website","url":"https:\/\/gizigo.id\/fr\/","name":"Gizigo FRENCH","description":"","potentialAction":[{"@type":"SearchAction","target":{"@type":"EntryPoint","urlTemplate":"https:\/\/gizigo.id\/fr\/?s={search_term_string}"},"query-input":{"@type":"PropertyValueSpecification","valueRequired":true,"valueName":"search_term_string"}}],"inLanguage":"en-US"}]}},"_links":{"self":[{"href":"https:\/\/gizigo.id\/fr\/wp-json\/wp\/v2\/pages\/30","targetHints":{"allow":["GET"]}}],"collection":[{"href":"https:\/\/gizigo.id\/fr\/wp-json\/wp\/v2\/pages"}],"about":[{"href":"https:\/\/gizigo.id\/fr\/wp-json\/wp\/v2\/types\/page"}],"author":[{"embeddable":true,"href":"https:\/\/gizigo.id\/fr\/wp-json\/wp\/v2\/users\/1"}],"replies":[{"embeddable":true,"href":"https:\/\/gizigo.id\/fr\/wp-json\/wp\/v2\/comments?post=30"}],"version-history":[{"count":2,"href":"https:\/\/gizigo.id\/fr\/wp-json\/wp\/v2\/pages\/30\/revisions"}],"predecessor-version":[{"id":54,"href":"https:\/\/gizigo.id\/fr\/wp-json\/wp\/v2\/pages\/30\/revisions\/54"}],"wp:attachment":[{"href":"https:\/\/gizigo.id\/fr\/wp-json\/wp\/v2\/media?parent=30"}],"curies":[{"name":"wp","href":"https:\/\/api.w.org\/{rel}","templated":true}]}}