{"id":33,"date":"2025-10-14T13:57:47","date_gmt":"2025-10-14T13:57:47","guid":{"rendered":"https:\/\/gizigo.id\/fr\/?page_id=33"},"modified":"2025-10-15T05:44:05","modified_gmt":"2025-10-15T05:44:05","slug":"processus-editorial","status":"publish","type":"page","link":"https:\/\/gizigo.id\/fr\/processus-editorial\/","title":{"rendered":"Processus \u00e9ditorial"},"content":{"rendered":"<style>.kb-row-layout-id33_b3a019-d6 > .kt-row-column-wrap{align-content:start;}:where(.kb-row-layout-id33_b3a019-d6 > .kt-row-column-wrap) > .wp-block-kadence-column{justify-content:start;}.kb-row-layout-id33_b3a019-d6 > .kt-row-column-wrap{column-gap:var(--global-kb-gap-lg, 4rem);row-gap:var(--global-kb-gap-md, 2rem);max-width:var( --global-content-width, 1290px );padding-left:var(--global-content-edge-padding);padding-right:var(--global-content-edge-padding);padding-top:100px;padding-bottom:200px;grid-template-columns:minmax(0, 1fr);}.kb-row-layout-id33_b3a019-d6 > .kt-row-layout-overlay{opacity:0.30;}.kb-row-layout-id33_b3a019-d6 .kt-row-layout-bottom-sep{height:100px;}.kb-row-layout-id33_b3a019-d6 .kt-row-layout-bottom-sep svg{width:100%;}.kb-row-layout-id33_b3a019-d6 .kt-row-layout-bottom-sep svg{fill:#ffffff!important;}@media all and (max-width: 1024px){.kb-row-layout-id33_b3a019-d6 > .kt-row-column-wrap{grid-template-columns:minmax(0, 1fr);}}@media all and (max-width: 1024px){.kb-row-layout-id33_b3a019-d6 .kt-row-layout-bottom-sep{height:px;}}@media all and (max-width: 1024px){.kb-row-layout-id33_b3a019-d6 .kt-row-layout-bottom-sep svg{width:%;}}@media all and (max-width: 767px){.kb-row-layout-id33_b3a019-d6 > .kt-row-column-wrap{grid-template-columns:minmax(0, 1fr);}.kb-row-layout-id33_b3a019-d6 .kt-row-layout-bottom-sep{height:px;}.kb-row-layout-id33_b3a019-d6 .kt-row-layout-bottom-sep svg{width:%;}}<\/style><div class=\"kb-row-layout-wrap kb-row-layout-id33_b3a019-d6 alignnone has-theme-palette8-background-color kt-row-has-bg wp-block-kadence-rowlayout\"><div class=\"kt-row-layout-bottom-sep kt-row-sep-type-ct\"><svg viewBox=\"0 0 1000 100\" preserveAspectRatio=\"none\"><path d=\"M1000,0l-500,98l-500,-98l0,100l1000,0l0,-100Z\" \/><\/svg><\/div><div class=\"kt-row-column-wrap kt-has-1-columns kt-row-layout-equal kt-tab-layout-inherit kt-mobile-layout-row kt-row-valign-top kb-theme-content-width\">\n<style>.kadence-column33_92737a-93 > .kt-inside-inner-col,.kadence-column33_92737a-93 > .kt-inside-inner-col:before{border-top-left-radius:0px;border-top-right-radius:0px;border-bottom-right-radius:0px;border-bottom-left-radius:0px;}.kadence-column33_92737a-93 > .kt-inside-inner-col{column-gap:var(--global-kb-gap-sm, 1rem);}.kadence-column33_92737a-93 > .kt-inside-inner-col{flex-direction:column;}.kadence-column33_92737a-93 > .kt-inside-inner-col > .aligncenter{width:100%;}.kadence-column33_92737a-93 > .kt-inside-inner-col:before{opacity:0.3;}.kadence-column33_92737a-93{position:relative;}@media all and (max-width: 1024px){.kadence-column33_92737a-93 > .kt-inside-inner-col{flex-direction:column;justify-content:center;}}@media all and (max-width: 767px){.kadence-column33_92737a-93 > .kt-inside-inner-col{flex-direction:column;justify-content:center;}}<\/style>\n<div class=\"wp-block-kadence-column kadence-column33_92737a-93 inner-column-1\"><div class=\"kt-inside-inner-col\">\n<p class=\"has-text-align-center has-larger-font-size\"><strong>1<\/strong><\/p>\n\n\n\n<h2 class=\"wp-block-heading has-text-align-center\">\u00c9valuation du sujet<\/h2>\n\n\n\n<div style=\"height:20px\" aria-hidden=\"true\" class=\"wp-block-spacer\"><\/div>\n\n\n\n<p class=\"has-text-align-center\">Chaque article publi\u00e9 sur Gizigo commence son parcours par une recherche approfondie de son sujet.<\/p>\n\n\n\n<p class=\"has-text-align-center\">Ce processus prend en compte plusieurs facteurs, tels que l\u2019analyse des tendances, l\u2019examen de ce que proposent nos concurrents, la capacit\u00e9 de nos nutritionnistes et di\u00e9t\u00e9ticiens \u00e0 traiter ce sujet, et bien d\u2019autres \u00e9l\u00e9ments.<\/p>\n<\/div><\/div>\n\n<\/div><\/div>\n\n<style>.kb-row-layout-id33_ca1980-2e > .kt-row-column-wrap{align-content:start;}:where(.kb-row-layout-id33_ca1980-2e > .kt-row-column-wrap) > .wp-block-kadence-column{justify-content:start;}.kb-row-layout-id33_ca1980-2e > .kt-row-column-wrap{column-gap:var(--global-kb-gap-lg, 4rem);row-gap:var(--global-kb-gap-md, 2rem);max-width:var( --global-content-width, 1290px );padding-left:var(--global-content-edge-padding);padding-right:var(--global-content-edge-padding);padding-top:100px;padding-bottom:100px;grid-template-columns:minmax(0, 1fr);}.kb-row-layout-id33_ca1980-2e > .kt-row-layout-overlay{opacity:0.30;}.kb-row-layout-id33_ca1980-2e .kt-row-layout-bottom-sep{height:100px;}.kb-row-layout-id33_ca1980-2e .kt-row-layout-bottom-sep svg{width:100%;}.kb-row-layout-id33_ca1980-2e .kt-row-layout-bottom-sep svg{fill:#ffffff!important;}@media all and (max-width: 1024px){.kb-row-layout-id33_ca1980-2e > .kt-row-column-wrap{grid-template-columns:minmax(0, 1fr);}}@media all and (max-width: 1024px){.kb-row-layout-id33_ca1980-2e .kt-row-layout-bottom-sep{height:px;}}@media all and (max-width: 1024px){.kb-row-layout-id33_ca1980-2e .kt-row-layout-bottom-sep svg{width:%;}}@media all and (max-width: 767px){.kb-row-layout-id33_ca1980-2e > .kt-row-column-wrap{grid-template-columns:minmax(0, 1fr);}.kb-row-layout-id33_ca1980-2e .kt-row-layout-bottom-sep{height:px;}.kb-row-layout-id33_ca1980-2e .kt-row-layout-bottom-sep svg{width:%;}}<\/style><div class=\"kb-row-layout-wrap kb-row-layout-id33_ca1980-2e alignnone has-theme-palette9-background-color kt-row-has-bg wp-block-kadence-rowlayout\"><div class=\"kt-row-layout-bottom-sep kt-row-sep-type-ct\"><svg viewBox=\"0 0 1000 100\" preserveAspectRatio=\"none\"><path d=\"M1000,0l-500,98l-500,-98l0,100l1000,0l0,-100Z\" \/><\/svg><\/div><div class=\"kt-row-column-wrap kt-has-1-columns kt-row-layout-equal kt-tab-layout-inherit kt-mobile-layout-row kt-row-valign-top kb-theme-content-width\">\n<style>.kadence-column33_4a98c5-9c > .kt-inside-inner-col,.kadence-column33_4a98c5-9c > .kt-inside-inner-col:before{border-top-left-radius:0px;border-top-right-radius:0px;border-bottom-right-radius:0px;border-bottom-left-radius:0px;}.kadence-column33_4a98c5-9c > .kt-inside-inner-col{column-gap:var(--global-kb-gap-sm, 1rem);}.kadence-column33_4a98c5-9c > .kt-inside-inner-col{flex-direction:column;}.kadence-column33_4a98c5-9c > .kt-inside-inner-col > .aligncenter{width:100%;}.kadence-column33_4a98c5-9c > .kt-inside-inner-col:before{opacity:0.3;}.kadence-column33_4a98c5-9c{position:relative;}@media all and (max-width: 1024px){.kadence-column33_4a98c5-9c > .kt-inside-inner-col{flex-direction:column;justify-content:center;}}@media all and (max-width: 767px){.kadence-column33_4a98c5-9c > .kt-inside-inner-col{flex-direction:column;justify-content:center;}}<\/style>\n<div class=\"wp-block-kadence-column kadence-column33_4a98c5-9c inner-column-1\"><div class=\"kt-inside-inner-col\">\n<p class=\"has-text-align-center has-larger-font-size\"><strong>2<\/strong><\/p>\n\n\n\n<h2 class=\"wp-block-heading has-text-align-center\">R\u00e9daction de l\u2019article<\/h2>\n\n\n\n<div style=\"height:20px\" aria-hidden=\"true\" class=\"wp-block-spacer\"><\/div>\n\n\n\n<p class=\"has-text-align-center\">Une fois le sujet d\u00e9cid\u00e9, le v\u00e9ritable travail commence. Nos nutritionnistes et di\u00e9t\u00e9ticiens agr\u00e9\u00e9s se lancent dans un travail rigoureux : identifier les points \u00e0 transmettre aux lecteurs, lire des articles de recherche et v\u00e9rifier l\u2019exactitude des informations populaires disponibles sur de nombreux autres sites.<\/p>\n\n\n\n<p class=\"has-text-align-center\">\u00c0 maintes reprises, nos contributeurs constatent que les informations facilement accessibles aux internautes sont souvent des d\u00e9sinformations. Dans ces cas-l\u00e0, nous choisissons de fournir des informations plus exactes, bas\u00e9es sur les recherches disponibles.<\/p>\n\n\n\n<p class=\"has-text-align-center\">Parfois, l\u2019article n\u00e9cessite la v\u00e9ritable touche d\u2019un cuisinier. Dans ce cas, le nutritionniste ou di\u00e9t\u00e9ticien agr\u00e9\u00e9 charg\u00e9 de ce sujet s\u2019installe en cuisine pour pr\u00e9parer les ingr\u00e9dients, cuisiner les plats et documenter l\u2019ensemble du processus.<\/p>\n<\/div><\/div>\n\n<\/div><\/div>\n\n<style>.kb-row-layout-id33_bed9e7-df > .kt-row-column-wrap{align-content:start;}:where(.kb-row-layout-id33_bed9e7-df > .kt-row-column-wrap) > .wp-block-kadence-column{justify-content:start;}.kb-row-layout-id33_bed9e7-df > .kt-row-column-wrap{column-gap:var(--global-kb-gap-lg, 4rem);row-gap:var(--global-kb-gap-md, 2rem);max-width:var( --global-content-width, 1290px );padding-left:var(--global-content-edge-padding);padding-right:var(--global-content-edge-padding);padding-top:200px;padding-bottom:200px;grid-template-columns:minmax(0, 1fr);}.kb-row-layout-id33_bed9e7-df{background-color:#f9ebeb;}.kb-row-layout-id33_bed9e7-df > .kt-row-layout-overlay{opacity:0.30;}.kb-row-layout-id33_bed9e7-df .kt-row-layout-bottom-sep{height:100px;}.kb-row-layout-id33_bed9e7-df .kt-row-layout-bottom-sep svg{width:100%;}.kb-row-layout-id33_bed9e7-df .kt-row-layout-bottom-sep svg{fill:#ffffff!important;}.kb-row-layout-id33_bed9e7-df .kt-row-layout-top-sep{height:100px;}.kb-row-layout-id33_bed9e7-df .kt-row-layout-top-sep svg{width:100%;}.kb-row-layout-id33_bed9e7-df .kt-row-layout-top-sep svg{fill:#ffffff!important;}@media all and (max-width: 1024px){.kb-row-layout-id33_bed9e7-df > .kt-row-column-wrap{grid-template-columns:minmax(0, 1fr);}}@media all and (max-width: 1024px){.kb-row-layout-id33_bed9e7-df .kt-row-layout-bottom-sep{height:px;}}@media all and (max-width: 1024px){.kb-row-layout-id33_bed9e7-df .kt-row-layout-bottom-sep svg{width:%;}}@media all and (max-width: 767px){.kb-row-layout-id33_bed9e7-df > .kt-row-column-wrap{grid-template-columns:minmax(0, 1fr);}.kb-row-layout-id33_bed9e7-df .kt-row-layout-bottom-sep{height:px;}.kb-row-layout-id33_bed9e7-df .kt-row-layout-bottom-sep svg{width:%;}}<\/style><div class=\"kb-row-layout-wrap kb-row-layout-id33_bed9e7-df alignnone kt-row-has-bg wp-block-kadence-rowlayout\"><div class=\"kt-row-layout-top-sep kt-row-sep-type-cti\"><svg viewBox=\"0 0 1000 100\" preserveAspectRatio=\"none\"><path d=\"M500,2l500,98l-1000,0l500,-98Z\" \/><\/svg><\/div><div class=\"kt-row-layout-bottom-sep kt-row-sep-type-ct\"><svg viewBox=\"0 0 1000 100\" preserveAspectRatio=\"none\"><path d=\"M1000,0l-500,98l-500,-98l0,100l1000,0l0,-100Z\" \/><\/svg><\/div><div class=\"kt-row-column-wrap kt-has-1-columns kt-row-layout-equal kt-tab-layout-inherit kt-mobile-layout-row kt-row-valign-top kb-theme-content-width\">\n<style>.kadence-column33_d910a1-ce > .kt-inside-inner-col,.kadence-column33_d910a1-ce > .kt-inside-inner-col:before{border-top-left-radius:0px;border-top-right-radius:0px;border-bottom-right-radius:0px;border-bottom-left-radius:0px;}.kadence-column33_d910a1-ce > .kt-inside-inner-col{column-gap:var(--global-kb-gap-sm, 1rem);}.kadence-column33_d910a1-ce > .kt-inside-inner-col{flex-direction:column;}.kadence-column33_d910a1-ce > .kt-inside-inner-col > .aligncenter{width:100%;}.kadence-column33_d910a1-ce > .kt-inside-inner-col:before{opacity:0.3;}.kadence-column33_d910a1-ce{position:relative;}@media all and (max-width: 1024px){.kadence-column33_d910a1-ce > .kt-inside-inner-col{flex-direction:column;justify-content:center;}}@media all and (max-width: 767px){.kadence-column33_d910a1-ce > .kt-inside-inner-col{flex-direction:column;justify-content:center;}}<\/style>\n<div class=\"wp-block-kadence-column kadence-column33_d910a1-ce inner-column-1\"><div class=\"kt-inside-inner-col\">\n<p class=\"has-text-align-center has-larger-font-size\"><strong>3<\/strong><\/p>\n\n\n\n<h2 class=\"wp-block-heading has-text-align-center\">Approbation de l\u2019\u00e9diteur<\/h2>\n\n\n\n<div style=\"height:20px\" aria-hidden=\"true\" class=\"wp-block-spacer\"><\/div>\n\n\n\n<p class=\"has-text-align-center\">Une fois la r\u00e9daction termin\u00e9e, nos \u00e9diteurs examinent le r\u00e9sultat. Ils s\u2019assurent que le brouillon pr\u00e9par\u00e9 par nos contributeurs traite correctement le sujet, r\u00e9pond de mani\u00e8re compl\u00e8te aux besoins des lecteurs et respecte scrupuleusement nos lignes directrices de qualit\u00e9.<\/p>\n\n\n\n<p class=\"has-text-align-center\">Quelques retouches finales visant \u00e0 \u00ab fluidifier \u00bb l\u2019article sont ajout\u00e9es pour le rendre plus lisible au grand public \u2014 la plupart des professionnels de domaines sp\u00e9cialis\u00e9s ont en effet tendance \u00e0 utiliser un jargon trop technique.<\/p>\n<\/div><\/div>\n\n<\/div><\/div>\n\n<style>.kb-row-layout-id33_7c1ca4-57 > .kt-row-column-wrap{align-content:start;}:where(.kb-row-layout-id33_7c1ca4-57 > .kt-row-column-wrap) > .wp-block-kadence-column{justify-content:start;}.kb-row-layout-id33_7c1ca4-57 > .kt-row-column-wrap{column-gap:var(--global-kb-gap-lg, 4rem);row-gap:var(--global-kb-gap-md, 2rem);max-width:var( --global-content-width, 1290px );padding-left:var(--global-content-edge-padding);padding-right:var(--global-content-edge-padding);padding-top:100px;padding-bottom:200px;grid-template-columns:minmax(0, 1fr);}.kb-row-layout-id33_7c1ca4-57 > .kt-row-layout-overlay{opacity:0.30;}.kb-row-layout-id33_7c1ca4-57 .kt-row-layout-bottom-sep{height:100px;}.kb-row-layout-id33_7c1ca4-57 .kt-row-layout-bottom-sep svg{width:100%;}.kb-row-layout-id33_7c1ca4-57 .kt-row-layout-bottom-sep svg{fill:#ffffff!important;}@media all and (max-width: 1024px){.kb-row-layout-id33_7c1ca4-57 > .kt-row-column-wrap{grid-template-columns:minmax(0, 1fr);}}@media all and (max-width: 1024px){.kb-row-layout-id33_7c1ca4-57 .kt-row-layout-bottom-sep{height:px;}}@media all and (max-width: 1024px){.kb-row-layout-id33_7c1ca4-57 .kt-row-layout-bottom-sep svg{width:%;}}@media all and (max-width: 767px){.kb-row-layout-id33_7c1ca4-57 > .kt-row-column-wrap{grid-template-columns:minmax(0, 1fr);}.kb-row-layout-id33_7c1ca4-57 .kt-row-layout-bottom-sep{height:px;}.kb-row-layout-id33_7c1ca4-57 .kt-row-layout-bottom-sep svg{width:%;}}<\/style><div class=\"kb-row-layout-wrap kb-row-layout-id33_7c1ca4-57 alignnone has-theme-palette9-background-color kt-row-has-bg wp-block-kadence-rowlayout\"><div class=\"kt-row-layout-bottom-sep kt-row-sep-type-ct\"><svg viewBox=\"0 0 1000 100\" preserveAspectRatio=\"none\"><path d=\"M1000,0l-500,98l-500,-98l0,100l1000,0l0,-100Z\" \/><\/svg><\/div><div class=\"kt-row-column-wrap kt-has-1-columns kt-row-layout-equal kt-tab-layout-inherit kt-mobile-layout-row kt-row-valign-top kb-theme-content-width\">\n<style>.kadence-column33_571953-95 > .kt-inside-inner-col,.kadence-column33_571953-95 > .kt-inside-inner-col:before{border-top-left-radius:0px;border-top-right-radius:0px;border-bottom-right-radius:0px;border-bottom-left-radius:0px;}.kadence-column33_571953-95 > .kt-inside-inner-col{column-gap:var(--global-kb-gap-sm, 1rem);}.kadence-column33_571953-95 > .kt-inside-inner-col{flex-direction:column;}.kadence-column33_571953-95 > .kt-inside-inner-col > .aligncenter{width:100%;}.kadence-column33_571953-95 > .kt-inside-inner-col:before{opacity:0.3;}.kadence-column33_571953-95{position:relative;}@media all and (max-width: 1024px){.kadence-column33_571953-95 > .kt-inside-inner-col{flex-direction:column;justify-content:center;}}@media all and (max-width: 767px){.kadence-column33_571953-95 > .kt-inside-inner-col{flex-direction:column;justify-content:center;}}<\/style>\n<div class=\"wp-block-kadence-column kadence-column33_571953-95 inner-column-1\"><div class=\"kt-inside-inner-col\">\n<p class=\"has-text-align-center has-larger-font-size\"><strong>4<\/strong><\/p>\n\n\n\n<h2 class=\"wp-block-heading has-text-align-center\">Relecture par des conseillers experts<\/h2>\n\n\n\n<div style=\"height:20px\" aria-hidden=\"true\" class=\"wp-block-spacer\"><\/div>\n\n\n\n<p class=\"has-text-align-center\">Nos contributeurs sont des personnes brillantes ayant termin\u00e9 leurs \u00e9tudes m\u00e9dicales formelles. Mais les conseillers experts de Gizigo poss\u00e8dent une expertise plus pouss\u00e9e en sciences de la nutrition. Ils sont tous nutritionnistes et di\u00e9t\u00e9ticiens agr\u00e9\u00e9s, titulaires de dipl\u00f4mes de troisi\u00e8me cycle ou de doctorats, et disposent d\u2019une solide exp\u00e9rience de recherche ainsi qu\u2019une ma\u00eetrise approfondie de la nutrition.<\/p>\n\n\n\n<p class=\"has-text-align-center\">Les articles de Gizigo sont relus par l\u2019un de nos conseillers experts. Si leur qualit\u00e9 est jug\u00e9e insatisfaisante ou si des informations incorrectes y figurent, une r\u00e9vision majeure est engag\u00e9e. Ainsi, le processus recommence depuis le d\u00e9but jusqu\u2019\u00e0 ce que l\u2019article soit pr\u00eat \u00e0 \u00eatre publi\u00e9.<\/p>\n<\/div><\/div>\n\n<\/div><\/div>","protected":false},"excerpt":{"rendered":"<p>1 \u00c9valuation du sujet Chaque article publi\u00e9 sur Gizigo commence son parcours par une recherche approfondie de son sujet. Ce processus prend en compte plusieurs facteurs, tels que l\u2019analyse des tendances, l\u2019examen de ce que proposent nos concurrents, la capacit\u00e9 de nos nutritionnistes et di\u00e9t\u00e9ticiens \u00e0 traiter ce sujet, et bien d\u2019autres \u00e9l\u00e9ments. 2 R\u00e9daction&#8230;<\/p>\n","protected":false},"author":1,"featured_media":0,"parent":0,"menu_order":0,"comment_status":"closed","ping_status":"closed","template":"","meta":{"_kad_post_transparent":"","_kad_post_title":"","_kad_post_layout":"fullwidth","_kad_post_sidebar_id":"","_kad_post_content_style":"unboxed","_kad_post_vertical_padding":"","_kad_post_feature":"","_kad_post_feature_position":"","_kad_post_header":false,"_kad_post_footer":false,"_kad_post_classname":"","footnotes":""},"class_list":["post-33","page","type-page","status-publish","hentry"],"yoast_head":"<!-- This site is optimized with the Yoast SEO plugin v27.3 - https:\/\/yoast.com\/product\/yoast-seo-wordpress\/ -->\n<title>[FR] [EDITORIAL PROCESS] Processus \u00e9ditorial - Gizigo FRENCH<\/title>\n<meta name=\"robots\" content=\"index, follow, max-snippet:-1, max-image-preview:large, max-video-preview:-1\" \/>\n<link rel=\"canonical\" href=\"https:\/\/gizigo.id\/fr\/processus-editorial\/\" \/>\n<meta property=\"og:locale\" content=\"en_US\" \/>\n<meta property=\"og:type\" content=\"article\" \/>\n<meta property=\"og:title\" content=\"[FR] [EDITORIAL PROCESS] Processus \u00e9ditorial - Gizigo FRENCH\" \/>\n<meta property=\"og:description\" content=\"1 \u00c9valuation du sujet Chaque article publi\u00e9 sur Gizigo commence son parcours par une recherche approfondie de son sujet. Ce processus prend en compte plusieurs facteurs, tels que l\u2019analyse des tendances, l\u2019examen de ce que proposent nos concurrents, la capacit\u00e9 de nos nutritionnistes et di\u00e9t\u00e9ticiens \u00e0 traiter ce sujet, et bien d\u2019autres \u00e9l\u00e9ments. 2 R\u00e9daction...\" \/>\n<meta property=\"og:url\" content=\"https:\/\/gizigo.id\/fr\/processus-editorial\/\" \/>\n<meta property=\"og:site_name\" content=\"Gizigo FRENCH\" \/>\n<meta property=\"article:modified_time\" content=\"2025-10-15T05:44:05+00:00\" \/>\n<meta name=\"twitter:card\" content=\"summary_large_image\" \/>\n<meta name=\"twitter:label1\" content=\"Est. reading time\" \/>\n\t<meta name=\"twitter:data1\" content=\"2 minutes\" \/>\n<script type=\"application\/ld+json\" class=\"yoast-schema-graph\">{\"@context\":\"https:\\\/\\\/schema.org\",\"@graph\":[{\"@type\":\"WebPage\",\"@id\":\"https:\\\/\\\/gizigo.id\\\/fr\\\/processus-editorial\\\/\",\"url\":\"https:\\\/\\\/gizigo.id\\\/fr\\\/processus-editorial\\\/\",\"name\":\"[FR] [EDITORIAL PROCESS] Processus \u00e9ditorial - Gizigo FRENCH\",\"isPartOf\":{\"@id\":\"https:\\\/\\\/gizigo.id\\\/fr\\\/#website\"},\"datePublished\":\"2025-10-14T13:57:47+00:00\",\"dateModified\":\"2025-10-15T05:44:05+00:00\",\"breadcrumb\":{\"@id\":\"https:\\\/\\\/gizigo.id\\\/fr\\\/processus-editorial\\\/#breadcrumb\"},\"inLanguage\":\"en-US\",\"potentialAction\":[{\"@type\":\"ReadAction\",\"target\":[\"https:\\\/\\\/gizigo.id\\\/fr\\\/processus-editorial\\\/\"]}]},{\"@type\":\"BreadcrumbList\",\"@id\":\"https:\\\/\\\/gizigo.id\\\/fr\\\/processus-editorial\\\/#breadcrumb\",\"itemListElement\":[{\"@type\":\"ListItem\",\"position\":1,\"name\":\"Home\",\"item\":\"https:\\\/\\\/gizigo.id\\\/fr\\\/\"},{\"@type\":\"ListItem\",\"position\":2,\"name\":\"[FR] [EDITORIAL PROCESS] Processus \u00e9ditorial\"}]},{\"@type\":\"WebSite\",\"@id\":\"https:\\\/\\\/gizigo.id\\\/fr\\\/#website\",\"url\":\"https:\\\/\\\/gizigo.id\\\/fr\\\/\",\"name\":\"Gizigo FRENCH\",\"description\":\"\",\"potentialAction\":[{\"@type\":\"SearchAction\",\"target\":{\"@type\":\"EntryPoint\",\"urlTemplate\":\"https:\\\/\\\/gizigo.id\\\/fr\\\/?s={search_term_string}\"},\"query-input\":{\"@type\":\"PropertyValueSpecification\",\"valueRequired\":true,\"valueName\":\"search_term_string\"}}],\"inLanguage\":\"en-US\"}]}<\/script>\n<!-- \/ Yoast SEO plugin. -->","yoast_head_json":{"title":"[FR] [EDITORIAL PROCESS] Processus \u00e9ditorial - Gizigo FRENCH","robots":{"index":"index","follow":"follow","max-snippet":"max-snippet:-1","max-image-preview":"max-image-preview:large","max-video-preview":"max-video-preview:-1"},"canonical":"https:\/\/gizigo.id\/fr\/processus-editorial\/","og_locale":"en_US","og_type":"article","og_title":"[FR] [EDITORIAL PROCESS] Processus \u00e9ditorial - Gizigo FRENCH","og_description":"1 \u00c9valuation du sujet Chaque article publi\u00e9 sur Gizigo commence son parcours par une recherche approfondie de son sujet. Ce processus prend en compte plusieurs facteurs, tels que l\u2019analyse des tendances, l\u2019examen de ce que proposent nos concurrents, la capacit\u00e9 de nos nutritionnistes et di\u00e9t\u00e9ticiens \u00e0 traiter ce sujet, et bien d\u2019autres \u00e9l\u00e9ments. 2 R\u00e9daction...","og_url":"https:\/\/gizigo.id\/fr\/processus-editorial\/","og_site_name":"Gizigo FRENCH","article_modified_time":"2025-10-15T05:44:05+00:00","twitter_card":"summary_large_image","twitter_misc":{"Est. reading time":"2 minutes"},"schema":{"@context":"https:\/\/schema.org","@graph":[{"@type":"WebPage","@id":"https:\/\/gizigo.id\/fr\/processus-editorial\/","url":"https:\/\/gizigo.id\/fr\/processus-editorial\/","name":"[FR] [EDITORIAL PROCESS] Processus \u00e9ditorial - Gizigo FRENCH","isPartOf":{"@id":"https:\/\/gizigo.id\/fr\/#website"},"datePublished":"2025-10-14T13:57:47+00:00","dateModified":"2025-10-15T05:44:05+00:00","breadcrumb":{"@id":"https:\/\/gizigo.id\/fr\/processus-editorial\/#breadcrumb"},"inLanguage":"en-US","potentialAction":[{"@type":"ReadAction","target":["https:\/\/gizigo.id\/fr\/processus-editorial\/"]}]},{"@type":"BreadcrumbList","@id":"https:\/\/gizigo.id\/fr\/processus-editorial\/#breadcrumb","itemListElement":[{"@type":"ListItem","position":1,"name":"Home","item":"https:\/\/gizigo.id\/fr\/"},{"@type":"ListItem","position":2,"name":"[FR] [EDITORIAL PROCESS] Processus \u00e9ditorial"}]},{"@type":"WebSite","@id":"https:\/\/gizigo.id\/fr\/#website","url":"https:\/\/gizigo.id\/fr\/","name":"Gizigo FRENCH","description":"","potentialAction":[{"@type":"SearchAction","target":{"@type":"EntryPoint","urlTemplate":"https:\/\/gizigo.id\/fr\/?s={search_term_string}"},"query-input":{"@type":"PropertyValueSpecification","valueRequired":true,"valueName":"search_term_string"}}],"inLanguage":"en-US"}]}},"_links":{"self":[{"href":"https:\/\/gizigo.id\/fr\/wp-json\/wp\/v2\/pages\/33","targetHints":{"allow":["GET"]}}],"collection":[{"href":"https:\/\/gizigo.id\/fr\/wp-json\/wp\/v2\/pages"}],"about":[{"href":"https:\/\/gizigo.id\/fr\/wp-json\/wp\/v2\/types\/page"}],"author":[{"embeddable":true,"href":"https:\/\/gizigo.id\/fr\/wp-json\/wp\/v2\/users\/1"}],"replies":[{"embeddable":true,"href":"https:\/\/gizigo.id\/fr\/wp-json\/wp\/v2\/comments?post=33"}],"version-history":[{"count":2,"href":"https:\/\/gizigo.id\/fr\/wp-json\/wp\/v2\/pages\/33\/revisions"}],"predecessor-version":[{"id":55,"href":"https:\/\/gizigo.id\/fr\/wp-json\/wp\/v2\/pages\/33\/revisions\/55"}],"wp:attachment":[{"href":"https:\/\/gizigo.id\/fr\/wp-json\/wp\/v2\/media?parent=33"}],"curies":[{"name":"wp","href":"https:\/\/api.w.org\/{rel}","templated":true}]}}