{"id":35,"date":"2025-10-14T14:08:53","date_gmt":"2025-10-14T14:08:53","guid":{"rendered":"https:\/\/gizigo.id\/fr\/?page_id=35"},"modified":"2025-10-15T05:44:10","modified_gmt":"2025-10-15T05:44:10","slug":"politique-de-confidentialite","status":"publish","type":"page","link":"https:\/\/gizigo.id\/fr\/politique-de-confidentialite\/","title":{"rendered":"Politique de Confidentialit\u00e9"},"content":{"rendered":"<style>.kb-row-layout-id35_646a9d-5c > .kt-row-column-wrap{align-content:start;}:where(.kb-row-layout-id35_646a9d-5c > .kt-row-column-wrap) > .wp-block-kadence-column{justify-content:start;}.kb-row-layout-id35_646a9d-5c > .kt-row-column-wrap{column-gap:var(--global-kb-gap-lg, 4rem);row-gap:var(--global-kb-gap-md, 2rem);max-width:var( --global-content-width, 1290px );padding-left:var(--global-content-edge-padding);padding-right:var(--global-content-edge-padding);padding-top:100px;padding-bottom:100px;grid-template-columns:minmax(0, 1fr);}.kb-row-layout-id35_646a9d-5c > .kt-row-layout-overlay{opacity:0.30;}@media all and (max-width: 1024px){.kb-row-layout-id35_646a9d-5c > .kt-row-column-wrap{grid-template-columns:minmax(0, 1fr);}}@media all and (max-width: 767px){.kb-row-layout-id35_646a9d-5c > .kt-row-column-wrap{grid-template-columns:minmax(0, 1fr);}}<\/style><div class=\"kb-row-layout-wrap kb-row-layout-id35_646a9d-5c alignnone has-theme-palette8-background-color kt-row-has-bg wp-block-kadence-rowlayout\"><div class=\"kt-row-column-wrap kt-has-1-columns kt-row-layout-equal kt-tab-layout-inherit kt-mobile-layout-row kt-row-valign-top kb-theme-content-width\">\n<style>.kadence-column35_c60406-0e > .kt-inside-inner-col,.kadence-column35_c60406-0e > .kt-inside-inner-col:before{border-top-left-radius:0px;border-top-right-radius:0px;border-bottom-right-radius:0px;border-bottom-left-radius:0px;}.kadence-column35_c60406-0e > .kt-inside-inner-col{column-gap:var(--global-kb-gap-sm, 1rem);}.kadence-column35_c60406-0e > .kt-inside-inner-col{flex-direction:column;}.kadence-column35_c60406-0e > .kt-inside-inner-col > .aligncenter{width:100%;}.kadence-column35_c60406-0e > .kt-inside-inner-col:before{opacity:0.3;}.kadence-column35_c60406-0e{position:relative;}@media all and (max-width: 1024px){.kadence-column35_c60406-0e > .kt-inside-inner-col{flex-direction:column;justify-content:center;}}@media all and (max-width: 767px){.kadence-column35_c60406-0e > .kt-inside-inner-col{flex-direction:column;justify-content:center;}}<\/style>\n<div class=\"wp-block-kadence-column kadence-column35_c60406-0e inner-column-1\"><div class=\"kt-inside-inner-col\">\n<p class=\"has-text-align-center\">Politique de confidentialit\u00e9 pour <strong><a href=\"https:\/\/gizigo.id\/fr\/\">https:\/\/gizigo.id\/fr\/<\/a><\/strong><\/p>\n\n\n\n<div style=\"height:20px\" aria-hidden=\"true\" class=\"wp-block-spacer\"><\/div>\n\n\n\n<p>Gizigo.id exploite le site web https:\/\/gizigo.id\/fr\/ , qui fournit le SERVICE.<\/p>\n\n\n\n<p>Cette page a pour but d\u2019informer les visiteurs du site concernant nos politiques relatives \u00e0 la collecte, \u00e0 l\u2019utilisation et \u00e0 la divulgation des Informations Personnelles si quelqu\u2019un d\u00e9cide d\u2019utiliser notre Service, le site web Gizigo.id.<\/p>\n\n\n\n<p>Si vous choisissez d\u2019utiliser notre Service, vous acceptez alors la collecte et l\u2019utilisation des informations conform\u00e9ment \u00e0 cette politique. Les Informations Personnelles que nous collectons sont utilis\u00e9es pour fournir et am\u00e9liorer le Service. Nous n\u2019utiliserons ni ne partagerons vos informations avec quiconque, sauf dans les cas d\u00e9crits dans cette Politique de Confidentialit\u00e9. Notre Politique de Confidentialit\u00e9 a \u00e9t\u00e9 cr\u00e9\u00e9e avec l\u2019aide du <a href=\"https:\/\/www.privacypolicytemplate.net\/\">g\u00e9n\u00e9rateur de mod\u00e8les de politique de confidentialit\u00e9<\/a>.<\/p>\n\n\n\n<p>Les termes utilis\u00e9s dans cette Politique de Confidentialit\u00e9 ont la m\u00eame signification que dans nos Conditions G\u00e9n\u00e9rales, accessibles \u00e0 l\u2019adresse https:\/\/gizigo.id\/fr\/ , sauf d\u00e9finition contraire dans la pr\u00e9sente Politique de Confidentialit\u00e9.<\/p>\n\n\n\n<h2 class=\"wp-block-heading\">Collecte et Utilisation des Informations<\/h2>\n\n\n\n<p>Pour une meilleure exp\u00e9rience lors de l\u2019utilisation de notre Service, il se peut que nous vous demandions de nous fournir certaines informations personnellement identifiables, y compris, sans toutefois s\u2019y limiter, votre nom, votre num\u00e9ro de t\u00e9l\u00e9phone et votre adresse postale. Les informations que nous collectons seront utilis\u00e9es pour vous contacter ou vous identifier.<\/p>\n\n\n\n<h2 class=\"wp-block-heading\">Donn\u00e9es de Journal<\/h2>\n\n\n\n<p>Nous souhaitons vous informer que chaque fois que vous visitez notre Service, nous recueillons des informations que votre navigateur nous envoie et qui sont appel\u00e9es Donn\u00e9es de Journal. Ces Donn\u00e9es de Journal peuvent inclure des informations telles que l\u2019adresse de protocole Internet (\u201cIP\u201d) de votre ordinateur, la version du navigateur, les pages de notre Service que vous visitez, l\u2019heure et la date de votre visite, le temps pass\u00e9 sur ces pages et d\u2019autres statistiques.<\/p>\n\n\n\n<h2 class=\"wp-block-heading\">Cookies<\/h2>\n\n\n\n<p>Les cookies sont des fichiers contenant une petite quantit\u00e9 de donn\u00e9es qui sont g\u00e9n\u00e9ralement utilis\u00e9s comme identifiant unique anonyme. Ils sont envoy\u00e9s \u00e0 votre navigateur depuis le site web que vous visitez et sont stock\u00e9s sur le disque dur de votre ordinateur.<\/p>\n\n\n\n<p>Notre site web utilise ces \u201ccookies\u201d pour collecter des informations et am\u00e9liorer notre Service. Vous avez la possibilit\u00e9 soit d\u2019accepter, soit de refuser ces cookies, et de savoir lorsqu\u2019un cookie est envoy\u00e9 \u00e0 votre ordinateur. Si vous choisissez de refuser nos cookies, il se peut que vous ne puissiez pas utiliser certaines parties de notre Service.<\/p>\n\n\n\n<h2 class=\"wp-block-heading\">Fournisseurs de Services<\/h2>\n\n\n\n<p>Nous pouvons faire appel \u00e0 des soci\u00e9t\u00e9s et des individus tiers pour les raisons suivantes :<\/p>\n\n\n\n<ul class=\"wp-block-list\">\n<li>Faciliter notre Service ;<\/li>\n\n\n\n<li>Fournir le Service en notre nom ;<\/li>\n\n\n\n<li>Ex\u00e9cuter des services li\u00e9s au Service ; ou<\/li>\n\n\n\n<li>Nous aider \u00e0 analyser la mani\u00e8re dont notre Service est utilis\u00e9.<\/li>\n<\/ul>\n\n\n\n<p>Nous souhaitons informer les utilisateurs de notre Service que ces tiers ont acc\u00e8s \u00e0 vos Informations Personnelles. La raison en est l\u2019ex\u00e9cution des t\u00e2ches qui leur sont confi\u00e9es en notre nom. Toutefois, ils sont tenus de ne pas divulguer ni utiliser les informations \u00e0 d\u2019autres fins.<\/p>\n\n\n\n<h2 class=\"wp-block-heading\">S\u00e9curit\u00e9<\/h2>\n\n\n\n<p>Nous appr\u00e9cions votre confiance en nous fournissant vos Informations Personnelles, c\u2019est pourquoi nous nous effor\u00e7ons d\u2019utiliser des moyens commercialement acceptables pour les prot\u00e9ger. Mais rappelez-vous qu\u2019aucune m\u00e9thode de transmission sur Internet ni aucune m\u00e9thode de stockage \u00e9lectronique n\u2019est s\u00fbre et fiable \u00e0 100 %, et nous ne pouvons en garantir la s\u00e9curit\u00e9 absolue.<\/p>\n\n\n\n<h2 class=\"wp-block-heading\">Liens vers d\u2019Autres Sites<\/h2>\n\n\n\n<p>Notre Service peut contenir des liens vers d\u2019autres sites. Si vous cliquez sur un lien tiers, vous serez dirig\u00e9 vers ce site. Veuillez noter que ces sites externes ne sont pas exploit\u00e9s par nous. Par cons\u00e9quent, nous vous conseillons fortement de consulter la Politique de Confidentialit\u00e9 de ces sites web. Nous n\u2019avons aucun contr\u00f4le sur le contenu, les politiques de confidentialit\u00e9 ou les pratiques de tout site ou service tiers, et d\u00e9clinons toute responsabilit\u00e9 \u00e0 cet \u00e9gard.<\/p>\n\n\n\n<h2 class=\"wp-block-heading\">Confidentialit\u00e9 des Enfants<\/h2>\n\n\n\n<p>Nos Services ne s\u2019adressent \u00e0 aucune personne de moins de 18 ans. Nous ne collectons pas sciemment d\u2019informations personnellement identifiables aupr\u00e8s d\u2019enfants de moins de 18 ans. Si nous d\u00e9couvrons qu\u2019un enfant de moins de 18 ans nous a fourni des informations personnelles, nous les supprimons imm\u00e9diatement de nos serveurs. Si vous \u00eates parent ou tuteur et que vous savez que votre enfant nous a fourni des informations personnelles, veuillez nous contacter afin que nous puissions prendre les mesures n\u00e9cessaires.<\/p>\n\n\n\n<h2 class=\"wp-block-heading\">Modifications de Cette Politique de Confidentialit\u00e9<\/h2>\n\n\n\n<p>Nous pouvons mettre \u00e0 jour notre Politique de Confidentialit\u00e9 de temps \u00e0 autre. Ainsi, nous vous conseillons de consulter r\u00e9guli\u00e8rement cette page afin de prendre connaissance de toute modification. Nous vous informerons de tout changement en publiant la nouvelle Politique de Confidentialit\u00e9 sur cette page. Ces modifications prennent effet imm\u00e9diatement apr\u00e8s leur publication sur cette page.<\/p>\n\n\n\n<h2 class=\"wp-block-heading\">Contactez-nous<\/h2>\n\n\n\n<p>Si vous avez des questions ou des suggestions concernant notre Politique de Confidentialit\u00e9, n\u2019h\u00e9sitez pas \u00e0 nous contacter.<\/p>\n<\/div><\/div>\n\n<\/div><\/div>","protected":false},"excerpt":{"rendered":"<p>Politique de confidentialit\u00e9 pour https:\/\/gizigo.id\/fr\/ Gizigo.id exploite le site web https:\/\/gizigo.id\/fr\/ , qui fournit le SERVICE. Cette page a pour but d\u2019informer les visiteurs du site concernant nos politiques relatives \u00e0 la collecte, \u00e0 l\u2019utilisation et \u00e0 la divulgation des Informations Personnelles si quelqu\u2019un d\u00e9cide d\u2019utiliser notre Service, le site web Gizigo.id. Si vous choisissez&#8230;<\/p>\n","protected":false},"author":1,"featured_media":0,"parent":0,"menu_order":0,"comment_status":"closed","ping_status":"closed","template":"","meta":{"_kad_post_transparent":"","_kad_post_title":"","_kad_post_layout":"fullwidth","_kad_post_sidebar_id":"","_kad_post_content_style":"unboxed","_kad_post_vertical_padding":"","_kad_post_feature":"","_kad_post_feature_position":"","_kad_post_header":false,"_kad_post_footer":false,"_kad_post_classname":"","footnotes":""},"class_list":["post-35","page","type-page","status-publish","hentry"],"yoast_head":"<!-- This site is optimized with the Yoast SEO plugin v27.3 - https:\/\/yoast.com\/product\/yoast-seo-wordpress\/ -->\n<title>[FR] [PRIVACY POLICY] Politique de Confidentialit\u00e9 - Gizigo FRENCH<\/title>\n<meta name=\"robots\" content=\"index, follow, max-snippet:-1, max-image-preview:large, max-video-preview:-1\" \/>\n<link rel=\"canonical\" href=\"https:\/\/gizigo.id\/fr\/politique-de-confidentialite\/\" \/>\n<meta property=\"og:locale\" content=\"en_US\" \/>\n<meta property=\"og:type\" content=\"article\" \/>\n<meta property=\"og:title\" content=\"[FR] [PRIVACY POLICY] Politique de Confidentialit\u00e9 - Gizigo FRENCH\" \/>\n<meta property=\"og:description\" content=\"Politique de confidentialit\u00e9 pour https:\/\/gizigo.id\/fr\/ Gizigo.id exploite le site web https:\/\/gizigo.id\/fr\/ , qui fournit le SERVICE. Cette page a pour but d\u2019informer les visiteurs du site concernant nos politiques relatives \u00e0 la collecte, \u00e0 l\u2019utilisation et \u00e0 la divulgation des Informations Personnelles si quelqu\u2019un d\u00e9cide d\u2019utiliser notre Service, le site web Gizigo.id. Si vous choisissez...\" \/>\n<meta property=\"og:url\" content=\"https:\/\/gizigo.id\/fr\/politique-de-confidentialite\/\" \/>\n<meta property=\"og:site_name\" content=\"Gizigo FRENCH\" \/>\n<meta property=\"article:modified_time\" content=\"2025-10-15T05:44:10+00:00\" \/>\n<meta name=\"twitter:card\" content=\"summary_large_image\" \/>\n<meta name=\"twitter:label1\" content=\"Est. reading time\" \/>\n\t<meta name=\"twitter:data1\" content=\"4 minutes\" \/>\n<script type=\"application\/ld+json\" class=\"yoast-schema-graph\">{\"@context\":\"https:\\\/\\\/schema.org\",\"@graph\":[{\"@type\":\"WebPage\",\"@id\":\"https:\\\/\\\/gizigo.id\\\/fr\\\/politique-de-confidentialite\\\/\",\"url\":\"https:\\\/\\\/gizigo.id\\\/fr\\\/politique-de-confidentialite\\\/\",\"name\":\"[FR] [PRIVACY POLICY] Politique de Confidentialit\u00e9 - Gizigo FRENCH\",\"isPartOf\":{\"@id\":\"https:\\\/\\\/gizigo.id\\\/fr\\\/#website\"},\"datePublished\":\"2025-10-14T14:08:53+00:00\",\"dateModified\":\"2025-10-15T05:44:10+00:00\",\"breadcrumb\":{\"@id\":\"https:\\\/\\\/gizigo.id\\\/fr\\\/politique-de-confidentialite\\\/#breadcrumb\"},\"inLanguage\":\"en-US\",\"potentialAction\":[{\"@type\":\"ReadAction\",\"target\":[\"https:\\\/\\\/gizigo.id\\\/fr\\\/politique-de-confidentialite\\\/\"]}]},{\"@type\":\"BreadcrumbList\",\"@id\":\"https:\\\/\\\/gizigo.id\\\/fr\\\/politique-de-confidentialite\\\/#breadcrumb\",\"itemListElement\":[{\"@type\":\"ListItem\",\"position\":1,\"name\":\"Home\",\"item\":\"https:\\\/\\\/gizigo.id\\\/fr\\\/\"},{\"@type\":\"ListItem\",\"position\":2,\"name\":\"[FR] [PRIVACY POLICY] Politique de Confidentialit\u00e9\"}]},{\"@type\":\"WebSite\",\"@id\":\"https:\\\/\\\/gizigo.id\\\/fr\\\/#website\",\"url\":\"https:\\\/\\\/gizigo.id\\\/fr\\\/\",\"name\":\"Gizigo FRENCH\",\"description\":\"\",\"potentialAction\":[{\"@type\":\"SearchAction\",\"target\":{\"@type\":\"EntryPoint\",\"urlTemplate\":\"https:\\\/\\\/gizigo.id\\\/fr\\\/?s={search_term_string}\"},\"query-input\":{\"@type\":\"PropertyValueSpecification\",\"valueRequired\":true,\"valueName\":\"search_term_string\"}}],\"inLanguage\":\"en-US\"}]}<\/script>\n<!-- \/ Yoast SEO plugin. -->","yoast_head_json":{"title":"[FR] [PRIVACY POLICY] Politique de Confidentialit\u00e9 - Gizigo FRENCH","robots":{"index":"index","follow":"follow","max-snippet":"max-snippet:-1","max-image-preview":"max-image-preview:large","max-video-preview":"max-video-preview:-1"},"canonical":"https:\/\/gizigo.id\/fr\/politique-de-confidentialite\/","og_locale":"en_US","og_type":"article","og_title":"[FR] [PRIVACY POLICY] Politique de Confidentialit\u00e9 - Gizigo FRENCH","og_description":"Politique de confidentialit\u00e9 pour https:\/\/gizigo.id\/fr\/ Gizigo.id exploite le site web https:\/\/gizigo.id\/fr\/ , qui fournit le SERVICE. Cette page a pour but d\u2019informer les visiteurs du site concernant nos politiques relatives \u00e0 la collecte, \u00e0 l\u2019utilisation et \u00e0 la divulgation des Informations Personnelles si quelqu\u2019un d\u00e9cide d\u2019utiliser notre Service, le site web Gizigo.id. Si vous choisissez...","og_url":"https:\/\/gizigo.id\/fr\/politique-de-confidentialite\/","og_site_name":"Gizigo FRENCH","article_modified_time":"2025-10-15T05:44:10+00:00","twitter_card":"summary_large_image","twitter_misc":{"Est. reading time":"4 minutes"},"schema":{"@context":"https:\/\/schema.org","@graph":[{"@type":"WebPage","@id":"https:\/\/gizigo.id\/fr\/politique-de-confidentialite\/","url":"https:\/\/gizigo.id\/fr\/politique-de-confidentialite\/","name":"[FR] [PRIVACY POLICY] Politique de Confidentialit\u00e9 - Gizigo FRENCH","isPartOf":{"@id":"https:\/\/gizigo.id\/fr\/#website"},"datePublished":"2025-10-14T14:08:53+00:00","dateModified":"2025-10-15T05:44:10+00:00","breadcrumb":{"@id":"https:\/\/gizigo.id\/fr\/politique-de-confidentialite\/#breadcrumb"},"inLanguage":"en-US","potentialAction":[{"@type":"ReadAction","target":["https:\/\/gizigo.id\/fr\/politique-de-confidentialite\/"]}]},{"@type":"BreadcrumbList","@id":"https:\/\/gizigo.id\/fr\/politique-de-confidentialite\/#breadcrumb","itemListElement":[{"@type":"ListItem","position":1,"name":"Home","item":"https:\/\/gizigo.id\/fr\/"},{"@type":"ListItem","position":2,"name":"[FR] [PRIVACY POLICY] Politique de Confidentialit\u00e9"}]},{"@type":"WebSite","@id":"https:\/\/gizigo.id\/fr\/#website","url":"https:\/\/gizigo.id\/fr\/","name":"Gizigo FRENCH","description":"","potentialAction":[{"@type":"SearchAction","target":{"@type":"EntryPoint","urlTemplate":"https:\/\/gizigo.id\/fr\/?s={search_term_string}"},"query-input":{"@type":"PropertyValueSpecification","valueRequired":true,"valueName":"search_term_string"}}],"inLanguage":"en-US"}]}},"_links":{"self":[{"href":"https:\/\/gizigo.id\/fr\/wp-json\/wp\/v2\/pages\/35","targetHints":{"allow":["GET"]}}],"collection":[{"href":"https:\/\/gizigo.id\/fr\/wp-json\/wp\/v2\/pages"}],"about":[{"href":"https:\/\/gizigo.id\/fr\/wp-json\/wp\/v2\/types\/page"}],"author":[{"embeddable":true,"href":"https:\/\/gizigo.id\/fr\/wp-json\/wp\/v2\/users\/1"}],"replies":[{"embeddable":true,"href":"https:\/\/gizigo.id\/fr\/wp-json\/wp\/v2\/comments?post=35"}],"version-history":[{"count":3,"href":"https:\/\/gizigo.id\/fr\/wp-json\/wp\/v2\/pages\/35\/revisions"}],"predecessor-version":[{"id":56,"href":"https:\/\/gizigo.id\/fr\/wp-json\/wp\/v2\/pages\/35\/revisions\/56"}],"wp:attachment":[{"href":"https:\/\/gizigo.id\/fr\/wp-json\/wp\/v2\/media?parent=35"}],"curies":[{"name":"wp","href":"https:\/\/api.w.org\/{rel}","templated":true}]}}