{"id":37,"date":"2025-10-14T14:15:24","date_gmt":"2025-10-14T14:15:24","guid":{"rendered":"https:\/\/gizigo.id\/fr\/?page_id=37"},"modified":"2025-10-15T05:44:14","modified_gmt":"2025-10-15T05:44:14","slug":"conditions-d-utilisation","status":"publish","type":"page","link":"https:\/\/gizigo.id\/fr\/conditions-d-utilisation\/","title":{"rendered":"Conditions d\u2019utilisation"},"content":{"rendered":"<style>.kb-row-layout-id37_b85df6-8e > .kt-row-column-wrap{align-content:start;}:where(.kb-row-layout-id37_b85df6-8e > .kt-row-column-wrap) > .wp-block-kadence-column{justify-content:start;}.kb-row-layout-id37_b85df6-8e > .kt-row-column-wrap{column-gap:var(--global-kb-gap-lg, 4rem);row-gap:var(--global-kb-gap-md, 2rem);max-width:var( --global-content-width, 1290px );padding-left:var(--global-content-edge-padding);padding-right:var(--global-content-edge-padding);padding-top:100px;padding-bottom:100px;grid-template-columns:minmax(0, 1fr);}.kb-row-layout-id37_b85df6-8e > .kt-row-layout-overlay{opacity:0.30;}@media all and (max-width: 1024px){.kb-row-layout-id37_b85df6-8e > .kt-row-column-wrap{grid-template-columns:minmax(0, 1fr);}}@media all and (max-width: 767px){.kb-row-layout-id37_b85df6-8e > .kt-row-column-wrap{grid-template-columns:minmax(0, 1fr);}}<\/style><div class=\"kb-row-layout-wrap kb-row-layout-id37_b85df6-8e alignnone has-theme-palette8-background-color kt-row-has-bg wp-block-kadence-rowlayout\"><div class=\"kt-row-column-wrap kt-has-1-columns kt-row-layout-equal kt-tab-layout-inherit kt-mobile-layout-row kt-row-valign-top kb-theme-content-width\">\n<style>.kadence-column37_5f0ea2-dd > .kt-inside-inner-col,.kadence-column37_5f0ea2-dd > .kt-inside-inner-col:before{border-top-left-radius:0px;border-top-right-radius:0px;border-bottom-right-radius:0px;border-bottom-left-radius:0px;}.kadence-column37_5f0ea2-dd > .kt-inside-inner-col{column-gap:var(--global-kb-gap-sm, 1rem);}.kadence-column37_5f0ea2-dd > .kt-inside-inner-col{flex-direction:column;}.kadence-column37_5f0ea2-dd > .kt-inside-inner-col > .aligncenter{width:100%;}.kadence-column37_5f0ea2-dd > .kt-inside-inner-col:before{opacity:0.3;}.kadence-column37_5f0ea2-dd{position:relative;}@media all and (max-width: 1024px){.kadence-column37_5f0ea2-dd > .kt-inside-inner-col{flex-direction:column;justify-content:center;}}@media all and (max-width: 767px){.kadence-column37_5f0ea2-dd > .kt-inside-inner-col{flex-direction:column;justify-content:center;}}<\/style>\n<div class=\"wp-block-kadence-column kadence-column37_5f0ea2-dd inner-column-1\"><div class=\"kt-inside-inner-col\">\n<p class=\"has-text-align-center\">Conditions d\u2019utilisation de <strong><a href=\"https:\/\/gizigo.id\/fr\/\">https:\/\/gizigo.id\/fr\/<\/a><\/strong><\/p>\n\n\n\n<div style=\"height:20px\" aria-hidden=\"true\" class=\"wp-block-spacer\"><\/div>\n\n\n\n<p>En naviguant et en utilisant ce site web, Gizigo.id (ci-apr\u00e8s d\u00e9nomm\u00e9 la SOCI\u00c9T\u00c9), vous acceptez de respecter et d\u2019\u00eatre li\u00e9 par les pr\u00e9sentes conditions d\u2019utilisation. Les pr\u00e9sentes conditions d\u2019utilisation, conjointement avec notre politique de confidentialit\u00e9, r\u00e9gissent la relation entre la SOCI\u00c9T\u00c9 et vous, en rapport avec ce site web. Les termes \u00ab SOCI\u00c9T\u00c9 \u00bb, \u00ab nous \u00bb ou \u00ab notre \u00bb d\u00e9signent le propri\u00e9taire du site web. Le terme \u00ab vous \u00bb d\u00e9signe l\u2019utilisateur ou le visiteur de notre site web.<\/p>\n\n\n<style>.wp-block-kadence-advancedheading.kt-adv-heading37_e7a8c9-9a, .wp-block-kadence-advancedheading.kt-adv-heading37_e7a8c9-9a[data-kb-block=\"kb-adv-heading37_e7a8c9-9a\"]{text-align:center;font-style:normal;}.wp-block-kadence-advancedheading.kt-adv-heading37_e7a8c9-9a mark.kt-highlight, .wp-block-kadence-advancedheading.kt-adv-heading37_e7a8c9-9a[data-kb-block=\"kb-adv-heading37_e7a8c9-9a\"] mark.kt-highlight{font-style:normal;color:#f76a0c;-webkit-box-decoration-break:clone;box-decoration-break:clone;padding-top:0px;padding-right:0px;padding-bottom:0px;padding-left:0px;}.wp-block-kadence-advancedheading.kt-adv-heading37_e7a8c9-9a img.kb-inline-image, .wp-block-kadence-advancedheading.kt-adv-heading37_e7a8c9-9a[data-kb-block=\"kb-adv-heading37_e7a8c9-9a\"] img.kb-inline-image{width:150px;vertical-align:baseline;}<\/style>\n<h2 class=\"kt-adv-heading37_e7a8c9-9a wp-block-kadence-advancedheading\" data-kb-block=\"kb-adv-heading37_e7a8c9-9a\"><strong>L\u2019utilisation de ce site web est soumise aux conditions suivantes :<\/strong><\/h2>\n\n\n\n<ul class=\"wp-block-list\">\n<li>Le contenu des pages de ce site web est fourni uniquement \u00e0 titre d\u2019information g\u00e9n\u00e9rale et d\u2019usage personnel.<\/li>\n\n\n\n<li>Le contenu de ce site web peut \u00eatre modifi\u00e9 sans pr\u00e9avis.<\/li>\n\n\n\n<li>Ni nous ni aucun tiers ne fournissons de garantie ou d\u2019assurance quant \u00e0 l\u2019exactitude, l\u2019actualit\u00e9, la performance, l\u2019exhaustivit\u00e9 ou la pertinence des informations et du mat\u00e9riel trouv\u00e9s ou propos\u00e9s sur ce site web, pour un usage particulier. Vous reconnaissez que ces informations et mat\u00e9riels peuvent contenir des inexactitudes ou des erreurs. Nous excluons express\u00e9ment toute responsabilit\u00e9 pour de telles inexactitudes ou erreurs, dans toute la mesure permise par la loi.<\/li>\n\n\n\n<li>Votre utilisation de toute information ou de tout mat\u00e9riel sur ce site web se fait enti\u00e8rement \u00e0 vos propres risques, et nous n\u2019en serons pas responsables. Il est de votre responsabilit\u00e9 de vous assurer que tout produit, service ou information disponible sur ce site web r\u00e9pond \u00e0 vos besoins sp\u00e9cifiques.<\/li>\n\n\n\n<li>Ce site web contient du mat\u00e9riel qui nous appartient ou qui nous est conc\u00e9d\u00e9 sous licence. Ce mat\u00e9riel comprend, sans s\u2019y limiter, la conception, la mise en page, l\u2019apparence et les \u00e9l\u00e9ments graphiques. Toute reproduction est interdite.<\/li>\n\n\n\n<li>Toute marque d\u00e9pos\u00e9e reproduite sur ce site web, qui n\u2019est pas la propri\u00e9t\u00e9 ou sous licence de l\u2019exploitant du site, est reconnue sur le site.<\/li>\n\n\n\n<li>Toute utilisation non autoris\u00e9e de ce site web peut donner lieu \u00e0 une r\u00e9clamation en dommages-int\u00e9r\u00eats et\/ou \u00e0 des sanctions p\u00e9nales.<\/li>\n\n\n\n<li>Ce site web peut \u00e9galement inclure des liens vers des sites web tiers. Ces liens n\u2019impliquent pas que nous approuvions ces sites tiers. Nous n\u2019assumons aucune responsabilit\u00e9 quant au contenu des sites web tiers auxquels nous pouvons renvoyer.<\/li>\n\n\n\n<li>Vous ne pouvez pas cr\u00e9er de lien vers ce site web \u00e0 partir d\u2019un autre site ou document sans le consentement \u00e9crit pr\u00e9alable de la SOCI\u00c9T\u00c9.<\/li>\n\n\n\n<li>Votre utilisation de ce site web et tout litige d\u00e9coulant d\u2019une telle utilisation sont soumis aux lois de l\u2019Indon\u00e9sie.<\/li>\n<\/ul>\n\n\n<style>.wp-block-kadence-advancedheading.kt-adv-heading37_3ac093-7d, .wp-block-kadence-advancedheading.kt-adv-heading37_3ac093-7d[data-kb-block=\"kb-adv-heading37_3ac093-7d\"]{text-align:center;font-style:normal;}.wp-block-kadence-advancedheading.kt-adv-heading37_3ac093-7d mark.kt-highlight, .wp-block-kadence-advancedheading.kt-adv-heading37_3ac093-7d[data-kb-block=\"kb-adv-heading37_3ac093-7d\"] mark.kt-highlight{font-style:normal;color:#f76a0c;-webkit-box-decoration-break:clone;box-decoration-break:clone;padding-top:0px;padding-right:0px;padding-bottom:0px;padding-left:0px;}.wp-block-kadence-advancedheading.kt-adv-heading37_3ac093-7d img.kb-inline-image, .wp-block-kadence-advancedheading.kt-adv-heading37_3ac093-7d[data-kb-block=\"kb-adv-heading37_3ac093-7d\"] img.kb-inline-image{width:150px;vertical-align:baseline;}<\/style>\n<h2 class=\"kt-adv-heading37_3ac093-7d wp-block-kadence-advancedheading\" data-kb-block=\"kb-adv-heading37_3ac093-7d\"><strong>Mat\u00e9riels que vous soumettez et utilisation du compte<\/strong><\/h2>\n\n\n\n<p>Pour les mat\u00e9riels que vous publiez ou fournissez de toute autre mani\u00e8re \u00e0 la SOCI\u00c9T\u00c9 dans le cadre des Services (votre \u00ab Soumission \u00bb), vous accordez \u00e0 la SOCI\u00c9T\u00c9 une licence mondiale, irr\u00e9vocable, perp\u00e9tuelle et libre de redevances pour :<br>(a) utiliser, copier, distribuer, transmettre, afficher publiquement, ex\u00e9cuter publiquement, reproduire, \u00e9diter, modifier, pr\u00e9parer des \u0153uvres d\u00e9riv\u00e9es ou les incorporer dans d\u2019autres \u0153uvres, et traduire votre Soumission, dans le cadre des Services ou dans tout autre m\u00e9dia, et<br>(b) sous-licencier ces droits, dans la mesure maximale autoris\u00e9e par la loi applicable.<br>La SOCI\u00c9T\u00c9 ne vous versera aucune r\u00e9mun\u00e9ration pour votre Soumission ni pour l\u2019exercice de l\u2019un quelconque des droits li\u00e9s \u00e0 votre Soumission tels que d\u00e9finis dans la phrase pr\u00e9c\u00e9dente. La SOCI\u00c9T\u00c9 peut supprimer ou modifier votre Soumission \u00e0 tout moment.<br>Pour chaque Soumission, vous acceptez de fournir des informations exactes et compl\u00e8tes et d\u00e9clarez disposer de tous les droits n\u00e9cessaires pour accorder \u00e0 la SOCI\u00c9T\u00c9 les droits pr\u00e9vus dans ce paragraphe, que l\u2019utilisation de la Soumission par la SOCI\u00c9T\u00c9 ne portera pas atteinte aux droits d\u2019un tiers et que la Soumission est conforme au Paragraphe 1 ci-dessus.<br>Vous \u00eates seul responsable de toutes les Soumissions effectu\u00e9es via votre (vos) compte(s) utilisateur sur les Services ou que vous mettez autrement \u00e0 disposition par le biais des Services.<\/p>\n\n\n<style>.wp-block-kadence-advancedheading.kt-adv-heading37_2598e4-cc, .wp-block-kadence-advancedheading.kt-adv-heading37_2598e4-cc[data-kb-block=\"kb-adv-heading37_2598e4-cc\"]{text-align:center;font-style:normal;}.wp-block-kadence-advancedheading.kt-adv-heading37_2598e4-cc mark.kt-highlight, .wp-block-kadence-advancedheading.kt-adv-heading37_2598e4-cc[data-kb-block=\"kb-adv-heading37_2598e4-cc\"] mark.kt-highlight{font-style:normal;color:#f76a0c;-webkit-box-decoration-break:clone;box-decoration-break:clone;padding-top:0px;padding-right:0px;padding-bottom:0px;padding-left:0px;}.wp-block-kadence-advancedheading.kt-adv-heading37_2598e4-cc img.kb-inline-image, .wp-block-kadence-advancedheading.kt-adv-heading37_2598e4-cc[data-kb-block=\"kb-adv-heading37_2598e4-cc\"] img.kb-inline-image{width:150px;vertical-align:baseline;}<\/style>\n<h2 class=\"kt-adv-heading37_2598e4-cc wp-block-kadence-advancedheading\" data-kb-block=\"kb-adv-heading37_2598e4-cc\"><strong>Politique d\u2019utilisation des images<\/strong><\/h2>\n\n\n\n<p>Nous vous invitons \u00e0 utiliser nos \u00e9l\u00e9ments graphiques sur votre site web et\/ou vos r\u00e9seaux sociaux. Vous pouvez les modifier ou les utiliser tels quels. Tout ce que nous demandons en retour, c\u2019est une attribution \u00e0 l\u2019URL de l\u2019article.<\/p>\n<\/div><\/div>\n\n<\/div><\/div>","protected":false},"excerpt":{"rendered":"<p>Conditions d\u2019utilisation de https:\/\/gizigo.id\/fr\/ En naviguant et en utilisant ce site web, Gizigo.id (ci-apr\u00e8s d\u00e9nomm\u00e9 la SOCI\u00c9T\u00c9), vous acceptez de respecter et d\u2019\u00eatre li\u00e9 par les pr\u00e9sentes conditions d\u2019utilisation. Les pr\u00e9sentes conditions d\u2019utilisation, conjointement avec notre politique de confidentialit\u00e9, r\u00e9gissent la relation entre la SOCI\u00c9T\u00c9 et vous, en rapport avec ce site web. Les termes&#8230;<\/p>\n","protected":false},"author":1,"featured_media":0,"parent":0,"menu_order":0,"comment_status":"closed","ping_status":"closed","template":"","meta":{"_kad_post_transparent":"","_kad_post_title":"","_kad_post_layout":"fullwidth","_kad_post_sidebar_id":"","_kad_post_content_style":"unboxed","_kad_post_vertical_padding":"","_kad_post_feature":"","_kad_post_feature_position":"","_kad_post_header":false,"_kad_post_footer":false,"_kad_post_classname":"","footnotes":""},"class_list":["post-37","page","type-page","status-publish","hentry"],"yoast_head":"<!-- This site is optimized with the Yoast SEO plugin v27.3 - https:\/\/yoast.com\/product\/yoast-seo-wordpress\/ -->\n<title>[FR] [TERMS OF USE] Conditions d\u2019utilisation - Gizigo FRENCH<\/title>\n<meta name=\"robots\" content=\"index, follow, max-snippet:-1, max-image-preview:large, max-video-preview:-1\" \/>\n<link rel=\"canonical\" href=\"https:\/\/gizigo.id\/fr\/conditions-d-utilisation\/\" \/>\n<meta property=\"og:locale\" content=\"en_US\" \/>\n<meta property=\"og:type\" content=\"article\" \/>\n<meta property=\"og:title\" content=\"[FR] [TERMS OF USE] Conditions d\u2019utilisation - Gizigo FRENCH\" \/>\n<meta property=\"og:description\" content=\"Conditions d\u2019utilisation de https:\/\/gizigo.id\/fr\/ En naviguant et en utilisant ce site web, Gizigo.id (ci-apr\u00e8s d\u00e9nomm\u00e9 la SOCI\u00c9T\u00c9), vous acceptez de respecter et d\u2019\u00eatre li\u00e9 par les pr\u00e9sentes conditions d\u2019utilisation. Les pr\u00e9sentes conditions d\u2019utilisation, conjointement avec notre politique de confidentialit\u00e9, r\u00e9gissent la relation entre la SOCI\u00c9T\u00c9 et vous, en rapport avec ce site web. Les termes...\" \/>\n<meta property=\"og:url\" content=\"https:\/\/gizigo.id\/fr\/conditions-d-utilisation\/\" \/>\n<meta property=\"og:site_name\" content=\"Gizigo FRENCH\" \/>\n<meta property=\"article:modified_time\" content=\"2025-10-15T05:44:14+00:00\" \/>\n<meta name=\"twitter:card\" content=\"summary_large_image\" \/>\n<meta name=\"twitter:label1\" content=\"Est. reading time\" \/>\n\t<meta name=\"twitter:data1\" content=\"3 minutes\" \/>\n<script type=\"application\/ld+json\" class=\"yoast-schema-graph\">{\"@context\":\"https:\\\/\\\/schema.org\",\"@graph\":[{\"@type\":\"WebPage\",\"@id\":\"https:\\\/\\\/gizigo.id\\\/fr\\\/conditions-d-utilisation\\\/\",\"url\":\"https:\\\/\\\/gizigo.id\\\/fr\\\/conditions-d-utilisation\\\/\",\"name\":\"[FR] [TERMS OF USE] Conditions d\u2019utilisation - Gizigo FRENCH\",\"isPartOf\":{\"@id\":\"https:\\\/\\\/gizigo.id\\\/fr\\\/#website\"},\"datePublished\":\"2025-10-14T14:15:24+00:00\",\"dateModified\":\"2025-10-15T05:44:14+00:00\",\"breadcrumb\":{\"@id\":\"https:\\\/\\\/gizigo.id\\\/fr\\\/conditions-d-utilisation\\\/#breadcrumb\"},\"inLanguage\":\"en-US\",\"potentialAction\":[{\"@type\":\"ReadAction\",\"target\":[\"https:\\\/\\\/gizigo.id\\\/fr\\\/conditions-d-utilisation\\\/\"]}]},{\"@type\":\"BreadcrumbList\",\"@id\":\"https:\\\/\\\/gizigo.id\\\/fr\\\/conditions-d-utilisation\\\/#breadcrumb\",\"itemListElement\":[{\"@type\":\"ListItem\",\"position\":1,\"name\":\"Home\",\"item\":\"https:\\\/\\\/gizigo.id\\\/fr\\\/\"},{\"@type\":\"ListItem\",\"position\":2,\"name\":\"[FR] [TERMS OF USE] Conditions d\u2019utilisation\"}]},{\"@type\":\"WebSite\",\"@id\":\"https:\\\/\\\/gizigo.id\\\/fr\\\/#website\",\"url\":\"https:\\\/\\\/gizigo.id\\\/fr\\\/\",\"name\":\"Gizigo FRENCH\",\"description\":\"\",\"potentialAction\":[{\"@type\":\"SearchAction\",\"target\":{\"@type\":\"EntryPoint\",\"urlTemplate\":\"https:\\\/\\\/gizigo.id\\\/fr\\\/?s={search_term_string}\"},\"query-input\":{\"@type\":\"PropertyValueSpecification\",\"valueRequired\":true,\"valueName\":\"search_term_string\"}}],\"inLanguage\":\"en-US\"}]}<\/script>\n<!-- \/ Yoast SEO plugin. -->","yoast_head_json":{"title":"[FR] [TERMS OF USE] Conditions d\u2019utilisation - Gizigo FRENCH","robots":{"index":"index","follow":"follow","max-snippet":"max-snippet:-1","max-image-preview":"max-image-preview:large","max-video-preview":"max-video-preview:-1"},"canonical":"https:\/\/gizigo.id\/fr\/conditions-d-utilisation\/","og_locale":"en_US","og_type":"article","og_title":"[FR] [TERMS OF USE] Conditions d\u2019utilisation - Gizigo FRENCH","og_description":"Conditions d\u2019utilisation de https:\/\/gizigo.id\/fr\/ En naviguant et en utilisant ce site web, Gizigo.id (ci-apr\u00e8s d\u00e9nomm\u00e9 la SOCI\u00c9T\u00c9), vous acceptez de respecter et d\u2019\u00eatre li\u00e9 par les pr\u00e9sentes conditions d\u2019utilisation. Les pr\u00e9sentes conditions d\u2019utilisation, conjointement avec notre politique de confidentialit\u00e9, r\u00e9gissent la relation entre la SOCI\u00c9T\u00c9 et vous, en rapport avec ce site web. Les termes...","og_url":"https:\/\/gizigo.id\/fr\/conditions-d-utilisation\/","og_site_name":"Gizigo FRENCH","article_modified_time":"2025-10-15T05:44:14+00:00","twitter_card":"summary_large_image","twitter_misc":{"Est. reading time":"3 minutes"},"schema":{"@context":"https:\/\/schema.org","@graph":[{"@type":"WebPage","@id":"https:\/\/gizigo.id\/fr\/conditions-d-utilisation\/","url":"https:\/\/gizigo.id\/fr\/conditions-d-utilisation\/","name":"[FR] [TERMS OF USE] Conditions d\u2019utilisation - Gizigo FRENCH","isPartOf":{"@id":"https:\/\/gizigo.id\/fr\/#website"},"datePublished":"2025-10-14T14:15:24+00:00","dateModified":"2025-10-15T05:44:14+00:00","breadcrumb":{"@id":"https:\/\/gizigo.id\/fr\/conditions-d-utilisation\/#breadcrumb"},"inLanguage":"en-US","potentialAction":[{"@type":"ReadAction","target":["https:\/\/gizigo.id\/fr\/conditions-d-utilisation\/"]}]},{"@type":"BreadcrumbList","@id":"https:\/\/gizigo.id\/fr\/conditions-d-utilisation\/#breadcrumb","itemListElement":[{"@type":"ListItem","position":1,"name":"Home","item":"https:\/\/gizigo.id\/fr\/"},{"@type":"ListItem","position":2,"name":"[FR] [TERMS OF USE] Conditions d\u2019utilisation"}]},{"@type":"WebSite","@id":"https:\/\/gizigo.id\/fr\/#website","url":"https:\/\/gizigo.id\/fr\/","name":"Gizigo FRENCH","description":"","potentialAction":[{"@type":"SearchAction","target":{"@type":"EntryPoint","urlTemplate":"https:\/\/gizigo.id\/fr\/?s={search_term_string}"},"query-input":{"@type":"PropertyValueSpecification","valueRequired":true,"valueName":"search_term_string"}}],"inLanguage":"en-US"}]}},"_links":{"self":[{"href":"https:\/\/gizigo.id\/fr\/wp-json\/wp\/v2\/pages\/37","targetHints":{"allow":["GET"]}}],"collection":[{"href":"https:\/\/gizigo.id\/fr\/wp-json\/wp\/v2\/pages"}],"about":[{"href":"https:\/\/gizigo.id\/fr\/wp-json\/wp\/v2\/types\/page"}],"author":[{"embeddable":true,"href":"https:\/\/gizigo.id\/fr\/wp-json\/wp\/v2\/users\/1"}],"replies":[{"embeddable":true,"href":"https:\/\/gizigo.id\/fr\/wp-json\/wp\/v2\/comments?post=37"}],"version-history":[{"count":2,"href":"https:\/\/gizigo.id\/fr\/wp-json\/wp\/v2\/pages\/37\/revisions"}],"predecessor-version":[{"id":57,"href":"https:\/\/gizigo.id\/fr\/wp-json\/wp\/v2\/pages\/37\/revisions\/57"}],"wp:attachment":[{"href":"https:\/\/gizigo.id\/fr\/wp-json\/wp\/v2\/media?parent=37"}],"curies":[{"name":"wp","href":"https:\/\/api.w.org\/{rel}","templated":true}]}}