{"id":32,"date":"2025-10-14T06:03:40","date_gmt":"2025-10-14T06:03:40","guid":{"rendered":"https:\/\/gizigo.id\/no\/?page_id=32"},"modified":"2025-10-15T05:42:42","modified_gmt":"2025-10-15T05:42:42","slug":"ansvarsfraskrivelse","status":"publish","type":"page","link":"https:\/\/gizigo.id\/no\/ansvarsfraskrivelse\/","title":{"rendered":"Ansvarsfraskrivelse"},"content":{"rendered":"<style>.kb-row-layout-id32_e7a6a7-67 > .kt-row-column-wrap{align-content:start;}:where(.kb-row-layout-id32_e7a6a7-67 > .kt-row-column-wrap) > .wp-block-kadence-column{justify-content:start;}.kb-row-layout-id32_e7a6a7-67 > .kt-row-column-wrap{column-gap:var(--global-kb-gap-lg, 4rem);row-gap:var(--global-kb-gap-md, 2rem);max-width:var( --global-content-width, 1290px );padding-left:var(--global-content-edge-padding);padding-right:var(--global-content-edge-padding);padding-top:100px;padding-bottom:100px;grid-template-columns:minmax(0, 1fr);}.kb-row-layout-id32_e7a6a7-67 > .kt-row-layout-overlay{opacity:0.30;}@media all and (max-width: 1024px){.kb-row-layout-id32_e7a6a7-67 > .kt-row-column-wrap{grid-template-columns:minmax(0, 1fr);}}@media all and (max-width: 767px){.kb-row-layout-id32_e7a6a7-67 > .kt-row-column-wrap{grid-template-columns:minmax(0, 1fr);}}<\/style><div class=\"kb-row-layout-wrap kb-row-layout-id32_e7a6a7-67 alignnone has-theme-palette8-background-color kt-row-has-bg wp-block-kadence-rowlayout\"><div class=\"kt-row-column-wrap kt-has-1-columns kt-row-layout-equal kt-tab-layout-inherit kt-mobile-layout-row kt-row-valign-top kb-theme-content-width\">\n<style>.kadence-column32_48f24d-38 > .kt-inside-inner-col,.kadence-column32_48f24d-38 > .kt-inside-inner-col:before{border-top-left-radius:0px;border-top-right-radius:0px;border-bottom-right-radius:0px;border-bottom-left-radius:0px;}.kadence-column32_48f24d-38 > .kt-inside-inner-col{column-gap:var(--global-kb-gap-sm, 1rem);}.kadence-column32_48f24d-38 > .kt-inside-inner-col{flex-direction:column;}.kadence-column32_48f24d-38 > .kt-inside-inner-col > .aligncenter{width:100%;}.kadence-column32_48f24d-38 > .kt-inside-inner-col:before{opacity:0.3;}.kadence-column32_48f24d-38{position:relative;}@media all and (max-width: 1024px){.kadence-column32_48f24d-38 > .kt-inside-inner-col{flex-direction:column;justify-content:center;}}@media all and (max-width: 767px){.kadence-column32_48f24d-38 > .kt-inside-inner-col{flex-direction:column;justify-content:center;}}<\/style>\n<div class=\"wp-block-kadence-column kadence-column32_48f24d-38 inner-column-1\"><div class=\"kt-inside-inner-col\">\n<p class=\"has-text-align-center\">Ansvarsfraskrivelse for <strong><a href=\"https:\/\/gizigo.id\/no\/\">https:\/\/gizigo.id\/no\/<\/a><\/strong><\/p>\n\n\n\n<div style=\"height:20px\" aria-hidden=\"true\" class=\"wp-block-spacer\"><\/div>\n\n\n\n<p>Artiklene publisert p\u00e5 Gizigo.id, med unntak av artikler i Bulletinkategorien, er:<\/p>\n\n\n\n<ul class=\"wp-block-list\">\n<li>skrevet av en ern\u00e6ringsfysiolog\/klinisk ern\u00e6ringsfysiolog som samarbeider med oss, eller<\/li>\n\n\n\n<li>resultatet av v\u00e5rt redaksjonelle teams arbeid, som er blitt gjennomg\u00e5tt av en ern\u00e6ringsfysiolog\/klinisk ern\u00e6ringsfysiolog.<\/li>\n<\/ul>\n\n\n\n<p>All informasjon vi gir p\u00e5 denne bloggen publiseres i god tro og kun for generell informasjonsbruk.<\/p>\n\n\n\n<p>Vi gj\u00f8r v\u00e5rt ytterste for \u00e5 forske og studere litteratur fra ulike p\u00e5litelige kilder f\u00f8r vi skriver noe p\u00e5 denne bloggen.<\/p>\n\n\n\n<p class=\"has-text-align-center\">***<\/p>\n\n\n\n<p>Artiklene p\u00e5 dette nettstedet presenteres kun som tilleggsinformasjon.<\/p>\n\n\n\n<p>Artiklene p\u00e5 Gizigo.id er IKKE ment \u00e5 erstatte profesjonell medisinsk behandling eller anbefalinger fra en profesjonell ern\u00e6ringsfysiolog. Artiklene p\u00e5 dette nettstedet skal IKKE brukes som grunnlag for diagnose eller behandlingsvalg.<\/p>\n\n\n\n<p>All behandling du gjennomf\u00f8rer m\u00e5 baseres p\u00e5 anbefalinger fra lege, ern\u00e6ringsfysiolog eller klinisk ern\u00e6ringsfysiolog etter direkte unders\u00f8kelse.<\/p>\n\n\n\n<p>Alt ansvar for bruk av informasjonen p\u00e5 dette nettstedet ligger hos leseren.<\/p>\n\n\n\n<p class=\"has-text-align-center\">***<\/p>\n\n\n\n<h2 class=\"wp-block-heading has-text-align-center\"><strong>DMCA-merknad<\/strong><\/h2>\n\n\n\n<p>Dersom du er den rettmessige eieren av bilder som er lagt ut p\u00e5 Gizigo.id og ikke \u00f8nsker at de skal vises, eller hvis du \u00f8nsker korrekt kreditering, vennligst kontakt oss, s\u00e5 vil vi umiddelbart gj\u00f8re det som er n\u00f8dvendig. Vennligst gi oss beskjed via <strong><a href=\"https:\/\/gizigo.id\/no\/kontakt\/\">v\u00e5r e-post<\/a><\/strong> om bildet b\u00f8r fjernes eller om vi skal legge til en lenke til ditt nettsted.<\/p>\n<\/div><\/div>\n\n<\/div><\/div>","protected":false},"excerpt":{"rendered":"<p>Ansvarsfraskrivelse for https:\/\/gizigo.id\/no\/ Artiklene publisert p\u00e5 Gizigo.id, med unntak av artikler i Bulletinkategorien, er: All informasjon vi gir p\u00e5 denne bloggen publiseres i god tro og kun for generell informasjonsbruk. Vi gj\u00f8r v\u00e5rt ytterste for \u00e5 forske og studere litteratur fra ulike p\u00e5litelige kilder f\u00f8r vi skriver noe p\u00e5 denne bloggen. *** Artiklene p\u00e5 dette&#8230;<\/p>\n","protected":false},"author":1,"featured_media":0,"parent":0,"menu_order":0,"comment_status":"closed","ping_status":"closed","template":"","meta":{"_kad_post_transparent":"","_kad_post_title":"","_kad_post_layout":"fullwidth","_kad_post_sidebar_id":"","_kad_post_content_style":"unboxed","_kad_post_vertical_padding":"","_kad_post_feature":"","_kad_post_feature_position":"","_kad_post_header":false,"_kad_post_footer":false,"_kad_post_classname":"","footnotes":""},"class_list":["post-32","page","type-page","status-publish","hentry"],"yoast_head":"<!-- This site is optimized with the Yoast SEO plugin v27.3 - https:\/\/yoast.com\/product\/yoast-seo-wordpress\/ -->\n<title>[NO] [DISCLAIMER] Ansvarsfraskrivelse - Gizigo NORWEGIAN<\/title>\n<meta name=\"robots\" content=\"index, follow, max-snippet:-1, max-image-preview:large, max-video-preview:-1\" \/>\n<link rel=\"canonical\" href=\"https:\/\/gizigo.id\/no\/ansvarsfraskrivelse\/\" \/>\n<meta property=\"og:locale\" content=\"en_US\" \/>\n<meta property=\"og:type\" content=\"article\" \/>\n<meta property=\"og:title\" content=\"[NO] [DISCLAIMER] Ansvarsfraskrivelse - Gizigo NORWEGIAN\" \/>\n<meta property=\"og:description\" content=\"Ansvarsfraskrivelse for https:\/\/gizigo.id\/no\/ Artiklene publisert p\u00e5 Gizigo.id, med unntak av artikler i Bulletinkategorien, er: All informasjon vi gir p\u00e5 denne bloggen publiseres i god tro og kun for generell informasjonsbruk. Vi gj\u00f8r v\u00e5rt ytterste for \u00e5 forske og studere litteratur fra ulike p\u00e5litelige kilder f\u00f8r vi skriver noe p\u00e5 denne bloggen. *** Artiklene p\u00e5 dette...\" \/>\n<meta property=\"og:url\" content=\"https:\/\/gizigo.id\/no\/ansvarsfraskrivelse\/\" \/>\n<meta property=\"og:site_name\" content=\"Gizigo NORWEGIAN\" \/>\n<meta property=\"article:modified_time\" content=\"2025-10-15T05:42:42+00:00\" \/>\n<meta name=\"twitter:card\" content=\"summary_large_image\" \/>\n<meta name=\"twitter:label1\" content=\"Est. reading time\" \/>\n\t<meta name=\"twitter:data1\" content=\"1 minute\" \/>\n<script type=\"application\/ld+json\" class=\"yoast-schema-graph\">{\"@context\":\"https:\\\/\\\/schema.org\",\"@graph\":[{\"@type\":\"WebPage\",\"@id\":\"https:\\\/\\\/gizigo.id\\\/no\\\/ansvarsfraskrivelse\\\/\",\"url\":\"https:\\\/\\\/gizigo.id\\\/no\\\/ansvarsfraskrivelse\\\/\",\"name\":\"[NO] [DISCLAIMER] Ansvarsfraskrivelse - Gizigo NORWEGIAN\",\"isPartOf\":{\"@id\":\"https:\\\/\\\/gizigo.id\\\/no\\\/#website\"},\"datePublished\":\"2025-10-14T06:03:40+00:00\",\"dateModified\":\"2025-10-15T05:42:42+00:00\",\"breadcrumb\":{\"@id\":\"https:\\\/\\\/gizigo.id\\\/no\\\/ansvarsfraskrivelse\\\/#breadcrumb\"},\"inLanguage\":\"en-US\",\"potentialAction\":[{\"@type\":\"ReadAction\",\"target\":[\"https:\\\/\\\/gizigo.id\\\/no\\\/ansvarsfraskrivelse\\\/\"]}]},{\"@type\":\"BreadcrumbList\",\"@id\":\"https:\\\/\\\/gizigo.id\\\/no\\\/ansvarsfraskrivelse\\\/#breadcrumb\",\"itemListElement\":[{\"@type\":\"ListItem\",\"position\":1,\"name\":\"Home\",\"item\":\"https:\\\/\\\/gizigo.id\\\/no\\\/\"},{\"@type\":\"ListItem\",\"position\":2,\"name\":\"[NO] [DISCLAIMER] Ansvarsfraskrivelse\"}]},{\"@type\":\"WebSite\",\"@id\":\"https:\\\/\\\/gizigo.id\\\/no\\\/#website\",\"url\":\"https:\\\/\\\/gizigo.id\\\/no\\\/\",\"name\":\"Gizigo NORWEGIAN\",\"description\":\"\",\"potentialAction\":[{\"@type\":\"SearchAction\",\"target\":{\"@type\":\"EntryPoint\",\"urlTemplate\":\"https:\\\/\\\/gizigo.id\\\/no\\\/?s={search_term_string}\"},\"query-input\":{\"@type\":\"PropertyValueSpecification\",\"valueRequired\":true,\"valueName\":\"search_term_string\"}}],\"inLanguage\":\"en-US\"}]}<\/script>\n<!-- \/ Yoast SEO plugin. -->","yoast_head_json":{"title":"[NO] [DISCLAIMER] Ansvarsfraskrivelse - Gizigo NORWEGIAN","robots":{"index":"index","follow":"follow","max-snippet":"max-snippet:-1","max-image-preview":"max-image-preview:large","max-video-preview":"max-video-preview:-1"},"canonical":"https:\/\/gizigo.id\/no\/ansvarsfraskrivelse\/","og_locale":"en_US","og_type":"article","og_title":"[NO] [DISCLAIMER] Ansvarsfraskrivelse - Gizigo NORWEGIAN","og_description":"Ansvarsfraskrivelse for https:\/\/gizigo.id\/no\/ Artiklene publisert p\u00e5 Gizigo.id, med unntak av artikler i Bulletinkategorien, er: All informasjon vi gir p\u00e5 denne bloggen publiseres i god tro og kun for generell informasjonsbruk. Vi gj\u00f8r v\u00e5rt ytterste for \u00e5 forske og studere litteratur fra ulike p\u00e5litelige kilder f\u00f8r vi skriver noe p\u00e5 denne bloggen. *** Artiklene p\u00e5 dette...","og_url":"https:\/\/gizigo.id\/no\/ansvarsfraskrivelse\/","og_site_name":"Gizigo NORWEGIAN","article_modified_time":"2025-10-15T05:42:42+00:00","twitter_card":"summary_large_image","twitter_misc":{"Est. reading time":"1 minute"},"schema":{"@context":"https:\/\/schema.org","@graph":[{"@type":"WebPage","@id":"https:\/\/gizigo.id\/no\/ansvarsfraskrivelse\/","url":"https:\/\/gizigo.id\/no\/ansvarsfraskrivelse\/","name":"[NO] [DISCLAIMER] Ansvarsfraskrivelse - Gizigo NORWEGIAN","isPartOf":{"@id":"https:\/\/gizigo.id\/no\/#website"},"datePublished":"2025-10-14T06:03:40+00:00","dateModified":"2025-10-15T05:42:42+00:00","breadcrumb":{"@id":"https:\/\/gizigo.id\/no\/ansvarsfraskrivelse\/#breadcrumb"},"inLanguage":"en-US","potentialAction":[{"@type":"ReadAction","target":["https:\/\/gizigo.id\/no\/ansvarsfraskrivelse\/"]}]},{"@type":"BreadcrumbList","@id":"https:\/\/gizigo.id\/no\/ansvarsfraskrivelse\/#breadcrumb","itemListElement":[{"@type":"ListItem","position":1,"name":"Home","item":"https:\/\/gizigo.id\/no\/"},{"@type":"ListItem","position":2,"name":"[NO] [DISCLAIMER] Ansvarsfraskrivelse"}]},{"@type":"WebSite","@id":"https:\/\/gizigo.id\/no\/#website","url":"https:\/\/gizigo.id\/no\/","name":"Gizigo NORWEGIAN","description":"","potentialAction":[{"@type":"SearchAction","target":{"@type":"EntryPoint","urlTemplate":"https:\/\/gizigo.id\/no\/?s={search_term_string}"},"query-input":{"@type":"PropertyValueSpecification","valueRequired":true,"valueName":"search_term_string"}}],"inLanguage":"en-US"}]}},"_links":{"self":[{"href":"https:\/\/gizigo.id\/no\/wp-json\/wp\/v2\/pages\/32","targetHints":{"allow":["GET"]}}],"collection":[{"href":"https:\/\/gizigo.id\/no\/wp-json\/wp\/v2\/pages"}],"about":[{"href":"https:\/\/gizigo.id\/no\/wp-json\/wp\/v2\/types\/page"}],"author":[{"embeddable":true,"href":"https:\/\/gizigo.id\/no\/wp-json\/wp\/v2\/users\/1"}],"replies":[{"embeddable":true,"href":"https:\/\/gizigo.id\/no\/wp-json\/wp\/v2\/comments?post=32"}],"version-history":[{"count":4,"href":"https:\/\/gizigo.id\/no\/wp-json\/wp\/v2\/pages\/32\/revisions"}],"predecessor-version":[{"id":54,"href":"https:\/\/gizigo.id\/no\/wp-json\/wp\/v2\/pages\/32\/revisions\/54"}],"wp:attachment":[{"href":"https:\/\/gizigo.id\/no\/wp-json\/wp\/v2\/media?parent=32"}],"curies":[{"name":"wp","href":"https:\/\/api.w.org\/{rel}","templated":true}]}}