{"id":34,"date":"2025-10-14T06:08:51","date_gmt":"2025-10-14T06:08:51","guid":{"rendered":"https:\/\/gizigo.id\/no\/?page_id=34"},"modified":"2025-10-15T05:42:47","modified_gmt":"2025-10-15T05:42:47","slug":"redaksjonell-prosess","status":"publish","type":"page","link":"https:\/\/gizigo.id\/no\/redaksjonell-prosess\/","title":{"rendered":"Redaksjonell prosess"},"content":{"rendered":"<style>.kb-row-layout-id34_a652be-d2 > .kt-row-column-wrap{align-content:start;}:where(.kb-row-layout-id34_a652be-d2 > .kt-row-column-wrap) > .wp-block-kadence-column{justify-content:start;}.kb-row-layout-id34_a652be-d2 > .kt-row-column-wrap{column-gap:var(--global-kb-gap-lg, 4rem);row-gap:var(--global-kb-gap-md, 2rem);max-width:var( --global-content-width, 1290px );padding-left:var(--global-content-edge-padding);padding-right:var(--global-content-edge-padding);padding-top:100px;padding-bottom:200px;grid-template-columns:minmax(0, 1fr);}.kb-row-layout-id34_a652be-d2 > .kt-row-layout-overlay{opacity:0.30;}.kb-row-layout-id34_a652be-d2 .kt-row-layout-bottom-sep{height:100px;}.kb-row-layout-id34_a652be-d2 .kt-row-layout-bottom-sep svg{width:100%;}.kb-row-layout-id34_a652be-d2 .kt-row-layout-bottom-sep svg{fill:#ffffff!important;}@media all and (max-width: 1024px){.kb-row-layout-id34_a652be-d2 > .kt-row-column-wrap{grid-template-columns:minmax(0, 1fr);}}@media all and (max-width: 1024px){.kb-row-layout-id34_a652be-d2 .kt-row-layout-bottom-sep{height:px;}}@media all and (max-width: 1024px){.kb-row-layout-id34_a652be-d2 .kt-row-layout-bottom-sep svg{width:%;}}@media all and (max-width: 767px){.kb-row-layout-id34_a652be-d2 > .kt-row-column-wrap{grid-template-columns:minmax(0, 1fr);}.kb-row-layout-id34_a652be-d2 .kt-row-layout-bottom-sep{height:px;}.kb-row-layout-id34_a652be-d2 .kt-row-layout-bottom-sep svg{width:%;}}<\/style><div class=\"kb-row-layout-wrap kb-row-layout-id34_a652be-d2 alignnone has-theme-palette8-background-color kt-row-has-bg wp-block-kadence-rowlayout\"><div class=\"kt-row-layout-bottom-sep kt-row-sep-type-ct\"><svg viewBox=\"0 0 1000 100\" preserveAspectRatio=\"none\"><path d=\"M1000,0l-500,98l-500,-98l0,100l1000,0l0,-100Z\" \/><\/svg><\/div><div class=\"kt-row-column-wrap kt-has-1-columns kt-row-layout-equal kt-tab-layout-inherit kt-mobile-layout-row kt-row-valign-top kb-theme-content-width\">\n<style>.kadence-column34_61dd08-4e > .kt-inside-inner-col,.kadence-column34_61dd08-4e > .kt-inside-inner-col:before{border-top-left-radius:0px;border-top-right-radius:0px;border-bottom-right-radius:0px;border-bottom-left-radius:0px;}.kadence-column34_61dd08-4e > .kt-inside-inner-col{column-gap:var(--global-kb-gap-sm, 1rem);}.kadence-column34_61dd08-4e > .kt-inside-inner-col{flex-direction:column;}.kadence-column34_61dd08-4e > .kt-inside-inner-col > .aligncenter{width:100%;}.kadence-column34_61dd08-4e > .kt-inside-inner-col:before{opacity:0.3;}.kadence-column34_61dd08-4e{position:relative;}@media all and (max-width: 1024px){.kadence-column34_61dd08-4e > .kt-inside-inner-col{flex-direction:column;justify-content:center;}}@media all and (max-width: 767px){.kadence-column34_61dd08-4e > .kt-inside-inner-col{flex-direction:column;justify-content:center;}}<\/style>\n<div class=\"wp-block-kadence-column kadence-column34_61dd08-4e inner-column-1\"><div class=\"kt-inside-inner-col\">\n<p class=\"has-text-align-center has-larger-font-size\"><strong>1<\/strong><\/p>\n\n\n\n<h2 class=\"wp-block-heading has-text-align-center\">Vurdering av tema<\/h2>\n\n\n\n<div style=\"height:20px\" aria-hidden=\"true\" class=\"wp-block-spacer\"><\/div>\n\n\n\n<p class=\"has-text-align-center\">Alle artikler som publiseres p\u00e5 Gizigo starter sin reise med at temaet blir unders\u00f8kt f\u00f8rst.<\/p>\n\n\n\n<p class=\"has-text-align-center\">Denne prosessen tar hensyn til flere faktorer, som \u00e5 sjekke trender, hva v\u00e5re konkurrenter tilbyr, ern\u00e6ringsfysiologenes og kliniske ern\u00e6ringsfysiologers evne til \u00e5 dekke temaet, og s\u00e5 videre.<\/p>\n<\/div><\/div>\n\n<\/div><\/div>\n\n<style>.kb-row-layout-id34_6fe0c7-ec > .kt-row-column-wrap{align-content:start;}:where(.kb-row-layout-id34_6fe0c7-ec > .kt-row-column-wrap) > .wp-block-kadence-column{justify-content:start;}.kb-row-layout-id34_6fe0c7-ec > .kt-row-column-wrap{column-gap:var(--global-kb-gap-lg, 4rem);row-gap:var(--global-kb-gap-md, 2rem);max-width:var( --global-content-width, 1290px );padding-left:var(--global-content-edge-padding);padding-right:var(--global-content-edge-padding);padding-top:100px;padding-bottom:100px;grid-template-columns:minmax(0, 1fr);}.kb-row-layout-id34_6fe0c7-ec > .kt-row-layout-overlay{opacity:0.30;}.kb-row-layout-id34_6fe0c7-ec .kt-row-layout-bottom-sep{height:100px;}.kb-row-layout-id34_6fe0c7-ec .kt-row-layout-bottom-sep svg{width:100%;}.kb-row-layout-id34_6fe0c7-ec .kt-row-layout-bottom-sep svg{fill:#ffffff!important;}@media all and (max-width: 1024px){.kb-row-layout-id34_6fe0c7-ec > .kt-row-column-wrap{grid-template-columns:minmax(0, 1fr);}}@media all and (max-width: 1024px){.kb-row-layout-id34_6fe0c7-ec .kt-row-layout-bottom-sep{height:px;}}@media all and (max-width: 1024px){.kb-row-layout-id34_6fe0c7-ec .kt-row-layout-bottom-sep svg{width:%;}}@media all and (max-width: 767px){.kb-row-layout-id34_6fe0c7-ec > .kt-row-column-wrap{grid-template-columns:minmax(0, 1fr);}.kb-row-layout-id34_6fe0c7-ec .kt-row-layout-bottom-sep{height:px;}.kb-row-layout-id34_6fe0c7-ec .kt-row-layout-bottom-sep svg{width:%;}}<\/style><div class=\"kb-row-layout-wrap kb-row-layout-id34_6fe0c7-ec alignnone has-theme-palette9-background-color kt-row-has-bg wp-block-kadence-rowlayout\"><div class=\"kt-row-layout-bottom-sep kt-row-sep-type-ct\"><svg viewBox=\"0 0 1000 100\" preserveAspectRatio=\"none\"><path d=\"M1000,0l-500,98l-500,-98l0,100l1000,0l0,-100Z\" \/><\/svg><\/div><div class=\"kt-row-column-wrap kt-has-1-columns kt-row-layout-equal kt-tab-layout-inherit kt-mobile-layout-row kt-row-valign-top kb-theme-content-width\">\n<style>.kadence-column34_a4b115-5a > .kt-inside-inner-col,.kadence-column34_a4b115-5a > .kt-inside-inner-col:before{border-top-left-radius:0px;border-top-right-radius:0px;border-bottom-right-radius:0px;border-bottom-left-radius:0px;}.kadence-column34_a4b115-5a > .kt-inside-inner-col{column-gap:var(--global-kb-gap-sm, 1rem);}.kadence-column34_a4b115-5a > .kt-inside-inner-col{flex-direction:column;}.kadence-column34_a4b115-5a > .kt-inside-inner-col > .aligncenter{width:100%;}.kadence-column34_a4b115-5a > .kt-inside-inner-col:before{opacity:0.3;}.kadence-column34_a4b115-5a{position:relative;}@media all and (max-width: 1024px){.kadence-column34_a4b115-5a > .kt-inside-inner-col{flex-direction:column;justify-content:center;}}@media all and (max-width: 767px){.kadence-column34_a4b115-5a > .kt-inside-inner-col{flex-direction:column;justify-content:center;}}<\/style>\n<div class=\"wp-block-kadence-column kadence-column34_a4b115-5a inner-column-1\"><div class=\"kt-inside-inner-col\">\n<p class=\"has-text-align-center has-larger-font-size\"><strong>2<\/strong><\/p>\n\n\n\n<h2 class=\"wp-block-heading has-text-align-center\">Skriving av artikkelen<\/h2>\n\n\n\n<div style=\"height:20px\" aria-hidden=\"true\" class=\"wp-block-spacer\"><\/div>\n\n\n\n<p class=\"has-text-align-center\">N\u00e5r temaet er bestemt, begynner det virkelige arbeidet. V\u00e5re ern\u00e6ringsfysiologer og kliniske ern\u00e6ringsfysiologer setter i gang med grundig arbeid: de identifiserer hvilke poeng de m\u00e5 formidle til leserne, leser forskningsartikler og faktasjekker popul\u00e6rinformasjon fra mange andre nettsteder.<\/p>\n\n\n\n<p class=\"has-text-align-center\">Gang p\u00e5 gang oppdager v\u00e5re bidragsytere at den informasjonen som er lett tilgjengelig for de fleste internettbrukere er feilinformasjon. I slike tilfeller velger vi \u00e5 gi mer n\u00f8yaktig informasjon basert p\u00e5 tilgjengelig forskning.<\/p>\n\n\n\n<p class=\"has-text-align-center\">Andre ganger krever artikkelen et praktisk preg. Da vil ern\u00e6ringsfysiologen eller klinisk ern\u00e6ringsfysiolog som er tildelt temaet, g\u00e5 p\u00e5 kj\u00f8kkenet, forberede ingredienser, tilberede m\u00e5ltider og dokumentere hele prosessen.<\/p>\n<\/div><\/div>\n\n<\/div><\/div>\n\n<style>.kb-row-layout-id34_f383dd-7d > .kt-row-column-wrap{align-content:start;}:where(.kb-row-layout-id34_f383dd-7d > .kt-row-column-wrap) > .wp-block-kadence-column{justify-content:start;}.kb-row-layout-id34_f383dd-7d > .kt-row-column-wrap{column-gap:var(--global-kb-gap-lg, 4rem);row-gap:var(--global-kb-gap-md, 2rem);max-width:var( --global-content-width, 1290px );padding-left:var(--global-content-edge-padding);padding-right:var(--global-content-edge-padding);padding-top:200px;padding-bottom:200px;grid-template-columns:minmax(0, 1fr);}.kb-row-layout-id34_f383dd-7d{background-color:#f9ebeb;}.kb-row-layout-id34_f383dd-7d > .kt-row-layout-overlay{opacity:0.30;}.kb-row-layout-id34_f383dd-7d .kt-row-layout-bottom-sep{height:100px;}.kb-row-layout-id34_f383dd-7d .kt-row-layout-bottom-sep svg{width:100%;}.kb-row-layout-id34_f383dd-7d .kt-row-layout-bottom-sep svg{fill:#ffffff!important;}.kb-row-layout-id34_f383dd-7d .kt-row-layout-top-sep{height:100px;}.kb-row-layout-id34_f383dd-7d .kt-row-layout-top-sep svg{width:100%;}.kb-row-layout-id34_f383dd-7d .kt-row-layout-top-sep svg{fill:#ffffff!important;}@media all and (max-width: 1024px){.kb-row-layout-id34_f383dd-7d > .kt-row-column-wrap{grid-template-columns:minmax(0, 1fr);}}@media all and (max-width: 1024px){.kb-row-layout-id34_f383dd-7d .kt-row-layout-bottom-sep{height:px;}}@media all and (max-width: 1024px){.kb-row-layout-id34_f383dd-7d .kt-row-layout-bottom-sep svg{width:%;}}@media all and (max-width: 767px){.kb-row-layout-id34_f383dd-7d > .kt-row-column-wrap{grid-template-columns:minmax(0, 1fr);}.kb-row-layout-id34_f383dd-7d .kt-row-layout-bottom-sep{height:px;}.kb-row-layout-id34_f383dd-7d .kt-row-layout-bottom-sep svg{width:%;}}<\/style><div class=\"kb-row-layout-wrap kb-row-layout-id34_f383dd-7d alignnone kt-row-has-bg wp-block-kadence-rowlayout\"><div class=\"kt-row-layout-top-sep kt-row-sep-type-cti\"><svg viewBox=\"0 0 1000 100\" preserveAspectRatio=\"none\"><path d=\"M500,2l500,98l-1000,0l500,-98Z\" \/><\/svg><\/div><div class=\"kt-row-layout-bottom-sep kt-row-sep-type-ct\"><svg viewBox=\"0 0 1000 100\" preserveAspectRatio=\"none\"><path d=\"M1000,0l-500,98l-500,-98l0,100l1000,0l0,-100Z\" \/><\/svg><\/div><div class=\"kt-row-column-wrap kt-has-1-columns kt-row-layout-equal kt-tab-layout-inherit kt-mobile-layout-row kt-row-valign-top kb-theme-content-width\">\n<style>.kadence-column34_7e9779-ac > .kt-inside-inner-col,.kadence-column34_7e9779-ac > .kt-inside-inner-col:before{border-top-left-radius:0px;border-top-right-radius:0px;border-bottom-right-radius:0px;border-bottom-left-radius:0px;}.kadence-column34_7e9779-ac > .kt-inside-inner-col{column-gap:var(--global-kb-gap-sm, 1rem);}.kadence-column34_7e9779-ac > .kt-inside-inner-col{flex-direction:column;}.kadence-column34_7e9779-ac > .kt-inside-inner-col > .aligncenter{width:100%;}.kadence-column34_7e9779-ac > .kt-inside-inner-col:before{opacity:0.3;}.kadence-column34_7e9779-ac{position:relative;}@media all and (max-width: 1024px){.kadence-column34_7e9779-ac > .kt-inside-inner-col{flex-direction:column;justify-content:center;}}@media all and (max-width: 767px){.kadence-column34_7e9779-ac > .kt-inside-inner-col{flex-direction:column;justify-content:center;}}<\/style>\n<div class=\"wp-block-kadence-column kadence-column34_7e9779-ac inner-column-1\"><div class=\"kt-inside-inner-col\">\n<p class=\"has-text-align-center has-larger-font-size\"><strong>3<\/strong><\/p>\n\n\n\n<h2 class=\"wp-block-heading has-text-align-center\">Redakt\u00f8rens godkjenning<\/h2>\n\n\n\n<div style=\"height:20px\" aria-hidden=\"true\" class=\"wp-block-spacer\"><\/div>\n\n\n\n<p class=\"has-text-align-center\">N\u00e5r artikkelen er ferdig skrevet, vil v\u00e5re redakt\u00f8rer gjennomg\u00e5 resultatet. De s\u00f8rger for at utkastet dekker temaet grundig, svarer p\u00e5 lesernes behov og f\u00f8lger v\u00e5re kvalitetsretningslinjer.<\/p>\n\n\n\n<p class=\"has-text-align-center\">En siste finpuss blir lagt til for \u00e5 gj\u00f8re artiklene mer leservennlige \u2013 de fleste fagpersoner har en tendens til \u00e5 bruke for mye teknisk sjargong.<\/p>\n<\/div><\/div>\n\n<\/div><\/div>\n\n<style>.kb-row-layout-id34_a9bf97-00 > .kt-row-column-wrap{align-content:start;}:where(.kb-row-layout-id34_a9bf97-00 > .kt-row-column-wrap) > .wp-block-kadence-column{justify-content:start;}.kb-row-layout-id34_a9bf97-00 > .kt-row-column-wrap{column-gap:var(--global-kb-gap-lg, 4rem);row-gap:var(--global-kb-gap-md, 2rem);max-width:var( --global-content-width, 1290px );padding-left:var(--global-content-edge-padding);padding-right:var(--global-content-edge-padding);padding-top:100px;padding-bottom:200px;grid-template-columns:minmax(0, 1fr);}.kb-row-layout-id34_a9bf97-00 > .kt-row-layout-overlay{opacity:0.30;}.kb-row-layout-id34_a9bf97-00 .kt-row-layout-bottom-sep{height:100px;}.kb-row-layout-id34_a9bf97-00 .kt-row-layout-bottom-sep svg{width:100%;}.kb-row-layout-id34_a9bf97-00 .kt-row-layout-bottom-sep svg{fill:#ffffff!important;}@media all and (max-width: 1024px){.kb-row-layout-id34_a9bf97-00 > .kt-row-column-wrap{grid-template-columns:minmax(0, 1fr);}}@media all and (max-width: 1024px){.kb-row-layout-id34_a9bf97-00 .kt-row-layout-bottom-sep{height:px;}}@media all and (max-width: 1024px){.kb-row-layout-id34_a9bf97-00 .kt-row-layout-bottom-sep svg{width:%;}}@media all and (max-width: 767px){.kb-row-layout-id34_a9bf97-00 > .kt-row-column-wrap{grid-template-columns:minmax(0, 1fr);}.kb-row-layout-id34_a9bf97-00 .kt-row-layout-bottom-sep{height:px;}.kb-row-layout-id34_a9bf97-00 .kt-row-layout-bottom-sep svg{width:%;}}<\/style><div class=\"kb-row-layout-wrap kb-row-layout-id34_a9bf97-00 alignnone has-theme-palette9-background-color kt-row-has-bg wp-block-kadence-rowlayout\"><div class=\"kt-row-layout-bottom-sep kt-row-sep-type-ct\"><svg viewBox=\"0 0 1000 100\" preserveAspectRatio=\"none\"><path d=\"M1000,0l-500,98l-500,-98l0,100l1000,0l0,-100Z\" \/><\/svg><\/div><div class=\"kt-row-column-wrap kt-has-1-columns kt-row-layout-equal kt-tab-layout-inherit kt-mobile-layout-row kt-row-valign-top kb-theme-content-width\">\n<style>.kadence-column34_7d0bd1-22 > .kt-inside-inner-col,.kadence-column34_7d0bd1-22 > .kt-inside-inner-col:before{border-top-left-radius:0px;border-top-right-radius:0px;border-bottom-right-radius:0px;border-bottom-left-radius:0px;}.kadence-column34_7d0bd1-22 > .kt-inside-inner-col{column-gap:var(--global-kb-gap-sm, 1rem);}.kadence-column34_7d0bd1-22 > .kt-inside-inner-col{flex-direction:column;}.kadence-column34_7d0bd1-22 > .kt-inside-inner-col > .aligncenter{width:100%;}.kadence-column34_7d0bd1-22 > .kt-inside-inner-col:before{opacity:0.3;}.kadence-column34_7d0bd1-22{position:relative;}@media all and (max-width: 1024px){.kadence-column34_7d0bd1-22 > .kt-inside-inner-col{flex-direction:column;justify-content:center;}}@media all and (max-width: 767px){.kadence-column34_7d0bd1-22 > .kt-inside-inner-col{flex-direction:column;justify-content:center;}}<\/style>\n<div class=\"wp-block-kadence-column kadence-column34_7d0bd1-22 inner-column-1\"><div class=\"kt-inside-inner-col\">\n<p class=\"has-text-align-center has-larger-font-size\"><strong>4<\/strong><\/p>\n\n\n\n<h2 class=\"wp-block-heading has-text-align-center\">Gjennomgang av fageksperter<\/h2>\n\n\n\n<div style=\"height:20px\" aria-hidden=\"true\" class=\"wp-block-spacer\"><\/div>\n\n\n\n<p class=\"has-text-align-center\">V\u00e5re bidragsytere er dyktige personer med fullf\u00f8rt medisinsk utdanning. Men Gizigos fagr\u00e5dgivere har h\u00f8yere kompetanse innen ern\u00e6ringsvitenskap. De er alle ern\u00e6ringsfysiologer og kliniske ern\u00e6ringsfysiologer med master- eller doktorgrad, samt bred forsknings- og fagkunnskap innen ern\u00e6ring.<\/p>\n\n\n\n<p class=\"has-text-align-center\">Artiklene p\u00e5 Gizigo blir vurdert av en av v\u00e5re fagr\u00e5dgivere. Dersom de vurderes til \u00e5 ha utilfredsstillende kvalitet eller feilaktig informasjon, kreves omfattende revisjon. Prosessen starter da p\u00e5 nytt til artikkelen er klar for publisering.<\/p>\n<\/div><\/div>\n\n<\/div><\/div>","protected":false},"excerpt":{"rendered":"<p>1 Vurdering av tema Alle artikler som publiseres p\u00e5 Gizigo starter sin reise med at temaet blir unders\u00f8kt f\u00f8rst. Denne prosessen tar hensyn til flere faktorer, som \u00e5 sjekke trender, hva v\u00e5re konkurrenter tilbyr, ern\u00e6ringsfysiologenes og kliniske ern\u00e6ringsfysiologers evne til \u00e5 dekke temaet, og s\u00e5 videre. 2 Skriving av artikkelen N\u00e5r temaet er bestemt, begynner&#8230;<\/p>\n","protected":false},"author":1,"featured_media":0,"parent":0,"menu_order":0,"comment_status":"closed","ping_status":"closed","template":"","meta":{"_kad_post_transparent":"","_kad_post_title":"","_kad_post_layout":"fullwidth","_kad_post_sidebar_id":"","_kad_post_content_style":"unboxed","_kad_post_vertical_padding":"","_kad_post_feature":"","_kad_post_feature_position":"","_kad_post_header":false,"_kad_post_footer":false,"_kad_post_classname":"","footnotes":""},"class_list":["post-34","page","type-page","status-publish","hentry"],"yoast_head":"<!-- This site is optimized with the Yoast SEO plugin v27.3 - https:\/\/yoast.com\/product\/yoast-seo-wordpress\/ -->\n<title>[NO] [EDITORIAL PROCESS] Redaksjonell prosess - Gizigo NORWEGIAN<\/title>\n<meta name=\"robots\" content=\"index, follow, max-snippet:-1, max-image-preview:large, max-video-preview:-1\" \/>\n<link rel=\"canonical\" href=\"https:\/\/gizigo.id\/no\/redaksjonell-prosess\/\" \/>\n<meta property=\"og:locale\" content=\"en_US\" \/>\n<meta property=\"og:type\" content=\"article\" \/>\n<meta property=\"og:title\" content=\"[NO] [EDITORIAL PROCESS] Redaksjonell prosess - Gizigo NORWEGIAN\" \/>\n<meta property=\"og:description\" content=\"1 Vurdering av tema Alle artikler som publiseres p\u00e5 Gizigo starter sin reise med at temaet blir unders\u00f8kt f\u00f8rst. Denne prosessen tar hensyn til flere faktorer, som \u00e5 sjekke trender, hva v\u00e5re konkurrenter tilbyr, ern\u00e6ringsfysiologenes og kliniske ern\u00e6ringsfysiologers evne til \u00e5 dekke temaet, og s\u00e5 videre. 2 Skriving av artikkelen N\u00e5r temaet er bestemt, begynner...\" \/>\n<meta property=\"og:url\" content=\"https:\/\/gizigo.id\/no\/redaksjonell-prosess\/\" \/>\n<meta property=\"og:site_name\" content=\"Gizigo NORWEGIAN\" \/>\n<meta property=\"article:modified_time\" content=\"2025-10-15T05:42:47+00:00\" \/>\n<meta name=\"twitter:card\" content=\"summary_large_image\" \/>\n<meta name=\"twitter:label1\" content=\"Est. reading time\" \/>\n\t<meta name=\"twitter:data1\" content=\"2 minutes\" \/>\n<script type=\"application\/ld+json\" class=\"yoast-schema-graph\">{\"@context\":\"https:\\\/\\\/schema.org\",\"@graph\":[{\"@type\":\"WebPage\",\"@id\":\"https:\\\/\\\/gizigo.id\\\/no\\\/redaksjonell-prosess\\\/\",\"url\":\"https:\\\/\\\/gizigo.id\\\/no\\\/redaksjonell-prosess\\\/\",\"name\":\"[NO] [EDITORIAL PROCESS] Redaksjonell prosess - Gizigo NORWEGIAN\",\"isPartOf\":{\"@id\":\"https:\\\/\\\/gizigo.id\\\/no\\\/#website\"},\"datePublished\":\"2025-10-14T06:08:51+00:00\",\"dateModified\":\"2025-10-15T05:42:47+00:00\",\"breadcrumb\":{\"@id\":\"https:\\\/\\\/gizigo.id\\\/no\\\/redaksjonell-prosess\\\/#breadcrumb\"},\"inLanguage\":\"en-US\",\"potentialAction\":[{\"@type\":\"ReadAction\",\"target\":[\"https:\\\/\\\/gizigo.id\\\/no\\\/redaksjonell-prosess\\\/\"]}]},{\"@type\":\"BreadcrumbList\",\"@id\":\"https:\\\/\\\/gizigo.id\\\/no\\\/redaksjonell-prosess\\\/#breadcrumb\",\"itemListElement\":[{\"@type\":\"ListItem\",\"position\":1,\"name\":\"Home\",\"item\":\"https:\\\/\\\/gizigo.id\\\/no\\\/\"},{\"@type\":\"ListItem\",\"position\":2,\"name\":\"[NO] [EDITORIAL PROCESS] Redaksjonell prosess\"}]},{\"@type\":\"WebSite\",\"@id\":\"https:\\\/\\\/gizigo.id\\\/no\\\/#website\",\"url\":\"https:\\\/\\\/gizigo.id\\\/no\\\/\",\"name\":\"Gizigo NORWEGIAN\",\"description\":\"\",\"potentialAction\":[{\"@type\":\"SearchAction\",\"target\":{\"@type\":\"EntryPoint\",\"urlTemplate\":\"https:\\\/\\\/gizigo.id\\\/no\\\/?s={search_term_string}\"},\"query-input\":{\"@type\":\"PropertyValueSpecification\",\"valueRequired\":true,\"valueName\":\"search_term_string\"}}],\"inLanguage\":\"en-US\"}]}<\/script>\n<!-- \/ Yoast SEO plugin. -->","yoast_head_json":{"title":"[NO] [EDITORIAL PROCESS] Redaksjonell prosess - Gizigo NORWEGIAN","robots":{"index":"index","follow":"follow","max-snippet":"max-snippet:-1","max-image-preview":"max-image-preview:large","max-video-preview":"max-video-preview:-1"},"canonical":"https:\/\/gizigo.id\/no\/redaksjonell-prosess\/","og_locale":"en_US","og_type":"article","og_title":"[NO] [EDITORIAL PROCESS] Redaksjonell prosess - Gizigo NORWEGIAN","og_description":"1 Vurdering av tema Alle artikler som publiseres p\u00e5 Gizigo starter sin reise med at temaet blir unders\u00f8kt f\u00f8rst. Denne prosessen tar hensyn til flere faktorer, som \u00e5 sjekke trender, hva v\u00e5re konkurrenter tilbyr, ern\u00e6ringsfysiologenes og kliniske ern\u00e6ringsfysiologers evne til \u00e5 dekke temaet, og s\u00e5 videre. 2 Skriving av artikkelen N\u00e5r temaet er bestemt, begynner...","og_url":"https:\/\/gizigo.id\/no\/redaksjonell-prosess\/","og_site_name":"Gizigo NORWEGIAN","article_modified_time":"2025-10-15T05:42:47+00:00","twitter_card":"summary_large_image","twitter_misc":{"Est. reading time":"2 minutes"},"schema":{"@context":"https:\/\/schema.org","@graph":[{"@type":"WebPage","@id":"https:\/\/gizigo.id\/no\/redaksjonell-prosess\/","url":"https:\/\/gizigo.id\/no\/redaksjonell-prosess\/","name":"[NO] [EDITORIAL PROCESS] Redaksjonell prosess - Gizigo NORWEGIAN","isPartOf":{"@id":"https:\/\/gizigo.id\/no\/#website"},"datePublished":"2025-10-14T06:08:51+00:00","dateModified":"2025-10-15T05:42:47+00:00","breadcrumb":{"@id":"https:\/\/gizigo.id\/no\/redaksjonell-prosess\/#breadcrumb"},"inLanguage":"en-US","potentialAction":[{"@type":"ReadAction","target":["https:\/\/gizigo.id\/no\/redaksjonell-prosess\/"]}]},{"@type":"BreadcrumbList","@id":"https:\/\/gizigo.id\/no\/redaksjonell-prosess\/#breadcrumb","itemListElement":[{"@type":"ListItem","position":1,"name":"Home","item":"https:\/\/gizigo.id\/no\/"},{"@type":"ListItem","position":2,"name":"[NO] [EDITORIAL PROCESS] Redaksjonell prosess"}]},{"@type":"WebSite","@id":"https:\/\/gizigo.id\/no\/#website","url":"https:\/\/gizigo.id\/no\/","name":"Gizigo NORWEGIAN","description":"","potentialAction":[{"@type":"SearchAction","target":{"@type":"EntryPoint","urlTemplate":"https:\/\/gizigo.id\/no\/?s={search_term_string}"},"query-input":{"@type":"PropertyValueSpecification","valueRequired":true,"valueName":"search_term_string"}}],"inLanguage":"en-US"}]}},"_links":{"self":[{"href":"https:\/\/gizigo.id\/no\/wp-json\/wp\/v2\/pages\/34","targetHints":{"allow":["GET"]}}],"collection":[{"href":"https:\/\/gizigo.id\/no\/wp-json\/wp\/v2\/pages"}],"about":[{"href":"https:\/\/gizigo.id\/no\/wp-json\/wp\/v2\/types\/page"}],"author":[{"embeddable":true,"href":"https:\/\/gizigo.id\/no\/wp-json\/wp\/v2\/users\/1"}],"replies":[{"embeddable":true,"href":"https:\/\/gizigo.id\/no\/wp-json\/wp\/v2\/comments?post=34"}],"version-history":[{"count":3,"href":"https:\/\/gizigo.id\/no\/wp-json\/wp\/v2\/pages\/34\/revisions"}],"predecessor-version":[{"id":55,"href":"https:\/\/gizigo.id\/no\/wp-json\/wp\/v2\/pages\/34\/revisions\/55"}],"wp:attachment":[{"href":"https:\/\/gizigo.id\/no\/wp-json\/wp\/v2\/media?parent=34"}],"curies":[{"name":"wp","href":"https:\/\/api.w.org\/{rel}","templated":true}]}}