{"id":36,"date":"2025-10-14T06:16:10","date_gmt":"2025-10-14T06:16:10","guid":{"rendered":"https:\/\/gizigo.id\/no\/?page_id=36"},"modified":"2025-10-15T05:42:52","modified_gmt":"2025-10-15T05:42:52","slug":"personvernerklaering","status":"publish","type":"page","link":"https:\/\/gizigo.id\/no\/personvernerklaering\/","title":{"rendered":"Personvernerkl\u00e6ring"},"content":{"rendered":"<style>.kb-row-layout-id36_d282f5-78 > .kt-row-column-wrap{align-content:start;}:where(.kb-row-layout-id36_d282f5-78 > .kt-row-column-wrap) > .wp-block-kadence-column{justify-content:start;}.kb-row-layout-id36_d282f5-78 > .kt-row-column-wrap{column-gap:var(--global-kb-gap-lg, 4rem);row-gap:var(--global-kb-gap-md, 2rem);max-width:var( --global-content-width, 1290px );padding-left:var(--global-content-edge-padding);padding-right:var(--global-content-edge-padding);padding-top:100px;padding-bottom:100px;grid-template-columns:minmax(0, 1fr);}.kb-row-layout-id36_d282f5-78 > .kt-row-layout-overlay{opacity:0.30;}@media all and (max-width: 1024px){.kb-row-layout-id36_d282f5-78 > .kt-row-column-wrap{grid-template-columns:minmax(0, 1fr);}}@media all and (max-width: 767px){.kb-row-layout-id36_d282f5-78 > .kt-row-column-wrap{grid-template-columns:minmax(0, 1fr);}}<\/style><div class=\"kb-row-layout-wrap kb-row-layout-id36_d282f5-78 alignnone has-theme-palette8-background-color kt-row-has-bg wp-block-kadence-rowlayout\"><div class=\"kt-row-column-wrap kt-has-1-columns kt-row-layout-equal kt-tab-layout-inherit kt-mobile-layout-row kt-row-valign-top kb-theme-content-width\">\n<style>.kadence-column36_e36457-5a > .kt-inside-inner-col,.kadence-column36_e36457-5a > .kt-inside-inner-col:before{border-top-left-radius:0px;border-top-right-radius:0px;border-bottom-right-radius:0px;border-bottom-left-radius:0px;}.kadence-column36_e36457-5a > .kt-inside-inner-col{column-gap:var(--global-kb-gap-sm, 1rem);}.kadence-column36_e36457-5a > .kt-inside-inner-col{flex-direction:column;}.kadence-column36_e36457-5a > .kt-inside-inner-col > .aligncenter{width:100%;}.kadence-column36_e36457-5a > .kt-inside-inner-col:before{opacity:0.3;}.kadence-column36_e36457-5a{position:relative;}@media all and (max-width: 1024px){.kadence-column36_e36457-5a > .kt-inside-inner-col{flex-direction:column;justify-content:center;}}@media all and (max-width: 767px){.kadence-column36_e36457-5a > .kt-inside-inner-col{flex-direction:column;justify-content:center;}}<\/style>\n<div class=\"wp-block-kadence-column kadence-column36_e36457-5a inner-column-1\"><div class=\"kt-inside-inner-col\">\n<p class=\"has-text-align-center\">Personvernerkl\u00e6ring for <strong><a href=\"https:\/\/gizigo.id\/no\/\">https:\/\/gizigo.id\/no\/<\/a><\/strong><\/p>\n\n\n\n<div style=\"height:20px\" aria-hidden=\"true\" class=\"wp-block-spacer\"><\/div>\n\n\n\n<p>Gizigo.id driver nettstedet https:\/\/gizigo.id\/no\/, som leverer TJENESTEN.<\/p>\n\n\n\n<p>Denne siden brukes til \u00e5 informere bes\u00f8kende p\u00e5 nettstedet om v\u00e5re retningslinjer for innsamling, bruk og deling av personopplysninger dersom noen velger \u00e5 bruke v\u00e5r Tjeneste, Gizigo.id-nettstedet.<\/p>\n\n\n\n<p>Hvis du velger \u00e5 bruke v\u00e5r Tjeneste, samtykker du til innsamling og bruk av informasjon i henhold til denne erkl\u00e6ringen. Personopplysningene vi samler inn brukes til \u00e5 levere og forbedre Tjenesten. Vi vil ikke bruke eller dele informasjonen din med noen, bortsett fra slik det er beskrevet i denne personvernerkl\u00e6ringen. V\u00e5r personvernerkl\u00e6ring ble opprettet med hjelp av&nbsp;<a href=\"https:\/\/www.privacypolicytemplate.net\/\">Privacy Policy Template Generator<\/a>.<\/p>\n\n\n\n<p>Begrepene som brukes i denne personvernerkl\u00e6ringen har samme betydning som i v\u00e5re vilk\u00e5r og betingelser, som er tilgjengelige p\u00e5 <a href=\"https:\/\/gizigo.id\/en\/\">https:\/\/gizigo.id\/en\/<\/a>, med mindre annet er definert i denne erkl\u00e6ringen.<\/p>\n\n\n\n<h2 class=\"wp-block-heading\">Innsamling og bruk av informasjon<\/h2>\n\n\n\n<p>For \u00e5 gi en bedre opplevelse ved bruk av v\u00e5r Tjeneste, kan vi be deg om \u00e5 oppgi visse personopplysninger, inkludert, men ikke begrenset til, navn, telefonnummer og postadresse. Informasjonen vi samler inn vil bli brukt til \u00e5 kontakte eller identifisere deg.<\/p>\n\n\n\n<h2 class=\"wp-block-heading\">Loggdata<\/h2>\n\n\n\n<p>Vi vil informere deg om at n\u00e5r du bes\u00f8ker v\u00e5r Tjeneste, samler vi inn informasjon som nettleseren din sender til oss, kalt loggdata. Disse loggdataene kan inkludere informasjon som IP-adresse, nettleserversjon, sidene du bes\u00f8ker p\u00e5 v\u00e5r Tjeneste, tidspunkt og dato for bes\u00f8ket, tiden brukt p\u00e5 sidene og annen statistikk.<\/p>\n\n\n\n<h2 class=\"wp-block-heading\">Informasjonskapsler (cookies)<\/h2>\n\n\n\n<p>Cookies er sm\u00e5 datafiler som vanligvis brukes som en anonym unik identifikator. Disse sendes til nettleseren din fra nettstedet du bes\u00f8ker og lagres p\u00e5 datamaskinens harddisk.<\/p>\n\n\n\n<p>V\u00e5rt nettsted bruker \u00abcookies\u00bb til \u00e5 samle inn informasjon og forbedre Tjenesten. Du kan velge \u00e5 godta eller avsl\u00e5 cookies, og du f\u00e5r beskjed n\u00e5r en cookie sendes til datamaskinen din. Hvis du velger \u00e5 avsl\u00e5 cookies, kan det hende du ikke f\u00e5r brukt enkelte deler av Tjenesten.<\/p>\n\n\n\n<h2 class=\"wp-block-heading\">Tredjepartsleverand\u00f8rer<\/h2>\n\n\n\n<p>Vi kan engasjere tredjepartsselskaper og enkeltpersoner av f\u00f8lgende grunner:<\/p>\n\n\n\n<ul class=\"wp-block-list\">\n<li>For \u00e5 lette v\u00e5r Tjeneste;<\/li>\n\n\n\n<li>For \u00e5 levere Tjenesten p\u00e5 v\u00e5re vegne;<\/li>\n\n\n\n<li>For \u00e5 utf\u00f8re tjenester relatert til Tjenesten; eller<\/li>\n\n\n\n<li>For \u00e5 hjelpe oss med \u00e5 analysere hvordan Tjenesten brukes.<\/li>\n<\/ul>\n\n\n\n<p>Vi vil informere v\u00e5re brukere om at disse tredjepartene har tilgang til dine personopplysninger. \u00c5rsaken er \u00e5 utf\u00f8re oppgavene som er tildelt dem p\u00e5 v\u00e5re vegne. De er imidlertid forpliktet til ikke \u00e5 avsl\u00f8re eller bruke informasjonen til andre form\u00e5l.<\/p>\n\n\n\n<h2 class=\"wp-block-heading\">Sikkerhet<\/h2>\n\n\n\n<p>Vi verdsetter din tillit til \u00e5 gi oss dine personopplysninger, og vi bestreber oss p\u00e5 \u00e5 bruke kommersielt akseptable metoder for \u00e5 beskytte dem. Husk imidlertid at ingen metode for overf\u00f8ring over internett eller elektronisk lagring er 100 % sikker og p\u00e5litelig, og vi kan ikke garantere absolutt sikkerhet.<\/p>\n\n\n\n<h2 class=\"wp-block-heading\">Lenker til andre nettsteder<\/h2>\n\n\n\n<p>V\u00e5r Tjeneste kan inneholde lenker til andre nettsteder. Hvis du klikker p\u00e5 en tredjepartslenke, blir du sendt videre til det nettstedet. Merk at disse eksterne nettstedene ikke drives av oss. Derfor anbefaler vi sterkt at du gjennomg\u00e5r personvernerkl\u00e6ringen til disse nettstedene. Vi har ingen kontroll over, og p\u00e5tar oss intet ansvar for, innholdet, retningslinjene for personvern eller praksisen til tredjeparts nettsteder eller tjenester.<\/p>\n\n\n\n<h2 class=\"wp-block-heading\">Barns personvern<\/h2>\n\n\n\n<p>V\u00e5re tjenester er ikke rettet mot personer under 18 \u00e5r. Vi samler ikke bevisst inn personlig identifiserbar informasjon fra barn under 18. Dersom vi oppdager at et barn under 18 har gitt oss personopplysninger, sletter vi umiddelbart denne informasjonen fra v\u00e5re servere. Hvis du er forelder eller foresatt og du er klar over at barnet ditt har gitt oss personopplysninger, vennligst kontakt oss slik at vi kan gj\u00f8re n\u00f8dvendige tiltak.<\/p>\n\n\n\n<h2 class=\"wp-block-heading\">Endringer i denne personvernerkl\u00e6ringen<\/h2>\n\n\n\n<p>Vi kan oppdatere v\u00e5r personvernerkl\u00e6ring fra tid til annen. Derfor anbefaler vi at du gjennomg\u00e5r denne siden jevnlig for eventuelle endringer. Vi vil varsle deg om eventuelle endringer ved \u00e5 legge ut den nye personvernerkl\u00e6ringen p\u00e5 denne siden. Endringene trer i kraft umiddelbart etter at de er lagt ut.<\/p>\n\n\n\n<h2 class=\"wp-block-heading\">Kontakt oss<\/h2>\n\n\n\n<p>Hvis du har sp\u00f8rsm\u00e5l eller forslag ang\u00e5ende v\u00e5r personvernerkl\u00e6ring, ikke n\u00f8l med \u00e5 kontakte oss.<\/p>\n<\/div><\/div>\n\n<\/div><\/div>","protected":false},"excerpt":{"rendered":"<p>Personvernerkl\u00e6ring for https:\/\/gizigo.id\/no\/ Gizigo.id driver nettstedet https:\/\/gizigo.id\/no\/, som leverer TJENESTEN. Denne siden brukes til \u00e5 informere bes\u00f8kende p\u00e5 nettstedet om v\u00e5re retningslinjer for innsamling, bruk og deling av personopplysninger dersom noen velger \u00e5 bruke v\u00e5r Tjeneste, Gizigo.id-nettstedet. Hvis du velger \u00e5 bruke v\u00e5r Tjeneste, samtykker du til innsamling og bruk av informasjon i henhold til&#8230;<\/p>\n","protected":false},"author":1,"featured_media":0,"parent":0,"menu_order":0,"comment_status":"closed","ping_status":"closed","template":"","meta":{"_kad_post_transparent":"","_kad_post_title":"","_kad_post_layout":"fullwidth","_kad_post_sidebar_id":"","_kad_post_content_style":"unboxed","_kad_post_vertical_padding":"","_kad_post_feature":"","_kad_post_feature_position":"","_kad_post_header":false,"_kad_post_footer":false,"_kad_post_classname":"","footnotes":""},"class_list":["post-36","page","type-page","status-publish","hentry"],"yoast_head":"<!-- This site is optimized with the Yoast SEO plugin v27.3 - https:\/\/yoast.com\/product\/yoast-seo-wordpress\/ -->\n<title>[NO] [PRIVACY POLICY] Personvernerkl\u00e6ring - Gizigo NORWEGIAN<\/title>\n<meta name=\"robots\" content=\"index, follow, max-snippet:-1, max-image-preview:large, max-video-preview:-1\" \/>\n<link rel=\"canonical\" href=\"https:\/\/gizigo.id\/no\/personvernerklaering\/\" \/>\n<meta property=\"og:locale\" content=\"en_US\" \/>\n<meta property=\"og:type\" content=\"article\" \/>\n<meta property=\"og:title\" content=\"[NO] [PRIVACY POLICY] Personvernerkl\u00e6ring - Gizigo NORWEGIAN\" \/>\n<meta property=\"og:description\" content=\"Personvernerkl\u00e6ring for https:\/\/gizigo.id\/no\/ Gizigo.id driver nettstedet https:\/\/gizigo.id\/no\/, som leverer TJENESTEN. Denne siden brukes til \u00e5 informere bes\u00f8kende p\u00e5 nettstedet om v\u00e5re retningslinjer for innsamling, bruk og deling av personopplysninger dersom noen velger \u00e5 bruke v\u00e5r Tjeneste, Gizigo.id-nettstedet. Hvis du velger \u00e5 bruke v\u00e5r Tjeneste, samtykker du til innsamling og bruk av informasjon i henhold til...\" \/>\n<meta property=\"og:url\" content=\"https:\/\/gizigo.id\/no\/personvernerklaering\/\" \/>\n<meta property=\"og:site_name\" content=\"Gizigo NORWEGIAN\" \/>\n<meta property=\"article:modified_time\" content=\"2025-10-15T05:42:52+00:00\" \/>\n<meta name=\"twitter:card\" content=\"summary_large_image\" \/>\n<meta name=\"twitter:label1\" content=\"Est. reading time\" \/>\n\t<meta name=\"twitter:data1\" content=\"3 minutes\" \/>\n<script type=\"application\/ld+json\" class=\"yoast-schema-graph\">{\"@context\":\"https:\\\/\\\/schema.org\",\"@graph\":[{\"@type\":\"WebPage\",\"@id\":\"https:\\\/\\\/gizigo.id\\\/no\\\/personvernerklaering\\\/\",\"url\":\"https:\\\/\\\/gizigo.id\\\/no\\\/personvernerklaering\\\/\",\"name\":\"[NO] [PRIVACY POLICY] Personvernerkl\u00e6ring - Gizigo NORWEGIAN\",\"isPartOf\":{\"@id\":\"https:\\\/\\\/gizigo.id\\\/no\\\/#website\"},\"datePublished\":\"2025-10-14T06:16:10+00:00\",\"dateModified\":\"2025-10-15T05:42:52+00:00\",\"breadcrumb\":{\"@id\":\"https:\\\/\\\/gizigo.id\\\/no\\\/personvernerklaering\\\/#breadcrumb\"},\"inLanguage\":\"en-US\",\"potentialAction\":[{\"@type\":\"ReadAction\",\"target\":[\"https:\\\/\\\/gizigo.id\\\/no\\\/personvernerklaering\\\/\"]}]},{\"@type\":\"BreadcrumbList\",\"@id\":\"https:\\\/\\\/gizigo.id\\\/no\\\/personvernerklaering\\\/#breadcrumb\",\"itemListElement\":[{\"@type\":\"ListItem\",\"position\":1,\"name\":\"Home\",\"item\":\"https:\\\/\\\/gizigo.id\\\/no\\\/\"},{\"@type\":\"ListItem\",\"position\":2,\"name\":\"[NO] [PRIVACY POLICY] Personvernerkl\u00e6ring\"}]},{\"@type\":\"WebSite\",\"@id\":\"https:\\\/\\\/gizigo.id\\\/no\\\/#website\",\"url\":\"https:\\\/\\\/gizigo.id\\\/no\\\/\",\"name\":\"Gizigo NORWEGIAN\",\"description\":\"\",\"potentialAction\":[{\"@type\":\"SearchAction\",\"target\":{\"@type\":\"EntryPoint\",\"urlTemplate\":\"https:\\\/\\\/gizigo.id\\\/no\\\/?s={search_term_string}\"},\"query-input\":{\"@type\":\"PropertyValueSpecification\",\"valueRequired\":true,\"valueName\":\"search_term_string\"}}],\"inLanguage\":\"en-US\"}]}<\/script>\n<!-- \/ Yoast SEO plugin. -->","yoast_head_json":{"title":"[NO] [PRIVACY POLICY] Personvernerkl\u00e6ring - Gizigo NORWEGIAN","robots":{"index":"index","follow":"follow","max-snippet":"max-snippet:-1","max-image-preview":"max-image-preview:large","max-video-preview":"max-video-preview:-1"},"canonical":"https:\/\/gizigo.id\/no\/personvernerklaering\/","og_locale":"en_US","og_type":"article","og_title":"[NO] [PRIVACY POLICY] Personvernerkl\u00e6ring - Gizigo NORWEGIAN","og_description":"Personvernerkl\u00e6ring for https:\/\/gizigo.id\/no\/ Gizigo.id driver nettstedet https:\/\/gizigo.id\/no\/, som leverer TJENESTEN. Denne siden brukes til \u00e5 informere bes\u00f8kende p\u00e5 nettstedet om v\u00e5re retningslinjer for innsamling, bruk og deling av personopplysninger dersom noen velger \u00e5 bruke v\u00e5r Tjeneste, Gizigo.id-nettstedet. Hvis du velger \u00e5 bruke v\u00e5r Tjeneste, samtykker du til innsamling og bruk av informasjon i henhold til...","og_url":"https:\/\/gizigo.id\/no\/personvernerklaering\/","og_site_name":"Gizigo NORWEGIAN","article_modified_time":"2025-10-15T05:42:52+00:00","twitter_card":"summary_large_image","twitter_misc":{"Est. reading time":"3 minutes"},"schema":{"@context":"https:\/\/schema.org","@graph":[{"@type":"WebPage","@id":"https:\/\/gizigo.id\/no\/personvernerklaering\/","url":"https:\/\/gizigo.id\/no\/personvernerklaering\/","name":"[NO] [PRIVACY POLICY] Personvernerkl\u00e6ring - Gizigo NORWEGIAN","isPartOf":{"@id":"https:\/\/gizigo.id\/no\/#website"},"datePublished":"2025-10-14T06:16:10+00:00","dateModified":"2025-10-15T05:42:52+00:00","breadcrumb":{"@id":"https:\/\/gizigo.id\/no\/personvernerklaering\/#breadcrumb"},"inLanguage":"en-US","potentialAction":[{"@type":"ReadAction","target":["https:\/\/gizigo.id\/no\/personvernerklaering\/"]}]},{"@type":"BreadcrumbList","@id":"https:\/\/gizigo.id\/no\/personvernerklaering\/#breadcrumb","itemListElement":[{"@type":"ListItem","position":1,"name":"Home","item":"https:\/\/gizigo.id\/no\/"},{"@type":"ListItem","position":2,"name":"[NO] [PRIVACY POLICY] Personvernerkl\u00e6ring"}]},{"@type":"WebSite","@id":"https:\/\/gizigo.id\/no\/#website","url":"https:\/\/gizigo.id\/no\/","name":"Gizigo NORWEGIAN","description":"","potentialAction":[{"@type":"SearchAction","target":{"@type":"EntryPoint","urlTemplate":"https:\/\/gizigo.id\/no\/?s={search_term_string}"},"query-input":{"@type":"PropertyValueSpecification","valueRequired":true,"valueName":"search_term_string"}}],"inLanguage":"en-US"}]}},"_links":{"self":[{"href":"https:\/\/gizigo.id\/no\/wp-json\/wp\/v2\/pages\/36","targetHints":{"allow":["GET"]}}],"collection":[{"href":"https:\/\/gizigo.id\/no\/wp-json\/wp\/v2\/pages"}],"about":[{"href":"https:\/\/gizigo.id\/no\/wp-json\/wp\/v2\/types\/page"}],"author":[{"embeddable":true,"href":"https:\/\/gizigo.id\/no\/wp-json\/wp\/v2\/users\/1"}],"replies":[{"embeddable":true,"href":"https:\/\/gizigo.id\/no\/wp-json\/wp\/v2\/comments?post=36"}],"version-history":[{"count":3,"href":"https:\/\/gizigo.id\/no\/wp-json\/wp\/v2\/pages\/36\/revisions"}],"predecessor-version":[{"id":57,"href":"https:\/\/gizigo.id\/no\/wp-json\/wp\/v2\/pages\/36\/revisions\/57"}],"wp:attachment":[{"href":"https:\/\/gizigo.id\/no\/wp-json\/wp\/v2\/media?parent=36"}],"curies":[{"name":"wp","href":"https:\/\/api.w.org\/{rel}","templated":true}]}}