{"id":38,"date":"2025-10-14T06:24:11","date_gmt":"2025-10-14T06:24:11","guid":{"rendered":"https:\/\/gizigo.id\/no\/?page_id=38"},"modified":"2025-10-15T05:42:57","modified_gmt":"2025-10-15T05:42:57","slug":"bruksvilkar","status":"publish","type":"page","link":"https:\/\/gizigo.id\/no\/bruksvilkar\/","title":{"rendered":"Vilk\u00e5r for bruk"},"content":{"rendered":"<style>.kb-row-layout-id38_084944-9f > .kt-row-column-wrap{align-content:start;}:where(.kb-row-layout-id38_084944-9f > .kt-row-column-wrap) > .wp-block-kadence-column{justify-content:start;}.kb-row-layout-id38_084944-9f > .kt-row-column-wrap{column-gap:var(--global-kb-gap-lg, 4rem);row-gap:var(--global-kb-gap-md, 2rem);max-width:var( --global-content-width, 1290px );padding-left:var(--global-content-edge-padding);padding-right:var(--global-content-edge-padding);padding-top:100px;padding-bottom:100px;grid-template-columns:minmax(0, 1fr);}.kb-row-layout-id38_084944-9f > .kt-row-layout-overlay{opacity:0.30;}@media all and (max-width: 1024px){.kb-row-layout-id38_084944-9f > .kt-row-column-wrap{grid-template-columns:minmax(0, 1fr);}}@media all and (max-width: 767px){.kb-row-layout-id38_084944-9f > .kt-row-column-wrap{grid-template-columns:minmax(0, 1fr);}}<\/style><div class=\"kb-row-layout-wrap kb-row-layout-id38_084944-9f alignnone has-theme-palette8-background-color kt-row-has-bg wp-block-kadence-rowlayout\"><div class=\"kt-row-column-wrap kt-has-1-columns kt-row-layout-equal kt-tab-layout-inherit kt-mobile-layout-row kt-row-valign-top kb-theme-content-width\">\n<style>.kadence-column38_71de33-e9 > .kt-inside-inner-col,.kadence-column38_71de33-e9 > .kt-inside-inner-col:before{border-top-left-radius:0px;border-top-right-radius:0px;border-bottom-right-radius:0px;border-bottom-left-radius:0px;}.kadence-column38_71de33-e9 > .kt-inside-inner-col{column-gap:var(--global-kb-gap-sm, 1rem);}.kadence-column38_71de33-e9 > .kt-inside-inner-col{flex-direction:column;}.kadence-column38_71de33-e9 > .kt-inside-inner-col > .aligncenter{width:100%;}.kadence-column38_71de33-e9 > .kt-inside-inner-col:before{opacity:0.3;}.kadence-column38_71de33-e9{position:relative;}@media all and (max-width: 1024px){.kadence-column38_71de33-e9 > .kt-inside-inner-col{flex-direction:column;justify-content:center;}}@media all and (max-width: 767px){.kadence-column38_71de33-e9 > .kt-inside-inner-col{flex-direction:column;justify-content:center;}}<\/style>\n<div class=\"wp-block-kadence-column kadence-column38_71de33-e9 inner-column-1\"><div class=\"kt-inside-inner-col\">\n<p class=\"has-text-align-center\">Vilk\u00e5r for bruk for <strong><a href=\"https:\/\/gizigo.id\/no\/\">https:\/\/gizigo.id\/no\/<\/a><\/strong><\/p>\n\n\n\n<div style=\"height:20px\" aria-hidden=\"true\" class=\"wp-block-spacer\"><\/div>\n\n\n\n<p>Ved \u00e5 bruke dette nettstedet, Gizigo.id (heretter kalt SELSKAPET), samtykker du i \u00e5 overholde og v\u00e6re bundet av f\u00f8lgende vilk\u00e5r for bruk. Disse vilk\u00e5rene for bruk, sammen med v\u00e5r personvernerkl\u00e6ring, regulerer SELSKAPETS forhold til deg i forbindelse med dette nettstedet. Begrepene \u00abSELSKAPET\u00bb, \u00aboss\u00bb eller \u00abvi\u00bb refererer til eieren av nettstedet. Begrepet \u00abdeg\u00bb refererer til brukeren eller bes\u00f8kende p\u00e5 nettstedet.<\/p>\n\n\n<style>.wp-block-kadence-advancedheading.kt-adv-heading38_5b0421-7b, .wp-block-kadence-advancedheading.kt-adv-heading38_5b0421-7b[data-kb-block=\"kb-adv-heading38_5b0421-7b\"]{text-align:center;font-style:normal;}.wp-block-kadence-advancedheading.kt-adv-heading38_5b0421-7b mark.kt-highlight, .wp-block-kadence-advancedheading.kt-adv-heading38_5b0421-7b[data-kb-block=\"kb-adv-heading38_5b0421-7b\"] mark.kt-highlight{font-style:normal;color:#f76a0c;-webkit-box-decoration-break:clone;box-decoration-break:clone;padding-top:0px;padding-right:0px;padding-bottom:0px;padding-left:0px;}.wp-block-kadence-advancedheading.kt-adv-heading38_5b0421-7b img.kb-inline-image, .wp-block-kadence-advancedheading.kt-adv-heading38_5b0421-7b[data-kb-block=\"kb-adv-heading38_5b0421-7b\"] img.kb-inline-image{width:150px;vertical-align:baseline;}<\/style>\n<h2 class=\"kt-adv-heading38_5b0421-7b wp-block-kadence-advancedheading\" data-kb-block=\"kb-adv-heading38_5b0421-7b\"><strong>Bruken av dette nettstedet er underlagt f\u00f8lgende vilk\u00e5r for bruk:<\/strong><\/h2>\n\n\n\n<ul class=\"wp-block-list\">\n<li>Innholdet p\u00e5 sidene p\u00e5 dette nettstedet er kun for generell informasjon og bruk.<\/li>\n\n\n\n<li>Innholdet p\u00e5 dette nettstedet kan endres uten varsel.<\/li>\n\n\n\n<li>Verken vi eller tredjeparter gir noen garanti eller forsikring om n\u00f8yaktigheten, aktualiteten, ytelsen, fullstendigheten eller egnetheten til informasjonen og materialet som finnes p\u00e5 dette nettstedet, for noe form\u00e5l. Du erkjenner at slik informasjon og materiale kan inneholde un\u00f8yaktigheter eller feil. Vi fraskriver oss uttrykkelig ansvar for slike un\u00f8yaktigheter eller feil, i den grad loven tillater det.<\/li>\n\n\n\n<li>Din bruk av informasjon eller materiale p\u00e5 dette nettstedet skjer utelukkende p\u00e5 eget ansvar, og vi er ikke ansvarlige. Det er ditt eget ansvar \u00e5 s\u00f8rge for at produkter, tjenester eller informasjon tilgjengelig gjennom dette nettstedet oppfyller dine spesifikke krav.<\/li>\n\n\n\n<li>Dette nettstedet inneholder materiale som eies av eller er lisensiert til oss. Dette materialet inkluderer, men er ikke begrenset til, design, oppsett, utseende og grafikk. Gjengivelse er forbudt.<\/li>\n\n\n\n<li>Alle varemerker som gjengis p\u00e5 dette nettstedet, og som ikke tilh\u00f8rer eller er lisensiert til operat\u00f8ren av dette nettstedet, anerkjennes p\u00e5 nettstedet.<\/li>\n\n\n\n<li>Uautorisert bruk av dette nettstedet kan gi grunnlag for erstatningskrav og\/eller strafferettslige sanksjoner.<\/li>\n\n\n\n<li>Dette nettstedet kan ogs\u00e5 inneholde lenker til tredjeparts nettsteder. Disse lenkene inneb\u00e6rer ikke at vi st\u00f8tter disse nettstedene. Vi har intet ansvar for innholdet p\u00e5 eventuelle tredjeparts nettsteder vi lenker til.<\/li>\n\n\n\n<li>Du kan ikke opprette en lenke til dette nettstedet fra et annet nettsted eller dokument uten SELSKAPETS skriftlige samtykke.<\/li>\n\n\n\n<li>Din bruk av dette nettstedet, og enhver tvist som oppst\u00e5r fra slik bruk, er underlagt lovene i Indonesia.<\/li>\n<\/ul>\n\n\n<style>.wp-block-kadence-advancedheading.kt-adv-heading38_7b89b2-d1, .wp-block-kadence-advancedheading.kt-adv-heading38_7b89b2-d1[data-kb-block=\"kb-adv-heading38_7b89b2-d1\"]{text-align:center;font-style:normal;}.wp-block-kadence-advancedheading.kt-adv-heading38_7b89b2-d1 mark.kt-highlight, .wp-block-kadence-advancedheading.kt-adv-heading38_7b89b2-d1[data-kb-block=\"kb-adv-heading38_7b89b2-d1\"] mark.kt-highlight{font-style:normal;color:#f76a0c;-webkit-box-decoration-break:clone;box-decoration-break:clone;padding-top:0px;padding-right:0px;padding-bottom:0px;padding-left:0px;}.wp-block-kadence-advancedheading.kt-adv-heading38_7b89b2-d1 img.kb-inline-image, .wp-block-kadence-advancedheading.kt-adv-heading38_7b89b2-d1[data-kb-block=\"kb-adv-heading38_7b89b2-d1\"] img.kb-inline-image{width:150px;vertical-align:baseline;}<\/style>\n<h2 class=\"kt-adv-heading38_7b89b2-d1 wp-block-kadence-advancedheading\" data-kb-block=\"kb-adv-heading38_7b89b2-d1\">Materialer du sender inn og bruk av konto<\/h2>\n\n\n\n<p>For materiale du legger ut eller p\u00e5 annen m\u00e5te gir til SELSKAPET i forbindelse med Tjenestene (din \u00abInnsending\u00bb), gir du SELSKAPET en ugjenkallelig, evigvarende, royaltyfri verdensomspennende lisens til \u00e5 (a) bruke, kopiere, distribuere, overf\u00f8re, offentlig vise, offentlig fremf\u00f8re, reprodusere, redigere, endre, lage avledede verk av eller innarbeide i andre verk, og oversette din Innsending i forbindelse med Tjenestene eller i et hvilket som helst annet medium, og (b) gi underlisens til disse rettighetene, i den grad gjeldende lov tillater det. SELSKAPET vil ikke betale deg for din Innsending eller for \u00e5 ut\u00f8ve noen av rettighetene relatert til din Innsending som nevnt i forrige setning. SELSKAPET kan fjerne eller endre din Innsending n\u00e5r som helst. For hver Innsending samtykker du i \u00e5 gi n\u00f8yaktig og fullstendig informasjon, og erkl\u00e6rer at du har alle n\u00f8dvendige rettigheter til \u00e5 gi SELSKAPET rettighetene i dette avsnittet, at SELSKAPETS bruk av Innsendingen ikke vil krenke tredjeparts rettigheter, og at Innsendingen er i samsvar med Avsnitt 1 ovenfor. Du er alene ansvarlig for alle Innsendinger som gj\u00f8res via din brukerkonto p\u00e5 Tjenestene, eller som du p\u00e5 annen m\u00e5te gj\u00f8r tilgjengelig gjennom Tjenestene.<\/p>\n\n\n<style>.wp-block-kadence-advancedheading.kt-adv-heading38_509a64-e3, .wp-block-kadence-advancedheading.kt-adv-heading38_509a64-e3[data-kb-block=\"kb-adv-heading38_509a64-e3\"]{text-align:center;font-style:normal;}.wp-block-kadence-advancedheading.kt-adv-heading38_509a64-e3 mark.kt-highlight, .wp-block-kadence-advancedheading.kt-adv-heading38_509a64-e3[data-kb-block=\"kb-adv-heading38_509a64-e3\"] mark.kt-highlight{font-style:normal;color:#f76a0c;-webkit-box-decoration-break:clone;box-decoration-break:clone;padding-top:0px;padding-right:0px;padding-bottom:0px;padding-left:0px;}.wp-block-kadence-advancedheading.kt-adv-heading38_509a64-e3 img.kb-inline-image, .wp-block-kadence-advancedheading.kt-adv-heading38_509a64-e3[data-kb-block=\"kb-adv-heading38_509a64-e3\"] img.kb-inline-image{width:150px;vertical-align:baseline;}<\/style>\n<h2 class=\"kt-adv-heading38_509a64-e3 wp-block-kadence-advancedheading\" data-kb-block=\"kb-adv-heading38_509a64-e3\">Retningslinjer for bruk av bilder<\/h2>\n\n\n\n<p>Vi inviterer deg til \u00e5 bruke alle v\u00e5re grafiske elementer p\u00e5 ditt nettsted og\/eller sosiale medier. Du kan redigere dem eller bruke dem som de er. Alt vi ber om i retur er at du gir kildehenvisning til innleggets URL.<\/p>\n<\/div><\/div>\n\n<\/div><\/div>","protected":false},"excerpt":{"rendered":"<p>Vilk\u00e5r for bruk for https:\/\/gizigo.id\/no\/ Ved \u00e5 bruke dette nettstedet, Gizigo.id (heretter kalt SELSKAPET), samtykker du i \u00e5 overholde og v\u00e6re bundet av f\u00f8lgende vilk\u00e5r for bruk. Disse vilk\u00e5rene for bruk, sammen med v\u00e5r personvernerkl\u00e6ring, regulerer SELSKAPETS forhold til deg i forbindelse med dette nettstedet. Begrepene \u00abSELSKAPET\u00bb, \u00aboss\u00bb eller \u00abvi\u00bb refererer til eieren av nettstedet&#8230;.<\/p>\n","protected":false},"author":1,"featured_media":0,"parent":0,"menu_order":0,"comment_status":"closed","ping_status":"closed","template":"","meta":{"_kad_post_transparent":"","_kad_post_title":"","_kad_post_layout":"fullwidth","_kad_post_sidebar_id":"","_kad_post_content_style":"unboxed","_kad_post_vertical_padding":"","_kad_post_feature":"","_kad_post_feature_position":"","_kad_post_header":false,"_kad_post_footer":false,"_kad_post_classname":"","footnotes":""},"class_list":["post-38","page","type-page","status-publish","hentry"],"yoast_head":"<!-- This site is optimized with the Yoast SEO plugin v27.3 - https:\/\/yoast.com\/product\/yoast-seo-wordpress\/ -->\n<title>[NO] [TERMS OF USE] Vilk\u00e5r for bruk - Gizigo NORWEGIAN<\/title>\n<meta name=\"robots\" content=\"index, follow, max-snippet:-1, max-image-preview:large, max-video-preview:-1\" \/>\n<link rel=\"canonical\" href=\"https:\/\/gizigo.id\/no\/bruksvilkar\/\" \/>\n<meta property=\"og:locale\" content=\"en_US\" \/>\n<meta property=\"og:type\" content=\"article\" \/>\n<meta property=\"og:title\" content=\"[NO] [TERMS OF USE] Vilk\u00e5r for bruk - Gizigo NORWEGIAN\" \/>\n<meta property=\"og:description\" content=\"Vilk\u00e5r for bruk for https:\/\/gizigo.id\/no\/ Ved \u00e5 bruke dette nettstedet, Gizigo.id (heretter kalt SELSKAPET), samtykker du i \u00e5 overholde og v\u00e6re bundet av f\u00f8lgende vilk\u00e5r for bruk. Disse vilk\u00e5rene for bruk, sammen med v\u00e5r personvernerkl\u00e6ring, regulerer SELSKAPETS forhold til deg i forbindelse med dette nettstedet. Begrepene \u00abSELSKAPET\u00bb, \u00aboss\u00bb eller \u00abvi\u00bb refererer til eieren av nettstedet....\" \/>\n<meta property=\"og:url\" content=\"https:\/\/gizigo.id\/no\/bruksvilkar\/\" \/>\n<meta property=\"og:site_name\" content=\"Gizigo NORWEGIAN\" \/>\n<meta property=\"article:modified_time\" content=\"2025-10-15T05:42:57+00:00\" \/>\n<meta name=\"twitter:card\" content=\"summary_large_image\" \/>\n<meta name=\"twitter:label1\" content=\"Est. reading time\" \/>\n\t<meta name=\"twitter:data1\" content=\"3 minutes\" \/>\n<script type=\"application\/ld+json\" class=\"yoast-schema-graph\">{\"@context\":\"https:\\\/\\\/schema.org\",\"@graph\":[{\"@type\":\"WebPage\",\"@id\":\"https:\\\/\\\/gizigo.id\\\/no\\\/bruksvilkar\\\/\",\"url\":\"https:\\\/\\\/gizigo.id\\\/no\\\/bruksvilkar\\\/\",\"name\":\"[NO] [TERMS OF USE] Vilk\u00e5r for bruk - Gizigo NORWEGIAN\",\"isPartOf\":{\"@id\":\"https:\\\/\\\/gizigo.id\\\/no\\\/#website\"},\"datePublished\":\"2025-10-14T06:24:11+00:00\",\"dateModified\":\"2025-10-15T05:42:57+00:00\",\"breadcrumb\":{\"@id\":\"https:\\\/\\\/gizigo.id\\\/no\\\/bruksvilkar\\\/#breadcrumb\"},\"inLanguage\":\"en-US\",\"potentialAction\":[{\"@type\":\"ReadAction\",\"target\":[\"https:\\\/\\\/gizigo.id\\\/no\\\/bruksvilkar\\\/\"]}]},{\"@type\":\"BreadcrumbList\",\"@id\":\"https:\\\/\\\/gizigo.id\\\/no\\\/bruksvilkar\\\/#breadcrumb\",\"itemListElement\":[{\"@type\":\"ListItem\",\"position\":1,\"name\":\"Home\",\"item\":\"https:\\\/\\\/gizigo.id\\\/no\\\/\"},{\"@type\":\"ListItem\",\"position\":2,\"name\":\"[NO] [TERMS OF USE] Vilk\u00e5r for bruk\"}]},{\"@type\":\"WebSite\",\"@id\":\"https:\\\/\\\/gizigo.id\\\/no\\\/#website\",\"url\":\"https:\\\/\\\/gizigo.id\\\/no\\\/\",\"name\":\"Gizigo NORWEGIAN\",\"description\":\"\",\"potentialAction\":[{\"@type\":\"SearchAction\",\"target\":{\"@type\":\"EntryPoint\",\"urlTemplate\":\"https:\\\/\\\/gizigo.id\\\/no\\\/?s={search_term_string}\"},\"query-input\":{\"@type\":\"PropertyValueSpecification\",\"valueRequired\":true,\"valueName\":\"search_term_string\"}}],\"inLanguage\":\"en-US\"}]}<\/script>\n<!-- \/ Yoast SEO plugin. -->","yoast_head_json":{"title":"[NO] [TERMS OF USE] Vilk\u00e5r for bruk - Gizigo NORWEGIAN","robots":{"index":"index","follow":"follow","max-snippet":"max-snippet:-1","max-image-preview":"max-image-preview:large","max-video-preview":"max-video-preview:-1"},"canonical":"https:\/\/gizigo.id\/no\/bruksvilkar\/","og_locale":"en_US","og_type":"article","og_title":"[NO] [TERMS OF USE] Vilk\u00e5r for bruk - Gizigo NORWEGIAN","og_description":"Vilk\u00e5r for bruk for https:\/\/gizigo.id\/no\/ Ved \u00e5 bruke dette nettstedet, Gizigo.id (heretter kalt SELSKAPET), samtykker du i \u00e5 overholde og v\u00e6re bundet av f\u00f8lgende vilk\u00e5r for bruk. Disse vilk\u00e5rene for bruk, sammen med v\u00e5r personvernerkl\u00e6ring, regulerer SELSKAPETS forhold til deg i forbindelse med dette nettstedet. Begrepene \u00abSELSKAPET\u00bb, \u00aboss\u00bb eller \u00abvi\u00bb refererer til eieren av nettstedet....","og_url":"https:\/\/gizigo.id\/no\/bruksvilkar\/","og_site_name":"Gizigo NORWEGIAN","article_modified_time":"2025-10-15T05:42:57+00:00","twitter_card":"summary_large_image","twitter_misc":{"Est. reading time":"3 minutes"},"schema":{"@context":"https:\/\/schema.org","@graph":[{"@type":"WebPage","@id":"https:\/\/gizigo.id\/no\/bruksvilkar\/","url":"https:\/\/gizigo.id\/no\/bruksvilkar\/","name":"[NO] [TERMS OF USE] Vilk\u00e5r for bruk - Gizigo NORWEGIAN","isPartOf":{"@id":"https:\/\/gizigo.id\/no\/#website"},"datePublished":"2025-10-14T06:24:11+00:00","dateModified":"2025-10-15T05:42:57+00:00","breadcrumb":{"@id":"https:\/\/gizigo.id\/no\/bruksvilkar\/#breadcrumb"},"inLanguage":"en-US","potentialAction":[{"@type":"ReadAction","target":["https:\/\/gizigo.id\/no\/bruksvilkar\/"]}]},{"@type":"BreadcrumbList","@id":"https:\/\/gizigo.id\/no\/bruksvilkar\/#breadcrumb","itemListElement":[{"@type":"ListItem","position":1,"name":"Home","item":"https:\/\/gizigo.id\/no\/"},{"@type":"ListItem","position":2,"name":"[NO] [TERMS OF USE] Vilk\u00e5r for bruk"}]},{"@type":"WebSite","@id":"https:\/\/gizigo.id\/no\/#website","url":"https:\/\/gizigo.id\/no\/","name":"Gizigo NORWEGIAN","description":"","potentialAction":[{"@type":"SearchAction","target":{"@type":"EntryPoint","urlTemplate":"https:\/\/gizigo.id\/no\/?s={search_term_string}"},"query-input":{"@type":"PropertyValueSpecification","valueRequired":true,"valueName":"search_term_string"}}],"inLanguage":"en-US"}]}},"_links":{"self":[{"href":"https:\/\/gizigo.id\/no\/wp-json\/wp\/v2\/pages\/38","targetHints":{"allow":["GET"]}}],"collection":[{"href":"https:\/\/gizigo.id\/no\/wp-json\/wp\/v2\/pages"}],"about":[{"href":"https:\/\/gizigo.id\/no\/wp-json\/wp\/v2\/types\/page"}],"author":[{"embeddable":true,"href":"https:\/\/gizigo.id\/no\/wp-json\/wp\/v2\/users\/1"}],"replies":[{"embeddable":true,"href":"https:\/\/gizigo.id\/no\/wp-json\/wp\/v2\/comments?post=38"}],"version-history":[{"count":3,"href":"https:\/\/gizigo.id\/no\/wp-json\/wp\/v2\/pages\/38\/revisions"}],"predecessor-version":[{"id":58,"href":"https:\/\/gizigo.id\/no\/wp-json\/wp\/v2\/pages\/38\/revisions\/58"}],"wp:attachment":[{"href":"https:\/\/gizigo.id\/no\/wp-json\/wp\/v2\/media?parent=38"}],"curies":[{"name":"wp","href":"https:\/\/api.w.org\/{rel}","templated":true}]}}